{"id":8875,"date":"2022-12-13T09:32:55","date_gmt":"2022-12-13T08:32:55","guid":{"rendered":"https:\/\/www.km0.info\/room-rental\/room-rental-near-colmar\/"},"modified":"2022-12-13T09:32:55","modified_gmt":"2022-12-13T08:32:55","slug":"room-rental-near-colmar","status":"publish","type":"page","link":"https:\/\/www.km0.info\/en\/room-rental\/room-rental-near-colmar\/","title":{"rendered":"Room rental near Colmar"},"content":{"rendered":"<p>Rent a room or privatize the entire event space of KM\u00d8 for your professional event.<\/p>\n<p>35 minutes from <strong>Colmar<\/strong>, offer your employees an exceptional setting to meet, in an old rehabilitated factory in Mulhouse.<\/p>\n<p><!-- flzn:zn_imgtextblock --><\/p>\n<div id=\"flzn-imgtextblock-1\" class=\"zn zone zn-imgtextblock\">\n<div class=\"zone-block zn-imgtextblock-block pdd-top-off pdd-bottom-off alignwide va-center\">\n<div class=\"row mw-content-zone\">\n<div class=\"columns large-12\">\n<div class=\"row with-nice-alignment zn-imgtextblock-row img-left va-center\" data-equalizer=\"\" data-equalize-on=\"large\">\n<div class=\"columns large-6 zn-imgtextblock-colimg\" data-equalizer-watch=\"\">\n<div class=\"columns-inner zn-imgtextblock-col-inner\">\n<p>\t\t\t\t\t\t<span class=\"deco1\"><\/span><br \/>\n\t\t\t\t\t\t<span class=\"deco2\"><\/span><br \/>\n\t\t\t\t\t\t<span class=\"deco3\"><\/span><\/p>\n<div class=\"zn-imgtextblock-imgbox\" title=\"\">\n<figure class=\"zn-imgtextblock-figure\">\n\t\t\t\t\t\t\t<img decoding=\"async\" class=\"zn-imgtextblock-img\" src=\"https:\/\/www.km0.info\/wp-inside\/uploads\/2020\/09\/279833797_1453297211756486_4606759528244458694_n-1024x768.jpg\" alt=\"\"><br \/>\n\t\t\t\t\t\t\t\t\t\t\t\t\t<\/figure>\n<\/p><\/div>\n<\/p><\/div>\n<\/p><\/div>\n<div class=\"columns large-6 zn-imgtextblock-coldesc\" data-equalizer-watch=\"\">\n<div class=\"columns-inner zn-imgtextblock-descbox\">\n<div class=\"zn-imgtextblock-desc wig-content\">\n<h2>Modular rooms for all your professional events<\/h2>\n<p>Discover the <strong>5 rooms<\/strong> of KM\u00d8, whether for a meeting, a training, a cocktail or a congress near Colmar. 10 or 600 guests&nbsp;? Contact us to choose the best configuration for your event in our spaces available for rent&nbsp;:<\/p>\n<ul>\n<li>Event hall<\/li>\n<li>Auditorium<\/li>\n<li>2 conference rooms<\/li>\n<li>Inter-colloques space<\/li>\n<\/ul>\n<p>The team accompanies you in all the stages of the organization of your seminar by directing you towards the service providers which you need. The <strong>restaurant<\/strong> Le Pantographe, located right next to the rooms at the entrance of the building, can offer you its catering menu.<\/p>\n<p>Bring together your colleagues from Colmar and elsewhere in an <strong>unusual place in Alsace<\/strong>.<\/p>\n<\/div><\/div>\n<\/p><\/div>\n<\/p><\/div>\n<\/p><\/div>\n<\/p><\/div>\n<\/div>\n<\/div>\n<p><!-- \/flzn:zn_imgtextblock --><br \/>\n<!-- flzn:zn_imgtextblock --><\/p>\n<div id=\"flzn-imgtextblock-2\" class=\"zn zone zn-imgtextblock\">\n<div class=\"zone-block zn-imgtextblock-block pdd-bottom-off alignwide va-center\">\n<div class=\"row mw-content-zone\">\n<div class=\"columns large-12\">\n<div class=\"row with-nice-alignment zn-imgtextblock-row img-right va-center\" data-equalizer=\"\" data-equalize-on=\"large\">\n<div class=\"columns large-6 large-push-6 zn-imgtextblock-colimg\" data-equalizer-watch=\"\">\n<div class=\"columns-inner zn-imgtextblock-col-inner\">\n<p>\t\t\t\t\t\t<span class=\"deco1\"><\/span><br \/>\n\t\t\t\t\t\t<span class=\"deco2\"><\/span><br \/>\n\t\t\t\t\t\t<span class=\"deco3\"><\/span><\/p>\n<div class=\"zn-imgtextblock-imgbox\" title=\"\">\n<figure class=\"zn-imgtextblock-figure\">\n\t\t\t\t\t\t\t<img decoding=\"async\" class=\"zn-imgtextblock-img\" src=\"https:\/\/www.km0.info\/wp-inside\/uploads\/2020\/10\/evenement-salle-km0-1024x694.jpg\" alt=\"\"><br \/>\n\t\t\t\t\t\t\t\t\t\t\t\t\t<\/figure>\n<\/p><\/div>\n<\/p><\/div>\n<\/p><\/div>\n<div class=\"columns large-6 large-pull-6 zn-imgtextblock-coldesc\" data-equalizer-watch=\"\">\n<div class=\"columns-inner zn-imgtextblock-descbox\">\n<div class=\"zn-imgtextblock-desc wig-content\">\n<h2>KM\u00d8, an atypical place near Colmar<\/h2>\n<p>KM\u00d8 is the ecosystem dedicated to the digital transformation of industry, <strong>unique in the Grand Est region<\/strong>. It brings together companies (industry and digital) as well as training and startups.<\/p>\n<p>This ecosystem came into being in 2019 after the <strong>complete rehabilitation of the former<\/strong> SACM <strong>plant<\/strong>. In the neighborhood, a former foundry has already been transformed into a university campus a few years ago, and the Maison de l&#8217;industrie was built in 2020. The Fonderie district has the advantage of being a little out of the way and close to nature (greenery and canal on both sides), while being close to downtown.<\/p>\n<p><strong>KM\u00d8&#8217;s event space<\/strong> is modern and fully equipped, but has kept traces of the old (bricks, hanging machines&#8230;), which gives it that special &#8221;&nbsp;soul&nbsp;&#8220;. Come and visit it to get an idea&nbsp;!<\/p>\n<\/div><\/div>\n<\/p><\/div>\n<\/p><\/div>\n<\/p><\/div>\n<\/p><\/div>\n<\/div>\n<\/div>\n<p><!-- \/flzn:zn_imgtextblock --><br \/>\n<!-- flzn:zn_galleryblock --><\/p>\n<div id=\"flzn-galleryblock-1\" class=\"zn zone zn-galleryblock with-bg bg-color bg-color-is-white\"><span class=\"zone-bg bg-color bgc-white alignfull\"><\/span><\/p>\n<div class=\"zone-block zn-galleryblock-block alignwide va-top\">\n<div class=\"row mw-content-zone\">\n<div class=\"large-12 columns\">\n<div class=\"zn-galleryblock-list slick-slider galleryslider-grid\">\n<div class=\"zn-galleryblock-item slick-item\">\n<div class=\"zn-galleryblock-item-inner\">\n\t\t\t\t\t\t\t<a class=\"swipebox\" href=\"https:\/\/www.km0.info\/wp-inside\/uploads\/2021\/06\/afterwork-epitech-1-185x185.png\" title=\"\" rel=\"galleryzone-flzn-galleryblock-1\"><\/p>\n<div class=\"imgbox\">\n\t\t\t\t\t\t\t\t\t\t\t\t\t\t\t\t\t\t<img decoding=\"async\" src=\"https:\/\/www.km0.info\/wp-inside\/uploads\/2021\/06\/afterwork-epitech-1-185x185.png\" alt=\"\" data-interchange=\"[https:\/\/www.km0.info\/wp-inside\/uploads\/2021\/06\/afterwork-epitech-1-185x185.png, small],[https:\/\/www.km0.info\/wp-inside\/uploads\/2021\/06\/afterwork-epitech-1-370x300.png, gsmall],[https:\/\/www.km0.info\/wp-inside\/uploads\/2021\/06\/afterwork-epitech-1-185x185.png, large],[https:\/\/www.km0.info\/wp-inside\/uploads\/2021\/06\/afterwork-epitech-1-370x300.png, glarge],\">\n\t\t\t\t\t\t\t\t<\/div>\n<p>\t\t\t\t\t\t\t<\/a>\n\t\t\t\t\t\t<\/div>\n<\/p><\/div>\n<div class=\"zn-galleryblock-item slick-item\">\n<div class=\"zn-galleryblock-item-inner\">\n\t\t\t\t\t\t\t<a class=\"swipebox\" href=\"https:\/\/www.km0.info\/wp-inside\/uploads\/2020\/09\/colloque-u-185x185.jpg\" title=\"\" rel=\"galleryzone-flzn-galleryblock-1\"><\/p>\n<div class=\"imgbox\">\n\t\t\t\t\t\t\t\t\t\t\t\t\t\t\t\t\t\t<img decoding=\"async\" src=\"https:\/\/www.km0.info\/wp-inside\/uploads\/2020\/09\/colloque-u-185x185.jpg\" alt=\"conference room\" data-interchange=\"[https:\/\/www.km0.info\/wp-inside\/uploads\/2020\/09\/colloque-u-185x185.jpg, small],[https:\/\/www.km0.info\/wp-inside\/uploads\/2020\/09\/colloque-u-370x300.jpg, gsmall],[https:\/\/www.km0.info\/wp-inside\/uploads\/2020\/09\/colloque-u-185x185.jpg, large],[https:\/\/www.km0.info\/wp-inside\/uploads\/2020\/09\/colloque-u-370x300.jpg, glarge],\">\n\t\t\t\t\t\t\t\t<\/div>\n<p>\t\t\t\t\t\t\t<\/a>\n\t\t\t\t\t\t<\/div>\n<\/p><\/div>\n<div class=\"zn-galleryblock-item slick-item\">\n<div class=\"zn-galleryblock-item-inner\">\n\t\t\t\t\t\t\t<a class=\"swipebox\" href=\"https:\/\/www.km0.info\/wp-inside\/uploads\/2021\/04\/salle-colloque-e1619788963717.jpg\" title=\"\" rel=\"galleryzone-flzn-galleryblock-1\"><\/p>\n<div class=\"imgbox\">\n\t\t\t\t\t\t\t\t\t\t\t\t\t\t\t\t\t\t<img decoding=\"async\" src=\"https:\/\/www.km0.info\/wp-inside\/uploads\/2021\/04\/salle-colloque-e1619788963717-185x185.jpg\" alt=\"conference room\" data-interchange=\"[https:\/\/www.km0.info\/wp-inside\/uploads\/2021\/04\/salle-colloque-e1619788963717-185x185.jpg, small],[https:\/\/www.km0.info\/wp-inside\/uploads\/2021\/04\/salle-colloque-e1619788963717-370x300.jpg, gsmall],[https:\/\/www.km0.info\/wp-inside\/uploads\/2021\/04\/salle-colloque-e1619788963717-185x185.jpg, large],[https:\/\/www.km0.info\/wp-inside\/uploads\/2021\/04\/salle-colloque-e1619788963717-370x300.jpg, glarge],\">\n\t\t\t\t\t\t\t\t<\/div>\n<p>\t\t\t\t\t\t\t<\/a>\n\t\t\t\t\t\t<\/div>\n<\/p><\/div>\n<div class=\"zn-galleryblock-item slick-item\">\n<div class=\"zn-galleryblock-item-inner\">\n\t\t\t\t\t\t\t<a class=\"swipebox\" href=\"https:\/\/www.km0.info\/wp-inside\/uploads\/2020\/09\/2019-12-13-10.42.25-185x185.jpg\" title=\"\" rel=\"galleryzone-flzn-galleryblock-1\"><\/p>\n<div class=\"imgbox\">\n\t\t\t\t\t\t\t\t\t\t\t\t\t\t\t\t\t\t<img decoding=\"async\" src=\"https:\/\/www.km0.info\/wp-inside\/uploads\/2020\/09\/2019-12-13-10.42.25-185x185.jpg\" alt=\"hall\" data-interchange=\"[https:\/\/www.km0.info\/wp-inside\/uploads\/2020\/09\/2019-12-13-10.42.25-185x185.jpg, small],[https:\/\/www.km0.info\/wp-inside\/uploads\/2020\/09\/2019-12-13-10.42.25-370x300.jpg, gsmall],[https:\/\/www.km0.info\/wp-inside\/uploads\/2020\/09\/2019-12-13-10.42.25-185x185.jpg, large],[https:\/\/www.km0.info\/wp-inside\/uploads\/2020\/09\/2019-12-13-10.42.25-370x300.jpg, glarge],\">\n\t\t\t\t\t\t\t\t<\/div>\n<p>\t\t\t\t\t\t\t<\/a>\n\t\t\t\t\t\t<\/div>\n<\/p><\/div>\n<div class=\"zn-galleryblock-item slick-item\">\n<div class=\"zn-galleryblock-item-inner\">\n\t\t\t\t\t\t\t<a class=\"swipebox\" href=\"https:\/\/www.km0.info\/wp-inside\/uploads\/2021\/05\/km0-soir-185x185.jpg\" title=\"\" rel=\"galleryzone-flzn-galleryblock-1\"><\/p>\n<div class=\"imgbox\">\n\t\t\t\t\t\t\t\t\t\t\t\t\t\t\t\t\t\t<img decoding=\"async\" src=\"https:\/\/www.km0.info\/wp-inside\/uploads\/2021\/05\/km0-soir-185x185.jpg\" alt=\"km0 evening\" data-interchange=\"[https:\/\/www.km0.info\/wp-inside\/uploads\/2021\/05\/km0-soir-185x185.jpg, small],[https:\/\/www.km0.info\/wp-inside\/uploads\/2021\/05\/km0-soir-370x300.jpg, gsmall],[https:\/\/www.km0.info\/wp-inside\/uploads\/2021\/05\/km0-soir-185x185.jpg, large],[https:\/\/www.km0.info\/wp-inside\/uploads\/2021\/05\/km0-soir-370x300.jpg, glarge],\">\n\t\t\t\t\t\t\t\t<\/div>\n<p>\t\t\t\t\t\t\t<\/a>\n\t\t\t\t\t\t<\/div>\n<\/p><\/div>\n<div class=\"zn-galleryblock-item slick-item\">\n<div class=\"zn-galleryblock-item-inner\">\n\t\t\t\t\t\t\t<a class=\"swipebox\" href=\"https:\/\/www.km0.info\/wp-inside\/uploads\/2020\/10\/salle-reunion-mulhouse-alsace-185x185.jpg\" title=\"\" rel=\"galleryzone-flzn-galleryblock-1\"><\/p>\n<div class=\"imgbox\">\n\t\t\t\t\t\t\t\t\t\t\t\t\t\t\t\t\t\t<img decoding=\"async\" src=\"https:\/\/www.km0.info\/wp-inside\/uploads\/2020\/10\/salle-reunion-mulhouse-alsace-185x185.jpg\" alt=\"\" data-interchange=\"[https:\/\/www.km0.info\/wp-inside\/uploads\/2020\/10\/salle-reunion-mulhouse-alsace-185x185.jpg, small],[https:\/\/www.km0.info\/wp-inside\/uploads\/2020\/10\/salle-reunion-mulhouse-alsace-370x300.jpg, gsmall],[https:\/\/www.km0.info\/wp-inside\/uploads\/2020\/10\/salle-reunion-mulhouse-alsace-185x185.jpg, large],[https:\/\/www.km0.info\/wp-inside\/uploads\/2020\/10\/salle-reunion-mulhouse-alsace-370x300.jpg, glarge],\">\n\t\t\t\t\t\t\t\t<\/div>\n<p>\t\t\t\t\t\t\t<\/a>\n\t\t\t\t\t\t<\/div>\n<\/p><\/div>\n<div class=\"zn-galleryblock-item slick-item\">\n<div class=\"zn-galleryblock-item-inner\">\n\t\t\t\t\t\t\t<a class=\"swipebox\" href=\"https:\/\/www.km0.info\/wp-inside\/uploads\/2020\/10\/location-salle-mulhouse-cocktail-185x185.jpg\" title=\"\" rel=\"galleryzone-flzn-galleryblock-1\"><\/p>\n<div class=\"imgbox\">\n\t\t\t\t\t\t\t\t\t\t\t\t\t\t\t\t\t\t<img decoding=\"async\" src=\"https:\/\/www.km0.info\/wp-inside\/uploads\/2020\/10\/location-salle-mulhouse-cocktail-185x185.jpg\" alt=\"\" data-interchange=\"[https:\/\/www.km0.info\/wp-inside\/uploads\/2020\/10\/location-salle-mulhouse-cocktail-185x185.jpg, small],[https:\/\/www.km0.info\/wp-inside\/uploads\/2020\/10\/location-salle-mulhouse-cocktail-370x300.jpg, gsmall],[https:\/\/www.km0.info\/wp-inside\/uploads\/2020\/10\/location-salle-mulhouse-cocktail-185x185.jpg, large],[https:\/\/www.km0.info\/wp-inside\/uploads\/2020\/10\/location-salle-mulhouse-cocktail-370x300.jpg, glarge],\">\n\t\t\t\t\t\t\t\t<\/div>\n<p>\t\t\t\t\t\t\t<\/a>\n\t\t\t\t\t\t<\/div>\n<\/p><\/div>\n<\/p><\/div>\n<\/p><\/div>\n<\/p><\/div>\n<\/div>\n<\/div>\n<p><!-- \/flzn:zn_galleryblock --><br \/>\n<!-- flzn:zn_calltoaction --><\/p>\n<div id=\"flzn-calltoaction-1\" class=\"zn zone zn-calltoaction with-bg bg-color bg-color-is-gray\"><span class=\"zone-bg bg-color bgc-gray alignfull\"><\/span><\/p>\n<div class=\"zone-block zn-calltoaction-block alignfull va-top text-center\">\n<div class=\"zn-calltoaction-list row small-up-1 medium-up-1 nb-bloc-1 alignfull va-top text-center oneblock\" data-equalizer=\"\" data-equalize-on=\"large\">\n<div class=\"zn-calltoaction-bloc column\" data-equalizer-watch=\"\">\n<div class=\"column-inner\">\n<div class=\"zn-calltoaction-innerbox\">\n<div class=\"zn-calltoaction-bloc-titledesc\">\n<h3 class=\"zn-calltoaction-bloc-title h2\">\n  Your room for rent at 35 minutes from Colmar  <\/h3>\n<div class=\"zn-calltoaction-bloc-desc\">\n<p>KM\u00d8 is easily accessible by <strong>train<\/strong>, then on foot (15 minutes from Mulhouse station). By <strong>car<\/strong>, take the A36 freeway and then exit 18a &#8211; Mulhouse center.<\/p>\n<p>Once you have booked your seminar venue, there is nothing to stop you from planning visits or activities around Colmar or in Alsace. The tourist offer is very rich in the region.<\/p>\n<\/p><\/div>\n<\/p><\/div>\n<div class=\"zn-calltoaction-buttons-box\">\n<p>\t\t\t\t\t\t\t\t\t\t\t\t\t\t\t\t<a class=\"button secondary arrow\" href=\"\/?page_id=4309\" title=\"Room rental\"><br \/>\n Read more <\/a><\/p>\n<p>\t\t\t\t\t\t\t\t\t\t\t\t\t\t\t\t<a class=\"button secondary arrow\" href=\"\/?page_id=18\" title=\"Rent a room\"><br \/>\n  Contact us  <\/a>\n\t\t\t\t\t\t\t\t\t\t\t\t\t\t\t\t\t\t\t\t<\/div>\n<\/p><\/div>\n<\/p><\/div>\n<\/p><\/div>\n<\/p><\/div>\n<\/div>\n<\/div>\n<p><!-- \/flzn:zn_calltoaction --><\/p>\n","protected":false},"excerpt":{"rendered":"<p>Rent a room or privatize the entire event space of KM\u00d8 for your professional event. 35 minutes from Colmar, offer your employees an exceptional setting to meet, in an old [&hellip;]<\/p>\n","protected":false},"author":3,"featured_media":0,"parent":8845,"menu_order":0,"comment_status":"closed","ping_status":"closed","template":"","meta":{"_acf_changed":false,"footnotes":""},"class_list":["post-8875","page","type-page","status-publish","hentry","wp-sticky"],"acf":[],"yoast_head":"<!-- This site is optimized with the Yoast SEO plugin v27.5 - https:\/\/yoast.com\/product\/yoast-seo-wordpress\/ -->\n<title>Room rental near Colmar, Rent a room for a professional event 68<\/title>\n<meta name=\"robots\" content=\"index, follow, max-snippet:-1, max-image-preview:large, max-video-preview:-1\" \/>\n<link rel=\"canonical\" href=\"https:\/\/www.km0.info\/en\/room-rental\/room-rental-near-colmar\/\" \/>\n<meta property=\"og:locale\" content=\"en_US\" \/>\n<meta property=\"og:type\" content=\"article\" \/>\n<meta property=\"og:title\" content=\"Room rental near Colmar, Rent a room for a professional event 68\" \/>\n<meta property=\"og:description\" content=\"Rent a room or privatize the entire event space of KM\u00d8 for your professional event. 35 minutes from Colmar, offer your employees an exceptional setting to meet, in an old [&hellip;]\" \/>\n<meta property=\"og:url\" content=\"https:\/\/www.km0.info\/en\/room-rental\/room-rental-near-colmar\/\" \/>\n<meta property=\"og:site_name\" content=\"KM\u00d8\" \/>\n<meta property=\"og:image\" content=\"https:\/\/www.km0.info\/wp-inside\/uploads\/2020\/09\/279833797_1453297211756486_4606759528244458694_n-1024x768.jpg\" \/>\n<meta name=\"twitter:card\" content=\"summary_large_image\" \/>\n<meta name=\"twitter:label1\" content=\"Est. reading time\" \/>\n\t<meta name=\"twitter:data1\" content=\"2 minutes\" \/>\n<script type=\"application\/ld+json\" class=\"yoast-schema-graph\">{\"@context\":\"https:\\\/\\\/schema.org\",\"@graph\":[{\"@type\":\"WebPage\",\"@id\":\"https:\\\/\\\/www.km0.info\\\/en\\\/room-rental\\\/room-rental-near-colmar\\\/\",\"url\":\"https:\\\/\\\/www.km0.info\\\/en\\\/room-rental\\\/room-rental-near-colmar\\\/\",\"name\":\"Room rental near Colmar, Rent a room for a professional event 68\",\"isPartOf\":{\"@id\":\"https:\\\/\\\/www.km0.info\\\/en\\\/#website\"},\"primaryImageOfPage\":{\"@id\":\"https:\\\/\\\/www.km0.info\\\/en\\\/room-rental\\\/room-rental-near-colmar\\\/#primaryimage\"},\"image\":{\"@id\":\"https:\\\/\\\/www.km0.info\\\/en\\\/room-rental\\\/room-rental-near-colmar\\\/#primaryimage\"},\"thumbnailUrl\":\"https:\\\/\\\/www.km0.info\\\/wp-inside\\\/uploads\\\/2020\\\/09\\\/279833797_1453297211756486_4606759528244458694_n-1024x768.jpg\",\"datePublished\":\"2022-12-13T08:32:55+00:00\",\"breadcrumb\":{\"@id\":\"https:\\\/\\\/www.km0.info\\\/en\\\/room-rental\\\/room-rental-near-colmar\\\/#breadcrumb\"},\"inLanguage\":\"en-US\",\"potentialAction\":[{\"@type\":\"ReadAction\",\"target\":[\"https:\\\/\\\/www.km0.info\\\/en\\\/room-rental\\\/room-rental-near-colmar\\\/\"]}]},{\"@type\":\"ImageObject\",\"inLanguage\":\"en-US\",\"@id\":\"https:\\\/\\\/www.km0.info\\\/en\\\/room-rental\\\/room-rental-near-colmar\\\/#primaryimage\",\"url\":\"https:\\\/\\\/www.km0.info\\\/wp-inside\\\/uploads\\\/2020\\\/09\\\/279833797_1453297211756486_4606759528244458694_n-1024x768.jpg\",\"contentUrl\":\"https:\\\/\\\/www.km0.info\\\/wp-inside\\\/uploads\\\/2020\\\/09\\\/279833797_1453297211756486_4606759528244458694_n-1024x768.jpg\"},{\"@type\":\"BreadcrumbList\",\"@id\":\"https:\\\/\\\/www.km0.info\\\/en\\\/room-rental\\\/room-rental-near-colmar\\\/#breadcrumb\",\"itemListElement\":[{\"@type\":\"ListItem\",\"position\":1,\"name\":\"Accueil\",\"item\":\"https:\\\/\\\/www.km0.info\\\/en\\\/\"},{\"@type\":\"ListItem\",\"position\":2,\"name\":\"Room rental\",\"item\":\"https:\\\/\\\/www.km0.info\\\/en\\\/room-rental\\\/\"},{\"@type\":\"ListItem\",\"position\":3,\"name\":\"Room rental near Colmar\"}]},{\"@type\":\"WebSite\",\"@id\":\"https:\\\/\\\/www.km0.info\\\/en\\\/#website\",\"url\":\"https:\\\/\\\/www.km0.info\\\/en\\\/\",\"name\":\"KM\u00d8\",\"description\":\"Lieu d&#039;innovation d\u00e9di\u00e9 \u00e0 la transformation digitale de l&#039;industrie\",\"publisher\":{\"@id\":\"https:\\\/\\\/www.km0.info\\\/en\\\/#organization\"},\"potentialAction\":[{\"@type\":\"SearchAction\",\"target\":{\"@type\":\"EntryPoint\",\"urlTemplate\":\"https:\\\/\\\/www.km0.info\\\/en\\\/?s={search_term_string}\"},\"query-input\":{\"@type\":\"PropertyValueSpecification\",\"valueRequired\":true,\"valueName\":\"search_term_string\"}}],\"inLanguage\":\"en-US\"},{\"@type\":\"Organization\",\"@id\":\"https:\\\/\\\/www.km0.info\\\/en\\\/#organization\",\"name\":\"KM\u00d8\",\"url\":\"https:\\\/\\\/www.km0.info\\\/en\\\/\",\"logo\":{\"@type\":\"ImageObject\",\"inLanguage\":\"en-US\",\"@id\":\"https:\\\/\\\/www.km0.info\\\/en\\\/#\\\/schema\\\/logo\\\/image\\\/\",\"url\":\"https:\\\/\\\/www.km0.info\\\/wp-inside\\\/uploads\\\/2020\\\/10\\\/logo-km0-quadri-200x155-1.png\",\"contentUrl\":\"https:\\\/\\\/www.km0.info\\\/wp-inside\\\/uploads\\\/2020\\\/10\\\/logo-km0-quadri-200x155-1.png\",\"width\":200,\"height\":155,\"caption\":\"KM\u00d8\"},\"image\":{\"@id\":\"https:\\\/\\\/www.km0.info\\\/en\\\/#\\\/schema\\\/logo\\\/image\\\/\"}}]}<\/script>\n<!-- \/ Yoast SEO plugin. -->","yoast_head_json":{"title":"Room rental near Colmar, Rent a room for a professional event 68","robots":{"index":"index","follow":"follow","max-snippet":"max-snippet:-1","max-image-preview":"max-image-preview:large","max-video-preview":"max-video-preview:-1"},"canonical":"https:\/\/www.km0.info\/en\/room-rental\/room-rental-near-colmar\/","og_locale":"en_US","og_type":"article","og_title":"Room rental near Colmar, Rent a room for a professional event 68","og_description":"Rent a room or privatize the entire event space of KM\u00d8 for your professional event. 35 minutes from Colmar, offer your employees an exceptional setting to meet, in an old [&hellip;]","og_url":"https:\/\/www.km0.info\/en\/room-rental\/room-rental-near-colmar\/","og_site_name":"KM\u00d8","og_image":[{"url":"https:\/\/www.km0.info\/wp-inside\/uploads\/2020\/09\/279833797_1453297211756486_4606759528244458694_n-1024x768.jpg","type":"","width":"","height":""}],"twitter_card":"summary_large_image","twitter_misc":{"Est. reading time":"2 minutes"},"schema":{"@context":"https:\/\/schema.org","@graph":[{"@type":"WebPage","@id":"https:\/\/www.km0.info\/en\/room-rental\/room-rental-near-colmar\/","url":"https:\/\/www.km0.info\/en\/room-rental\/room-rental-near-colmar\/","name":"Room rental near Colmar, Rent a room for a professional event 68","isPartOf":{"@id":"https:\/\/www.km0.info\/en\/#website"},"primaryImageOfPage":{"@id":"https:\/\/www.km0.info\/en\/room-rental\/room-rental-near-colmar\/#primaryimage"},"image":{"@id":"https:\/\/www.km0.info\/en\/room-rental\/room-rental-near-colmar\/#primaryimage"},"thumbnailUrl":"https:\/\/www.km0.info\/wp-inside\/uploads\/2020\/09\/279833797_1453297211756486_4606759528244458694_n-1024x768.jpg","datePublished":"2022-12-13T08:32:55+00:00","breadcrumb":{"@id":"https:\/\/www.km0.info\/en\/room-rental\/room-rental-near-colmar\/#breadcrumb"},"inLanguage":"en-US","potentialAction":[{"@type":"ReadAction","target":["https:\/\/www.km0.info\/en\/room-rental\/room-rental-near-colmar\/"]}]},{"@type":"ImageObject","inLanguage":"en-US","@id":"https:\/\/www.km0.info\/en\/room-rental\/room-rental-near-colmar\/#primaryimage","url":"https:\/\/www.km0.info\/wp-inside\/uploads\/2020\/09\/279833797_1453297211756486_4606759528244458694_n-1024x768.jpg","contentUrl":"https:\/\/www.km0.info\/wp-inside\/uploads\/2020\/09\/279833797_1453297211756486_4606759528244458694_n-1024x768.jpg"},{"@type":"BreadcrumbList","@id":"https:\/\/www.km0.info\/en\/room-rental\/room-rental-near-colmar\/#breadcrumb","itemListElement":[{"@type":"ListItem","position":1,"name":"Accueil","item":"https:\/\/www.km0.info\/en\/"},{"@type":"ListItem","position":2,"name":"Room rental","item":"https:\/\/www.km0.info\/en\/room-rental\/"},{"@type":"ListItem","position":3,"name":"Room rental near Colmar"}]},{"@type":"WebSite","@id":"https:\/\/www.km0.info\/en\/#website","url":"https:\/\/www.km0.info\/en\/","name":"KM\u00d8","description":"Lieu d&#039;innovation d\u00e9di\u00e9 \u00e0 la transformation digitale de l&#039;industrie","publisher":{"@id":"https:\/\/www.km0.info\/en\/#organization"},"potentialAction":[{"@type":"SearchAction","target":{"@type":"EntryPoint","urlTemplate":"https:\/\/www.km0.info\/en\/?s={search_term_string}"},"query-input":{"@type":"PropertyValueSpecification","valueRequired":true,"valueName":"search_term_string"}}],"inLanguage":"en-US"},{"@type":"Organization","@id":"https:\/\/www.km0.info\/en\/#organization","name":"KM\u00d8","url":"https:\/\/www.km0.info\/en\/","logo":{"@type":"ImageObject","inLanguage":"en-US","@id":"https:\/\/www.km0.info\/en\/#\/schema\/logo\/image\/","url":"https:\/\/www.km0.info\/wp-inside\/uploads\/2020\/10\/logo-km0-quadri-200x155-1.png","contentUrl":"https:\/\/www.km0.info\/wp-inside\/uploads\/2020\/10\/logo-km0-quadri-200x155-1.png","width":200,"height":155,"caption":"KM\u00d8"},"image":{"@id":"https:\/\/www.km0.info\/en\/#\/schema\/logo\/image\/"}}]}},"_links":{"self":[{"href":"https:\/\/www.km0.info\/en\/wp-json\/wp\/v2\/pages\/8875","targetHints":{"allow":["GET"]}}],"collection":[{"href":"https:\/\/www.km0.info\/en\/wp-json\/wp\/v2\/pages"}],"about":[{"href":"https:\/\/www.km0.info\/en\/wp-json\/wp\/v2\/types\/page"}],"author":[{"embeddable":true,"href":"https:\/\/www.km0.info\/en\/wp-json\/wp\/v2\/users\/3"}],"replies":[{"embeddable":true,"href":"https:\/\/www.km0.info\/en\/wp-json\/wp\/v2\/comments?post=8875"}],"version-history":[{"count":0,"href":"https:\/\/www.km0.info\/en\/wp-json\/wp\/v2\/pages\/8875\/revisions"}],"up":[{"embeddable":true,"href":"https:\/\/www.km0.info\/en\/wp-json\/wp\/v2\/pages\/8845"}],"wp:attachment":[{"href":"https:\/\/www.km0.info\/en\/wp-json\/wp\/v2\/media?parent=8875"}],"curies":[{"name":"wp","href":"https:\/\/api.w.org\/{rel}","templated":true}]}}