{"id":8870,"date":"2022-12-13T09:32:49","date_gmt":"2022-12-13T08:32:49","guid":{"rendered":"https:\/\/www.km0.info\/room-rental\/room-rental-in-fribourg\/"},"modified":"2022-12-13T09:32:49","modified_gmt":"2022-12-13T08:32:49","slug":"room-rental-in-fribourg","status":"publish","type":"page","link":"https:\/\/www.km0.info\/en\/room-rental\/room-rental-in-fribourg\/","title":{"rendered":"Room rental in Fribourg"},"content":{"rendered":"<p>You are located in Freiburg im Breisgau and are looking for an <strong>atypical place<\/strong> to celebrate a key date in the life of your company, to follow a training course or &#8221;&nbsp;brainstorm&nbsp;&#8221; with your collaborators&nbsp;?<\/p>\n<p><strong>Where can you organize your event<\/strong> to bring together employees from Germany, France and Switzerland, or even from further afield&nbsp;?<\/p>\n<p>Our 5 event spaces welcome you for any kind of event at KM\u00d8, the digital ecosystem of Mulhouse.<\/p>\n<p><!-- flzn:zn_imgtextblock --><\/p>\n<div id=\"flzn-imgtextblock-1\" class=\"zn zone zn-imgtextblock\">\n<div class=\"zone-block zn-imgtextblock-block pdd-top-off alignwide va-center\">\n<div class=\"row mw-content-zone\">\n<div class=\"columns large-12\">\n<div class=\"row with-nice-alignment zn-imgtextblock-row img-left va-center\" data-equalizer=\"\" data-equalize-on=\"large\">\n<div class=\"columns large-6 zn-imgtextblock-colimg\" data-equalizer-watch=\"\">\n<div class=\"columns-inner zn-imgtextblock-col-inner\">\n<p>\t\t\t\t\t\t<span class=\"deco1\"><\/span><br \/>\n\t\t\t\t\t\t<span class=\"deco2\"><\/span><br \/>\n\t\t\t\t\t\t<span class=\"deco3\"><\/span><\/p>\n<div class=\"zn-imgtextblock-imgbox\" title=\"\">\n<figure class=\"zn-imgtextblock-figure\">\n\t\t\t\t\t\t\t<img decoding=\"async\" class=\"zn-imgtextblock-img\" src=\"https:\/\/www.km0.info\/wp-inside\/uploads\/2020\/09\/1vfvzzzg-1024x682.jpeg\" alt=\"\"><br \/>\n\t\t\t\t\t\t\t\t\t\t\t\t\t<\/figure>\n<\/p><\/div>\n<\/p><\/div>\n<\/p><\/div>\n<div class=\"columns large-6 zn-imgtextblock-coldesc\" data-equalizer-watch=\"\">\n<div class=\"columns-inner zn-imgtextblock-descbox\">\n<div class=\"zn-imgtextblock-desc wig-content\">\n<h2>Renting exceptional rooms from Freiburg (Germany)<\/h2>\n<p>Whatever your event (seminar, training, meeting, workshop, team building, conference, etc.), KM\u00d8 adapts to your desires and needs. <strong>Equipment, catering, decoration<\/strong>&nbsp;: we will accompany you for an organization at the height of your event.<\/p>\n<p><strong>Different spaces are available for rent together or separately<\/strong>, on the first floor of KM\u00d8 and right next to the restaurant&nbsp;:<\/p>\n<ul>\n<li>The hall for up to 400 people<\/li>\n<li>The auditorium for up to 74 people<\/li>\n<li>Conference rooms for up to 50 people<\/li>\n<li>The inter-colloques space for up to 80 people<\/li>\n<\/ul>\n<p>Invite your employees from Fribourg and elsewhere in an original space&nbsp;!<\/p>\n<\/div><\/div>\n<\/p><\/div>\n<\/p><\/div>\n<\/p><\/div>\n<\/p><\/div>\n<\/div>\n<\/div>\n<p><!-- \/flzn:zn_imgtextblock --><br \/>\n<!-- flzn:zn_textblock --><\/p>\n<div id=\"flzn-textblock-1\" class=\"zn zone zn-textblock\">\n<div class=\"zone-block zn-textblock-block alignwide va-center\">\n<div class=\"row mw-content-zone \">\n<div class=\"columns large-12\">\n<div class=\"row with-nice-alignment nbloc-2 va-center\" data-equalizer=\"\" data-equalize-on=\"large\">\n<div class=\"columns large-6 zn-textblock-col\" data-equalizer-watch=\"\">\n<div class=\"columns-inner\">\n<div class=\"wig-content mw-content\">\n<h2>A few words about KM\u00d8<\/h2>\n<p>KM\u00d8 is an <strong>ecosystem dedicated to the digital transformation of industries<\/strong>&nbsp;: manufacturers, startups and students are all in the same space. This unique concept began in 2019 and over 800 residents visit daily.<\/p>\n<p>This innovative place is located in a former factory in Mulhouse. It charms all its visitors by the &#8221;&nbsp;soul&nbsp;&#8221; that it has preserved, while being modern and equipped with all the technologies necessary for the organization of your event.<\/p>\n<\/p><\/div>\n<\/p><\/div>\n<\/p><\/div>\n<div class=\"columns large-6 zn-textblock-col\" data-equalizer-watch=\"\">\n<div class=\"columns-inner\">\n<div class=\"wig-content mw-content\">\n<h2>Your room at 1 hour from Freiburg im Breisgau<\/h2>\n<p>Come to KM\u00d8 by train or car&nbsp;: the advantage of the train is that you can reach your event in only 15 minutes walking along the canal. <strong>The EuroAirport Basel-Mulhouse<\/strong> is only 30 minutes away (car or train).<\/p>\n<p>Mulhouse is a smaller city than Freiburg (slightly more than 100,000 inhabitants), which has <strong>some very nice propositions in terms of business tourism<\/strong>. Its history and its dynamism will undoubtedly seduce the inhabitants of Fribourg&#8230; and the others&nbsp;!<\/p>\n<\/p><\/div>\n<\/p><\/div>\n<\/p><\/div>\n<\/p><\/div>\n<\/p><\/div>\n<\/p><\/div>\n<\/p><\/div>\n<\/div>\n<p><!-- \/flzn:zn_textblock --><br \/>\n<!-- flzn:zn_galleryblock --><\/p>\n<div id=\"flzn-galleryblock-1\" class=\"zn zone zn-galleryblock with-bg bg-color bg-color-is-white\"><span class=\"zone-bg bg-color bgc-white alignfull\"><\/span><\/p>\n<div class=\"zone-block zn-galleryblock-block alignwide va-top\">\n<div class=\"row mw-content-zone\">\n<div class=\"large-12 columns\">\n<div class=\"zn-galleryblock-list slick-slider galleryslider-grid\">\n<div class=\"zn-galleryblock-item slick-item\">\n<div class=\"zn-galleryblock-item-inner\">\n\t\t\t\t\t\t\t<a class=\"swipebox\" href=\"https:\/\/www.km0.info\/wp-inside\/uploads\/2019\/11\/salle-location-evenement-mulhouse-185x185.jpg\" title=\"\" rel=\"galleryzone-flzn-galleryblock-1\"><\/p>\n<div class=\"imgbox\">\n\t\t\t\t\t\t\t\t\t\t\t\t\t\t\t\t\t\t<img decoding=\"async\" src=\"https:\/\/www.km0.info\/wp-inside\/uploads\/2019\/11\/salle-location-evenement-mulhouse-185x185.jpg\" alt=\"rent conference room mulhouse\" data-interchange=\"[https:\/\/www.km0.info\/wp-inside\/uploads\/2019\/11\/salle-location-evenement-mulhouse-185x185.jpg, small],[https:\/\/www.km0.info\/wp-inside\/uploads\/2019\/11\/salle-location-evenement-mulhouse-370x300.jpg, gsmall],[https:\/\/www.km0.info\/wp-inside\/uploads\/2019\/11\/salle-location-evenement-mulhouse-185x185.jpg, large],[https:\/\/www.km0.info\/wp-inside\/uploads\/2019\/11\/salle-location-evenement-mulhouse-370x300.jpg, glarge],\">\n\t\t\t\t\t\t\t\t<\/div>\n<p>\t\t\t\t\t\t\t<\/a>\n\t\t\t\t\t\t<\/div>\n<\/p><\/div>\n<div class=\"zn-galleryblock-item slick-item\">\n<div class=\"zn-galleryblock-item-inner\">\n\t\t\t\t\t\t\t<a class=\"swipebox\" href=\"https:\/\/www.km0.info\/wp-inside\/uploads\/2019\/11\/salle-colloque-mulhouse-km0-185x185.jpg\" title=\"\" rel=\"galleryzone-flzn-galleryblock-1\"><\/p>\n<div class=\"imgbox\">\n\t\t\t\t\t\t\t\t\t\t\t\t\t\t\t\t\t\t<img decoding=\"async\" src=\"https:\/\/www.km0.info\/wp-inside\/uploads\/2019\/11\/salle-colloque-mulhouse-km0-185x185.jpg\" alt=\"room for rent conference mulhouse\" data-interchange=\"[https:\/\/www.km0.info\/wp-inside\/uploads\/2019\/11\/salle-colloque-mulhouse-km0-185x185.jpg, small],[https:\/\/www.km0.info\/wp-inside\/uploads\/2019\/11\/salle-colloque-mulhouse-km0-370x300.jpg, gsmall],[https:\/\/www.km0.info\/wp-inside\/uploads\/2019\/11\/salle-colloque-mulhouse-km0-185x185.jpg, large],[https:\/\/www.km0.info\/wp-inside\/uploads\/2019\/11\/salle-colloque-mulhouse-km0-370x300.jpg, glarge],\">\n\t\t\t\t\t\t\t\t<\/div>\n<p>\t\t\t\t\t\t\t<\/a>\n\t\t\t\t\t\t<\/div>\n<\/p><\/div>\n<div class=\"zn-galleryblock-item slick-item\">\n<div class=\"zn-galleryblock-item-inner\">\n\t\t\t\t\t\t\t<a class=\"swipebox\" href=\"https:\/\/www.km0.info\/wp-inside\/uploads\/2019\/11\/location-salle-evenement-mulhouse-185x185.jpg\" title=\"\" rel=\"galleryzone-flzn-galleryblock-1\"><\/p>\n<div class=\"imgbox\">\n\t\t\t\t\t\t\t\t\t\t\t\t\t\t\t\t\t\t<img decoding=\"async\" src=\"https:\/\/www.km0.info\/wp-inside\/uploads\/2019\/11\/location-salle-evenement-mulhouse-185x185.jpg\" alt=\"grand espace event mulhouse\" data-interchange=\"[https:\/\/www.km0.info\/wp-inside\/uploads\/2019\/11\/location-salle-evenement-mulhouse-185x185.jpg, small],[https:\/\/www.km0.info\/wp-inside\/uploads\/2019\/11\/location-salle-evenement-mulhouse-370x300.jpg, gsmall],[https:\/\/www.km0.info\/wp-inside\/uploads\/2019\/11\/location-salle-evenement-mulhouse-185x185.jpg, large],[https:\/\/www.km0.info\/wp-inside\/uploads\/2019\/11\/location-salle-evenement-mulhouse-370x300.jpg, glarge],\">\n\t\t\t\t\t\t\t\t<\/div>\n<p>\t\t\t\t\t\t\t<\/a>\n\t\t\t\t\t\t<\/div>\n<\/p><\/div>\n<div class=\"zn-galleryblock-item slick-item\">\n<div class=\"zn-galleryblock-item-inner\">\n\t\t\t\t\t\t\t<a class=\"swipebox\" href=\"https:\/\/www.km0.info\/wp-inside\/uploads\/2020\/10\/location-salle-mulhouse-cocktail-185x185.jpg\" title=\"\" rel=\"galleryzone-flzn-galleryblock-1\"><\/p>\n<div class=\"imgbox\">\n\t\t\t\t\t\t\t\t\t\t\t\t\t\t\t\t\t\t<img decoding=\"async\" src=\"https:\/\/www.km0.info\/wp-inside\/uploads\/2020\/10\/location-salle-mulhouse-cocktail-185x185.jpg\" alt=\"\" data-interchange=\"[https:\/\/www.km0.info\/wp-inside\/uploads\/2020\/10\/location-salle-mulhouse-cocktail-185x185.jpg, small],[https:\/\/www.km0.info\/wp-inside\/uploads\/2020\/10\/location-salle-mulhouse-cocktail-370x300.jpg, gsmall],[https:\/\/www.km0.info\/wp-inside\/uploads\/2020\/10\/location-salle-mulhouse-cocktail-185x185.jpg, large],[https:\/\/www.km0.info\/wp-inside\/uploads\/2020\/10\/location-salle-mulhouse-cocktail-370x300.jpg, glarge],\">\n\t\t\t\t\t\t\t\t<\/div>\n<p>\t\t\t\t\t\t\t<\/a>\n\t\t\t\t\t\t<\/div>\n<\/p><\/div>\n<div class=\"zn-galleryblock-item slick-item\">\n<div class=\"zn-galleryblock-item-inner\">\n\t\t\t\t\t\t\t<a class=\"swipebox\" href=\"https:\/\/www.km0.info\/wp-inside\/uploads\/2020\/10\/salle-reunion-mulhouse-alsace-185x185.jpg\" title=\"\" rel=\"galleryzone-flzn-galleryblock-1\"><\/p>\n<div class=\"imgbox\">\n\t\t\t\t\t\t\t\t\t\t\t\t\t\t\t\t\t\t<img decoding=\"async\" src=\"https:\/\/www.km0.info\/wp-inside\/uploads\/2020\/10\/salle-reunion-mulhouse-alsace-185x185.jpg\" alt=\"\" data-interchange=\"[https:\/\/www.km0.info\/wp-inside\/uploads\/2020\/10\/salle-reunion-mulhouse-alsace-185x185.jpg, small],[https:\/\/www.km0.info\/wp-inside\/uploads\/2020\/10\/salle-reunion-mulhouse-alsace-370x300.jpg, gsmall],[https:\/\/www.km0.info\/wp-inside\/uploads\/2020\/10\/salle-reunion-mulhouse-alsace-185x185.jpg, large],[https:\/\/www.km0.info\/wp-inside\/uploads\/2020\/10\/salle-reunion-mulhouse-alsace-370x300.jpg, glarge],\">\n\t\t\t\t\t\t\t\t<\/div>\n<p>\t\t\t\t\t\t\t<\/a>\n\t\t\t\t\t\t<\/div>\n<\/p><\/div>\n<\/p><\/div>\n<\/p><\/div>\n<\/p><\/div>\n<\/div>\n<\/div>\n<p><!-- \/flzn:zn_galleryblock --><br \/>\n<!-- flzn:zn_calltoaction --><\/p>\n<div id=\"flzn-calltoaction-1\" class=\"zn zone zn-calltoaction with-bg bg-color bg-color-is-gray\"><span class=\"zone-bg bg-color bgc-gray alignfull\"><\/span><\/p>\n<div class=\"zone-block zn-calltoaction-block alignfull va-top text-center\">\n<div class=\"zn-calltoaction-list row small-up-1 medium-up-1 nb-bloc-1 alignfull va-top text-center oneblock\" data-equalizer=\"\" data-equalize-on=\"large\">\n<div class=\"zn-calltoaction-bloc column\" data-equalizer-watch=\"\">\n<div class=\"column-inner\">\n<div class=\"zn-calltoaction-innerbox\">\n<div class=\"zn-calltoaction-bloc-titledesc\">\n<h3 class=\"zn-calltoaction-bloc-title h2\">\n  You want to change your decor&nbsp;?  <\/h3>\n<\/p><\/div>\n<div class=\"zn-calltoaction-buttons-box\">\n<p>\t\t\t\t\t\t\t\t\t\t\t\t\t\t\t\t<a class=\"button secondary arrow\" href=\"\/?page_id=4309\" title=\"Room rental\"><br \/>\n  All the information on the rental of rooms  <\/a><\/p>\n<p>\t\t\t\t\t\t\t\t\t\t\t\t\t\t\t\t<a class=\"button secondary arrow\" href=\"\/?page_id=18\" title=\"Rent a room\"><br \/>\n  Contact us  <\/a>\n\t\t\t\t\t\t\t\t\t\t\t\t\t\t\t\t\t\t\t\t<\/div>\n<\/p><\/div>\n<\/p><\/div>\n<\/p><\/div>\n<\/p><\/div>\n<\/div>\n<\/div>\n<p><!-- \/flzn:zn_calltoaction --><\/p>\n","protected":false},"excerpt":{"rendered":"<p>You are located in Freiburg im Breisgau and are looking for an atypical place to celebrate a key date in the life of your company, to follow a training course [&hellip;]<\/p>\n","protected":false},"author":3,"featured_media":0,"parent":8845,"menu_order":0,"comment_status":"closed","ping_status":"closed","template":"","meta":{"_acf_changed":false,"footnotes":""},"class_list":["post-8870","page","type-page","status-publish","hentry","wp-sticky"],"acf":[],"yoast_head":"<!-- This site is optimized with the Yoast SEO plugin v27.4 - https:\/\/yoast.com\/product\/yoast-seo-wordpress\/ -->\n<title>Room rental Fribourg, Rent a room for an event near Fribourg<\/title>\n<meta name=\"robots\" content=\"index, follow, max-snippet:-1, max-image-preview:large, max-video-preview:-1\" \/>\n<link rel=\"canonical\" href=\"https:\/\/www.km0.info\/en\/room-rental\/room-rental-in-fribourg\/\" \/>\n<meta property=\"og:locale\" content=\"en_US\" \/>\n<meta property=\"og:type\" content=\"article\" \/>\n<meta property=\"og:title\" content=\"Room rental Fribourg, Rent a room for an event near Fribourg\" \/>\n<meta property=\"og:description\" content=\"You are located in Freiburg im Breisgau and are looking for an atypical place to celebrate a key date in the life of your company, to follow a training course [&hellip;]\" \/>\n<meta property=\"og:url\" content=\"https:\/\/www.km0.info\/en\/room-rental\/room-rental-in-fribourg\/\" \/>\n<meta property=\"og:site_name\" content=\"KM\u00d8\" \/>\n<meta property=\"og:image\" content=\"https:\/\/www.km0.info\/wp-inside\/uploads\/2020\/09\/1vfvzzzg-1024x682.jpeg\" \/>\n<meta name=\"twitter:card\" content=\"summary_large_image\" \/>\n<meta name=\"twitter:label1\" content=\"Est. reading time\" \/>\n\t<meta name=\"twitter:data1\" content=\"2 minutes\" \/>\n<script type=\"application\/ld+json\" class=\"yoast-schema-graph\">{\"@context\":\"https:\\\/\\\/schema.org\",\"@graph\":[{\"@type\":\"WebPage\",\"@id\":\"https:\\\/\\\/www.km0.info\\\/en\\\/room-rental\\\/room-rental-in-fribourg\\\/\",\"url\":\"https:\\\/\\\/www.km0.info\\\/en\\\/room-rental\\\/room-rental-in-fribourg\\\/\",\"name\":\"Room rental Fribourg, Rent a room for an event near Fribourg\",\"isPartOf\":{\"@id\":\"https:\\\/\\\/www.km0.info\\\/en\\\/#website\"},\"primaryImageOfPage\":{\"@id\":\"https:\\\/\\\/www.km0.info\\\/en\\\/room-rental\\\/room-rental-in-fribourg\\\/#primaryimage\"},\"image\":{\"@id\":\"https:\\\/\\\/www.km0.info\\\/en\\\/room-rental\\\/room-rental-in-fribourg\\\/#primaryimage\"},\"thumbnailUrl\":\"https:\\\/\\\/www.km0.info\\\/wp-inside\\\/uploads\\\/2020\\\/09\\\/1vfvzzzg-1024x682.jpeg\",\"datePublished\":\"2022-12-13T08:32:49+00:00\",\"breadcrumb\":{\"@id\":\"https:\\\/\\\/www.km0.info\\\/en\\\/room-rental\\\/room-rental-in-fribourg\\\/#breadcrumb\"},\"inLanguage\":\"en-US\",\"potentialAction\":[{\"@type\":\"ReadAction\",\"target\":[\"https:\\\/\\\/www.km0.info\\\/en\\\/room-rental\\\/room-rental-in-fribourg\\\/\"]}]},{\"@type\":\"ImageObject\",\"inLanguage\":\"en-US\",\"@id\":\"https:\\\/\\\/www.km0.info\\\/en\\\/room-rental\\\/room-rental-in-fribourg\\\/#primaryimage\",\"url\":\"https:\\\/\\\/www.km0.info\\\/wp-inside\\\/uploads\\\/2020\\\/09\\\/1vfvzzzg-1024x682.jpeg\",\"contentUrl\":\"https:\\\/\\\/www.km0.info\\\/wp-inside\\\/uploads\\\/2020\\\/09\\\/1vfvzzzg-1024x682.jpeg\"},{\"@type\":\"BreadcrumbList\",\"@id\":\"https:\\\/\\\/www.km0.info\\\/en\\\/room-rental\\\/room-rental-in-fribourg\\\/#breadcrumb\",\"itemListElement\":[{\"@type\":\"ListItem\",\"position\":1,\"name\":\"Accueil\",\"item\":\"https:\\\/\\\/www.km0.info\\\/en\\\/\"},{\"@type\":\"ListItem\",\"position\":2,\"name\":\"Room rental\",\"item\":\"https:\\\/\\\/www.km0.info\\\/en\\\/room-rental\\\/\"},{\"@type\":\"ListItem\",\"position\":3,\"name\":\"Room rental in Fribourg\"}]},{\"@type\":\"WebSite\",\"@id\":\"https:\\\/\\\/www.km0.info\\\/en\\\/#website\",\"url\":\"https:\\\/\\\/www.km0.info\\\/en\\\/\",\"name\":\"KM\u00d8\",\"description\":\"Lieu d&#039;innovation d\u00e9di\u00e9 \u00e0 la transformation digitale de l&#039;industrie\",\"publisher\":{\"@id\":\"https:\\\/\\\/www.km0.info\\\/en\\\/#organization\"},\"potentialAction\":[{\"@type\":\"SearchAction\",\"target\":{\"@type\":\"EntryPoint\",\"urlTemplate\":\"https:\\\/\\\/www.km0.info\\\/en\\\/?s={search_term_string}\"},\"query-input\":{\"@type\":\"PropertyValueSpecification\",\"valueRequired\":true,\"valueName\":\"search_term_string\"}}],\"inLanguage\":\"en-US\"},{\"@type\":\"Organization\",\"@id\":\"https:\\\/\\\/www.km0.info\\\/en\\\/#organization\",\"name\":\"KM\u00d8\",\"url\":\"https:\\\/\\\/www.km0.info\\\/en\\\/\",\"logo\":{\"@type\":\"ImageObject\",\"inLanguage\":\"en-US\",\"@id\":\"https:\\\/\\\/www.km0.info\\\/en\\\/#\\\/schema\\\/logo\\\/image\\\/\",\"url\":\"https:\\\/\\\/www.km0.info\\\/wp-inside\\\/uploads\\\/2020\\\/10\\\/logo-km0-quadri-200x155-1.png\",\"contentUrl\":\"https:\\\/\\\/www.km0.info\\\/wp-inside\\\/uploads\\\/2020\\\/10\\\/logo-km0-quadri-200x155-1.png\",\"width\":200,\"height\":155,\"caption\":\"KM\u00d8\"},\"image\":{\"@id\":\"https:\\\/\\\/www.km0.info\\\/en\\\/#\\\/schema\\\/logo\\\/image\\\/\"}}]}<\/script>\n<!-- \/ Yoast SEO plugin. -->","yoast_head_json":{"title":"Room rental Fribourg, Rent a room for an event near Fribourg","robots":{"index":"index","follow":"follow","max-snippet":"max-snippet:-1","max-image-preview":"max-image-preview:large","max-video-preview":"max-video-preview:-1"},"canonical":"https:\/\/www.km0.info\/en\/room-rental\/room-rental-in-fribourg\/","og_locale":"en_US","og_type":"article","og_title":"Room rental Fribourg, Rent a room for an event near Fribourg","og_description":"You are located in Freiburg im Breisgau and are looking for an atypical place to celebrate a key date in the life of your company, to follow a training course [&hellip;]","og_url":"https:\/\/www.km0.info\/en\/room-rental\/room-rental-in-fribourg\/","og_site_name":"KM\u00d8","og_image":[{"url":"https:\/\/www.km0.info\/wp-inside\/uploads\/2020\/09\/1vfvzzzg-1024x682.jpeg","type":"","width":"","height":""}],"twitter_card":"summary_large_image","twitter_misc":{"Est. reading time":"2 minutes"},"schema":{"@context":"https:\/\/schema.org","@graph":[{"@type":"WebPage","@id":"https:\/\/www.km0.info\/en\/room-rental\/room-rental-in-fribourg\/","url":"https:\/\/www.km0.info\/en\/room-rental\/room-rental-in-fribourg\/","name":"Room rental Fribourg, Rent a room for an event near Fribourg","isPartOf":{"@id":"https:\/\/www.km0.info\/en\/#website"},"primaryImageOfPage":{"@id":"https:\/\/www.km0.info\/en\/room-rental\/room-rental-in-fribourg\/#primaryimage"},"image":{"@id":"https:\/\/www.km0.info\/en\/room-rental\/room-rental-in-fribourg\/#primaryimage"},"thumbnailUrl":"https:\/\/www.km0.info\/wp-inside\/uploads\/2020\/09\/1vfvzzzg-1024x682.jpeg","datePublished":"2022-12-13T08:32:49+00:00","breadcrumb":{"@id":"https:\/\/www.km0.info\/en\/room-rental\/room-rental-in-fribourg\/#breadcrumb"},"inLanguage":"en-US","potentialAction":[{"@type":"ReadAction","target":["https:\/\/www.km0.info\/en\/room-rental\/room-rental-in-fribourg\/"]}]},{"@type":"ImageObject","inLanguage":"en-US","@id":"https:\/\/www.km0.info\/en\/room-rental\/room-rental-in-fribourg\/#primaryimage","url":"https:\/\/www.km0.info\/wp-inside\/uploads\/2020\/09\/1vfvzzzg-1024x682.jpeg","contentUrl":"https:\/\/www.km0.info\/wp-inside\/uploads\/2020\/09\/1vfvzzzg-1024x682.jpeg"},{"@type":"BreadcrumbList","@id":"https:\/\/www.km0.info\/en\/room-rental\/room-rental-in-fribourg\/#breadcrumb","itemListElement":[{"@type":"ListItem","position":1,"name":"Accueil","item":"https:\/\/www.km0.info\/en\/"},{"@type":"ListItem","position":2,"name":"Room rental","item":"https:\/\/www.km0.info\/en\/room-rental\/"},{"@type":"ListItem","position":3,"name":"Room rental in Fribourg"}]},{"@type":"WebSite","@id":"https:\/\/www.km0.info\/en\/#website","url":"https:\/\/www.km0.info\/en\/","name":"KM\u00d8","description":"Lieu d&#039;innovation d\u00e9di\u00e9 \u00e0 la transformation digitale de l&#039;industrie","publisher":{"@id":"https:\/\/www.km0.info\/en\/#organization"},"potentialAction":[{"@type":"SearchAction","target":{"@type":"EntryPoint","urlTemplate":"https:\/\/www.km0.info\/en\/?s={search_term_string}"},"query-input":{"@type":"PropertyValueSpecification","valueRequired":true,"valueName":"search_term_string"}}],"inLanguage":"en-US"},{"@type":"Organization","@id":"https:\/\/www.km0.info\/en\/#organization","name":"KM\u00d8","url":"https:\/\/www.km0.info\/en\/","logo":{"@type":"ImageObject","inLanguage":"en-US","@id":"https:\/\/www.km0.info\/en\/#\/schema\/logo\/image\/","url":"https:\/\/www.km0.info\/wp-inside\/uploads\/2020\/10\/logo-km0-quadri-200x155-1.png","contentUrl":"https:\/\/www.km0.info\/wp-inside\/uploads\/2020\/10\/logo-km0-quadri-200x155-1.png","width":200,"height":155,"caption":"KM\u00d8"},"image":{"@id":"https:\/\/www.km0.info\/en\/#\/schema\/logo\/image\/"}}]}},"_links":{"self":[{"href":"https:\/\/www.km0.info\/en\/wp-json\/wp\/v2\/pages\/8870","targetHints":{"allow":["GET"]}}],"collection":[{"href":"https:\/\/www.km0.info\/en\/wp-json\/wp\/v2\/pages"}],"about":[{"href":"https:\/\/www.km0.info\/en\/wp-json\/wp\/v2\/types\/page"}],"author":[{"embeddable":true,"href":"https:\/\/www.km0.info\/en\/wp-json\/wp\/v2\/users\/3"}],"replies":[{"embeddable":true,"href":"https:\/\/www.km0.info\/en\/wp-json\/wp\/v2\/comments?post=8870"}],"version-history":[{"count":0,"href":"https:\/\/www.km0.info\/en\/wp-json\/wp\/v2\/pages\/8870\/revisions"}],"up":[{"embeddable":true,"href":"https:\/\/www.km0.info\/en\/wp-json\/wp\/v2\/pages\/8845"}],"wp:attachment":[{"href":"https:\/\/www.km0.info\/en\/wp-json\/wp\/v2\/media?parent=8870"}],"curies":[{"name":"wp","href":"https:\/\/api.w.org\/{rel}","templated":true}]}}