{"id":8869,"date":"2022-12-13T09:32:49","date_gmt":"2022-12-13T08:32:49","guid":{"rendered":"https:\/\/www.km0.info\/kmo\/team\/"},"modified":"2025-10-08T16:43:54","modified_gmt":"2025-10-08T14:43:54","slug":"team","status":"publish","type":"page","link":"https:\/\/www.km0.info\/en\/kmo\/team\/","title":{"rendered":"Team"},"content":{"rendered":"<p>The KM\u00d8 innovation place is managed by a team of motivated people, who cumulate many experiences and skills&nbsp;!<\/p>\n<p><!-- flzn:zn_imgblock --><\/p>\n<div id=\"flzn-imgblock-1\" class=\"zn zone zn-imgblock\">\n<div class=\"zone-block zn-imgblock-block alignwide va-center\">\n<div class=\"row one-img\">\n<div class=\"columns large-12\">\n<div class=\"row with-nice-alignment va-center\" data-equalizer=\"\" data-equalize-on=\"large\">\n<div class=\"columns large-12 zn-imgblock-col\" data-equalizer-watch=\"\">\n<div class=\"columns-inner zn-imgblock-col-inner\">\n\t\t\t\t\t\t\t<a class=\"zn-imgblock-imgbox swipebox\" href=\"https:\/\/www.km0.info\/wp-inside\/uploads\/2025\/03\/dscf0362-85@05x-1-1500x600.jpg\" title=\"\" rel=\"galleryzone-flzn-imgblock-1\">\t\t\t\t\t\t\t<\/p>\n<figure class=\"zn-imgblock-figure\">\n\t\t\t\t\t\t\t\t<img decoding=\"async\" class=\"zn-imgblock-img\" src=\"https:\/\/www.km0.info\/wp-inside\/uploads\/2025\/03\/dscf0362-85@05x-1-1500x600.jpg\" alt=\"\"><br \/>\n\t\t\t\t\t\t\t\t\t\t\t\t\t\t\t<\/figure>\n<p>\t\t\t\t\t\t\t<\/a>\t\t\t\t\t\t<\/div>\n<\/p><\/div>\n<\/p><\/div>\n<\/p><\/div>\n<\/p><\/div>\n<\/div>\n<\/div>\n<p><!-- \/flzn:zn_imgblock --><br \/>\n<!-- flzn:zn_trombinoscope --><\/p>\n<div id=\"flzn-trombinoscope-1\" class=\"zn zone zn-trombinoscope with-bg bg-color bg-color-is-transparent\"><span class=\"zone-bg bg-color bgc-transparent alignfull\"><\/span><\/p>\n<div class=\"zone-block zn-trombinoscope-block pdd-top-off pdd-bottom alignwide va-top\">\n<div class=\"row\">\n<div class=\"columns large-12\">\n<div class=\"row blockgrid-center nb-members-7 small-up-2 medium-up-3 large-up-4\" data-equalizer=\"\" data-equalize-on=\"large\">\n<div class=\"column zn-trombinoscope-member\">\n<div class=\"zn-trombinoscope-member-box\">\n<div class=\"zn-trombinoscope-member-flip-container\">\n<div class=\"zn-trombinoscope-member-flip-container-inner\">\n<figure class=\"zn-trombinoscope-member-figure\">\n\t\t\t\t\t\t\t\t\t\t\t\t\t<img decoding=\"async\" class=\"zn-trombinoscope-member-img\" src=\"https:\/\/www.km0.info\/wp-inside\/uploads\/2025\/02\/patrick-site-internet-380x380.jpg\" alt=\"\" data-interchange=\"[https:\/\/www.km0.info\/wp-inside\/uploads\/2025\/02\/patrick-site-internet-380x380.jpg, small],[https:\/\/www.km0.info\/wp-inside\/uploads\/2025\/02\/patrick-site-internet-380x380.jpg, gsmall],[https:\/\/www.km0.info\/wp-inside\/uploads\/2025\/02\/patrick-site-internet-380x380.jpg, glarge],\"><br \/>\n\t\t\t\t\t\t\t\t\t\t\t\t\t\t\t\t\t\t\t\t\t\t\t\t\t<\/figure>\n<\/p><\/div>\n<\/p><\/div>\n<div class=\"zn-trombinoscope-member-infos\">\n<div data-equalizer-watch=\"\">\n<h3 class=\"zn-trombinoscope-member-name\">\n  Patrick Rein  <\/h3>\n<p class=\"zn-trombinoscope-member-fonction\">\n  President KM\u00d8 SAS  <\/p>\n<\/p><\/div>\n<p>\t\t\t\t\t\t\t\t\t\t<!-- On v\u00e9rifie que la description est bien renseign\u00e9 --><br \/>\n\t\t\t\t\t\t\t\t\t\t\t\t\t\t\t\t\t\t\t\t\t<button class=\"zn-trombinoscope-member-button\" type=\"button\" data-toggle=\"zn-trombinoscope-dropdown-1-1\">Read more<\/button><\/p>\n<div class=\"zn-trombinoscope-member-dropdown dropdown-pane\" data-position=\"bottom\" data-alignment=\"center\" id=\"zn-trombinoscope-dropdown-1-1\" data-dropdown=\"\" data-auto-focus=\"true\">\n<p class=\"zn-trombinoscope-member-desc\">\n<p>This entrepreneur from Mulhouse is one of the driving forces of the ecosystem&nbsp;: he is the communicator, the influencer and the official guide of all KM\u00d8 visits. If you drop by for a coffee, chances are you&#8217;ll cross his path.<\/p>\n<\/p><\/div>\n<\/p><\/div>\n<\/p><\/div>\n<\/p><\/div>\n<div class=\"column zn-trombinoscope-member\">\n<div class=\"zn-trombinoscope-member-box\">\n<div class=\"zn-trombinoscope-member-flip-container\">\n<div class=\"zn-trombinoscope-member-flip-container-inner\">\n<figure class=\"zn-trombinoscope-member-figure\">\n\t\t\t\t\t\t\t\t\t\t\t\t\t<img decoding=\"async\" class=\"zn-trombinoscope-member-img\" src=\"https:\/\/www.km0.info\/wp-inside\/uploads\/2025\/02\/gerald-site-internet-380x380.jpg\" alt=\"\" data-interchange=\"[https:\/\/www.km0.info\/wp-inside\/uploads\/2025\/02\/gerald-site-internet-380x380.jpg, small],[https:\/\/www.km0.info\/wp-inside\/uploads\/2025\/02\/gerald-site-internet-380x380.jpg, gsmall],[https:\/\/www.km0.info\/wp-inside\/uploads\/2025\/02\/gerald-site-internet-380x380.jpg, glarge],\"><br \/>\n\t\t\t\t\t\t\t\t\t\t\t\t\t\t\t\t\t\t\t\t\t\t\t\t\t<\/figure>\n<\/p><\/div>\n<\/p><\/div>\n<div class=\"zn-trombinoscope-member-infos\">\n<div data-equalizer-watch=\"\">\n<h3 class=\"zn-trombinoscope-member-name\">\n  G\u00e9rald Cohen  <\/h3>\n<p class=\"zn-trombinoscope-member-fonction\">\n  President of the e-nov Campus association  <\/p>\n<\/p><\/div>\n<p>\t\t\t\t\t\t\t\t\t\t<!-- On v\u00e9rifie que la description est bien renseign\u00e9 --><br \/>\n\t\t\t\t\t\t\t\t\t\t\t\t\t\t\t\t\t\t\t\t\t<button class=\"zn-trombinoscope-member-button\" type=\"button\" data-toggle=\"zn-trombinoscope-dropdown-1-2\">Read more<\/button><\/p>\n<div class=\"zn-trombinoscope-member-dropdown dropdown-pane\" data-position=\"bottom\" data-alignment=\"center\" id=\"zn-trombinoscope-dropdown-1-2\" data-dropdown=\"\" data-auto-focus=\"true\">\n<p class=\"zn-trombinoscope-member-desc\">\n<p>Insatiable, curious, and innovative at heart&#8230; He navigates between academia and business. He has led multiple structuring missions within the University of Haute-Alsace and has accompanied various technological projects with companies. During his tenure as Dean of the Fonderie campus, he founded &#8221;&nbsp;e.nov campus&nbsp;&#8221; with institutional and business leaders, the beginning of a wonderful adventure&nbsp;!<\/p>\n<\/p><\/div>\n<\/p><\/div>\n<\/p><\/div>\n<\/p><\/div>\n<div class=\"column zn-trombinoscope-member\">\n<div class=\"zn-trombinoscope-member-box\">\n<div class=\"zn-trombinoscope-member-flip-container\">\n<div class=\"zn-trombinoscope-member-flip-container-inner\">\n<figure class=\"zn-trombinoscope-member-figure\">\n\t\t\t\t\t\t\t\t\t\t\t\t\t<img decoding=\"async\" class=\"zn-trombinoscope-member-img\" src=\"https:\/\/www.km0.info\/wp-inside\/uploads\/2025\/02\/cesar-site-internet-380x380.jpg\" alt=\"\" data-interchange=\"[https:\/\/www.km0.info\/wp-inside\/uploads\/2025\/02\/cesar-site-internet-380x380.jpg, small],[https:\/\/www.km0.info\/wp-inside\/uploads\/2025\/02\/cesar-site-internet-380x380.jpg, gsmall],[https:\/\/www.km0.info\/wp-inside\/uploads\/2025\/02\/cesar-site-internet-380x380.jpg, glarge],\"><br \/>\n\t\t\t\t\t\t\t\t\t\t\t\t\t\t\t\t\t\t\t\t\t\t\t\t\t<\/figure>\n<\/p><\/div>\n<\/p><\/div>\n<div class=\"zn-trombinoscope-member-infos\">\n<div data-equalizer-watch=\"\">\n<h3 class=\"zn-trombinoscope-member-name\">\n  C\u00e9sar Allievi  <\/h3>\n<p class=\"zn-trombinoscope-member-fonction\">\n  C\u00d8\u00d8 &#8211; CM\u00d8 Operations Manager  <\/p>\n<\/p><\/div>\n<p>\t\t\t\t\t\t\t\t\t\t<!-- On v\u00e9rifie que la description est bien renseign\u00e9 --><br \/>\n\t\t\t\t\t\t\t\t\t\t\t\t\t\t\t\t\t\t\t\t\t<button class=\"zn-trombinoscope-member-button\" type=\"button\" data-toggle=\"zn-trombinoscope-dropdown-1-3\">Read more<\/button><\/p>\n<div class=\"zn-trombinoscope-member-dropdown dropdown-pane\" data-position=\"bottom\" data-alignment=\"center\" id=\"zn-trombinoscope-dropdown-1-3\" data-dropdown=\"\" data-auto-focus=\"true\">\n<p class=\"zn-trombinoscope-member-desc\">\n<p><span data-teams=\"true\">C\u00e9sar draws on over 14 years&#8217; experience in strategic and digital marketing in industry to lead the operational management of the KM\u00d8 ecosystem. A specialist in project management, communication and operational actions, today he transforms ambitions and projects into reality. <\/span><\/p>\n<\/p><\/div>\n<\/p><\/div>\n<\/p><\/div>\n<\/p><\/div>\n<div class=\"column zn-trombinoscope-member\">\n<div class=\"zn-trombinoscope-member-box\">\n<div class=\"zn-trombinoscope-member-flip-container\">\n<div class=\"zn-trombinoscope-member-flip-container-inner\">\n<figure class=\"zn-trombinoscope-member-figure\">\n\t\t\t\t\t\t\t\t\t\t\t\t\t<img decoding=\"async\" class=\"zn-trombinoscope-member-img\" src=\"https:\/\/www.km0.info\/wp-inside\/uploads\/2025\/02\/dhouha-380x380.jpg\" alt=\"\" data-interchange=\"[https:\/\/www.km0.info\/wp-inside\/uploads\/2025\/02\/dhouha-380x380.jpg, small],[https:\/\/www.km0.info\/wp-inside\/uploads\/2025\/02\/dhouha-380x380.jpg, gsmall],[https:\/\/www.km0.info\/wp-inside\/uploads\/2025\/02\/dhouha-380x380.jpg, glarge],\"><br \/>\n\t\t\t\t\t\t\t\t\t\t\t\t\t\t\t\t\t\t\t\t\t\t\t\t\t<\/figure>\n<\/p><\/div>\n<\/p><\/div>\n<div class=\"zn-trombinoscope-member-infos\">\n<div data-equalizer-watch=\"\">\n<h3 class=\"zn-trombinoscope-member-name\">\n  Dhouha Chakroun  <\/h3>\n<p class=\"zn-trombinoscope-member-fonction\">\n  Administrative and Financial Manager  <\/p>\n<\/p><\/div>\n<p>\t\t\t\t\t\t\t\t\t\t<!-- On v\u00e9rifie que la description est bien renseign\u00e9 --><br \/>\n\t\t\t\t\t\t\t\t\t\t\t\t\t\t\t\t\t\t\t\t\t<button class=\"zn-trombinoscope-member-button\" type=\"button\" data-toggle=\"zn-trombinoscope-dropdown-1-4\">Read more<\/button><\/p>\n<div class=\"zn-trombinoscope-member-dropdown dropdown-pane\" data-position=\"bottom\" data-alignment=\"center\" id=\"zn-trombinoscope-dropdown-1-4\" data-dropdown=\"\" data-auto-focus=\"true\">\n<p class=\"zn-trombinoscope-member-desc\">\n<p>Organized and with good interpersonal skills, Dhouha, who holds a master&#8217;s degree in private law, followed by a master&#8217;s in contract drafting and legal services, is responsible for the administrative management of KM\u00d8 and E-nov Campus.<\/p>\n<\/p><\/div>\n<\/p><\/div>\n<\/p><\/div>\n<\/p><\/div>\n<div class=\"column zn-trombinoscope-member\">\n<div class=\"zn-trombinoscope-member-box\">\n<div class=\"zn-trombinoscope-member-flip-container\">\n<div class=\"zn-trombinoscope-member-flip-container-inner\">\n<figure class=\"zn-trombinoscope-member-figure\">\n\t\t\t\t\t\t\t\t\t\t\t\t\t<img decoding=\"async\" class=\"zn-trombinoscope-member-img\" src=\"https:\/\/www.km0.info\/wp-inside\/uploads\/2025\/02\/farid-380x380.jpg\" alt=\"\" data-interchange=\"[https:\/\/www.km0.info\/wp-inside\/uploads\/2025\/02\/farid-380x380.jpg, small],[https:\/\/www.km0.info\/wp-inside\/uploads\/2025\/02\/farid-380x380.jpg, gsmall],[https:\/\/www.km0.info\/wp-inside\/uploads\/2025\/02\/farid-380x380.jpg, glarge],\"><br \/>\n\t\t\t\t\t\t\t\t\t\t\t\t\t\t\t\t\t\t\t\t\t\t\t\t\t<\/figure>\n<\/p><\/div>\n<\/p><\/div>\n<div class=\"zn-trombinoscope-member-infos\">\n<div data-equalizer-watch=\"\">\n<h3 class=\"zn-trombinoscope-member-name\">\n  Farid Dridi  <\/h3>\n<p class=\"zn-trombinoscope-member-fonction\">\n  Maintenance Manager  <\/p>\n<\/p><\/div>\n<p>\t\t\t\t\t\t\t\t\t\t<!-- On v\u00e9rifie que la description est bien renseign\u00e9 --><br \/>\n\t\t\t\t\t\t\t\t\t\t\t\t\t\t\t\t\t\t\t\t\t<button class=\"zn-trombinoscope-member-button\" type=\"button\" data-toggle=\"zn-trombinoscope-dropdown-1-5\">Read more<\/button><\/p>\n<div class=\"zn-trombinoscope-member-dropdown dropdown-pane\" data-position=\"bottom\" data-alignment=\"center\" id=\"zn-trombinoscope-dropdown-1-5\" data-dropdown=\"\" data-auto-focus=\"true\">\n<p class=\"zn-trombinoscope-member-desc\">\n<p>With his unrivalled expertise, Farid repairs the KM\u00d8 in a flash. He&#8217;s the hero of maintenance, ready to tackle any breakdown with his tool sword.<\/p>\n<\/p><\/div>\n<\/p><\/div>\n<\/p><\/div>\n<\/p><\/div>\n<div class=\"column zn-trombinoscope-member\">\n<div class=\"zn-trombinoscope-member-box\">\n<div class=\"zn-trombinoscope-member-flip-container\">\n<div class=\"zn-trombinoscope-member-flip-container-inner\">\n<figure class=\"zn-trombinoscope-member-figure\">\n\t\t\t\t\t\t\t\t\t\t\t\t\t<img decoding=\"async\" class=\"zn-trombinoscope-member-img\" src=\"https:\/\/www.km0.info\/wp-inside\/uploads\/2025\/02\/jennifer-380x380.jpg\" alt=\"\" data-interchange=\"[https:\/\/www.km0.info\/wp-inside\/uploads\/2025\/02\/jennifer-380x380.jpg, small],[https:\/\/www.km0.info\/wp-inside\/uploads\/2025\/02\/jennifer-380x380.jpg, gsmall],[https:\/\/www.km0.info\/wp-inside\/uploads\/2025\/02\/jennifer-380x380.jpg, glarge],\"><br \/>\n\t\t\t\t\t\t\t\t\t\t\t\t\t\t\t\t\t\t\t\t\t\t\t\t\t<\/figure>\n<\/p><\/div>\n<\/p><\/div>\n<div class=\"zn-trombinoscope-member-infos\">\n<div data-equalizer-watch=\"\">\n<h3 class=\"zn-trombinoscope-member-name\">\n  Jennifer Muller  <\/h3>\n<p class=\"zn-trombinoscope-member-fonction\">\n  Marketing Project Manager and Communications Manager  <\/p>\n<\/p><\/div>\n<p>\t\t\t\t\t\t\t\t\t\t<!-- On v\u00e9rifie que la description est bien renseign\u00e9 --><br \/>\n\t\t\t\t\t\t\t\t\t\t\t\t\t\t\t\t\t\t\t\t\t<button class=\"zn-trombinoscope-member-button\" type=\"button\" data-toggle=\"zn-trombinoscope-dropdown-1-6\">Read more<\/button><\/p>\n<div class=\"zn-trombinoscope-member-dropdown dropdown-pane\" data-position=\"bottom\" data-alignment=\"center\" id=\"zn-trombinoscope-dropdown-1-6\" data-dropdown=\"\" data-auto-focus=\"true\">\n<p class=\"zn-trombinoscope-member-desc\">\n<p>Jennifer, a graduate of IAE and the University of Besan\u00e7on, is in charge of marketing and communications. With her enthusiastic personality, she combines creativity and performance to reinforce KM\u00d8&#8217;s brand image and unite its residents. <\/p>\n<\/p><\/div>\n<\/p><\/div>\n<\/p><\/div>\n<\/p><\/div>\n<div class=\"column zn-trombinoscope-member\">\n<div class=\"zn-trombinoscope-member-box\">\n<div class=\"zn-trombinoscope-member-flip-container\">\n<div class=\"zn-trombinoscope-member-flip-container-inner\">\n<figure class=\"zn-trombinoscope-member-figure\">\n\t\t\t\t\t\t\t\t\t\t\t\t\t<img decoding=\"async\" class=\"zn-trombinoscope-member-img\" src=\"https:\/\/www.km0.info\/wp-inside\/uploads\/2025\/02\/clara-site-internet-380x380.jpg\" alt=\"\" data-interchange=\"[https:\/\/www.km0.info\/wp-inside\/uploads\/2025\/02\/clara-site-internet-380x380.jpg, small],[https:\/\/www.km0.info\/wp-inside\/uploads\/2025\/02\/clara-site-internet-380x380.jpg, gsmall],[https:\/\/www.km0.info\/wp-inside\/uploads\/2025\/02\/clara-site-internet-380x380.jpg, glarge],\"><br \/>\n\t\t\t\t\t\t\t\t\t\t\t\t\t\t\t\t\t\t\t\t\t\t\t\t\t<\/figure>\n<\/p><\/div>\n<\/p><\/div>\n<div class=\"zn-trombinoscope-member-infos\">\n<div data-equalizer-watch=\"\">\n<h3 class=\"zn-trombinoscope-member-name\">\n  Clara Engasser  <\/h3>\n<p class=\"zn-trombinoscope-member-fonction\">\n  Events Project Manager  <\/p>\n<\/p><\/div>\n<p>\t\t\t\t\t\t\t\t\t\t<!-- On v\u00e9rifie que la description est bien renseign\u00e9 --><br \/>\n\t\t\t\t\t\t\t\t\t\t\t\t\t\t\t\t\t\t\t\t\t<button class=\"zn-trombinoscope-member-button\" type=\"button\" data-toggle=\"zn-trombinoscope-dropdown-1-7\">Read more<\/button><\/p>\n<div class=\"zn-trombinoscope-member-dropdown dropdown-pane\" data-position=\"bottom\" data-alignment=\"center\" id=\"zn-trombinoscope-dropdown-1-7\" data-dropdown=\"\" data-auto-focus=\"true\">\n<p class=\"zn-trombinoscope-member-desc\">\n<p>Clara, a graduate of the Master MODA program at Homneo Business School, is an event project manager. Responsible and attentive, she is there to meet your needs and manage the various events.<\/p>\n<\/p><\/div>\n<\/p><\/div>\n<\/p><\/div>\n<\/p><\/div>\n<\/p><\/div>\n<\/p><\/div>\n<\/p><\/div>\n<\/p><\/div>\n<\/div>\n<p><!-- \/flzn:zn_trombinoscope --><\/p>\n","protected":false},"excerpt":{"rendered":"<p>The team: all the talents gathered to manage the ecosystem  <\/p>\n","protected":false},"author":2,"featured_media":3523,"parent":8832,"menu_order":130,"comment_status":"closed","ping_status":"closed","template":"","meta":{"_acf_changed":false,"footnotes":""},"class_list":["post-8869","page","type-page","status-publish","has-post-thumbnail","hentry","wp-sticky"],"acf":[],"yoast_head":"<!-- This site is optimized with the Yoast SEO plugin v27.5 - https:\/\/yoast.com\/product\/yoast-seo-wordpress\/ -->\n<title>Team : Experiences &amp; Skills digital innovation<\/title>\n<meta name=\"description\" content=\"The KM\u00d8 ecosystem is managed by a team of motivated people with a wide range of experience and skills. Discover the team!\" \/>\n<meta name=\"robots\" content=\"index, follow, max-snippet:-1, max-image-preview:large, max-video-preview:-1\" \/>\n<link rel=\"canonical\" href=\"https:\/\/www.km0.info\/en\/kmo\/team\/\" \/>\n<meta property=\"og:locale\" content=\"en_US\" \/>\n<meta property=\"og:type\" content=\"article\" \/>\n<meta property=\"og:title\" content=\"Team : Experiences &amp; Skills digital innovation\" \/>\n<meta property=\"og:description\" content=\"The KM\u00d8 ecosystem is managed by a team of motivated people with a wide range of experience and skills. Discover the team!\" \/>\n<meta property=\"og:url\" content=\"https:\/\/www.km0.info\/en\/kmo\/team\/\" \/>\n<meta property=\"og:site_name\" content=\"KM\u00d8\" \/>\n<meta property=\"article:modified_time\" content=\"2025-10-08T14:43:54+00:00\" \/>\n<meta property=\"og:image\" content=\"https:\/\/www.km0.info\/wp-inside\/uploads\/2015\/11\/team-km0-conference-presse.jpg\" \/>\n\t<meta property=\"og:image:width\" content=\"1060\" \/>\n\t<meta property=\"og:image:height\" content=\"707\" \/>\n\t<meta property=\"og:image:type\" content=\"image\/jpeg\" \/>\n<meta name=\"twitter:card\" content=\"summary_large_image\" \/>\n<meta name=\"twitter:label1\" content=\"Est. reading time\" \/>\n\t<meta name=\"twitter:data1\" content=\"2 minutes\" \/>\n<script type=\"application\/ld+json\" class=\"yoast-schema-graph\">{\"@context\":\"https:\\\/\\\/schema.org\",\"@graph\":[{\"@type\":\"WebPage\",\"@id\":\"https:\\\/\\\/www.km0.info\\\/en\\\/kmo\\\/team\\\/\",\"url\":\"https:\\\/\\\/www.km0.info\\\/en\\\/kmo\\\/team\\\/\",\"name\":\"Team : Experiences & Skills digital innovation\",\"isPartOf\":{\"@id\":\"https:\\\/\\\/www.km0.info\\\/en\\\/#website\"},\"primaryImageOfPage\":{\"@id\":\"https:\\\/\\\/www.km0.info\\\/en\\\/kmo\\\/team\\\/#primaryimage\"},\"image\":{\"@id\":\"https:\\\/\\\/www.km0.info\\\/en\\\/kmo\\\/team\\\/#primaryimage\"},\"thumbnailUrl\":\"https:\\\/\\\/www.km0.info\\\/wp-inside\\\/uploads\\\/2015\\\/11\\\/team-km0-conference-presse.jpg\",\"datePublished\":\"2022-12-13T08:32:49+00:00\",\"dateModified\":\"2025-10-08T14:43:54+00:00\",\"description\":\"The KM\u00d8 ecosystem is managed by a team of motivated people with a wide range of experience and skills. Discover the team!\",\"breadcrumb\":{\"@id\":\"https:\\\/\\\/www.km0.info\\\/en\\\/kmo\\\/team\\\/#breadcrumb\"},\"inLanguage\":\"en-US\",\"potentialAction\":[{\"@type\":\"ReadAction\",\"target\":[\"https:\\\/\\\/www.km0.info\\\/en\\\/kmo\\\/team\\\/\"]}]},{\"@type\":\"ImageObject\",\"inLanguage\":\"en-US\",\"@id\":\"https:\\\/\\\/www.km0.info\\\/en\\\/kmo\\\/team\\\/#primaryimage\",\"url\":\"https:\\\/\\\/www.km0.info\\\/wp-inside\\\/uploads\\\/2015\\\/11\\\/team-km0-conference-presse.jpg\",\"contentUrl\":\"https:\\\/\\\/www.km0.info\\\/wp-inside\\\/uploads\\\/2015\\\/11\\\/team-km0-conference-presse.jpg\",\"width\":1060,\"height\":707,\"caption\":\"L\u2019\u00e9quipe du KM\u00d8 : G\u00e9rald Cohen, Michel L\u00e9vy, Romain Spinali, Patrick Rein, Guillaume Delemazure, et Olivier Zeller\"},{\"@type\":\"BreadcrumbList\",\"@id\":\"https:\\\/\\\/www.km0.info\\\/en\\\/kmo\\\/team\\\/#breadcrumb\",\"itemListElement\":[{\"@type\":\"ListItem\",\"position\":1,\"name\":\"Accueil\",\"item\":\"https:\\\/\\\/www.km0.info\\\/en\\\/\"},{\"@type\":\"ListItem\",\"position\":2,\"name\":\"KM\u00d8\",\"item\":\"https:\\\/\\\/www.km0.info\\\/en\\\/kmo\\\/\"},{\"@type\":\"ListItem\",\"position\":3,\"name\":\"Team\"}]},{\"@type\":\"WebSite\",\"@id\":\"https:\\\/\\\/www.km0.info\\\/en\\\/#website\",\"url\":\"https:\\\/\\\/www.km0.info\\\/en\\\/\",\"name\":\"KM\u00d8\",\"description\":\"Lieu d&#039;innovation d\u00e9di\u00e9 \u00e0 la transformation digitale de l&#039;industrie\",\"publisher\":{\"@id\":\"https:\\\/\\\/www.km0.info\\\/en\\\/#organization\"},\"potentialAction\":[{\"@type\":\"SearchAction\",\"target\":{\"@type\":\"EntryPoint\",\"urlTemplate\":\"https:\\\/\\\/www.km0.info\\\/en\\\/?s={search_term_string}\"},\"query-input\":{\"@type\":\"PropertyValueSpecification\",\"valueRequired\":true,\"valueName\":\"search_term_string\"}}],\"inLanguage\":\"en-US\"},{\"@type\":\"Organization\",\"@id\":\"https:\\\/\\\/www.km0.info\\\/en\\\/#organization\",\"name\":\"KM\u00d8\",\"url\":\"https:\\\/\\\/www.km0.info\\\/en\\\/\",\"logo\":{\"@type\":\"ImageObject\",\"inLanguage\":\"en-US\",\"@id\":\"https:\\\/\\\/www.km0.info\\\/en\\\/#\\\/schema\\\/logo\\\/image\\\/\",\"url\":\"https:\\\/\\\/www.km0.info\\\/wp-inside\\\/uploads\\\/2020\\\/10\\\/logo-km0-quadri-200x155-1.png\",\"contentUrl\":\"https:\\\/\\\/www.km0.info\\\/wp-inside\\\/uploads\\\/2020\\\/10\\\/logo-km0-quadri-200x155-1.png\",\"width\":200,\"height\":155,\"caption\":\"KM\u00d8\"},\"image\":{\"@id\":\"https:\\\/\\\/www.km0.info\\\/en\\\/#\\\/schema\\\/logo\\\/image\\\/\"}}]}<\/script>\n<!-- \/ Yoast SEO plugin. -->","yoast_head_json":{"title":"Team : Experiences & Skills digital innovation","description":"The KM\u00d8 ecosystem is managed by a team of motivated people with a wide range of experience and skills. Discover the team!","robots":{"index":"index","follow":"follow","max-snippet":"max-snippet:-1","max-image-preview":"max-image-preview:large","max-video-preview":"max-video-preview:-1"},"canonical":"https:\/\/www.km0.info\/en\/kmo\/team\/","og_locale":"en_US","og_type":"article","og_title":"Team : Experiences & Skills digital innovation","og_description":"The KM\u00d8 ecosystem is managed by a team of motivated people with a wide range of experience and skills. Discover the team!","og_url":"https:\/\/www.km0.info\/en\/kmo\/team\/","og_site_name":"KM\u00d8","article_modified_time":"2025-10-08T14:43:54+00:00","og_image":[{"width":1060,"height":707,"url":"https:\/\/www.km0.info\/wp-inside\/uploads\/2015\/11\/team-km0-conference-presse.jpg","type":"image\/jpeg"}],"twitter_card":"summary_large_image","twitter_misc":{"Est. reading time":"2 minutes"},"schema":{"@context":"https:\/\/schema.org","@graph":[{"@type":"WebPage","@id":"https:\/\/www.km0.info\/en\/kmo\/team\/","url":"https:\/\/www.km0.info\/en\/kmo\/team\/","name":"Team : Experiences & Skills digital innovation","isPartOf":{"@id":"https:\/\/www.km0.info\/en\/#website"},"primaryImageOfPage":{"@id":"https:\/\/www.km0.info\/en\/kmo\/team\/#primaryimage"},"image":{"@id":"https:\/\/www.km0.info\/en\/kmo\/team\/#primaryimage"},"thumbnailUrl":"https:\/\/www.km0.info\/wp-inside\/uploads\/2015\/11\/team-km0-conference-presse.jpg","datePublished":"2022-12-13T08:32:49+00:00","dateModified":"2025-10-08T14:43:54+00:00","description":"The KM\u00d8 ecosystem is managed by a team of motivated people with a wide range of experience and skills. Discover the team!","breadcrumb":{"@id":"https:\/\/www.km0.info\/en\/kmo\/team\/#breadcrumb"},"inLanguage":"en-US","potentialAction":[{"@type":"ReadAction","target":["https:\/\/www.km0.info\/en\/kmo\/team\/"]}]},{"@type":"ImageObject","inLanguage":"en-US","@id":"https:\/\/www.km0.info\/en\/kmo\/team\/#primaryimage","url":"https:\/\/www.km0.info\/wp-inside\/uploads\/2015\/11\/team-km0-conference-presse.jpg","contentUrl":"https:\/\/www.km0.info\/wp-inside\/uploads\/2015\/11\/team-km0-conference-presse.jpg","width":1060,"height":707,"caption":"L\u2019\u00e9quipe du KM\u00d8 : G\u00e9rald Cohen, Michel L\u00e9vy, Romain Spinali, Patrick Rein, Guillaume Delemazure, et Olivier Zeller"},{"@type":"BreadcrumbList","@id":"https:\/\/www.km0.info\/en\/kmo\/team\/#breadcrumb","itemListElement":[{"@type":"ListItem","position":1,"name":"Accueil","item":"https:\/\/www.km0.info\/en\/"},{"@type":"ListItem","position":2,"name":"KM\u00d8","item":"https:\/\/www.km0.info\/en\/kmo\/"},{"@type":"ListItem","position":3,"name":"Team"}]},{"@type":"WebSite","@id":"https:\/\/www.km0.info\/en\/#website","url":"https:\/\/www.km0.info\/en\/","name":"KM\u00d8","description":"Lieu d&#039;innovation d\u00e9di\u00e9 \u00e0 la transformation digitale de l&#039;industrie","publisher":{"@id":"https:\/\/www.km0.info\/en\/#organization"},"potentialAction":[{"@type":"SearchAction","target":{"@type":"EntryPoint","urlTemplate":"https:\/\/www.km0.info\/en\/?s={search_term_string}"},"query-input":{"@type":"PropertyValueSpecification","valueRequired":true,"valueName":"search_term_string"}}],"inLanguage":"en-US"},{"@type":"Organization","@id":"https:\/\/www.km0.info\/en\/#organization","name":"KM\u00d8","url":"https:\/\/www.km0.info\/en\/","logo":{"@type":"ImageObject","inLanguage":"en-US","@id":"https:\/\/www.km0.info\/en\/#\/schema\/logo\/image\/","url":"https:\/\/www.km0.info\/wp-inside\/uploads\/2020\/10\/logo-km0-quadri-200x155-1.png","contentUrl":"https:\/\/www.km0.info\/wp-inside\/uploads\/2020\/10\/logo-km0-quadri-200x155-1.png","width":200,"height":155,"caption":"KM\u00d8"},"image":{"@id":"https:\/\/www.km0.info\/en\/#\/schema\/logo\/image\/"}}]}},"_links":{"self":[{"href":"https:\/\/www.km0.info\/en\/wp-json\/wp\/v2\/pages\/8869","targetHints":{"allow":["GET"]}}],"collection":[{"href":"https:\/\/www.km0.info\/en\/wp-json\/wp\/v2\/pages"}],"about":[{"href":"https:\/\/www.km0.info\/en\/wp-json\/wp\/v2\/types\/page"}],"author":[{"embeddable":true,"href":"https:\/\/www.km0.info\/en\/wp-json\/wp\/v2\/users\/2"}],"replies":[{"embeddable":true,"href":"https:\/\/www.km0.info\/en\/wp-json\/wp\/v2\/comments?post=8869"}],"version-history":[{"count":46,"href":"https:\/\/www.km0.info\/en\/wp-json\/wp\/v2\/pages\/8869\/revisions"}],"predecessor-version":[{"id":14426,"href":"https:\/\/www.km0.info\/en\/wp-json\/wp\/v2\/pages\/8869\/revisions\/14426"}],"up":[{"embeddable":true,"href":"https:\/\/www.km0.info\/en\/wp-json\/wp\/v2\/pages\/8832"}],"wp:featuredmedia":[{"embeddable":true,"href":"https:\/\/www.km0.info\/en\/wp-json\/wp\/v2\/media\/3523"}],"wp:attachment":[{"href":"https:\/\/www.km0.info\/en\/wp-json\/wp\/v2\/media?parent=8869"}],"curies":[{"name":"wp","href":"https:\/\/api.w.org\/{rel}","templated":true}]}}