{"id":8859,"date":"2022-12-13T09:32:30","date_gmt":"2022-12-13T08:32:30","guid":{"rendered":"https:\/\/www.km0.info\/kmo\/financing-partners\/"},"modified":"2023-03-01T16:31:12","modified_gmt":"2023-03-01T15:31:12","slug":"financing-partners","status":"publish","type":"page","link":"https:\/\/www.km0.info\/en\/kmo\/financing-partners\/","title":{"rendered":"Financing \/ Partners"},"content":{"rendered":"<p>The funders are actors involved in the digital development of the territory&nbsp;: the CCI Alsace Eurom\u00e9tropole, the Feder, M2A.<\/p>\n<p>The shareholders adhere to the future vision of the KM\u00d8 innovation center&nbsp;: I+N, Caisse des d\u00e9p\u00f4ts, Cr\u00e9dit Agricole Alsace Vosges.<\/p>\n<p><!-- flzn:zn_textblock --><\/p>\n<div id=\"flzn-textblock-1\" class=\"zn zone zn-textblock\">\n<div class=\"zone-block zn-textblock-block alignwide va-top\">\n<div class=\"row mw-content-zone \">\n<div class=\"columns large-12\">\n<div class=\"zn-textblock-titlebox\">\n<h2 class=\"zone-title zn-textblock-title\">\n  Funders and Partners  <\/h2>\n<\/p><\/div>\n<div class=\"row xmedium-up-2 large-up-3 nbloc-3 with-nice-alignment va-top\">\n<div class=\"column zn-textblock-col\">\n<div class=\"column-inner\">\n<div class=\"wig-content mw-content\">\n<p><img decoding=\"async\" loading=\"lazy\" class=\" wp-image-5089 aligncenter\" src=\"https:\/\/www.km0.info\/wp-inside\/uploads\/2021\/04\/grand-est.jpg\" alt=\"\" width=\"177\" height=\"62\" srcset=\"https:\/\/www.km0.info\/wp-inside\/uploads\/2021\/04\/grand-est.jpg 209w, https:\/\/www.km0.info\/wp-inside\/uploads\/2021\/04\/grand-est-115x40.jpg 115w\" sizes=\"auto, (max-width: 177px) 100vw, 177px\"><\/p>\n<h3 style=\"text-align: center;\">The Grand Est region<\/h3>\n<p style=\"text-align: center;\"><em>Funder<\/em><\/p>\n<p style=\"text-align: center;\">The Grand Est region financed the work, the innovation center and the Ecole 42 Mulhouse Grand Est<\/p>\n<p style=\"text-align: center;\"><a class=\"button with-arrow\" href=\"https:\/\/www.grandest.fr\/\" target=\"_blank\" rel=\"noopener\">See the website<\/a><\/p>\n<p>&nbsp;<\/p>\n<\/p><\/div>\n<\/p><\/div>\n<\/p><\/div>\n<div class=\"column zn-textblock-col\">\n<div class=\"column-inner\">\n<div class=\"wig-content mw-content\">\n<p><img decoding=\"async\" loading=\"lazy\" class=\" wp-image-1982 aligncenter\" src=\"https:\/\/www.km0.info\/wp-inside\/uploads\/2020\/10\/logo-ue-feder-web-200x157-1.jpg\" alt=\"\" width=\"89\" height=\"70\" srcset=\"https:\/\/www.km0.info\/wp-inside\/uploads\/2020\/10\/logo-ue-feder-web-200x157-1.jpg 200w, https:\/\/www.km0.info\/wp-inside\/uploads\/2020\/10\/logo-ue-feder-web-200x157-1-115x90.jpg 115w\" sizes=\"auto, (max-width: 89px) 100vw, 89px\"><\/p>\n<h3 style=\"text-align: center;\">The European Union<\/h3>\n<p style=\"text-align: center;\"><em>Funder<\/em><\/p>\n<p style=\"text-align: center;\">The operation &#8221;&nbsp;Creation of KM\u00d8, place of innovation of industry and digital&nbsp;&#8221; is co-financed by the European Union within the framework of the Operational Program ERDF Alsace 2014-2020 and is accompanied by the emblem of the European Union.<br \/>\n<a class=\"button with-arrow\" href=\"http:\/\/www.europe-en-france.gouv.fr\/\">See the website<\/a><\/p>\n<\/p><\/div>\n<\/p><\/div>\n<\/p><\/div>\n<div class=\"column zn-textblock-col\">\n<div class=\"column-inner\">\n<div class=\"wig-content mw-content\">\n<p><img decoding=\"async\" loading=\"lazy\" class=\"aligncenter wp-image-1980\" src=\"https:\/\/www.km0.info\/wp-inside\/uploads\/2020\/10\/logo-m2a-200x100-1.png\" alt=\"\" width=\"142\" height=\"71\" srcset=\"https:\/\/www.km0.info\/wp-inside\/uploads\/2020\/10\/logo-m2a-200x100-1.png 200w, https:\/\/www.km0.info\/wp-inside\/uploads\/2020\/10\/logo-m2a-200x100-1-115x58.png 115w\" sizes=\"auto, (max-width: 142px) 100vw, 142px\"><\/p>\n<h3 style=\"text-align: center;\">M2A<\/h3>\n<p style=\"text-align: center;\"><em>Funder<\/em><\/p>\n<p style=\"text-align: center;\">Mulhouse Alsace Agglom\u00e9ration is one of the project&#8217;s financiers.<br \/>\n<a class=\"button with-arrow\" href=\"http:\/\/www.mulhouse-alsace.fr\/\">See the website<\/a><\/p>\n<\/p><\/div>\n<\/p><\/div>\n<\/p><\/div>\n<\/p><\/div>\n<\/p><\/div>\n<\/p><\/div>\n<\/p><\/div>\n<\/div>\n<p><!-- \/flzn:zn_textblock --><br \/>\n<!-- flzn:zn_textblock --><\/p>\n<div id=\"flzn-textblock-2\" class=\"zn zone zn-textblock\">\n<div class=\"zone-block zn-textblock-block alignwide va-top\">\n<div class=\"row mw-content-zone \">\n<div class=\"columns large-12\">\n<div class=\"row xmedium-up-2 large-up-3 nbloc-3 with-nice-alignment va-top\">\n<div class=\"column zn-textblock-col\">\n<div class=\"column-inner\">\n<div class=\"wig-content mw-content\">\n<p><img decoding=\"async\" loading=\"lazy\" class=\" wp-image-5090 aligncenter\" src=\"https:\/\/www.km0.info\/wp-inside\/uploads\/2021\/04\/logo-ville-mulhouse.jpg\" alt=\"logo mulhouse\" width=\"43\" height=\"58\"><\/p>\n<h3 style=\"text-align: center;\">The City of Mulhouse<\/h3>\n<p style=\"text-align: center;\"><em>Funder<\/em><\/p>\n<p style=\"text-align: center;\">The city of Mulhouse is one of the financiers of the project<\/p>\n<p style=\"text-align: center;\"><a class=\"button with-arrow\" href=\"https:\/\/www.mulhouse.fr\/\" target=\"_blank\" rel=\"noopener\">See the website<\/a><\/p>\n<\/p><\/div>\n<\/p><\/div>\n<\/p><\/div>\n<div class=\"column zn-textblock-col\">\n<div class=\"column-inner\">\n<div class=\"wig-content mw-content\">\n<p><img decoding=\"async\" loading=\"lazy\" class=\"aligncenter wp-image-1974\" src=\"https:\/\/www.km0.info\/wp-inside\/uploads\/2020\/10\/logo-caisse-des-depots.jpg\" alt=\"\" width=\"64\" height=\"73\"><\/p>\n<h3 style=\"text-align: center;\">Caisse des D\u00e9p\u00f4ts<\/h3>\n<p style=\"text-align: center;\"><em>Funder<\/em><\/p>\n<p style=\"text-align: center;\">The Caisse des D\u00e9p\u00f4ts, and particularly the Banque des Territoires, has invested in KM\u00d8.<br \/>\n<a class=\"button with-arrow\" href=\"http:\/\/www.caissedesdepots.fr\/\">See the website<\/a><\/p>\n<\/p><\/div>\n<\/p><\/div>\n<\/p><\/div>\n<div class=\"column zn-textblock-col\">\n<div class=\"column-inner\">\n<div class=\"wig-content mw-content\">\n<p><img decoding=\"async\" loading=\"lazy\" class=\" wp-image-5087 aligncenter\" src=\"https:\/\/www.km0.info\/wp-inside\/uploads\/2021\/04\/cci.jpg\" alt=\"cci logo\" width=\"153\" height=\"36\" srcset=\"https:\/\/www.km0.info\/wp-inside\/uploads\/2021\/04\/cci.jpg 234w, https:\/\/www.km0.info\/wp-inside\/uploads\/2021\/04\/cci-115x27.jpg 115w\" sizes=\"auto, (max-width: 153px) 100vw, 153px\"><\/p>\n<h3 style=\"text-align: center;\">CCI Alsace Eurom\u00e9tropole<\/h3>\n<p style=\"text-align: center;\"><em>Funder<\/em><\/p>\n<p style=\"text-align: center;\">The CCI Alsace Eurom\u00e9tropole financially supports the KM\u00d8 innovation center.<br \/>\n<a class=\"button with-arrow\" href=\"http:\/\/www.alsace-eurometropole.cci.fr\/\">See the website<\/a><\/p>\n<\/p><\/div>\n<\/p><\/div>\n<\/p><\/div>\n<\/p><\/div>\n<\/p><\/div>\n<\/p><\/div>\n<\/p><\/div>\n<\/div>\n<p><!-- \/flzn:zn_textblock --><br \/>\n<!-- flzn:zn_textblock --><\/p>\n<div id=\"flzn-textblock-3\" class=\"zn zone zn-textblock\">\n<div class=\"zone-block zn-textblock-block alignwide va-top\">\n<div class=\"row mw-content-zone \">\n<div class=\"columns large-12\">\n<div class=\"row large-up-1 nbloc-1\">\n<div class=\"column zn-textblock-col\">\n<div class=\"column-inner\">\n<div class=\"wig-content mw-content\">\n<p><img decoding=\"async\" loading=\"lazy\" class=\"aligncenter wp-image-1984\" src=\"https:\/\/www.km0.info\/wp-inside\/uploads\/2020\/10\/logo_creditagricole_v16.png\" alt=\"\" width=\"123\" height=\"123\" srcset=\"https:\/\/www.km0.info\/wp-inside\/uploads\/2020\/10\/logo_creditagricole_v16.png 160w, https:\/\/www.km0.info\/wp-inside\/uploads\/2020\/10\/logo_creditagricole_v16-150x150.png 150w, https:\/\/www.km0.info\/wp-inside\/uploads\/2020\/10\/logo_creditagricole_v16-115x115.png 115w, https:\/\/www.km0.info\/wp-inside\/uploads\/2020\/10\/logo_creditagricole_v16-65x65.png 65w\" sizes=\"auto, (max-width: 123px) 100vw, 123px\"><\/p>\n<h3 style=\"text-align: center;\">Cr\u00e9dit Agricole Alsace Vosges<\/h3>\n<p style=\"text-align: center;\"><em>Funder<\/em><\/p>\n<p style=\"text-align: center;\">Cr\u00e9dit Agricole Alsace Vosges is also a shareholder.<br \/>\n<a class=\"button with-arrow\" href=\"http:\/\/www.ca-alsace-vosges.fr\/\">See the website<\/a><\/p>\n<p>&nbsp;<\/p>\n<\/p><\/div>\n<\/p><\/div>\n<\/p><\/div>\n<\/p><\/div>\n<\/p><\/div>\n<\/p><\/div>\n<\/p><\/div>\n<\/div>\n<p><!-- \/flzn:zn_textblock --><br \/>\n<!-- flzn:zn_textblock --><\/p>\n<div id=\"flzn-textblock-4\" class=\"zn zone zn-textblock\">\n<div class=\"zone-block zn-textblock-block alignwide va-top\">\n<div class=\"row mw-content-zone \">\n<div class=\"columns large-12\">\n<div class=\"zn-textblock-titlebox\">\n<h2 class=\"zone-title zn-textblock-title\">\n  Business Partners  <\/h2>\n<\/p><\/div>\n<div class=\"row xmedium-up-2 large-up-3 nbloc-3 with-nice-alignment va-top\">\n<div class=\"column zn-textblock-col\">\n<div class=\"column-inner\">\n<div class=\"wig-content mw-content\">\n<p><img decoding=\"async\" loading=\"lazy\" class=\" wp-image-1725 aligncenter\" src=\"https:\/\/www.km0.info\/wp-inside\/uploads\/2020\/10\/le-village-logo-200x200-1.png\" alt=\"The village by CA\" width=\"128\" height=\"128\" srcset=\"https:\/\/www.km0.info\/wp-inside\/uploads\/2020\/10\/le-village-logo-200x200-1.png 200w, https:\/\/www.km0.info\/wp-inside\/uploads\/2020\/10\/le-village-logo-200x200-1-150x150.png 150w, https:\/\/www.km0.info\/wp-inside\/uploads\/2020\/10\/le-village-logo-200x200-1-115x115.png 115w, https:\/\/www.km0.info\/wp-inside\/uploads\/2020\/10\/le-village-logo-200x200-1-185x185.png 185w, https:\/\/www.km0.info\/wp-inside\/uploads\/2020\/10\/le-village-logo-200x200-1-65x65.png 65w\" sizes=\"auto, (max-width: 128px) 100vw, 128px\"><\/p>\n<h3 style=\"text-align: center;\">The Village By CA<\/h3>\n<p style=\"text-align: center;\"><em>Partner<\/em><\/p>\n<p style=\"text-align: center;\">The Village By CA is present at KM\u00d8 and is a startup gas pedal<\/p>\n<p style=\"text-align: center;\"><a class=\"button with-arrow\" href=\"https:\/\/www.levillagebyca.com\/\" target=\"_blank\" rel=\"noopener\">See the website<\/a><\/p>\n<\/p><\/div>\n<\/p><\/div>\n<\/p><\/div>\n<div class=\"column zn-textblock-col\">\n<div class=\"column-inner\">\n<div class=\"wig-content mw-content\">\n<p><img decoding=\"async\" loading=\"lazy\" class=\" wp-image-2257 aligncenter\" src=\"https:\/\/www.km0.info\/wp-inside\/uploads\/2019\/02\/semia-logo-200x200-1.png\" alt=\"Semia\" width=\"119\" height=\"119\" srcset=\"https:\/\/www.km0.info\/wp-inside\/uploads\/2019\/02\/semia-logo-200x200-1.png 200w, https:\/\/www.km0.info\/wp-inside\/uploads\/2019\/02\/semia-logo-200x200-1-150x150.png 150w, https:\/\/www.km0.info\/wp-inside\/uploads\/2019\/02\/semia-logo-200x200-1-115x115.png 115w, https:\/\/www.km0.info\/wp-inside\/uploads\/2019\/02\/semia-logo-200x200-1-185x185.png 185w, https:\/\/www.km0.info\/wp-inside\/uploads\/2019\/02\/semia-logo-200x200-1-65x65.png 65w\" sizes=\"auto, (max-width: 119px) 100vw, 119px\"><\/p>\n<h3 style=\"text-align: center;\">Semia<\/h3>\n<p style=\"text-align: center;\"><em>Partner<\/em><\/p>\n<p style=\"text-align: center;\">S\u00e9mia, a stratup incubator, is also present at KM\u00d8<\/p>\n<p style=\"text-align: center;\"><a class=\"button with-arrow\" href=\"https:\/\/www.startup-semia.com\/\" target=\"_blank\" rel=\"noopener\">See the website<\/a><\/p>\n<p>&nbsp;<\/p>\n<\/p><\/div>\n<\/p><\/div>\n<\/p><\/div>\n<div class=\"column zn-textblock-col\">\n<div class=\"column-inner\">\n<div class=\"wig-content mw-content\">\n<p><img decoding=\"async\" loading=\"lazy\" class=\" wp-image-5169 aligncenter\" src=\"https:\/\/www.km0.info\/wp-inside\/uploads\/2021\/04\/logo-ceim-300x300.jpeg\" alt=\"CEIM logo\" width=\"99\" height=\"99\" srcset=\"https:\/\/www.km0.info\/wp-inside\/uploads\/2021\/04\/logo-ceim-300x300.jpeg 300w, https:\/\/www.km0.info\/wp-inside\/uploads\/2021\/04\/logo-ceim-150x150.jpeg 150w, https:\/\/www.km0.info\/wp-inside\/uploads\/2021\/04\/logo-ceim-115x115.jpeg 115w, https:\/\/www.km0.info\/wp-inside\/uploads\/2021\/04\/logo-ceim-380x380.jpeg 380w, https:\/\/www.km0.info\/wp-inside\/uploads\/2021\/04\/logo-ceim-185x185.jpeg 185w, https:\/\/www.km0.info\/wp-inside\/uploads\/2021\/04\/logo-ceim-200x200.jpeg 200w, https:\/\/www.km0.info\/wp-inside\/uploads\/2021\/04\/logo-ceim-320x320.jpeg 320w, https:\/\/www.km0.info\/wp-inside\/uploads\/2021\/04\/logo-ceim-65x65.jpeg 65w, https:\/\/www.km0.info\/wp-inside\/uploads\/2021\/04\/logo-ceim.jpeg 400w\" sizes=\"auto, (max-width: 99px) 100vw, 99px\"><\/p>\n<h3 style=\"text-align: center;\">Montreal Business and Innovation Centre<\/h3>\n<p style=\"text-align: center;\"><em>Partner<\/em><\/p>\n<p style=\"text-align: center;\">CEIM supports startups in their development by offering advice and coaching<\/p>\n<p style=\"text-align: center;\"><a class=\"button with-arrow\" href=\"https:\/\/www.ceim.org\/\" target=\"_blank\" rel=\"noopener\">See the website<\/a><\/p>\n<\/p><\/div>\n<\/p><\/div>\n<\/p><\/div>\n<\/p><\/div>\n<\/p><\/div>\n<\/p><\/div>\n<\/p><\/div>\n<\/div>\n<p><!-- \/flzn:zn_textblock --><\/p>\n","protected":false},"excerpt":{"rendered":"<p>Who are our funding partners?  <\/p>\n","protected":false},"author":2,"featured_media":1784,"parent":8832,"menu_order":120,"comment_status":"closed","ping_status":"closed","template":"","meta":{"_acf_changed":false,"footnotes":""},"class_list":["post-8859","page","type-page","status-publish","has-post-thumbnail","hentry","wp-sticky"],"acf":[],"yoast_head":"<!-- This site is optimized with the Yoast SEO plugin v27.4 - https:\/\/yoast.com\/product\/yoast-seo-wordpress\/ -->\n<title>KM\u00d8 actors involved, digital development Mulhouse, Alsace<\/title>\n<meta name=\"description\" content=\"KM\u00d8&#039;s ambition can only be carried by actors committed and involved in the digital development of the territory.\" \/>\n<meta name=\"robots\" content=\"index, follow, max-snippet:-1, max-image-preview:large, max-video-preview:-1\" \/>\n<link rel=\"canonical\" href=\"https:\/\/www.km0.info\/en\/kmo\/financing-partners\/\" \/>\n<meta property=\"og:locale\" content=\"en_US\" \/>\n<meta property=\"og:type\" content=\"article\" \/>\n<meta property=\"og:title\" content=\"KM\u00d8 actors involved, digital development Mulhouse, Alsace\" \/>\n<meta property=\"og:description\" content=\"KM\u00d8&#039;s ambition can only be carried by actors committed and involved in the digital development of the territory.\" \/>\n<meta property=\"og:url\" content=\"https:\/\/www.km0.info\/en\/kmo\/financing-partners\/\" \/>\n<meta property=\"og:site_name\" content=\"KM\u00d8\" \/>\n<meta property=\"article:modified_time\" content=\"2023-03-01T15:31:12+00:00\" \/>\n<meta property=\"og:image\" content=\"https:\/\/www.km0.info\/wp-inside\/uploads\/2020\/10\/batiment-km0-redimensionne-1024x681-1.jpg\" \/>\n\t<meta property=\"og:image:width\" content=\"1024\" \/>\n\t<meta property=\"og:image:height\" content=\"681\" \/>\n\t<meta property=\"og:image:type\" content=\"image\/jpeg\" \/>\n<meta name=\"twitter:card\" content=\"summary_large_image\" \/>\n<meta name=\"twitter:label1\" content=\"Est. reading time\" \/>\n\t<meta name=\"twitter:data1\" content=\"1 minute\" \/>\n<script type=\"application\/ld+json\" class=\"yoast-schema-graph\">{\"@context\":\"https:\\\/\\\/schema.org\",\"@graph\":[{\"@type\":\"WebPage\",\"@id\":\"https:\\\/\\\/www.km0.info\\\/en\\\/kmo\\\/financing-partners\\\/\",\"url\":\"https:\\\/\\\/www.km0.info\\\/en\\\/kmo\\\/financing-partners\\\/\",\"name\":\"KM\u00d8 actors involved, digital development Mulhouse, Alsace\",\"isPartOf\":{\"@id\":\"https:\\\/\\\/www.km0.info\\\/en\\\/#website\"},\"primaryImageOfPage\":{\"@id\":\"https:\\\/\\\/www.km0.info\\\/en\\\/kmo\\\/financing-partners\\\/#primaryimage\"},\"image\":{\"@id\":\"https:\\\/\\\/www.km0.info\\\/en\\\/kmo\\\/financing-partners\\\/#primaryimage\"},\"thumbnailUrl\":\"https:\\\/\\\/www.km0.info\\\/wp-inside\\\/uploads\\\/2020\\\/10\\\/batiment-km0-redimensionne-1024x681-1.jpg\",\"datePublished\":\"2022-12-13T08:32:30+00:00\",\"dateModified\":\"2023-03-01T15:31:12+00:00\",\"description\":\"KM\u00d8's ambition can only be carried by actors committed and involved in the digital development of the territory.\",\"breadcrumb\":{\"@id\":\"https:\\\/\\\/www.km0.info\\\/en\\\/kmo\\\/financing-partners\\\/#breadcrumb\"},\"inLanguage\":\"en-US\",\"potentialAction\":[{\"@type\":\"ReadAction\",\"target\":[\"https:\\\/\\\/www.km0.info\\\/en\\\/kmo\\\/financing-partners\\\/\"]}]},{\"@type\":\"ImageObject\",\"inLanguage\":\"en-US\",\"@id\":\"https:\\\/\\\/www.km0.info\\\/en\\\/kmo\\\/financing-partners\\\/#primaryimage\",\"url\":\"https:\\\/\\\/www.km0.info\\\/wp-inside\\\/uploads\\\/2020\\\/10\\\/batiment-km0-redimensionne-1024x681-1.jpg\",\"contentUrl\":\"https:\\\/\\\/www.km0.info\\\/wp-inside\\\/uploads\\\/2020\\\/10\\\/batiment-km0-redimensionne-1024x681-1.jpg\",\"width\":1024,\"height\":681},{\"@type\":\"BreadcrumbList\",\"@id\":\"https:\\\/\\\/www.km0.info\\\/en\\\/kmo\\\/financing-partners\\\/#breadcrumb\",\"itemListElement\":[{\"@type\":\"ListItem\",\"position\":1,\"name\":\"Accueil\",\"item\":\"https:\\\/\\\/www.km0.info\\\/en\\\/\"},{\"@type\":\"ListItem\",\"position\":2,\"name\":\"KM\u00d8\",\"item\":\"https:\\\/\\\/www.km0.info\\\/en\\\/kmo\\\/\"},{\"@type\":\"ListItem\",\"position\":3,\"name\":\"Financing \\\/ Partners\"}]},{\"@type\":\"WebSite\",\"@id\":\"https:\\\/\\\/www.km0.info\\\/en\\\/#website\",\"url\":\"https:\\\/\\\/www.km0.info\\\/en\\\/\",\"name\":\"KM\u00d8\",\"description\":\"Lieu d&#039;innovation d\u00e9di\u00e9 \u00e0 la transformation digitale de l&#039;industrie\",\"publisher\":{\"@id\":\"https:\\\/\\\/www.km0.info\\\/en\\\/#organization\"},\"potentialAction\":[{\"@type\":\"SearchAction\",\"target\":{\"@type\":\"EntryPoint\",\"urlTemplate\":\"https:\\\/\\\/www.km0.info\\\/en\\\/?s={search_term_string}\"},\"query-input\":{\"@type\":\"PropertyValueSpecification\",\"valueRequired\":true,\"valueName\":\"search_term_string\"}}],\"inLanguage\":\"en-US\"},{\"@type\":\"Organization\",\"@id\":\"https:\\\/\\\/www.km0.info\\\/en\\\/#organization\",\"name\":\"KM\u00d8\",\"url\":\"https:\\\/\\\/www.km0.info\\\/en\\\/\",\"logo\":{\"@type\":\"ImageObject\",\"inLanguage\":\"en-US\",\"@id\":\"https:\\\/\\\/www.km0.info\\\/en\\\/#\\\/schema\\\/logo\\\/image\\\/\",\"url\":\"https:\\\/\\\/www.km0.info\\\/wp-inside\\\/uploads\\\/2020\\\/10\\\/logo-km0-quadri-200x155-1.png\",\"contentUrl\":\"https:\\\/\\\/www.km0.info\\\/wp-inside\\\/uploads\\\/2020\\\/10\\\/logo-km0-quadri-200x155-1.png\",\"width\":200,\"height\":155,\"caption\":\"KM\u00d8\"},\"image\":{\"@id\":\"https:\\\/\\\/www.km0.info\\\/en\\\/#\\\/schema\\\/logo\\\/image\\\/\"}}]}<\/script>\n<!-- \/ Yoast SEO plugin. -->","yoast_head_json":{"title":"KM\u00d8 actors involved, digital development Mulhouse, Alsace","description":"KM\u00d8's ambition can only be carried by actors committed and involved in the digital development of the territory.","robots":{"index":"index","follow":"follow","max-snippet":"max-snippet:-1","max-image-preview":"max-image-preview:large","max-video-preview":"max-video-preview:-1"},"canonical":"https:\/\/www.km0.info\/en\/kmo\/financing-partners\/","og_locale":"en_US","og_type":"article","og_title":"KM\u00d8 actors involved, digital development Mulhouse, Alsace","og_description":"KM\u00d8's ambition can only be carried by actors committed and involved in the digital development of the territory.","og_url":"https:\/\/www.km0.info\/en\/kmo\/financing-partners\/","og_site_name":"KM\u00d8","article_modified_time":"2023-03-01T15:31:12+00:00","og_image":[{"width":1024,"height":681,"url":"https:\/\/www.km0.info\/wp-inside\/uploads\/2020\/10\/batiment-km0-redimensionne-1024x681-1.jpg","type":"image\/jpeg"}],"twitter_card":"summary_large_image","twitter_misc":{"Est. reading time":"1 minute"},"schema":{"@context":"https:\/\/schema.org","@graph":[{"@type":"WebPage","@id":"https:\/\/www.km0.info\/en\/kmo\/financing-partners\/","url":"https:\/\/www.km0.info\/en\/kmo\/financing-partners\/","name":"KM\u00d8 actors involved, digital development Mulhouse, Alsace","isPartOf":{"@id":"https:\/\/www.km0.info\/en\/#website"},"primaryImageOfPage":{"@id":"https:\/\/www.km0.info\/en\/kmo\/financing-partners\/#primaryimage"},"image":{"@id":"https:\/\/www.km0.info\/en\/kmo\/financing-partners\/#primaryimage"},"thumbnailUrl":"https:\/\/www.km0.info\/wp-inside\/uploads\/2020\/10\/batiment-km0-redimensionne-1024x681-1.jpg","datePublished":"2022-12-13T08:32:30+00:00","dateModified":"2023-03-01T15:31:12+00:00","description":"KM\u00d8's ambition can only be carried by actors committed and involved in the digital development of the territory.","breadcrumb":{"@id":"https:\/\/www.km0.info\/en\/kmo\/financing-partners\/#breadcrumb"},"inLanguage":"en-US","potentialAction":[{"@type":"ReadAction","target":["https:\/\/www.km0.info\/en\/kmo\/financing-partners\/"]}]},{"@type":"ImageObject","inLanguage":"en-US","@id":"https:\/\/www.km0.info\/en\/kmo\/financing-partners\/#primaryimage","url":"https:\/\/www.km0.info\/wp-inside\/uploads\/2020\/10\/batiment-km0-redimensionne-1024x681-1.jpg","contentUrl":"https:\/\/www.km0.info\/wp-inside\/uploads\/2020\/10\/batiment-km0-redimensionne-1024x681-1.jpg","width":1024,"height":681},{"@type":"BreadcrumbList","@id":"https:\/\/www.km0.info\/en\/kmo\/financing-partners\/#breadcrumb","itemListElement":[{"@type":"ListItem","position":1,"name":"Accueil","item":"https:\/\/www.km0.info\/en\/"},{"@type":"ListItem","position":2,"name":"KM\u00d8","item":"https:\/\/www.km0.info\/en\/kmo\/"},{"@type":"ListItem","position":3,"name":"Financing \/ Partners"}]},{"@type":"WebSite","@id":"https:\/\/www.km0.info\/en\/#website","url":"https:\/\/www.km0.info\/en\/","name":"KM\u00d8","description":"Lieu d&#039;innovation d\u00e9di\u00e9 \u00e0 la transformation digitale de l&#039;industrie","publisher":{"@id":"https:\/\/www.km0.info\/en\/#organization"},"potentialAction":[{"@type":"SearchAction","target":{"@type":"EntryPoint","urlTemplate":"https:\/\/www.km0.info\/en\/?s={search_term_string}"},"query-input":{"@type":"PropertyValueSpecification","valueRequired":true,"valueName":"search_term_string"}}],"inLanguage":"en-US"},{"@type":"Organization","@id":"https:\/\/www.km0.info\/en\/#organization","name":"KM\u00d8","url":"https:\/\/www.km0.info\/en\/","logo":{"@type":"ImageObject","inLanguage":"en-US","@id":"https:\/\/www.km0.info\/en\/#\/schema\/logo\/image\/","url":"https:\/\/www.km0.info\/wp-inside\/uploads\/2020\/10\/logo-km0-quadri-200x155-1.png","contentUrl":"https:\/\/www.km0.info\/wp-inside\/uploads\/2020\/10\/logo-km0-quadri-200x155-1.png","width":200,"height":155,"caption":"KM\u00d8"},"image":{"@id":"https:\/\/www.km0.info\/en\/#\/schema\/logo\/image\/"}}]}},"_links":{"self":[{"href":"https:\/\/www.km0.info\/en\/wp-json\/wp\/v2\/pages\/8859","targetHints":{"allow":["GET"]}}],"collection":[{"href":"https:\/\/www.km0.info\/en\/wp-json\/wp\/v2\/pages"}],"about":[{"href":"https:\/\/www.km0.info\/en\/wp-json\/wp\/v2\/types\/page"}],"author":[{"embeddable":true,"href":"https:\/\/www.km0.info\/en\/wp-json\/wp\/v2\/users\/2"}],"replies":[{"embeddable":true,"href":"https:\/\/www.km0.info\/en\/wp-json\/wp\/v2\/comments?post=8859"}],"version-history":[{"count":1,"href":"https:\/\/www.km0.info\/en\/wp-json\/wp\/v2\/pages\/8859\/revisions"}],"predecessor-version":[{"id":9366,"href":"https:\/\/www.km0.info\/en\/wp-json\/wp\/v2\/pages\/8859\/revisions\/9366"}],"up":[{"embeddable":true,"href":"https:\/\/www.km0.info\/en\/wp-json\/wp\/v2\/pages\/8832"}],"wp:featuredmedia":[{"embeddable":true,"href":"https:\/\/www.km0.info\/en\/wp-json\/wp\/v2\/media\/1784"}],"wp:attachment":[{"href":"https:\/\/www.km0.info\/en\/wp-json\/wp\/v2\/media?parent=8859"}],"curies":[{"name":"wp","href":"https:\/\/api.w.org\/{rel}","templated":true}]}}