{"id":8855,"date":"2022-12-13T09:32:28","date_gmt":"2022-12-13T08:32:28","guid":{"rendered":"https:\/\/www.km0.info\/kmo\/e-nov-campus\/"},"modified":"2024-03-21T11:34:14","modified_gmt":"2024-03-21T10:34:14","slug":"e-nov-campus","status":"publish","type":"page","link":"https:\/\/www.km0.info\/en\/kmo\/e-nov-campus\/","title":{"rendered":"Studio &amp; Workshops"},"content":{"rendered":"<p><strong>Studio &amp; Ateliers is the host of KM\u00d8. We are an association dedicated to digital innovation and focused on supporting promising talents.<\/strong><\/p>\n<p>We created a digital training program that is unique in France, accompanied entrepreneurs, and imagined the KM\u00d8 concept. This ambitious project has become a reality and we continue to be at the heart of the innovation place.<\/p>\n<p><!-- flzn:zn_imgtextblock --><\/p>\n<div id=\"flzn-imgtextblock-1\" class=\"zn zone zn-imgtextblock\">\n<div class=\"zone-block zn-imgtextblock-block alignwide va-center\">\n<div class=\"row mw-content-zone\">\n<div class=\"columns large-12\">\n<div class=\"row with-nice-alignment zn-imgtextblock-row img-left va-center\" data-equalizer=\"\" data-equalize-on=\"large\">\n<div class=\"columns large-6 zn-imgtextblock-colimg\" data-equalizer-watch=\"\">\n<div class=\"columns-inner zn-imgtextblock-col-inner\">\n<p>\t\t\t\t\t\t<span class=\"deco1\"><\/span><br \/>\n\t\t\t\t\t\t<span class=\"deco2\"><\/span><br \/>\n\t\t\t\t\t\t<span class=\"deco3\"><\/span><\/p>\n<div class=\"zn-imgtextblock-imgbox\" title=\"\">\n<figure class=\"zn-imgtextblock-figure\">\n\t\t\t\t\t\t\t<img decoding=\"async\" class=\"zn-imgtextblock-img\" src=\"https:\/\/www.km0.info\/wp-inside\/uploads\/2020\/10\/associes-km0-team-1024x683.jpg\" alt=\"KM\u00d8 Associates\"><br \/>\n\t\t\t\t\t\t\t\t\t\t\t\t\t<\/figure>\n<\/p><\/div>\n<\/p><\/div>\n<\/p><\/div>\n<div class=\"columns large-6 zn-imgtextblock-coldesc\" data-equalizer-watch=\"\">\n<div class=\"columns-inner zn-imgtextblock-descbox\">\n<div class=\"zn-imgtextblock-desc wig-content\">\n<h2>Animation &amp; events&nbsp;: KM\u00d8 moves&nbsp;!<\/h2>\n<p>We provide&nbsp;:<\/p>\n<ul>\n<li>The rental management of the offices of <a href=\"https:\/\/www.km0.info\/devenir-habitant\/\"><br \/>\n  <u>residents of KM\u00d8<\/u><br \/>\n<\/a><\/li>\n<li>The organization of your <a href=\"https:\/\/www.km0.info\/louer-une-salle\/\"><br \/>\n  <u>professional events and seminars in Mulhouse<\/u><br \/>\n<\/a><\/li>\n<li>The animation of the innovation place and the links between inhabitants<\/li>\n<li>The maintenance of the building (a former factory rehabilitated, dear to Mulhousians)<\/li>\n<\/ul>\n<p><a class=\"button secondary arrow\" href=\"https:\/\/www.km0.info\/km0\/equipe\/\"><u>Discover the team  <\/u><\/a><\/p>\n<\/div><\/div>\n<\/p><\/div>\n<\/p><\/div>\n<\/p><\/div>\n<\/p><\/div>\n<\/div>\n<\/div>\n<p><!-- \/flzn:zn_imgtextblock --><br \/>\n<!-- flzn:zn_imgtextblock --><\/p>\n<div id=\"flzn-imgtextblock-2\" class=\"zn zone zn-imgtextblock\">\n<div class=\"zone-block zn-imgtextblock-block alignwide va-center\">\n<div class=\"row mw-content-zone\">\n<div class=\"columns large-12\">\n<div class=\"row with-nice-alignment zn-imgtextblock-row img-right va-center\" data-equalizer=\"\" data-equalize-on=\"large\">\n<div class=\"columns large-6 large-push-6 zn-imgtextblock-colimg\" data-equalizer-watch=\"\">\n<div class=\"columns-inner zn-imgtextblock-col-inner\">\n<p>\t\t\t\t\t\t<span class=\"deco1\"><\/span><br \/>\n\t\t\t\t\t\t<span class=\"deco2\"><\/span><br \/>\n\t\t\t\t\t\t<span class=\"deco3\"><\/span><\/p>\n<div class=\"zn-imgtextblock-imgbox\" title=\"\">\n<figure class=\"zn-imgtextblock-figure\">\n\t\t\t\t\t\t\t<img decoding=\"async\" class=\"zn-imgtextblock-img\" src=\"https:\/\/www.km0.info\/wp-inside\/uploads\/2020\/10\/club-des-locomotives.jpg\" alt=\"Club Des Locomotives\"><br \/>\n\t\t\t\t\t\t\t\t\t\t\t\t\t<\/figure>\n<\/p><\/div>\n<\/p><\/div>\n<\/p><\/div>\n<div class=\"columns large-6 large-pull-6 zn-imgtextblock-coldesc\" data-equalizer-watch=\"\">\n<div class=\"columns-inner zn-imgtextblock-descbox\">\n<div class=\"zn-imgtextblock-desc wig-content\">\n<h2>Creation &amp; animation of the Locomotive Club<\/h2>\n<p>The Club des Locomotives brings together industrial leaders from the Mulhouse region. It was created in 2017 by e-nov Campus and meets 3-5 times a year.<\/p>\n<p>The objective is to detect the needs of the industry sector and to<strong>support their digital transformation<\/strong>, around common projects.<\/p>\n<p>Club members benefit from qualified speakers. They have the opportunity to connect, collaborate and experiment with innovative solutions.<\/p>\n<p><a class=\"button secondary arrow\" href=\"https:\/\/www.km0.info\/club-des-locomotives\/\"><u>Read more<\/u><\/a><\/p>\n<\/div><\/div>\n<\/p><\/div>\n<\/p><\/div>\n<\/p><\/div>\n<\/p><\/div>\n<\/div>\n<\/div>\n<p><!-- \/flzn:zn_imgtextblock --><br \/>\n<!-- flzn:zn_imgtextblock --><\/p>\n<div id=\"flzn-imgtextblock-3\" class=\"zn zone zn-imgtextblock\">\n<div class=\"zone-block zn-imgtextblock-block alignwide va-center\">\n<div class=\"row mw-content-zone\">\n<div class=\"columns large-12\">\n<div class=\"row with-nice-alignment zn-imgtextblock-row img-left va-center\" data-equalizer=\"\" data-equalize-on=\"large\">\n<div class=\"columns large-6 zn-imgtextblock-colimg\" data-equalizer-watch=\"\">\n<div class=\"columns-inner zn-imgtextblock-col-inner\">\n<p>\t\t\t\t\t\t<span class=\"deco1\"><\/span><br \/>\n\t\t\t\t\t\t<span class=\"deco2\"><\/span><br \/>\n\t\t\t\t\t\t<span class=\"deco3\"><\/span><\/p>\n<div class=\"zn-imgtextblock-imgbox\" title=\"\">\n<figure class=\"zn-imgtextblock-figure\">\n\t\t\t\t\t\t\t<img decoding=\"async\" class=\"zn-imgtextblock-img\" src=\"https:\/\/www.km0.info\/wp-inside\/uploads\/2020\/10\/etudiants-mulhouse-ligne-numerique-promo-5.jpg\" alt=\"Mulhouse students, Digital Line - Class 5\"><br \/>\n\t\t\t\t\t\t\t\t\t\t\t\t\t<\/figure>\n<\/p><\/div>\n<\/p><\/div>\n<\/p><\/div>\n<div class=\"columns large-6 zn-imgtextblock-coldesc\" data-equalizer-watch=\"\">\n<div class=\"columns-inner zn-imgtextblock-descbox\">\n<div class=\"zn-imgtextblock-desc wig-content\">\n<h2>Launch &amp; management of the Digital Line training<\/h2>\n<p>La Ligne Num\u00e9rique trains <strong>self-taught people in the field of digital<\/strong>&nbsp;: a real boost for professional integration and personal development.<\/p>\n<p>Created in 2016, it is labeled &#8221;&nbsp;Grande Ecole du Num\u00e9rique&nbsp;&#8220;.<\/p>\n<p>Each year, it welcomes a class of about twenty students between the ages of 18 and 25. Two courses are offered&nbsp;: <strong>Tech<\/strong> (development, electronics, robotics&#8230;) or <strong>Cr\u00e9a<\/strong> (graphics, photo\/video, 3D&#8230;).<\/p>\n<p><a class=\"button secondary arrow\" href=\"https:\/\/www.km0.info\/ligne-numerique\/\"><u>Read more<\/u><\/a><\/p>\n<\/div><\/div>\n<\/p><\/div>\n<\/p><\/div>\n<\/p><\/div>\n<\/p><\/div>\n<\/div>\n<\/div>\n<p><!-- \/flzn:zn_imgtextblock --><br \/>\n<!-- flzn:zn_imgtextblock --><\/p>\n<div id=\"flzn-imgtextblock-4\" class=\"zn zone zn-imgtextblock\">\n<div class=\"zone-block zn-imgtextblock-block alignwide va-center\">\n<div class=\"row mw-content-zone\">\n<div class=\"columns large-12\">\n<div class=\"row with-nice-alignment zn-imgtextblock-row img-right va-center\" data-equalizer=\"\" data-equalize-on=\"large\">\n<div class=\"columns large-6 large-push-6 zn-imgtextblock-colimg\" data-equalizer-watch=\"\">\n<div class=\"columns-inner zn-imgtextblock-col-inner\">\n<p>\t\t\t\t\t\t<span class=\"deco1\"><\/span><br \/>\n\t\t\t\t\t\t<span class=\"deco2\"><\/span><br \/>\n\t\t\t\t\t\t<span class=\"deco3\"><\/span><\/p>\n<div class=\"zn-imgtextblock-imgbox\" title=\"\">\n<figure class=\"zn-imgtextblock-figure\">\n\t\t\t\t\t\t\t<img decoding=\"async\" class=\"zn-imgtextblock-img\" src=\"https:\/\/www.km0.info\/wp-inside\/uploads\/2020\/10\/km0-campus-entrepreunariat-mulhouse.jpg\" alt=\"\"><br \/>\n\t\t\t\t\t\t\t\t\t\t\t\t\t<\/figure>\n<\/p><\/div>\n<\/p><\/div>\n<\/p><\/div>\n<div class=\"columns large-6 large-pull-6 zn-imgtextblock-coldesc\" data-equalizer-watch=\"\">\n<div class=\"columns-inner zn-imgtextblock-descbox\">\n<div class=\"zn-imgtextblock-desc wig-content\">\n<h2>KM\u00d8 Campus, since 2011 in Mulhouse<\/h2>\n<p>Originally, the e-nov Campus association was created to support entrepreneurs, with a <strong>project pre-incubation program<\/strong>.<\/p>\n<p>The idea of the companies of the digital sector in Mulhouse, the University of Haute Alsace, and the institutions&nbsp;: to <strong>create economic value<\/strong> on the territory with new technologies.<\/p>\n<p>Following the de-industrialization of the Mulhouse employment area, a new economy was born with new and constantly evolving needs&nbsp;:<\/p>\n<ol>\n<li>students need to increase their employability,<\/li>\n<li>Professionals need to improve and be up to date in their skills.<\/li>\n<\/ol>\n<p>e-nov Campus has evolved to meet the needs expressed.<\/p>\n<p>The idea for the KM\u00d8 innovation space, dedicated to the digital transformation of the industry, emerged in 2014.<\/p>\n<p>At the beginning of 2019, the offices in the newly renovated former SACM buildings were already almost fully booked&nbsp;!<\/p>\n<p><a class=\"button secondary arrow\" href=\"https:\/\/www.km0.info\/habitant\/\"><u>The inhabitants<\/u><\/a><\/p>\n<\/div><\/div>\n<\/p><\/div>\n<\/p><\/div>\n<\/p><\/div>\n<\/p><\/div>\n<\/div>\n<\/div>\n<p><!-- \/flzn:zn_imgtextblock --><\/p>\n","protected":false},"excerpt":{"rendered":"<p>KM\u00d8 Campus: where it all began  <\/p>\n","protected":false},"author":2,"featured_media":1938,"parent":8832,"menu_order":140,"comment_status":"closed","ping_status":"closed","template":"","meta":{"_acf_changed":false,"footnotes":""},"class_list":["post-8855","page","type-page","status-publish","has-post-thumbnail","hentry","wp-sticky"],"acf":[],"yoast_head":"<!-- This site is optimized with the Yoast SEO plugin v27.5 - https:\/\/yoast.com\/product\/yoast-seo-wordpress\/ -->\n<title>KM\u00d8 Campus: Digital Innovation Association<\/title>\n<meta name=\"description\" content=\"KM\u00d8 Campus is the host of KM\u00d8. It is an association dedicated to digital innovation and oriented towards the support of promising talents!\" \/>\n<meta name=\"robots\" content=\"index, follow, max-snippet:-1, max-image-preview:large, max-video-preview:-1\" \/>\n<link rel=\"canonical\" href=\"https:\/\/www.km0.info\/en\/kmo\/e-nov-campus\/\" \/>\n<meta property=\"og:locale\" content=\"en_US\" \/>\n<meta property=\"og:type\" content=\"article\" \/>\n<meta property=\"og:title\" content=\"KM\u00d8 Campus: Digital Innovation Association\" \/>\n<meta property=\"og:description\" content=\"KM\u00d8 Campus is the host of KM\u00d8. It is an association dedicated to digital innovation and oriented towards the support of promising talents!\" \/>\n<meta property=\"og:url\" content=\"https:\/\/www.km0.info\/en\/kmo\/e-nov-campus\/\" \/>\n<meta property=\"og:site_name\" content=\"KM\u00d8\" \/>\n<meta property=\"article:modified_time\" content=\"2024-03-21T10:34:14+00:00\" \/>\n<meta property=\"og:image\" content=\"https:\/\/www.km0.info\/wp-inside\/uploads\/2020\/10\/associes-km0-team.jpg\" \/>\n\t<meta property=\"og:image:width\" content=\"1920\" \/>\n\t<meta property=\"og:image:height\" content=\"1280\" \/>\n\t<meta property=\"og:image:type\" content=\"image\/jpeg\" \/>\n<meta name=\"twitter:card\" content=\"summary_large_image\" \/>\n<meta name=\"twitter:label1\" content=\"Est. reading time\" \/>\n\t<meta name=\"twitter:data1\" content=\"2 minutes\" \/>\n<script type=\"application\/ld+json\" class=\"yoast-schema-graph\">{\"@context\":\"https:\\\/\\\/schema.org\",\"@graph\":[{\"@type\":\"WebPage\",\"@id\":\"https:\\\/\\\/www.km0.info\\\/en\\\/kmo\\\/e-nov-campus\\\/\",\"url\":\"https:\\\/\\\/www.km0.info\\\/en\\\/kmo\\\/e-nov-campus\\\/\",\"name\":\"KM\u00d8 Campus: Digital Innovation Association\",\"isPartOf\":{\"@id\":\"https:\\\/\\\/www.km0.info\\\/en\\\/#website\"},\"primaryImageOfPage\":{\"@id\":\"https:\\\/\\\/www.km0.info\\\/en\\\/kmo\\\/e-nov-campus\\\/#primaryimage\"},\"image\":{\"@id\":\"https:\\\/\\\/www.km0.info\\\/en\\\/kmo\\\/e-nov-campus\\\/#primaryimage\"},\"thumbnailUrl\":\"https:\\\/\\\/www.km0.info\\\/wp-inside\\\/uploads\\\/2020\\\/10\\\/associes-km0-team.jpg\",\"datePublished\":\"2022-12-13T08:32:28+00:00\",\"dateModified\":\"2024-03-21T10:34:14+00:00\",\"description\":\"KM\u00d8 Campus is the host of KM\u00d8. It is an association dedicated to digital innovation and oriented towards the support of promising talents!\",\"breadcrumb\":{\"@id\":\"https:\\\/\\\/www.km0.info\\\/en\\\/kmo\\\/e-nov-campus\\\/#breadcrumb\"},\"inLanguage\":\"en-US\",\"potentialAction\":[{\"@type\":\"ReadAction\",\"target\":[\"https:\\\/\\\/www.km0.info\\\/en\\\/kmo\\\/e-nov-campus\\\/\"]}]},{\"@type\":\"ImageObject\",\"inLanguage\":\"en-US\",\"@id\":\"https:\\\/\\\/www.km0.info\\\/en\\\/kmo\\\/e-nov-campus\\\/#primaryimage\",\"url\":\"https:\\\/\\\/www.km0.info\\\/wp-inside\\\/uploads\\\/2020\\\/10\\\/associes-km0-team.jpg\",\"contentUrl\":\"https:\\\/\\\/www.km0.info\\\/wp-inside\\\/uploads\\\/2020\\\/10\\\/associes-km0-team.jpg\",\"width\":1920,\"height\":1280,\"caption\":\"Associ\u00e9s KM\u00d8\"},{\"@type\":\"BreadcrumbList\",\"@id\":\"https:\\\/\\\/www.km0.info\\\/en\\\/kmo\\\/e-nov-campus\\\/#breadcrumb\",\"itemListElement\":[{\"@type\":\"ListItem\",\"position\":1,\"name\":\"Accueil\",\"item\":\"https:\\\/\\\/www.km0.info\\\/en\\\/\"},{\"@type\":\"ListItem\",\"position\":2,\"name\":\"KM\u00d8\",\"item\":\"https:\\\/\\\/www.km0.info\\\/en\\\/kmo\\\/\"},{\"@type\":\"ListItem\",\"position\":3,\"name\":\"Studio &amp; Workshops\"}]},{\"@type\":\"WebSite\",\"@id\":\"https:\\\/\\\/www.km0.info\\\/en\\\/#website\",\"url\":\"https:\\\/\\\/www.km0.info\\\/en\\\/\",\"name\":\"KM\u00d8\",\"description\":\"Lieu d&#039;innovation d\u00e9di\u00e9 \u00e0 la transformation digitale de l&#039;industrie\",\"publisher\":{\"@id\":\"https:\\\/\\\/www.km0.info\\\/en\\\/#organization\"},\"potentialAction\":[{\"@type\":\"SearchAction\",\"target\":{\"@type\":\"EntryPoint\",\"urlTemplate\":\"https:\\\/\\\/www.km0.info\\\/en\\\/?s={search_term_string}\"},\"query-input\":{\"@type\":\"PropertyValueSpecification\",\"valueRequired\":true,\"valueName\":\"search_term_string\"}}],\"inLanguage\":\"en-US\"},{\"@type\":\"Organization\",\"@id\":\"https:\\\/\\\/www.km0.info\\\/en\\\/#organization\",\"name\":\"KM\u00d8\",\"url\":\"https:\\\/\\\/www.km0.info\\\/en\\\/\",\"logo\":{\"@type\":\"ImageObject\",\"inLanguage\":\"en-US\",\"@id\":\"https:\\\/\\\/www.km0.info\\\/en\\\/#\\\/schema\\\/logo\\\/image\\\/\",\"url\":\"https:\\\/\\\/www.km0.info\\\/wp-inside\\\/uploads\\\/2020\\\/10\\\/logo-km0-quadri-200x155-1.png\",\"contentUrl\":\"https:\\\/\\\/www.km0.info\\\/wp-inside\\\/uploads\\\/2020\\\/10\\\/logo-km0-quadri-200x155-1.png\",\"width\":200,\"height\":155,\"caption\":\"KM\u00d8\"},\"image\":{\"@id\":\"https:\\\/\\\/www.km0.info\\\/en\\\/#\\\/schema\\\/logo\\\/image\\\/\"}}]}<\/script>\n<!-- \/ Yoast SEO plugin. -->","yoast_head_json":{"title":"KM\u00d8 Campus: Digital Innovation Association","description":"KM\u00d8 Campus is the host of KM\u00d8. It is an association dedicated to digital innovation and oriented towards the support of promising talents!","robots":{"index":"index","follow":"follow","max-snippet":"max-snippet:-1","max-image-preview":"max-image-preview:large","max-video-preview":"max-video-preview:-1"},"canonical":"https:\/\/www.km0.info\/en\/kmo\/e-nov-campus\/","og_locale":"en_US","og_type":"article","og_title":"KM\u00d8 Campus: Digital Innovation Association","og_description":"KM\u00d8 Campus is the host of KM\u00d8. It is an association dedicated to digital innovation and oriented towards the support of promising talents!","og_url":"https:\/\/www.km0.info\/en\/kmo\/e-nov-campus\/","og_site_name":"KM\u00d8","article_modified_time":"2024-03-21T10:34:14+00:00","og_image":[{"width":1920,"height":1280,"url":"https:\/\/www.km0.info\/wp-inside\/uploads\/2020\/10\/associes-km0-team.jpg","type":"image\/jpeg"}],"twitter_card":"summary_large_image","twitter_misc":{"Est. reading time":"2 minutes"},"schema":{"@context":"https:\/\/schema.org","@graph":[{"@type":"WebPage","@id":"https:\/\/www.km0.info\/en\/kmo\/e-nov-campus\/","url":"https:\/\/www.km0.info\/en\/kmo\/e-nov-campus\/","name":"KM\u00d8 Campus: Digital Innovation Association","isPartOf":{"@id":"https:\/\/www.km0.info\/en\/#website"},"primaryImageOfPage":{"@id":"https:\/\/www.km0.info\/en\/kmo\/e-nov-campus\/#primaryimage"},"image":{"@id":"https:\/\/www.km0.info\/en\/kmo\/e-nov-campus\/#primaryimage"},"thumbnailUrl":"https:\/\/www.km0.info\/wp-inside\/uploads\/2020\/10\/associes-km0-team.jpg","datePublished":"2022-12-13T08:32:28+00:00","dateModified":"2024-03-21T10:34:14+00:00","description":"KM\u00d8 Campus is the host of KM\u00d8. It is an association dedicated to digital innovation and oriented towards the support of promising talents!","breadcrumb":{"@id":"https:\/\/www.km0.info\/en\/kmo\/e-nov-campus\/#breadcrumb"},"inLanguage":"en-US","potentialAction":[{"@type":"ReadAction","target":["https:\/\/www.km0.info\/en\/kmo\/e-nov-campus\/"]}]},{"@type":"ImageObject","inLanguage":"en-US","@id":"https:\/\/www.km0.info\/en\/kmo\/e-nov-campus\/#primaryimage","url":"https:\/\/www.km0.info\/wp-inside\/uploads\/2020\/10\/associes-km0-team.jpg","contentUrl":"https:\/\/www.km0.info\/wp-inside\/uploads\/2020\/10\/associes-km0-team.jpg","width":1920,"height":1280,"caption":"Associ\u00e9s KM\u00d8"},{"@type":"BreadcrumbList","@id":"https:\/\/www.km0.info\/en\/kmo\/e-nov-campus\/#breadcrumb","itemListElement":[{"@type":"ListItem","position":1,"name":"Accueil","item":"https:\/\/www.km0.info\/en\/"},{"@type":"ListItem","position":2,"name":"KM\u00d8","item":"https:\/\/www.km0.info\/en\/kmo\/"},{"@type":"ListItem","position":3,"name":"Studio &amp; Workshops"}]},{"@type":"WebSite","@id":"https:\/\/www.km0.info\/en\/#website","url":"https:\/\/www.km0.info\/en\/","name":"KM\u00d8","description":"Lieu d&#039;innovation d\u00e9di\u00e9 \u00e0 la transformation digitale de l&#039;industrie","publisher":{"@id":"https:\/\/www.km0.info\/en\/#organization"},"potentialAction":[{"@type":"SearchAction","target":{"@type":"EntryPoint","urlTemplate":"https:\/\/www.km0.info\/en\/?s={search_term_string}"},"query-input":{"@type":"PropertyValueSpecification","valueRequired":true,"valueName":"search_term_string"}}],"inLanguage":"en-US"},{"@type":"Organization","@id":"https:\/\/www.km0.info\/en\/#organization","name":"KM\u00d8","url":"https:\/\/www.km0.info\/en\/","logo":{"@type":"ImageObject","inLanguage":"en-US","@id":"https:\/\/www.km0.info\/en\/#\/schema\/logo\/image\/","url":"https:\/\/www.km0.info\/wp-inside\/uploads\/2020\/10\/logo-km0-quadri-200x155-1.png","contentUrl":"https:\/\/www.km0.info\/wp-inside\/uploads\/2020\/10\/logo-km0-quadri-200x155-1.png","width":200,"height":155,"caption":"KM\u00d8"},"image":{"@id":"https:\/\/www.km0.info\/en\/#\/schema\/logo\/image\/"}}]}},"_links":{"self":[{"href":"https:\/\/www.km0.info\/en\/wp-json\/wp\/v2\/pages\/8855","targetHints":{"allow":["GET"]}}],"collection":[{"href":"https:\/\/www.km0.info\/en\/wp-json\/wp\/v2\/pages"}],"about":[{"href":"https:\/\/www.km0.info\/en\/wp-json\/wp\/v2\/types\/page"}],"author":[{"embeddable":true,"href":"https:\/\/www.km0.info\/en\/wp-json\/wp\/v2\/users\/2"}],"replies":[{"embeddable":true,"href":"https:\/\/www.km0.info\/en\/wp-json\/wp\/v2\/comments?post=8855"}],"version-history":[{"count":2,"href":"https:\/\/www.km0.info\/en\/wp-json\/wp\/v2\/pages\/8855\/revisions"}],"predecessor-version":[{"id":10704,"href":"https:\/\/www.km0.info\/en\/wp-json\/wp\/v2\/pages\/8855\/revisions\/10704"}],"up":[{"embeddable":true,"href":"https:\/\/www.km0.info\/en\/wp-json\/wp\/v2\/pages\/8832"}],"wp:featuredmedia":[{"embeddable":true,"href":"https:\/\/www.km0.info\/en\/wp-json\/wp\/v2\/media\/1938"}],"wp:attachment":[{"href":"https:\/\/www.km0.info\/en\/wp-json\/wp\/v2\/media?parent=8855"}],"curies":[{"name":"wp","href":"https:\/\/api.w.org\/{rel}","templated":true}]}}