{"id":8853,"date":"2022-12-13T09:32:21","date_gmt":"2022-12-13T08:32:21","guid":{"rendered":"https:\/\/www.km0.info\/site-map\/"},"modified":"2022-12-13T09:32:21","modified_gmt":"2022-12-13T08:32:21","slug":"site-map","status":"publish","type":"page","link":"https:\/\/www.km0.info\/en\/site-map\/","title":{"rendered":"Site Map"},"content":{"rendered":"<p><!-- flzn:textblock --><\/p>\n<div class=\"zn zone zn-textblock\" id=\"flzn-textblock-1\">\n<div class=\"zone-block zn-textblock-block alignwide va-top\">\n<div class=\"row mw-content-zone \">\n<div class=\"columns large-12\">\n<div class=\"row large-up-1 nbloc-1\">\n<div class=\"column zn-textblock-col\">\n<div class=\"column-inner\">\n<div class=\"wig-content mw-content\">\n<div class=\"wsp-container\">\n<h2 class=\"wsp-pages-title\">Pages<\/h2>\n<ul class=\"wsp-pages-list\">\n<li class=\"page_item page-item-8\"><a href=\"https:\/\/www.km0.info\/\">Home<\/a><\/li>\n<li class=\"page_item page-item-960 page_item_has_children\"><a href=\"\/?page_id=960\">KM\u00d8<\/a>\n<ul class=\"children\">\n<li class=\"page_item page-item-964\"><a href=\"https:\/\/www.km0.info\/km0\/a-propos\/\">About us<\/a><\/li>\n<li class=\"page_item page-item-969\"><a href=\"\/?page_id=969\">History<\/a><\/li>\n<li class=\"page_item page-item-971\"><a href=\"\/?page_id=971\">Financing \/ Partners<\/a><\/li>\n<li class=\"page_item page-item-1171\"><a href=\"\/?page_id=1171\">Team<\/a><\/li>\n<li class=\"page_item page-item-1173\"><a href=\"\/?page_id=1173\">KM\u00d8 Campus<\/a><\/li>\n<li class=\"page_item page-item-1365\"><a href=\"\/?page_id=1365\">Projects made in KM\u00d8<\/a><\/li>\n<\/ul>\n<\/li>\n<li class=\"page_item page-item-16\"><a href=\"\/?page_id=16\">Becoming a resident<\/a><\/li>\n<li class=\"page_item page-item-1320 current_page_parent\"><a href=\"\/?page_id=1320\">Living in KM\u00d8<\/a><\/li>\n<li class=\"page_item page-item-18\"><a href=\"https:\/\/www.km0.info\/louer-une-salle\/\">Rent a room<\/a><\/li>\n<li class=\"page_item page-item-20\"><a href=\"\/?page_id=20\">Setting up a project<\/a><\/li>\n<li class=\"page_item page-item-22\"><a href=\"\/?page_id=22\">Learning at KM\u00d8<\/a><\/li>\n<li class=\"page_item page-item-1373\"><a href=\"https:\/\/www.km0.info\/ligne-numerique\/\">Digital line<\/a><\/li>\n<li class=\"page_item page-item-809\"><a href=\"\/?page_id=809\">Let&#8217;s get in touch<\/a><\/li>\n<li class=\"page_item page-item-801\"><a href=\"\/?page_id=801\">Legal information<\/a><\/li>\n<li class=\"page_item page-item-803\"><a href=\"\/?page_id=803\">Site Map<\/a><\/li>\n<li class=\"page_item page-item-1375\"><a href=\"\/?page_id=1375\">Confirmation&nbsp;&nbsp;: Contact<\/a><\/li>\n<li class=\"page_item page-item-1377\"><a href=\"\/?page_id=1377\">Confirmation&nbsp;&nbsp;: Setting up a project<\/a><\/li>\n<li class=\"page_item page-item-1378\"><a href=\"\/?page_id=1378\">Confirmation&nbsp;&nbsp;: Becoming a resident<\/a><\/li>\n<li class=\"page_item page-item-1379\"><a href=\"\/?page_id=1379\">Confirmation&nbsp;&nbsp;: Rent a room<\/a><\/li>\n<\/ul>\n<h2 class=\"wsp-posts-title\">Articles by category<\/h2>\n<ul class=\"wsp-posts-list\">\n<li><strong class=\"wsp-category-title\">Category&nbsp;: <a href=\"\/?cat_ID=6\">News<\/a><\/strong>\n<ul class=\"wsp-posts-list\">\n<li class=\"wsp-post\"><a href=\"https:\/\/www.km0.info\/actualites\/lorem-ipsum-dolor-site-amet-consectetur-%e2%80%a8adipisicing-elit-mauris-libero-de-ipsum-4\/\">Lorem Ipsum dolor site amet, consectetur adipisicing elit mauris libero de ipsum 4<\/a><\/li>\n<li class=\"wsp-post\"><a href=\"https:\/\/www.km0.info\/actualites\/lorem-ipsum-dolor-site-amet-consectetur-%e2%80%a8adipisicing-elit-mauris-libero-de-ipsum-3\/\">Lorem Ipsum dolor site amet, consectetur adipisicing elit mauris libero de ipsum 3<\/a><\/li>\n<li class=\"wsp-post\"><a href=\"https:\/\/www.km0.info\/actualites\/lorem-ipsum-dolor-site-amet-consectetur-%e2%80%a8adipisicing-elit-mauris-libero-de-ipsum-2\/\">Lorem Ipsum dolor site amet, consectetur adipisicing elit mauris libero de ipsum 2<\/a><\/li>\n<li class=\"wsp-post\"><a href=\"https:\/\/www.km0.info\/actualites\/lorem-ipsum-dolor-site\/\">Lorem Ipsum dolor site consectetur adipisicing elit mauris libero de ipsum<\/a><\/li>\n<li class=\"wsp-post\"><a href=\"https:\/\/www.km0.info\/actualites\/bonjour-tout-le-monde\/\">Hello everyone&nbsp;&nbsp;!<\/a><\/li>\n<\/ul>\n<\/li>\n<li><strong class=\"wsp-category-title\">Category&nbsp;: <a href=\"https:\/\/www.km0.info\/interviews\/\">Interviews<\/a><\/strong>\n<\/li>\n<li><strong class=\"wsp-category-title\">Category&nbsp;: <a href=\"https:\/\/www.km0.info\/revue-de-presse\/\">Press review<\/a><\/strong>\n<\/li>\n<\/ul>\n<h2 class=\"wsp-events-title\">Events<\/h2>\n<ul class=\"wsp-events-list\">\n<li><a href=\"https:\/\/www.km0.info\/evenement\/presentation-des-formations-epitech-aux-entreprises-2\/\">Presentation of Epitech training to companies 2<\/a><\/li>\n<li><a href=\"https:\/\/www.km0.info\/evenement\/presentation-des-formations-epitech-aux-entreprises\/\">Presentation of Epitech training to companies<\/a><\/li>\n<\/ul>\n<h2 class=\"wsp-focuss-title\">Focus<\/h2>\n<ul class=\"wsp-focuss-list\">\n<li><a href=\"https:\/\/www.km0.info\/focus\/eric-2\/\">Eric 2<\/a><\/li>\n<li><a href=\"https:\/\/www.km0.info\/focus\/eric-gignet%e2%80%a8\/\">Eric Gignet<\/a><\/li>\n<\/ul>\n<h2 class=\"wsp-habitants-title\">Residents<\/h2>\n<ul class=\"wsp-habitants-list\">\n<li><a href=\"\/?p=59\">First Place<\/a><\/li>\n<\/ul>\n<h2 class=\"wsp-locomotives-title\">Locomotives<\/h2>\n<ul class=\"wsp-locomotives-list\">\n<li><a href=\"https:\/\/www.km0.info\/club-des-locomotives\/test\/\">Test<\/a><\/li>\n<\/ul>\n<h2 class=\"wsp-salles-title\">Rooms<\/h2>\n<ul class=\"wsp-salles-list\">\n<li><a href=\"\/?p=1420\">Place du Village by CA<\/a><\/li>\n<li><a href=\"\/?p=1418\">Inter Colloquium&#8221; room<\/a><\/li>\n<li><a href=\"\/?p=1416\">Conference Rooms 1 &amp; 2<\/a><\/li>\n<li><a href=\"\/?p=1406\">The Hall<\/a><\/li>\n<\/ul>\n<h2 class=\"wsp-habitant_types-title\">Types of inhabitants<\/h2>\n<ul class=\"wsp-habitant_types-list\">\n<li><a href=\"\/?habitant_type=formation\">Training<\/a><\/li>\n<\/ul>\n<\/div><\/div>\n<\/p><\/div>\n<\/p><\/div>\n<\/p><\/div>\n<\/p><\/div>\n<\/p><\/div>\n<\/p><\/div>\n<\/div>\n<p><!-- \/flzn:textblock --><\/p>\n","protected":false},"excerpt":{"rendered":"<p>Pages Home KM\u00d8 About us History Financing \/ Partners Team KM\u00d8 Campus Projects made in KM\u00d8 Becoming a resident Living in KM\u00d8 Rent a room Setting up a project Learning [&hellip;]<\/p>\n","protected":false},"author":2,"featured_media":0,"parent":0,"menu_order":84,"comment_status":"closed","ping_status":"closed","template":"","meta":{"_acf_changed":false,"footnotes":""},"class_list":["post-8853","page","type-page","status-publish","hentry","wp-sticky"],"acf":[],"yoast_head":"<!-- This site is optimized with the Yoast SEO plugin v27.5 - https:\/\/yoast.com\/product\/yoast-seo-wordpress\/ -->\n<title>Site Map<\/title>\n<meta name=\"robots\" content=\"index, follow, max-snippet:-1, max-image-preview:large, max-video-preview:-1\" \/>\n<link rel=\"canonical\" href=\"https:\/\/www.km0.info\/en\/site-map\/\" \/>\n<meta property=\"og:locale\" content=\"en_US\" \/>\n<meta property=\"og:type\" content=\"article\" \/>\n<meta property=\"og:title\" content=\"Site Map\" \/>\n<meta property=\"og:description\" content=\"Pages Home KM\u00d8 About us History Financing \/ Partners Team KM\u00d8 Campus Projects made in KM\u00d8 Becoming a resident Living in KM\u00d8 Rent a room Setting up a project Learning [&hellip;]\" \/>\n<meta property=\"og:url\" content=\"https:\/\/www.km0.info\/en\/site-map\/\" \/>\n<meta property=\"og:site_name\" content=\"KM\u00d8\" \/>\n<meta property=\"og:image\" content=\"https:\/\/www.km0.info\/wp-inside\/uploads\/2020\/10\/logo-km0-quadri-200x155-1.png\" \/>\n\t<meta property=\"og:image:width\" content=\"200\" \/>\n\t<meta property=\"og:image:height\" content=\"155\" \/>\n\t<meta property=\"og:image:type\" content=\"image\/png\" \/>\n<meta name=\"twitter:card\" content=\"summary_large_image\" \/>\n<meta name=\"twitter:label1\" content=\"Est. reading time\" \/>\n\t<meta name=\"twitter:data1\" content=\"1 minute\" \/>\n<script type=\"application\/ld+json\" class=\"yoast-schema-graph\">{\"@context\":\"https:\\\/\\\/schema.org\",\"@graph\":[{\"@type\":\"WebPage\",\"@id\":\"https:\\\/\\\/www.km0.info\\\/en\\\/site-map\\\/\",\"url\":\"https:\\\/\\\/www.km0.info\\\/en\\\/site-map\\\/\",\"name\":\"Site Map\",\"isPartOf\":{\"@id\":\"https:\\\/\\\/www.km0.info\\\/en\\\/#website\"},\"datePublished\":\"2022-12-13T08:32:21+00:00\",\"breadcrumb\":{\"@id\":\"https:\\\/\\\/www.km0.info\\\/en\\\/site-map\\\/#breadcrumb\"},\"inLanguage\":\"en-US\",\"potentialAction\":[{\"@type\":\"ReadAction\",\"target\":[\"https:\\\/\\\/www.km0.info\\\/en\\\/site-map\\\/\"]}]},{\"@type\":\"BreadcrumbList\",\"@id\":\"https:\\\/\\\/www.km0.info\\\/en\\\/site-map\\\/#breadcrumb\",\"itemListElement\":[{\"@type\":\"ListItem\",\"position\":1,\"name\":\"Accueil\",\"item\":\"https:\\\/\\\/www.km0.info\\\/en\\\/\"},{\"@type\":\"ListItem\",\"position\":2,\"name\":\"Site Map\"}]},{\"@type\":\"WebSite\",\"@id\":\"https:\\\/\\\/www.km0.info\\\/en\\\/#website\",\"url\":\"https:\\\/\\\/www.km0.info\\\/en\\\/\",\"name\":\"KM\u00d8\",\"description\":\"Lieu d&#039;innovation d\u00e9di\u00e9 \u00e0 la transformation digitale de l&#039;industrie\",\"publisher\":{\"@id\":\"https:\\\/\\\/www.km0.info\\\/en\\\/#organization\"},\"potentialAction\":[{\"@type\":\"SearchAction\",\"target\":{\"@type\":\"EntryPoint\",\"urlTemplate\":\"https:\\\/\\\/www.km0.info\\\/en\\\/?s={search_term_string}\"},\"query-input\":{\"@type\":\"PropertyValueSpecification\",\"valueRequired\":true,\"valueName\":\"search_term_string\"}}],\"inLanguage\":\"en-US\"},{\"@type\":\"Organization\",\"@id\":\"https:\\\/\\\/www.km0.info\\\/en\\\/#organization\",\"name\":\"KM\u00d8\",\"url\":\"https:\\\/\\\/www.km0.info\\\/en\\\/\",\"logo\":{\"@type\":\"ImageObject\",\"inLanguage\":\"en-US\",\"@id\":\"https:\\\/\\\/www.km0.info\\\/en\\\/#\\\/schema\\\/logo\\\/image\\\/\",\"url\":\"https:\\\/\\\/www.km0.info\\\/wp-inside\\\/uploads\\\/2020\\\/10\\\/logo-km0-quadri-200x155-1.png\",\"contentUrl\":\"https:\\\/\\\/www.km0.info\\\/wp-inside\\\/uploads\\\/2020\\\/10\\\/logo-km0-quadri-200x155-1.png\",\"width\":200,\"height\":155,\"caption\":\"KM\u00d8\"},\"image\":{\"@id\":\"https:\\\/\\\/www.km0.info\\\/en\\\/#\\\/schema\\\/logo\\\/image\\\/\"}}]}<\/script>\n<!-- \/ Yoast SEO plugin. -->","yoast_head_json":{"title":"Site Map","robots":{"index":"index","follow":"follow","max-snippet":"max-snippet:-1","max-image-preview":"max-image-preview:large","max-video-preview":"max-video-preview:-1"},"canonical":"https:\/\/www.km0.info\/en\/site-map\/","og_locale":"en_US","og_type":"article","og_title":"Site Map","og_description":"Pages Home KM\u00d8 About us History Financing \/ Partners Team KM\u00d8 Campus Projects made in KM\u00d8 Becoming a resident Living in KM\u00d8 Rent a room Setting up a project Learning [&hellip;]","og_url":"https:\/\/www.km0.info\/en\/site-map\/","og_site_name":"KM\u00d8","og_image":[{"width":200,"height":155,"url":"https:\/\/www.km0.info\/wp-inside\/uploads\/2020\/10\/logo-km0-quadri-200x155-1.png","type":"image\/png"}],"twitter_card":"summary_large_image","twitter_misc":{"Est. reading time":"1 minute"},"schema":{"@context":"https:\/\/schema.org","@graph":[{"@type":"WebPage","@id":"https:\/\/www.km0.info\/en\/site-map\/","url":"https:\/\/www.km0.info\/en\/site-map\/","name":"Site Map","isPartOf":{"@id":"https:\/\/www.km0.info\/en\/#website"},"datePublished":"2022-12-13T08:32:21+00:00","breadcrumb":{"@id":"https:\/\/www.km0.info\/en\/site-map\/#breadcrumb"},"inLanguage":"en-US","potentialAction":[{"@type":"ReadAction","target":["https:\/\/www.km0.info\/en\/site-map\/"]}]},{"@type":"BreadcrumbList","@id":"https:\/\/www.km0.info\/en\/site-map\/#breadcrumb","itemListElement":[{"@type":"ListItem","position":1,"name":"Accueil","item":"https:\/\/www.km0.info\/en\/"},{"@type":"ListItem","position":2,"name":"Site Map"}]},{"@type":"WebSite","@id":"https:\/\/www.km0.info\/en\/#website","url":"https:\/\/www.km0.info\/en\/","name":"KM\u00d8","description":"Lieu d&#039;innovation d\u00e9di\u00e9 \u00e0 la transformation digitale de l&#039;industrie","publisher":{"@id":"https:\/\/www.km0.info\/en\/#organization"},"potentialAction":[{"@type":"SearchAction","target":{"@type":"EntryPoint","urlTemplate":"https:\/\/www.km0.info\/en\/?s={search_term_string}"},"query-input":{"@type":"PropertyValueSpecification","valueRequired":true,"valueName":"search_term_string"}}],"inLanguage":"en-US"},{"@type":"Organization","@id":"https:\/\/www.km0.info\/en\/#organization","name":"KM\u00d8","url":"https:\/\/www.km0.info\/en\/","logo":{"@type":"ImageObject","inLanguage":"en-US","@id":"https:\/\/www.km0.info\/en\/#\/schema\/logo\/image\/","url":"https:\/\/www.km0.info\/wp-inside\/uploads\/2020\/10\/logo-km0-quadri-200x155-1.png","contentUrl":"https:\/\/www.km0.info\/wp-inside\/uploads\/2020\/10\/logo-km0-quadri-200x155-1.png","width":200,"height":155,"caption":"KM\u00d8"},"image":{"@id":"https:\/\/www.km0.info\/en\/#\/schema\/logo\/image\/"}}]}},"_links":{"self":[{"href":"https:\/\/www.km0.info\/en\/wp-json\/wp\/v2\/pages\/8853","targetHints":{"allow":["GET"]}}],"collection":[{"href":"https:\/\/www.km0.info\/en\/wp-json\/wp\/v2\/pages"}],"about":[{"href":"https:\/\/www.km0.info\/en\/wp-json\/wp\/v2\/types\/page"}],"author":[{"embeddable":true,"href":"https:\/\/www.km0.info\/en\/wp-json\/wp\/v2\/users\/2"}],"replies":[{"embeddable":true,"href":"https:\/\/www.km0.info\/en\/wp-json\/wp\/v2\/comments?post=8853"}],"version-history":[{"count":0,"href":"https:\/\/www.km0.info\/en\/wp-json\/wp\/v2\/pages\/8853\/revisions"}],"wp:attachment":[{"href":"https:\/\/www.km0.info\/en\/wp-json\/wp\/v2\/media?parent=8853"}],"curies":[{"name":"wp","href":"https:\/\/api.w.org\/{rel}","templated":true}]}}