{"id":8852,"date":"2022-12-13T09:32:20","date_gmt":"2022-12-13T08:32:20","guid":{"rendered":"https:\/\/www.km0.info\/kmo\/history\/"},"modified":"2025-09-03T19:46:45","modified_gmt":"2025-09-03T17:46:45","slug":"history","status":"publish","type":"page","link":"https:\/\/www.km0.info\/en\/kmo\/history\/","title":{"rendered":"History"},"content":{"rendered":"<p>The will to create a digital pole in Alsace gives birth to KM\u00d8. Various actors of the territory have come together to develop the digital economy of the region.<\/p>\n<p>Getting together is essential today to express your genius and be heard. The KM\u00d8 innovation place represents a real opportunity to develop projects, startups and companies.<\/p>\n<p><!-- flzn:zn_imgtextblock --><\/p>\n<div id=\"flzn-imgtextblock-1\" class=\"zn zone zn-imgtextblock\">\n<div class=\"zone-block zn-imgtextblock-block pdd-top-off pdd-bottom-off alignwide va-center\">\n<div class=\"row mw-content-zone\">\n<div class=\"columns large-12\">\n<div class=\"row with-nice-alignment zn-imgtextblock-row img-left va-center\" data-equalizer=\"\" data-equalize-on=\"large\">\n<div class=\"columns large-6 zn-imgtextblock-colimg\" data-equalizer-watch=\"\">\n<div class=\"columns-inner zn-imgtextblock-col-inner\">\n<p>\t\t\t\t\t\t<span class=\"deco1\"><\/span><br \/>\n\t\t\t\t\t\t<span class=\"deco2\"><\/span><br \/>\n\t\t\t\t\t\t<span class=\"deco3\"><\/span><\/p>\n<div class=\"zn-imgtextblock-imgbox\" title=\"\">\n<figure class=\"zn-imgtextblock-figure\">\n\t\t\t\t\t\t\t<img decoding=\"async\" class=\"zn-imgtextblock-img\" src=\"https:\/\/www.km0.info\/wp-inside\/uploads\/2020\/10\/2017-01-17-15.14.51-plaque-0km-1024x575-1.jpg\" alt=\"\"><br \/>\n\t\t\t\t\t\t\t\t\t\t\t\t\t<\/figure>\n<\/p><\/div>\n<\/p><\/div>\n<\/p><\/div>\n<div class=\"columns large-6 zn-imgtextblock-coldesc\" data-equalizer-watch=\"\">\n<div class=\"columns-inner zn-imgtextblock-descbox\">\n<div class=\"zn-imgtextblock-desc wig-content\">\n<h2>Why KM\u00d8&nbsp;?<\/h2>\n<p>The Kilometer Zero is the particular point in the city of Mulhouse from which the railway distance is counted. SACM is at the heart of the first international railroad line in Europe, launched by the Mulhouse pioneer Nicolas Koechlin between Strasbourg and Basel in 1841.<\/p>\n<p>A line between Mulhouse and Thann was previously inaugurated and served as a first test on September 1, 1839. <strong>The departure of this line is located in the SACM building<\/strong>, renamed KM\u00d8 (kilometer zero) in 2014.<\/p>\n<\/div><\/div>\n<\/p><\/div>\n<\/p><\/div>\n<\/p><\/div>\n<\/p><\/div>\n<\/div>\n<\/div>\n<p><!-- \/flzn:zn_imgtextblock --><br \/>\n<!-- flzn:zn_imgtextblock --><\/p>\n<div id=\"flzn-imgtextblock-2\" class=\"zn zone zn-imgtextblock\">\n<div class=\"zone-block zn-imgtextblock-block alignwide va-center\">\n<div class=\"row mw-content-zone\">\n<div class=\"columns large-12\">\n<div class=\"row with-nice-alignment zn-imgtextblock-row img-right va-center\" data-equalizer=\"\" data-equalize-on=\"large\">\n<div class=\"columns large-6 large-push-6 zn-imgtextblock-colimg\" data-equalizer-watch=\"\">\n<div class=\"columns-inner zn-imgtextblock-col-inner\">\n<p>\t\t\t\t\t\t<span class=\"deco1\"><\/span><br \/>\n\t\t\t\t\t\t<span class=\"deco2\"><\/span><br \/>\n\t\t\t\t\t\t<span class=\"deco3\"><\/span><\/p>\n<div class=\"zn-imgtextblock-imgbox\" title=\"\">\n<figure class=\"zn-imgtextblock-figure\">\n\t\t\t\t\t\t\t<img decoding=\"async\" class=\"zn-imgtextblock-img\" src=\"https:\/\/www.km0.info\/wp-inside\/uploads\/2020\/10\/batiment-23-sacm-carree.jpg\" alt=\"Building 23, SACM\"><br \/>\n\t\t\t\t\t\t\t\t\t\t\t\t\t<\/figure>\n<\/p><\/div>\n<\/p><\/div>\n<\/p><\/div>\n<div class=\"columns large-6 large-pull-6 zn-imgtextblock-coldesc\" data-equalizer-watch=\"\">\n<div class=\"columns-inner zn-imgtextblock-descbox\">\n<div class=\"zn-imgtextblock-desc wig-content\">\n<h2>History of the kilometer \u00d8<\/h2>\n<p>Mulhousians remember the glory of modernity and industry, with the evolution of machines of the time&nbsp;: weaving looms, gas engines, diesel engines. SACM was a symbol of innovation, collaboration and exchange&nbsp;: these buildings are therefore the ideal place to create a strong digital district.<\/p>\n<p>Since 2000, the South Alsace region has seen strong growth in the digital sector, with the creation of numerous local companies (some of them international in scope). <strong>So it&#8217;s only natural that KM\u00d8 should be based in Mulhouse<\/strong>, following in the footsteps of the P\u00f4le Rh\u00e9natic, which brings together around a hundred Alsatian digital companies.<\/p>\n<p>KM\u00d8 is located on a large industrial wasteland, in building 23. This one is located in the westernmost strip of the complex, bordered on the outside (west) by the Mulhouse &#8211; Strasbourg railway line. <strong>It was the assembly workshop for the spinning machines, built in 1896<\/strong> by the contractors Gustave Roos (masonry) and Auguste Haensler (carpentry and locksmithing).<\/p>\n<p>A link between the past and the future, this building is intended to <strong>become the center of innovation, digital and technology<\/strong>. The old production workshops have been rehabilitated in memory of the pioneers of the industrialization of Mulhouse.<\/p>\n<\/div><\/div>\n<\/p><\/div>\n<\/p><\/div>\n<\/p><\/div>\n<\/p><\/div>\n<\/div>\n<\/div>\n<p><!-- \/flzn:zn_imgtextblock --><br \/>\n<!-- flzn:zn_imgtextblock --><\/p>\n<div id=\"flzn-imgtextblock-3\" class=\"zn zone zn-imgtextblock\">\n<div class=\"zone-block zn-imgtextblock-block pdd-top-off pdd-bottom-off alignwide va-center\">\n<div class=\"row mw-content-zone\">\n<div class=\"columns large-12\">\n<div class=\"row with-nice-alignment zn-imgtextblock-row img-left va-center\" data-equalizer=\"\" data-equalize-on=\"large\">\n<div class=\"columns large-6 zn-imgtextblock-colimg\" data-equalizer-watch=\"\">\n<div class=\"columns-inner zn-imgtextblock-col-inner\">\n<p>\t\t\t\t\t\t<span class=\"deco1\"><\/span><br \/>\n\t\t\t\t\t\t<span class=\"deco2\"><\/span><br \/>\n\t\t\t\t\t\t<span class=\"deco3\"><\/span><\/p>\n<div class=\"zn-imgtextblock-imgbox\" title=\"\">\n<figure class=\"zn-imgtextblock-figure\">\n\t\t\t\t\t\t\t<img decoding=\"async\" class=\"zn-imgtextblock-img\" src=\"https:\/\/www.km0.info\/wp-inside\/uploads\/2023\/07\/photo-1423856936-1024x538.jpg\" alt=\"\"><br \/>\n\t\t\t\t\t\t\t\t\t\t\t\t\t<\/figure>\n<\/p><\/div>\n<\/p><\/div>\n<\/p><\/div>\n<div class=\"columns large-6 zn-imgtextblock-coldesc\" data-equalizer-watch=\"\">\n<div class=\"columns-inner zn-imgtextblock-descbox\">\n<div class=\"zn-imgtextblock-desc wig-content\">\n<h2>A strategic location<\/h2>\n<p>KM\u00d8 has a strategic location thanks to its exceptional geographical situation, <strong>close to the borders and very easily accessible to Mulhouse<\/strong>. KM\u00d8 is easy to get to on foot, by train, by bike, by bus, by streetcar, and even by plane from the EuroAirport. KM\u00d8 is a 12-minute walk from the TGV train station and 35 minutes from the airport&nbsp;!<\/p>\n<p>This location allows KM\u00d8 to be part of a <strong>responsible ecological and digital dynamic<\/strong>&nbsp;: whatever the place of residence of employees or visitors, it will be easy to get there via less polluting means.<\/p>\n<p>KM\u00d8 is located near the Universit\u00e9 de Haute Alsace, less than 10 minutes from Mulhouse train station and 30 minutes from an international airport.<\/p>\n<p>KM\u00d8 is not intended to be limited to Alsace or even France&nbsp;: on the contrary, it is a <strong>place imagined to go beyond borders<\/strong>. Partnerships are being built with neighboring countries (Germany and Switzerland), for training and collaboration between companies in the three countries. Foreign startups will be able to establish themselves at KM\u00d8&nbsp;: KM1, 2, 3&#8230; can even be created abroad&nbsp;: in Basel, then in Freiburg&#8230;<\/p>\n<\/div><\/div>\n<\/p><\/div>\n<\/p><\/div>\n<\/p><\/div>\n<\/p><\/div>\n<\/div>\n<\/div>\n<p><!-- \/flzn:zn_imgtextblock --><br \/>\n<!-- flzn:zn_imgtextblock --><\/p>\n<div id=\"flzn-imgtextblock-4\" class=\"zn zone zn-imgtextblock\">\n<div class=\"zone-block zn-imgtextblock-block alignwide va-center\">\n<div class=\"row mw-content-zone\">\n<div class=\"columns large-12\">\n<div class=\"row with-nice-alignment zn-imgtextblock-row img-right va-center\" data-equalizer=\"\" data-equalize-on=\"large\">\n<div class=\"columns large-6 large-push-6 zn-imgtextblock-colimg\" data-equalizer-watch=\"\">\n<div class=\"columns-inner zn-imgtextblock-col-inner\">\n<p>\t\t\t\t\t\t<span class=\"deco1\"><\/span><br \/>\n\t\t\t\t\t\t<span class=\"deco2\"><\/span><br \/>\n\t\t\t\t\t\t<span class=\"deco3\"><\/span><\/p>\n<div class=\"zn-imgtextblock-imgbox\" title=\"\">\n<figure class=\"zn-imgtextblock-figure\">\n\t\t\t\t\t\t\t<img decoding=\"async\" class=\"zn-imgtextblock-img\" src=\"https:\/\/www.km0.info\/wp-inside\/uploads\/2020\/10\/batiment-km0-redimensionne-1024x681-1.jpg\" alt=\"\"><br \/>\n\t\t\t\t\t\t\t\t\t\t\t\t\t<\/figure>\n<\/p><\/div>\n<\/p><\/div>\n<\/p><\/div>\n<div class=\"columns large-6 large-pull-6 zn-imgtextblock-coldesc\" data-equalizer-watch=\"\">\n<div class=\"columns-inner zn-imgtextblock-descbox\">\n<div class=\"zn-imgtextblock-desc wig-content\">\n<h2>A brick architecture full of history<\/h2>\n<p>The place has a great potential for its architecture also&nbsp;: a building &#8221;&nbsp;all-bricks&nbsp;&#8220;, half cathedral, half castle composed of 3 naves.<\/p>\n<p>It is important not to distort the place. Spacious, it can accommodate both the machine and the man. Surrounded by greenery, this place of reflection is located in a pleasant and attractive setting.  <strong>KM\u00d8 is an ambition to match the premises and their history.<\/strong><\/p>\n<\/div><\/div>\n<\/p><\/div>\n<\/p><\/div>\n<\/p><\/div>\n<\/p><\/div>\n<\/div>\n<\/div>\n<p><!-- \/flzn:zn_imgtextblock --><\/p>\n","protected":false},"excerpt":{"rendered":"<p>What is the history of the building and the name &#8220;KM\u00d8&#8221; (kilometer 0)?  <\/p>\n","protected":false},"author":2,"featured_media":1817,"parent":8832,"menu_order":110,"comment_status":"closed","ping_status":"closed","template":"","meta":{"_acf_changed":false,"footnotes":""},"class_list":["post-8852","page","type-page","status-publish","has-post-thumbnail","hentry","wp-sticky"],"acf":[],"yoast_head":"<!-- This site is optimized with the Yoast SEO plugin v27.4 - https:\/\/yoast.com\/product\/yoast-seo-wordpress\/ -->\n<title>Mulhouse digital ecosystem: Kilometre 0 history<\/title>\n<meta name=\"description\" content=\"Getting together is essential today to express your genius and be heard. The KM\u00d8 ecosystem represents a real opportunity to develop projects, startups and companies.\" \/>\n<meta name=\"robots\" content=\"index, follow, max-snippet:-1, max-image-preview:large, max-video-preview:-1\" \/>\n<link rel=\"canonical\" href=\"https:\/\/www.km0.info\/en\/kmo\/history\/\" \/>\n<meta property=\"og:locale\" content=\"en_US\" \/>\n<meta property=\"og:type\" content=\"article\" \/>\n<meta property=\"og:title\" content=\"Mulhouse digital ecosystem: Kilometre 0 history\" \/>\n<meta property=\"og:description\" content=\"Getting together is essential today to express your genius and be heard. The KM\u00d8 ecosystem represents a real opportunity to develop projects, startups and companies.\" \/>\n<meta property=\"og:url\" content=\"https:\/\/www.km0.info\/en\/kmo\/history\/\" \/>\n<meta property=\"og:site_name\" content=\"KM\u00d8\" \/>\n<meta property=\"article:modified_time\" content=\"2025-09-03T17:46:45+00:00\" \/>\n<meta property=\"og:image\" content=\"https:\/\/www.km0.info\/wp-inside\/uploads\/2020\/10\/batiment-23-sacm-carree.jpg\" \/>\n\t<meta property=\"og:image:width\" content=\"682\" \/>\n\t<meta property=\"og:image:height\" content=\"684\" \/>\n\t<meta property=\"og:image:type\" content=\"image\/jpeg\" \/>\n<meta name=\"twitter:card\" content=\"summary_large_image\" \/>\n<meta name=\"twitter:label1\" content=\"Est. reading time\" \/>\n\t<meta name=\"twitter:data1\" content=\"3 minutes\" \/>\n<script type=\"application\/ld+json\" class=\"yoast-schema-graph\">{\"@context\":\"https:\\\/\\\/schema.org\",\"@graph\":[{\"@type\":\"WebPage\",\"@id\":\"https:\\\/\\\/www.km0.info\\\/en\\\/kmo\\\/history\\\/\",\"url\":\"https:\\\/\\\/www.km0.info\\\/en\\\/kmo\\\/history\\\/\",\"name\":\"Mulhouse digital ecosystem: Kilometre 0 history\",\"isPartOf\":{\"@id\":\"https:\\\/\\\/www.km0.info\\\/en\\\/#website\"},\"primaryImageOfPage\":{\"@id\":\"https:\\\/\\\/www.km0.info\\\/en\\\/kmo\\\/history\\\/#primaryimage\"},\"image\":{\"@id\":\"https:\\\/\\\/www.km0.info\\\/en\\\/kmo\\\/history\\\/#primaryimage\"},\"thumbnailUrl\":\"https:\\\/\\\/www.km0.info\\\/wp-inside\\\/uploads\\\/2020\\\/10\\\/batiment-23-sacm-carree.jpg\",\"datePublished\":\"2022-12-13T08:32:20+00:00\",\"dateModified\":\"2025-09-03T17:46:45+00:00\",\"description\":\"Getting together is essential today to express your genius and be heard. The KM\u00d8 ecosystem represents a real opportunity to develop projects, startups and companies.\",\"breadcrumb\":{\"@id\":\"https:\\\/\\\/www.km0.info\\\/en\\\/kmo\\\/history\\\/#breadcrumb\"},\"inLanguage\":\"en-US\",\"potentialAction\":[{\"@type\":\"ReadAction\",\"target\":[\"https:\\\/\\\/www.km0.info\\\/en\\\/kmo\\\/history\\\/\"]}]},{\"@type\":\"ImageObject\",\"inLanguage\":\"en-US\",\"@id\":\"https:\\\/\\\/www.km0.info\\\/en\\\/kmo\\\/history\\\/#primaryimage\",\"url\":\"https:\\\/\\\/www.km0.info\\\/wp-inside\\\/uploads\\\/2020\\\/10\\\/batiment-23-sacm-carree.jpg\",\"contentUrl\":\"https:\\\/\\\/www.km0.info\\\/wp-inside\\\/uploads\\\/2020\\\/10\\\/batiment-23-sacm-carree.jpg\",\"width\":682,\"height\":684,\"caption\":\"Batiment 23, SACM\"},{\"@type\":\"BreadcrumbList\",\"@id\":\"https:\\\/\\\/www.km0.info\\\/en\\\/kmo\\\/history\\\/#breadcrumb\",\"itemListElement\":[{\"@type\":\"ListItem\",\"position\":1,\"name\":\"Accueil\",\"item\":\"https:\\\/\\\/www.km0.info\\\/en\\\/\"},{\"@type\":\"ListItem\",\"position\":2,\"name\":\"KM\u00d8\",\"item\":\"https:\\\/\\\/www.km0.info\\\/en\\\/kmo\\\/\"},{\"@type\":\"ListItem\",\"position\":3,\"name\":\"History\"}]},{\"@type\":\"WebSite\",\"@id\":\"https:\\\/\\\/www.km0.info\\\/en\\\/#website\",\"url\":\"https:\\\/\\\/www.km0.info\\\/en\\\/\",\"name\":\"KM\u00d8\",\"description\":\"Lieu d&#039;innovation d\u00e9di\u00e9 \u00e0 la transformation digitale de l&#039;industrie\",\"publisher\":{\"@id\":\"https:\\\/\\\/www.km0.info\\\/en\\\/#organization\"},\"potentialAction\":[{\"@type\":\"SearchAction\",\"target\":{\"@type\":\"EntryPoint\",\"urlTemplate\":\"https:\\\/\\\/www.km0.info\\\/en\\\/?s={search_term_string}\"},\"query-input\":{\"@type\":\"PropertyValueSpecification\",\"valueRequired\":true,\"valueName\":\"search_term_string\"}}],\"inLanguage\":\"en-US\"},{\"@type\":\"Organization\",\"@id\":\"https:\\\/\\\/www.km0.info\\\/en\\\/#organization\",\"name\":\"KM\u00d8\",\"url\":\"https:\\\/\\\/www.km0.info\\\/en\\\/\",\"logo\":{\"@type\":\"ImageObject\",\"inLanguage\":\"en-US\",\"@id\":\"https:\\\/\\\/www.km0.info\\\/en\\\/#\\\/schema\\\/logo\\\/image\\\/\",\"url\":\"https:\\\/\\\/www.km0.info\\\/wp-inside\\\/uploads\\\/2020\\\/10\\\/logo-km0-quadri-200x155-1.png\",\"contentUrl\":\"https:\\\/\\\/www.km0.info\\\/wp-inside\\\/uploads\\\/2020\\\/10\\\/logo-km0-quadri-200x155-1.png\",\"width\":200,\"height\":155,\"caption\":\"KM\u00d8\"},\"image\":{\"@id\":\"https:\\\/\\\/www.km0.info\\\/en\\\/#\\\/schema\\\/logo\\\/image\\\/\"}}]}<\/script>\n<!-- \/ Yoast SEO plugin. -->","yoast_head_json":{"title":"Mulhouse digital ecosystem: Kilometre 0 history","description":"Getting together is essential today to express your genius and be heard. The KM\u00d8 ecosystem represents a real opportunity to develop projects, startups and companies.","robots":{"index":"index","follow":"follow","max-snippet":"max-snippet:-1","max-image-preview":"max-image-preview:large","max-video-preview":"max-video-preview:-1"},"canonical":"https:\/\/www.km0.info\/en\/kmo\/history\/","og_locale":"en_US","og_type":"article","og_title":"Mulhouse digital ecosystem: Kilometre 0 history","og_description":"Getting together is essential today to express your genius and be heard. The KM\u00d8 ecosystem represents a real opportunity to develop projects, startups and companies.","og_url":"https:\/\/www.km0.info\/en\/kmo\/history\/","og_site_name":"KM\u00d8","article_modified_time":"2025-09-03T17:46:45+00:00","og_image":[{"width":682,"height":684,"url":"https:\/\/www.km0.info\/wp-inside\/uploads\/2020\/10\/batiment-23-sacm-carree.jpg","type":"image\/jpeg"}],"twitter_card":"summary_large_image","twitter_misc":{"Est. reading time":"3 minutes"},"schema":{"@context":"https:\/\/schema.org","@graph":[{"@type":"WebPage","@id":"https:\/\/www.km0.info\/en\/kmo\/history\/","url":"https:\/\/www.km0.info\/en\/kmo\/history\/","name":"Mulhouse digital ecosystem: Kilometre 0 history","isPartOf":{"@id":"https:\/\/www.km0.info\/en\/#website"},"primaryImageOfPage":{"@id":"https:\/\/www.km0.info\/en\/kmo\/history\/#primaryimage"},"image":{"@id":"https:\/\/www.km0.info\/en\/kmo\/history\/#primaryimage"},"thumbnailUrl":"https:\/\/www.km0.info\/wp-inside\/uploads\/2020\/10\/batiment-23-sacm-carree.jpg","datePublished":"2022-12-13T08:32:20+00:00","dateModified":"2025-09-03T17:46:45+00:00","description":"Getting together is essential today to express your genius and be heard. The KM\u00d8 ecosystem represents a real opportunity to develop projects, startups and companies.","breadcrumb":{"@id":"https:\/\/www.km0.info\/en\/kmo\/history\/#breadcrumb"},"inLanguage":"en-US","potentialAction":[{"@type":"ReadAction","target":["https:\/\/www.km0.info\/en\/kmo\/history\/"]}]},{"@type":"ImageObject","inLanguage":"en-US","@id":"https:\/\/www.km0.info\/en\/kmo\/history\/#primaryimage","url":"https:\/\/www.km0.info\/wp-inside\/uploads\/2020\/10\/batiment-23-sacm-carree.jpg","contentUrl":"https:\/\/www.km0.info\/wp-inside\/uploads\/2020\/10\/batiment-23-sacm-carree.jpg","width":682,"height":684,"caption":"Batiment 23, SACM"},{"@type":"BreadcrumbList","@id":"https:\/\/www.km0.info\/en\/kmo\/history\/#breadcrumb","itemListElement":[{"@type":"ListItem","position":1,"name":"Accueil","item":"https:\/\/www.km0.info\/en\/"},{"@type":"ListItem","position":2,"name":"KM\u00d8","item":"https:\/\/www.km0.info\/en\/kmo\/"},{"@type":"ListItem","position":3,"name":"History"}]},{"@type":"WebSite","@id":"https:\/\/www.km0.info\/en\/#website","url":"https:\/\/www.km0.info\/en\/","name":"KM\u00d8","description":"Lieu d&#039;innovation d\u00e9di\u00e9 \u00e0 la transformation digitale de l&#039;industrie","publisher":{"@id":"https:\/\/www.km0.info\/en\/#organization"},"potentialAction":[{"@type":"SearchAction","target":{"@type":"EntryPoint","urlTemplate":"https:\/\/www.km0.info\/en\/?s={search_term_string}"},"query-input":{"@type":"PropertyValueSpecification","valueRequired":true,"valueName":"search_term_string"}}],"inLanguage":"en-US"},{"@type":"Organization","@id":"https:\/\/www.km0.info\/en\/#organization","name":"KM\u00d8","url":"https:\/\/www.km0.info\/en\/","logo":{"@type":"ImageObject","inLanguage":"en-US","@id":"https:\/\/www.km0.info\/en\/#\/schema\/logo\/image\/","url":"https:\/\/www.km0.info\/wp-inside\/uploads\/2020\/10\/logo-km0-quadri-200x155-1.png","contentUrl":"https:\/\/www.km0.info\/wp-inside\/uploads\/2020\/10\/logo-km0-quadri-200x155-1.png","width":200,"height":155,"caption":"KM\u00d8"},"image":{"@id":"https:\/\/www.km0.info\/en\/#\/schema\/logo\/image\/"}}]}},"_links":{"self":[{"href":"https:\/\/www.km0.info\/en\/wp-json\/wp\/v2\/pages\/8852","targetHints":{"allow":["GET"]}}],"collection":[{"href":"https:\/\/www.km0.info\/en\/wp-json\/wp\/v2\/pages"}],"about":[{"href":"https:\/\/www.km0.info\/en\/wp-json\/wp\/v2\/types\/page"}],"author":[{"embeddable":true,"href":"https:\/\/www.km0.info\/en\/wp-json\/wp\/v2\/users\/2"}],"replies":[{"embeddable":true,"href":"https:\/\/www.km0.info\/en\/wp-json\/wp\/v2\/comments?post=8852"}],"version-history":[{"count":4,"href":"https:\/\/www.km0.info\/en\/wp-json\/wp\/v2\/pages\/8852\/revisions"}],"predecessor-version":[{"id":14186,"href":"https:\/\/www.km0.info\/en\/wp-json\/wp\/v2\/pages\/8852\/revisions\/14186"}],"up":[{"embeddable":true,"href":"https:\/\/www.km0.info\/en\/wp-json\/wp\/v2\/pages\/8832"}],"wp:featuredmedia":[{"embeddable":true,"href":"https:\/\/www.km0.info\/en\/wp-json\/wp\/v2\/media\/1817"}],"wp:attachment":[{"href":"https:\/\/www.km0.info\/en\/wp-json\/wp\/v2\/media?parent=8852"}],"curies":[{"name":"wp","href":"https:\/\/api.w.org\/{rel}","templated":true}]}}