{"id":8850,"date":"2022-12-13T09:32:14","date_gmt":"2022-12-13T08:32:14","guid":{"rendered":"https:\/\/www.km0.info\/learning-at-kmo\/"},"modified":"2025-09-24T11:32:46","modified_gmt":"2025-09-24T09:32:46","slug":"learning-at-kmo","status":"publish","type":"page","link":"https:\/\/www.km0.info\/en\/learning-at-kmo\/","title":{"rendered":"KM\u00d8 Campus"},"content":{"rendered":"<p>Build your professional project in Mulhouse. You are looking for information on post-bac courses&nbsp;? Are you looking for a job or looking to retrain?&nbsp;<\/p>\n<p>Discover a wide variety of training courses (duration, target audience, prerequisites&#8230;). Find your way and go for it&nbsp;!<\/p>\n<p><!-- flzn:zn_list_illustblock --><\/p>\n<div id=\"flzn-listillustblock-1\" class=\"zn zone zn-listillustblock with-bg bg-color bg-color-is-white\"><span class=\"zone-bg bg-color bgc-white alignfull\"><\/span><\/p>\n<div class=\"zone-block zn-listillustblock-block pdd-top-off alignwide va-top\">\n<div class=\"row mw-content-zone zn-listillustblock-row\">\n<div class=\"small-12 columns\">\n<div class=\"zone-titlebox zn-listillustblock-titlebox text-center mw-content\">\n<h2 class=\"zone-title zn-listillustblock-title\">Training centers and schools in KM\u00d8<\/h2>\n<\/p><\/div>\n<div id=\"flzn-listillustblock-1-list\" class=\"zn-listillustblock-list row blockgrid-center small-up-1 medium-up-2 xlarge-up-3\" data-equalizer=\"\" data-equalize-on=\"medium\" data-equalize-by-row=\"true\">\n<div class=\"column illustblock\">\n\t\t\t\t\t<a class=\"illustblock-box with-link with-img\" href=\"https:\/\/42.fr\/\" title=\"\"><\/p>\n<div class=\"illustblock-imgbox\" data-equalizer-watch=\"\">\n\t\t\t\t\t\t\t\t\t\t\t\t\t\t<img decoding=\"async\" class=\"illustblock-img\" src=\"https:\/\/www.km0.info\/wp-inside\/uploads\/2025\/09\/42-380x380.png\" alt=\"\">\t\t\t\t\t\t\t\t\t\t\t\t\t<\/div>\n<h3 class=\"illustblock-title\">\n  42 Mulhouse  <\/h3>\n<div class=\"illustblock-desc\">\n<p>1 computer training course from 18 years old, with a &#8220;learning by doing&#8221; method<\/p>\n<\/p><\/div>\n<div class=\"illustblock-linkmore\">\n\t\t\t\t\t\t\t<span class=\"illustblock-linkmore-txt button with-arrow\">Read more<\/span>\n\t\t\t\t\t\t<\/div>\n<p>\t\t\t\t\t<\/a>\t\t\t\t<\/div>\n<div class=\"column illustblock\">\n\t\t\t\t\t<a class=\"illustblock-box with-link with-img\" href=\"https:\/\/phg.academy\/campus-phg\/\" title=\"\"><\/p>\n<div class=\"illustblock-imgbox\" data-equalizer-watch=\"\">\n\t\t\t\t\t\t\t\t\t\t\t\t\t\t<img decoding=\"async\" class=\"illustblock-img\" src=\"https:\/\/www.km0.info\/wp-inside\/uploads\/2025\/09\/phg-academy-logo-2020-quadri-1-380x380.png\" alt=\"\">\t\t\t\t\t\t\t\t\t\t\t\t\t<\/div>\n<h3 class=\"illustblock-title\">\n  PHG Academy  <\/h3>\n<div class=\"illustblock-desc\">\n<p>PHG Academy combines passion for esport with performance and professionalization in this field.<br \/>\nThis training center supports new students in their desire to<br \/>\nbecome cyber-athletes, thanks to an innovative teaching approach that combines passion, discipline and study.<\/p>\n<\/p><\/div>\n<div class=\"illustblock-linkmore\">\n\t\t\t\t\t\t\t<span class=\"illustblock-linkmore-txt button with-arrow\">Read more<\/span>\n\t\t\t\t\t\t<\/div>\n<p>\t\t\t\t\t<\/a>\t\t\t\t<\/div>\n<div class=\"column illustblock\">\n\t\t\t\t\t<a class=\"illustblock-box with-link with-img\" href=\"https:\/\/www.epitech.eu\/fr\/ecole-informatique-mulhouse\/\" title=\"Read more\"><\/p>\n<div class=\"illustblock-imgbox\" data-equalizer-watch=\"\">\n\t\t\t\t\t\t\t\t\t\t\t\t\t\t<img decoding=\"async\" class=\"illustblock-img\" src=\"https:\/\/www.km0.info\/wp-inside\/uploads\/2025\/09\/epitech-380x380.png\" alt=\"\">\t\t\t\t\t\t\t\t\t\t\t\t\t<\/div>\n<h3 class=\"illustblock-title\">\n  Epitech  <\/h3>\n<div class=\"illustblock-desc\">\n<p>3 courses in computer science or web development&nbsp;: the 4-month Coding Academy, the 2-year web @cad\u00e9mie, and the 5-year Epitech Program.  <\/p>\n<\/p><\/div>\n<div class=\"illustblock-linkmore\">\n\t\t\t\t\t\t\t<span class=\"illustblock-linkmore-txt button with-arrow\">Read more<\/span>\n\t\t\t\t\t\t<\/div>\n<p>\t\t\t\t\t<\/a>\t\t\t\t<\/div>\n<\/p><\/div>\n<\/p><\/div>\n<\/p><\/div>\n<\/div>\n<\/div>\n<p><!-- \/flzn:zn_list_illustblock --><\/p>\n","protected":false},"excerpt":{"rendered":"<p>Build your professional project in Mulhouse. You are looking for information on post-bac courses&nbsp;? Are you looking for a job or looking to retrain?&nbsp; Discover a wide variety of training [&hellip;]<\/p>\n","protected":false},"author":2,"featured_media":0,"parent":0,"menu_order":60,"comment_status":"closed","ping_status":"closed","template":"","meta":{"_acf_changed":false,"footnotes":""},"class_list":["post-8850","page","type-page","status-publish","hentry","wp-sticky"],"acf":[],"yoast_head":"<!-- This site is optimized with the Yoast SEO plugin v27.5 - https:\/\/yoast.com\/product\/yoast-seo-wordpress\/ -->\n<title>Digital training, Employment &amp; Digital conversion Mulhouse<\/title>\n<meta name=\"description\" content=\"Build your professional project in Mulhouse. Post-baccalaureate courses, job hunting or retraining, discover a wide variety of training courses (duration, target audience, prerequisites, etc.).\" \/>\n<meta name=\"robots\" content=\"index, follow, max-snippet:-1, max-image-preview:large, max-video-preview:-1\" \/>\n<link rel=\"canonical\" href=\"https:\/\/www.km0.info\/en\/learning-at-kmo\/\" \/>\n<meta property=\"og:locale\" content=\"en_US\" \/>\n<meta property=\"og:type\" content=\"article\" \/>\n<meta property=\"og:title\" content=\"Digital training, Employment &amp; Digital conversion Mulhouse\" \/>\n<meta property=\"og:description\" content=\"Build your professional project in Mulhouse. Post-baccalaureate courses, job hunting or retraining, discover a wide variety of training courses (duration, target audience, prerequisites, etc.).\" \/>\n<meta property=\"og:url\" content=\"https:\/\/www.km0.info\/en\/learning-at-kmo\/\" \/>\n<meta property=\"og:site_name\" content=\"KM\u00d8\" \/>\n<meta property=\"article:modified_time\" content=\"2025-09-24T09:32:46+00:00\" \/>\n<meta property=\"og:image\" content=\"https:\/\/www.km0.info\/wp-inside\/uploads\/2025\/09\/42-380x380.png\" \/>\n<meta name=\"twitter:card\" content=\"summary_large_image\" \/>\n<meta name=\"twitter:label1\" content=\"Est. reading time\" \/>\n\t<meta name=\"twitter:data1\" content=\"1 minute\" \/>\n<script type=\"application\/ld+json\" class=\"yoast-schema-graph\">{\"@context\":\"https:\\\/\\\/schema.org\",\"@graph\":[{\"@type\":\"WebPage\",\"@id\":\"https:\\\/\\\/www.km0.info\\\/en\\\/learning-at-kmo\\\/\",\"url\":\"https:\\\/\\\/www.km0.info\\\/en\\\/learning-at-kmo\\\/\",\"name\":\"Digital training, Employment & Digital conversion Mulhouse\",\"isPartOf\":{\"@id\":\"https:\\\/\\\/www.km0.info\\\/en\\\/#website\"},\"primaryImageOfPage\":{\"@id\":\"https:\\\/\\\/www.km0.info\\\/en\\\/learning-at-kmo\\\/#primaryimage\"},\"image\":{\"@id\":\"https:\\\/\\\/www.km0.info\\\/en\\\/learning-at-kmo\\\/#primaryimage\"},\"thumbnailUrl\":\"https:\\\/\\\/www.km0.info\\\/wp-inside\\\/uploads\\\/2025\\\/09\\\/42-380x380.png\",\"datePublished\":\"2022-12-13T08:32:14+00:00\",\"dateModified\":\"2025-09-24T09:32:46+00:00\",\"description\":\"Build your professional project in Mulhouse. Post-baccalaureate courses, job hunting or retraining, discover a wide variety of training courses (duration, target audience, prerequisites, etc.).\",\"breadcrumb\":{\"@id\":\"https:\\\/\\\/www.km0.info\\\/en\\\/learning-at-kmo\\\/#breadcrumb\"},\"inLanguage\":\"en-US\",\"potentialAction\":[{\"@type\":\"ReadAction\",\"target\":[\"https:\\\/\\\/www.km0.info\\\/en\\\/learning-at-kmo\\\/\"]}]},{\"@type\":\"ImageObject\",\"inLanguage\":\"en-US\",\"@id\":\"https:\\\/\\\/www.km0.info\\\/en\\\/learning-at-kmo\\\/#primaryimage\",\"url\":\"https:\\\/\\\/www.km0.info\\\/wp-inside\\\/uploads\\\/2025\\\/09\\\/42-380x380.png\",\"contentUrl\":\"https:\\\/\\\/www.km0.info\\\/wp-inside\\\/uploads\\\/2025\\\/09\\\/42-380x380.png\"},{\"@type\":\"BreadcrumbList\",\"@id\":\"https:\\\/\\\/www.km0.info\\\/en\\\/learning-at-kmo\\\/#breadcrumb\",\"itemListElement\":[{\"@type\":\"ListItem\",\"position\":1,\"name\":\"Accueil\",\"item\":\"https:\\\/\\\/www.km0.info\\\/en\\\/\"},{\"@type\":\"ListItem\",\"position\":2,\"name\":\"KM\u00d8 Campus\"}]},{\"@type\":\"WebSite\",\"@id\":\"https:\\\/\\\/www.km0.info\\\/en\\\/#website\",\"url\":\"https:\\\/\\\/www.km0.info\\\/en\\\/\",\"name\":\"KM\u00d8\",\"description\":\"Lieu d&#039;innovation d\u00e9di\u00e9 \u00e0 la transformation digitale de l&#039;industrie\",\"publisher\":{\"@id\":\"https:\\\/\\\/www.km0.info\\\/en\\\/#organization\"},\"potentialAction\":[{\"@type\":\"SearchAction\",\"target\":{\"@type\":\"EntryPoint\",\"urlTemplate\":\"https:\\\/\\\/www.km0.info\\\/en\\\/?s={search_term_string}\"},\"query-input\":{\"@type\":\"PropertyValueSpecification\",\"valueRequired\":true,\"valueName\":\"search_term_string\"}}],\"inLanguage\":\"en-US\"},{\"@type\":\"Organization\",\"@id\":\"https:\\\/\\\/www.km0.info\\\/en\\\/#organization\",\"name\":\"KM\u00d8\",\"url\":\"https:\\\/\\\/www.km0.info\\\/en\\\/\",\"logo\":{\"@type\":\"ImageObject\",\"inLanguage\":\"en-US\",\"@id\":\"https:\\\/\\\/www.km0.info\\\/en\\\/#\\\/schema\\\/logo\\\/image\\\/\",\"url\":\"https:\\\/\\\/www.km0.info\\\/wp-inside\\\/uploads\\\/2020\\\/10\\\/logo-km0-quadri-200x155-1.png\",\"contentUrl\":\"https:\\\/\\\/www.km0.info\\\/wp-inside\\\/uploads\\\/2020\\\/10\\\/logo-km0-quadri-200x155-1.png\",\"width\":200,\"height\":155,\"caption\":\"KM\u00d8\"},\"image\":{\"@id\":\"https:\\\/\\\/www.km0.info\\\/en\\\/#\\\/schema\\\/logo\\\/image\\\/\"}}]}<\/script>\n<!-- \/ Yoast SEO plugin. -->","yoast_head_json":{"title":"Digital training, Employment & Digital conversion Mulhouse","description":"Build your professional project in Mulhouse. Post-baccalaureate courses, job hunting or retraining, discover a wide variety of training courses (duration, target audience, prerequisites, etc.).","robots":{"index":"index","follow":"follow","max-snippet":"max-snippet:-1","max-image-preview":"max-image-preview:large","max-video-preview":"max-video-preview:-1"},"canonical":"https:\/\/www.km0.info\/en\/learning-at-kmo\/","og_locale":"en_US","og_type":"article","og_title":"Digital training, Employment & Digital conversion Mulhouse","og_description":"Build your professional project in Mulhouse. Post-baccalaureate courses, job hunting or retraining, discover a wide variety of training courses (duration, target audience, prerequisites, etc.).","og_url":"https:\/\/www.km0.info\/en\/learning-at-kmo\/","og_site_name":"KM\u00d8","article_modified_time":"2025-09-24T09:32:46+00:00","og_image":[{"url":"https:\/\/www.km0.info\/wp-inside\/uploads\/2025\/09\/42-380x380.png","type":"","width":"","height":""}],"twitter_card":"summary_large_image","twitter_misc":{"Est. reading time":"1 minute"},"schema":{"@context":"https:\/\/schema.org","@graph":[{"@type":"WebPage","@id":"https:\/\/www.km0.info\/en\/learning-at-kmo\/","url":"https:\/\/www.km0.info\/en\/learning-at-kmo\/","name":"Digital training, Employment & Digital conversion Mulhouse","isPartOf":{"@id":"https:\/\/www.km0.info\/en\/#website"},"primaryImageOfPage":{"@id":"https:\/\/www.km0.info\/en\/learning-at-kmo\/#primaryimage"},"image":{"@id":"https:\/\/www.km0.info\/en\/learning-at-kmo\/#primaryimage"},"thumbnailUrl":"https:\/\/www.km0.info\/wp-inside\/uploads\/2025\/09\/42-380x380.png","datePublished":"2022-12-13T08:32:14+00:00","dateModified":"2025-09-24T09:32:46+00:00","description":"Build your professional project in Mulhouse. Post-baccalaureate courses, job hunting or retraining, discover a wide variety of training courses (duration, target audience, prerequisites, etc.).","breadcrumb":{"@id":"https:\/\/www.km0.info\/en\/learning-at-kmo\/#breadcrumb"},"inLanguage":"en-US","potentialAction":[{"@type":"ReadAction","target":["https:\/\/www.km0.info\/en\/learning-at-kmo\/"]}]},{"@type":"ImageObject","inLanguage":"en-US","@id":"https:\/\/www.km0.info\/en\/learning-at-kmo\/#primaryimage","url":"https:\/\/www.km0.info\/wp-inside\/uploads\/2025\/09\/42-380x380.png","contentUrl":"https:\/\/www.km0.info\/wp-inside\/uploads\/2025\/09\/42-380x380.png"},{"@type":"BreadcrumbList","@id":"https:\/\/www.km0.info\/en\/learning-at-kmo\/#breadcrumb","itemListElement":[{"@type":"ListItem","position":1,"name":"Accueil","item":"https:\/\/www.km0.info\/en\/"},{"@type":"ListItem","position":2,"name":"KM\u00d8 Campus"}]},{"@type":"WebSite","@id":"https:\/\/www.km0.info\/en\/#website","url":"https:\/\/www.km0.info\/en\/","name":"KM\u00d8","description":"Lieu d&#039;innovation d\u00e9di\u00e9 \u00e0 la transformation digitale de l&#039;industrie","publisher":{"@id":"https:\/\/www.km0.info\/en\/#organization"},"potentialAction":[{"@type":"SearchAction","target":{"@type":"EntryPoint","urlTemplate":"https:\/\/www.km0.info\/en\/?s={search_term_string}"},"query-input":{"@type":"PropertyValueSpecification","valueRequired":true,"valueName":"search_term_string"}}],"inLanguage":"en-US"},{"@type":"Organization","@id":"https:\/\/www.km0.info\/en\/#organization","name":"KM\u00d8","url":"https:\/\/www.km0.info\/en\/","logo":{"@type":"ImageObject","inLanguage":"en-US","@id":"https:\/\/www.km0.info\/en\/#\/schema\/logo\/image\/","url":"https:\/\/www.km0.info\/wp-inside\/uploads\/2020\/10\/logo-km0-quadri-200x155-1.png","contentUrl":"https:\/\/www.km0.info\/wp-inside\/uploads\/2020\/10\/logo-km0-quadri-200x155-1.png","width":200,"height":155,"caption":"KM\u00d8"},"image":{"@id":"https:\/\/www.km0.info\/en\/#\/schema\/logo\/image\/"}}]}},"_links":{"self":[{"href":"https:\/\/www.km0.info\/en\/wp-json\/wp\/v2\/pages\/8850","targetHints":{"allow":["GET"]}}],"collection":[{"href":"https:\/\/www.km0.info\/en\/wp-json\/wp\/v2\/pages"}],"about":[{"href":"https:\/\/www.km0.info\/en\/wp-json\/wp\/v2\/types\/page"}],"author":[{"embeddable":true,"href":"https:\/\/www.km0.info\/en\/wp-json\/wp\/v2\/users\/2"}],"replies":[{"embeddable":true,"href":"https:\/\/www.km0.info\/en\/wp-json\/wp\/v2\/comments?post=8850"}],"version-history":[{"count":8,"href":"https:\/\/www.km0.info\/en\/wp-json\/wp\/v2\/pages\/8850\/revisions"}],"predecessor-version":[{"id":14371,"href":"https:\/\/www.km0.info\/en\/wp-json\/wp\/v2\/pages\/8850\/revisions\/14371"}],"wp:attachment":[{"href":"https:\/\/www.km0.info\/en\/wp-json\/wp\/v2\/media?parent=8850"}],"curies":[{"name":"wp","href":"https:\/\/api.w.org\/{rel}","templated":true}]}}