{"id":8840,"date":"2022-12-13T09:32:08","date_gmt":"2022-12-13T08:32:08","guid":{"rendered":"https:\/\/www.km0.info\/kmo\/discover-the-kmo-in-video\/"},"modified":"2023-07-05T15:59:07","modified_gmt":"2023-07-05T13:59:07","slug":"discover-the-kmo-in-video","status":"publish","type":"page","link":"https:\/\/www.km0.info\/en\/kmo\/discover-the-kmo-in-video\/","title":{"rendered":"KM\u00d8 in video"},"content":{"rendered":"<p><!-- flzn:zn_textblock --><\/p>\n<div id=\"flzn-textblock-1\" class=\"zn zone zn-textblock\">\n<div class=\"zone-block zn-textblock-block alignwide va-top\">\n<div class=\"row mw-content-zone \">\n<div class=\"columns large-12\">\n<div class=\"row large-up-1 nbloc-1\">\n<div class=\"column zn-textblock-col\">\n<div class=\"column-inner\">\n<div class=\"wig-content mw-content\">\n<h2 style=\"text-align: center;\">KM\u00d8 in 2023&nbsp;:<\/h2>\n<\/p><\/div>\n<\/p><\/div>\n<\/p><\/div>\n<\/p><\/div>\n<\/p><\/div>\n<\/p><\/div>\n<\/p><\/div>\n<\/div>\n<p><!-- \/flzn:zn_textblock --><br \/>\n<!-- flzn:zn_textblock --><\/p>\n<div id=\"flzn-textblock-2\" class=\"zn zone zn-textblock\">\n<div class=\"zone-block zn-textblock-block alignwide va-top\">\n<div class=\"row mw-content-zone \">\n<div class=\"columns large-12\">\n<div class=\"zn-textblock-titlebox\">\n<h2 class=\"zone-title zn-textblock-title\">\n  The KM\u00d8 Innovation Place  <\/h2>\n<\/p><\/div>\n<div class=\"row large-up-1 nbloc-1\">\n<div class=\"column zn-textblock-col\">\n<div class=\"column-inner\">\n<div class=\"wig-content mw-content\">\n<div style=\"width: 640px;\" class=\"wp-video\"><!--[if lt IE 9]><script>document.createElement('video')&#160;;<\/script><![endif]--><br \/>\n<video class=\"wp-video-shortcode\" id=\"video-5213-1\" width=\"640\" height=\"267\" preload=\"metadata\" controls=\"controls\"><source type=\"video\/mp4\" src=\"https:\/\/www.km0.info\/wp-inside\/uploads\/2023\/04\/untitled.mp4?_=1\"><\/source><a href=\"https:\/\/www.km0.info\/wp-inside\/uploads\/2023\/04\/untitled.mp4\">https:\/\/www.km0.info\/wp-inside\/uploads\/2023\/04\/untitled.mp4<\/a><\/video><\/div>\n<\/p><\/div>\n<\/p><\/div>\n<\/p><\/div>\n<\/p><\/div>\n<\/p><\/div>\n<\/p><\/div>\n<\/p><\/div>\n<\/div>\n<p><!-- \/flzn:zn_textblock --><br \/>\n<!-- flzn:zn_textblock --><\/p>\n<div id=\"flzn-textblock-3\" class=\"zn zone zn-textblock\">\n<div class=\"zone-block zn-textblock-block alignwide va-top\">\n<div class=\"row mw-content-zone \">\n<div class=\"columns large-12\">\n<div class=\"row large-up-1 nbloc-1\">\n<div class=\"column zn-textblock-col\">\n<div class=\"column-inner\">\n<div class=\"wig-content mw-content\">\n<h2 style=\"text-align: center;\">KM\u00d8 in 2022&nbsp;:<\/h2>\n<\/p><\/div>\n<\/p><\/div>\n<\/p><\/div>\n<\/p><\/div>\n<\/p><\/div>\n<\/p><\/div>\n<\/p><\/div>\n<\/div>\n<p><!-- \/flzn:zn_textblock --><br \/>\n<!-- flzn:zn_textblock --><\/p>\n<div id=\"flzn-textblock-4\" class=\"zn zone zn-textblock\">\n<div class=\"zone-block zn-textblock-block alignwide va-top\">\n<div class=\"row mw-content-zone \">\n<div class=\"columns large-12\">\n<div class=\"zn-textblock-titlebox\">\n<h2 class=\"zone-title zn-textblock-title\">\n  The interview of the KM\u00d8 &#8220;concierge  <\/h2>\n<\/p><\/div>\n<div class=\"row large-up-1 nbloc-1\">\n<div class=\"column zn-textblock-col\">\n<div class=\"column-inner\">\n<div class=\"wig-content mw-content\">\n<p><iframe loading=\"lazy\" title=\"CASE BY K S3#27 PATRICK REIN\" width=\"500\" height=\"281\" src=\"https:\/\/www.youtube.com\/embed\/kcKlmi4P3mI?feature=oembed&amp;modestbranding=1&amp;showinfo=0&amp;rel=0&amp;cc_load_policy=1&amp;iv_load_policy=3\" frameborder=\"0\" allow=\"accelerometer; autoplay; clipboard-write; encrypted-media; gyroscope; picture-in-picture\" allowfullscreen=\"\"><\/iframe><\/p>\n<\/p><\/div>\n<\/p><\/div>\n<\/p><\/div>\n<\/p><\/div>\n<\/p><\/div>\n<\/p><\/div>\n<\/p><\/div>\n<\/div>\n<p><!-- \/flzn:zn_textblock --><br \/>\n<!-- flzn:zn_textblock --><\/p>\n<div id=\"flzn-textblock-5\" class=\"zn zone zn-textblock\">\n<div class=\"zone-block zn-textblock-block alignwide va-top\">\n<div class=\"row mw-content-zone \">\n<div class=\"columns large-12\">\n<div class=\"zn-textblock-titlebox\">\n<h2 class=\"zone-title zn-textblock-title\">\n  The KM\u00d8 Innovation Place  <\/h2>\n<\/p><\/div>\n<div class=\"row large-up-1 nbloc-1\">\n<div class=\"column zn-textblock-col\">\n<div class=\"column-inner\">\n<div class=\"wig-content mw-content\">\n<p><iframe loading=\"lazy\" title=\"The KM0 Mulhouse ecosystem - Industry &amp; Digital\" width=\"500\" height=\"281\" src=\"https:\/\/www.youtube.com\/embed\/INDdqRfC0C8?feature=oembed&amp;modestbranding=1&amp;showinfo=0&amp;rel=0&amp;cc_load_policy=1&amp;iv_load_policy=3\" frameborder=\"0\" allow=\"accelerometer; autoplay; clipboard-write; encrypted-media; gyroscope; picture-in-picture\" allowfullscreen=\"\"><\/iframe><\/p>\n<\/p><\/div>\n<\/p><\/div>\n<\/p><\/div>\n<\/p><\/div>\n<\/p><\/div>\n<\/p><\/div>\n<\/p><\/div>\n<\/div>\n<p><!-- \/flzn:zn_textblock --><br \/>\n<!-- flzn:zn_textblock --><\/p>\n<div id=\"flzn-textblock-6\" class=\"zn zone zn-textblock\">\n<div class=\"zone-block zn-textblock-block alignwide va-top\">\n<div class=\"row mw-content-zone \">\n<div class=\"columns large-12\">\n<div class=\"zn-textblock-titlebox\">\n<h2 class=\"zone-title zn-textblock-title\">\n  Patrick Rein and G\u00e9rald Cohen present KM\u00d8&nbsp;:  <\/h2>\n<\/p><\/div>\n<div class=\"row large-up-1 nbloc-1\">\n<div class=\"column zn-textblock-col\">\n<div class=\"column-inner\">\n<div class=\"wig-content mw-content\">\n<p><iframe loading=\"lazy\" title=\"Welcome to KM\u00d8! Opening in January 2019\" width=\"500\" height=\"281\" src=\"https:\/\/www.youtube.com\/embed\/_4C1ghq68P0?feature=oembed&amp;modestbranding=1&amp;showinfo=0&amp;rel=0&amp;cc_load_policy=1&amp;iv_load_policy=3\" frameborder=\"0\" allow=\"accelerometer; autoplay; clipboard-write; encrypted-media; gyroscope; picture-in-picture\" allowfullscreen=\"\"><\/iframe><\/p>\n<\/p><\/div>\n<\/p><\/div>\n<\/p><\/div>\n<\/p><\/div>\n<\/p><\/div>\n<\/p><\/div>\n<\/p><\/div>\n<\/div>\n<p><!-- \/flzn:zn_textblock --><br \/>\n<!-- flzn:zn_textblock --><\/p>\n<div id=\"flzn-textblock-7\" class=\"zn zone zn-textblock\">\n<div class=\"zone-block zn-textblock-block alignwide va-top\">\n<div class=\"row mw-content-zone \">\n<div class=\"columns large-12\">\n<div class=\"zn-textblock-titlebox\">\n<h2 class=\"zone-title zn-textblock-title\">\n  The Teaser  <\/h2>\n<\/p><\/div>\n<div class=\"row large-up-1 nbloc-1\">\n<div class=\"column zn-textblock-col\">\n<div class=\"column-inner\">\n<div class=\"wig-content mw-content\">\n<p><iframe loading=\"lazy\" title=\"KM\u00d8 Mulhouse - The Teaser (KM0)\" width=\"500\" height=\"281\" src=\"https:\/\/www.youtube.com\/embed\/djoVYuIUmjg?feature=oembed&amp;modestbranding=1&amp;showinfo=0&amp;rel=0&amp;cc_load_policy=1&amp;iv_load_policy=3\" frameborder=\"0\" allow=\"accelerometer; autoplay; clipboard-write; encrypted-media; gyroscope; picture-in-picture\" allowfullscreen=\"\"><\/iframe><\/p>\n<\/p><\/div>\n<\/p><\/div>\n<\/p><\/div>\n<\/p><\/div>\n<\/p><\/div>\n<\/p><\/div>\n<\/p><\/div>\n<\/div>\n<p><!-- \/flzn:zn_textblock --><\/p>\n","protected":false},"excerpt":{"rendered":"<p>KM\u00d8 in 2023&nbsp;: The KM\u00d8 Innovation Place https:\/\/www.km0.info\/wp-inside\/uploads\/2023\/04\/untitled.mp4 KM\u00d8 in 2022&nbsp;: The interview of the KM\u00d8 &#8220;concierge The KM\u00d8 Innovation Place Patrick Rein and G\u00e9rald Cohen present KM\u00d8&nbsp;: The Teaser<\/p>\n","protected":false},"author":5,"featured_media":0,"parent":8832,"menu_order":102,"comment_status":"closed","ping_status":"closed","template":"","meta":{"_acf_changed":false,"footnotes":""},"class_list":["post-8840","page","type-page","status-publish","hentry","wp-sticky"],"acf":[],"yoast_head":"<!-- This site is optimized with the Yoast SEO plugin v27.5 - https:\/\/yoast.com\/product\/yoast-seo-wordpress\/ -->\n<title>KM\u00d8 in video<\/title>\n<meta name=\"robots\" content=\"index, follow, max-snippet:-1, max-image-preview:large, max-video-preview:-1\" \/>\n<link rel=\"canonical\" href=\"https:\/\/www.km0.info\/en\/kmo\/discover-the-kmo-in-video\/\" \/>\n<meta property=\"og:locale\" content=\"en_US\" \/>\n<meta property=\"og:type\" content=\"article\" \/>\n<meta property=\"og:title\" content=\"KM\u00d8 in video\" \/>\n<meta property=\"og:description\" content=\"KM\u00d8 in 2023&nbsp;: The KM\u00d8 Innovation Place https:\/\/www.km0.info\/wp-inside\/uploads\/2023\/04\/untitled.mp4 KM\u00d8 in 2022&nbsp;: The interview of the KM\u00d8 &#8220;concierge The KM\u00d8 Innovation Place Patrick Rein and G\u00e9rald Cohen present KM\u00d8&nbsp;: The Teaser\" \/>\n<meta property=\"og:url\" content=\"https:\/\/www.km0.info\/en\/kmo\/discover-the-kmo-in-video\/\" \/>\n<meta property=\"og:site_name\" content=\"KM\u00d8\" \/>\n<meta property=\"article:modified_time\" content=\"2023-07-05T13:59:07+00:00\" \/>\n<meta property=\"og:image\" content=\"https:\/\/www.km0.info\/wp-inside\/uploads\/2020\/10\/logo-km0-quadri-200x155-1.png\" \/>\n\t<meta property=\"og:image:width\" content=\"200\" \/>\n\t<meta property=\"og:image:height\" content=\"155\" \/>\n\t<meta property=\"og:image:type\" content=\"image\/png\" \/>\n<meta name=\"twitter:card\" content=\"summary_large_image\" \/>\n<script type=\"application\/ld+json\" class=\"yoast-schema-graph\">{\"@context\":\"https:\\\/\\\/schema.org\",\"@graph\":[{\"@type\":\"WebPage\",\"@id\":\"https:\\\/\\\/www.km0.info\\\/en\\\/kmo\\\/discover-the-kmo-in-video\\\/\",\"url\":\"https:\\\/\\\/www.km0.info\\\/en\\\/kmo\\\/discover-the-kmo-in-video\\\/\",\"name\":\"KM\u00d8 in video\",\"isPartOf\":{\"@id\":\"https:\\\/\\\/www.km0.info\\\/en\\\/#website\"},\"datePublished\":\"2022-12-13T08:32:08+00:00\",\"dateModified\":\"2023-07-05T13:59:07+00:00\",\"breadcrumb\":{\"@id\":\"https:\\\/\\\/www.km0.info\\\/en\\\/kmo\\\/discover-the-kmo-in-video\\\/#breadcrumb\"},\"inLanguage\":\"en-US\",\"potentialAction\":[{\"@type\":\"ReadAction\",\"target\":[\"https:\\\/\\\/www.km0.info\\\/en\\\/kmo\\\/discover-the-kmo-in-video\\\/\"]}]},{\"@type\":\"BreadcrumbList\",\"@id\":\"https:\\\/\\\/www.km0.info\\\/en\\\/kmo\\\/discover-the-kmo-in-video\\\/#breadcrumb\",\"itemListElement\":[{\"@type\":\"ListItem\",\"position\":1,\"name\":\"Accueil\",\"item\":\"https:\\\/\\\/www.km0.info\\\/en\\\/\"},{\"@type\":\"ListItem\",\"position\":2,\"name\":\"KM\u00d8\",\"item\":\"https:\\\/\\\/www.km0.info\\\/en\\\/kmo\\\/\"},{\"@type\":\"ListItem\",\"position\":3,\"name\":\"KM\u00d8 in video\"}]},{\"@type\":\"WebSite\",\"@id\":\"https:\\\/\\\/www.km0.info\\\/en\\\/#website\",\"url\":\"https:\\\/\\\/www.km0.info\\\/en\\\/\",\"name\":\"KM\u00d8\",\"description\":\"Lieu d&#039;innovation d\u00e9di\u00e9 \u00e0 la transformation digitale de l&#039;industrie\",\"publisher\":{\"@id\":\"https:\\\/\\\/www.km0.info\\\/en\\\/#organization\"},\"potentialAction\":[{\"@type\":\"SearchAction\",\"target\":{\"@type\":\"EntryPoint\",\"urlTemplate\":\"https:\\\/\\\/www.km0.info\\\/en\\\/?s={search_term_string}\"},\"query-input\":{\"@type\":\"PropertyValueSpecification\",\"valueRequired\":true,\"valueName\":\"search_term_string\"}}],\"inLanguage\":\"en-US\"},{\"@type\":\"Organization\",\"@id\":\"https:\\\/\\\/www.km0.info\\\/en\\\/#organization\",\"name\":\"KM\u00d8\",\"url\":\"https:\\\/\\\/www.km0.info\\\/en\\\/\",\"logo\":{\"@type\":\"ImageObject\",\"inLanguage\":\"en-US\",\"@id\":\"https:\\\/\\\/www.km0.info\\\/en\\\/#\\\/schema\\\/logo\\\/image\\\/\",\"url\":\"https:\\\/\\\/www.km0.info\\\/wp-inside\\\/uploads\\\/2020\\\/10\\\/logo-km0-quadri-200x155-1.png\",\"contentUrl\":\"https:\\\/\\\/www.km0.info\\\/wp-inside\\\/uploads\\\/2020\\\/10\\\/logo-km0-quadri-200x155-1.png\",\"width\":200,\"height\":155,\"caption\":\"KM\u00d8\"},\"image\":{\"@id\":\"https:\\\/\\\/www.km0.info\\\/en\\\/#\\\/schema\\\/logo\\\/image\\\/\"}}]}<\/script>\n<!-- \/ Yoast SEO plugin. -->","yoast_head_json":{"title":"KM\u00d8 in video","robots":{"index":"index","follow":"follow","max-snippet":"max-snippet:-1","max-image-preview":"max-image-preview:large","max-video-preview":"max-video-preview:-1"},"canonical":"https:\/\/www.km0.info\/en\/kmo\/discover-the-kmo-in-video\/","og_locale":"en_US","og_type":"article","og_title":"KM\u00d8 in video","og_description":"KM\u00d8 in 2023&nbsp;: The KM\u00d8 Innovation Place https:\/\/www.km0.info\/wp-inside\/uploads\/2023\/04\/untitled.mp4 KM\u00d8 in 2022&nbsp;: The interview of the KM\u00d8 &#8220;concierge The KM\u00d8 Innovation Place Patrick Rein and G\u00e9rald Cohen present KM\u00d8&nbsp;: The Teaser","og_url":"https:\/\/www.km0.info\/en\/kmo\/discover-the-kmo-in-video\/","og_site_name":"KM\u00d8","article_modified_time":"2023-07-05T13:59:07+00:00","og_image":[{"width":200,"height":155,"url":"https:\/\/www.km0.info\/wp-inside\/uploads\/2020\/10\/logo-km0-quadri-200x155-1.png","type":"image\/png"}],"twitter_card":"summary_large_image","schema":{"@context":"https:\/\/schema.org","@graph":[{"@type":"WebPage","@id":"https:\/\/www.km0.info\/en\/kmo\/discover-the-kmo-in-video\/","url":"https:\/\/www.km0.info\/en\/kmo\/discover-the-kmo-in-video\/","name":"KM\u00d8 in video","isPartOf":{"@id":"https:\/\/www.km0.info\/en\/#website"},"datePublished":"2022-12-13T08:32:08+00:00","dateModified":"2023-07-05T13:59:07+00:00","breadcrumb":{"@id":"https:\/\/www.km0.info\/en\/kmo\/discover-the-kmo-in-video\/#breadcrumb"},"inLanguage":"en-US","potentialAction":[{"@type":"ReadAction","target":["https:\/\/www.km0.info\/en\/kmo\/discover-the-kmo-in-video\/"]}]},{"@type":"BreadcrumbList","@id":"https:\/\/www.km0.info\/en\/kmo\/discover-the-kmo-in-video\/#breadcrumb","itemListElement":[{"@type":"ListItem","position":1,"name":"Accueil","item":"https:\/\/www.km0.info\/en\/"},{"@type":"ListItem","position":2,"name":"KM\u00d8","item":"https:\/\/www.km0.info\/en\/kmo\/"},{"@type":"ListItem","position":3,"name":"KM\u00d8 in video"}]},{"@type":"WebSite","@id":"https:\/\/www.km0.info\/en\/#website","url":"https:\/\/www.km0.info\/en\/","name":"KM\u00d8","description":"Lieu d&#039;innovation d\u00e9di\u00e9 \u00e0 la transformation digitale de l&#039;industrie","publisher":{"@id":"https:\/\/www.km0.info\/en\/#organization"},"potentialAction":[{"@type":"SearchAction","target":{"@type":"EntryPoint","urlTemplate":"https:\/\/www.km0.info\/en\/?s={search_term_string}"},"query-input":{"@type":"PropertyValueSpecification","valueRequired":true,"valueName":"search_term_string"}}],"inLanguage":"en-US"},{"@type":"Organization","@id":"https:\/\/www.km0.info\/en\/#organization","name":"KM\u00d8","url":"https:\/\/www.km0.info\/en\/","logo":{"@type":"ImageObject","inLanguage":"en-US","@id":"https:\/\/www.km0.info\/en\/#\/schema\/logo\/image\/","url":"https:\/\/www.km0.info\/wp-inside\/uploads\/2020\/10\/logo-km0-quadri-200x155-1.png","contentUrl":"https:\/\/www.km0.info\/wp-inside\/uploads\/2020\/10\/logo-km0-quadri-200x155-1.png","width":200,"height":155,"caption":"KM\u00d8"},"image":{"@id":"https:\/\/www.km0.info\/en\/#\/schema\/logo\/image\/"}}]}},"_links":{"self":[{"href":"https:\/\/www.km0.info\/en\/wp-json\/wp\/v2\/pages\/8840","targetHints":{"allow":["GET"]}}],"collection":[{"href":"https:\/\/www.km0.info\/en\/wp-json\/wp\/v2\/pages"}],"about":[{"href":"https:\/\/www.km0.info\/en\/wp-json\/wp\/v2\/types\/page"}],"author":[{"embeddable":true,"href":"https:\/\/www.km0.info\/en\/wp-json\/wp\/v2\/users\/5"}],"replies":[{"embeddable":true,"href":"https:\/\/www.km0.info\/en\/wp-json\/wp\/v2\/comments?post=8840"}],"version-history":[{"count":5,"href":"https:\/\/www.km0.info\/en\/wp-json\/wp\/v2\/pages\/8840\/revisions"}],"predecessor-version":[{"id":10100,"href":"https:\/\/www.km0.info\/en\/wp-json\/wp\/v2\/pages\/8840\/revisions\/10100"}],"up":[{"embeddable":true,"href":"https:\/\/www.km0.info\/en\/wp-json\/wp\/v2\/pages\/8832"}],"wp:attachment":[{"href":"https:\/\/www.km0.info\/en\/wp-json\/wp\/v2\/media?parent=8840"}],"curies":[{"name":"wp","href":"https:\/\/api.w.org\/{rel}","templated":true}]}}