{"id":8838,"date":"2022-12-13T09:32:04","date_gmt":"2022-12-13T08:32:04","guid":{"rendered":"https:\/\/www.km0.info\/legal-information\/"},"modified":"2023-02-21T13:59:07","modified_gmt":"2023-02-21T12:59:07","slug":"legal-information","status":"publish","type":"page","link":"https:\/\/www.km0.info\/en\/legal-information\/","title":{"rendered":"Legal information"},"content":{"rendered":"<p><!-- flzn:zn_textblock --><\/p>\n<div id=\"flzn-textblock-1\" class=\"zn zone zn-textblock\">\n<div class=\"zone-block zn-textblock-block pdd-top-off alignwide va-top\">\n<div class=\"row mw-content-zone \">\n<div class=\"columns large-12\">\n<div class=\"row large-up-1 nbloc-1\">\n<div class=\"column zn-textblock-col\">\n<div class=\"column-inner\">\n<div class=\"wig-content mw-content\">\n<h2>About the site<\/h2>\n<p>You are currently connected to <strong>www.km0.info.<\/strong><br \/>\nAll data and information on the website <strong>www.km0.info<\/strong> are made available to the public by KM\u00d8.<br \/>\nBy visiting the website <strong>www.km0.info,<\/strong> you agree to accept the terms and conditions contained in this notice.<\/p>\n<h2>Publisher<\/h2>\n<p><strong>KM\u00d8<\/strong><br \/>\nHead office&nbsp;: 30 rue Fran\u00e7ois Spoerry &#8211; 68100 Mulhouse (France)<\/p>\n<p>Events &#8211; Fabienne Buhler&nbsp;: +33 (0)3 89 46 51 14<\/p>\n<p><strong>Director of the publication&nbsp;:<\/strong> Olivier Zeller<\/p>\n<h2>Hosting<\/h2>\n<p><strong>OVH<\/strong><br \/>\nRCS Lille Metropole 424 761 419 00045<br \/>\nCode APE 2620Z<br \/>\nVAT NUMBER&nbsp;: FR 22 424 761 419<br \/>\nHead office&nbsp;: 2 rue Kellermann &#8211; 59100 Roubaix &#8211; France<\/p>\n<h2>Graphic charter, design &amp; promotion of the site<\/h2>\n<p><strong>First Place<\/strong><br \/>\nSAS with a capital of 4 860,00 \u20ac.<br \/>\nHead office&nbsp;: 30 rue Fran\u00e7ois Spoerry &#8211; 68100 Mulhouse &#8211; France<br \/>\nTel.&nbsp;: +33 (0) 3 89 60 71 61<br \/>\ncontact@premiere.place<br \/>\nRCS Mulhouse 489 995 985<br \/>\nVAT NUMBER&nbsp;: FR 12 489 995 985<br \/>\n<strong><a href=\"https:\/\/www.premiere.place\/\" target=\"_blank\" rel=\"noopener noreferrer\">www.premiere.place<\/a><\/strong><\/p>\n<h2>Photographer<\/h2>\n<p><strong>Jean-Claude Figenwald<\/strong><br \/>\n12 Beauregard Street<br \/>\n75002 Paris<br \/>\n<strong><a href=\"https:\/\/www.jeanclaudefigenwald.com\/\" target=\"_blank\" rel=\"noopener noreferrer\">www.jeanclaudefigenwald.com<\/a><\/strong><\/p>\n<h2>Photographer, videographer<\/h2>\n<p><strong>Mehdi Boswingel<\/strong><br \/>\n<strong><a href=\"http:\/\/mehdiboswingel.com\/\" target=\"_blank\" rel=\"noopener noreferrer\">mehdiboswingel.com<\/a><\/strong><\/p>\n<h2>Protection of personal data<\/h2>\n<p>KM\u00d8 attaches particular importance to the privacy of Internet users and is committed to protecting their personal data in accordance with current French and European legislation. No personal data is requested from visitors to enable them to consult the website <strong>www.km0.info.<\/strong><\/p>\n<p>Each form on the site restricts the collection of personal data to what is strictly necessary and systematically indicates&nbsp;:<\/p>\n<ul>\n<li>the purposes for which personal data is collected<\/li>\n<li>whether the data is mandatory or optional<\/li>\n<li>the recipient(s) of the data collected<\/li>\n<li>the length of time the data collected is kept<\/li>\n<li>your rights to information technology and civil liberties and how to exercise them<\/li>\n<\/ul>\n<p>On each form on the site <strong>www.km0.info,<\/strong> one or more checkboxes allow you to give your explicit consent to the collection and processing of the personal data requested. This allows KM\u00d8 to ensure that the personal data transmitted to it can indeed be used for the purpose(s) explicitly stated on the form and accepted by the Internet user. Each box checked corresponds to a particular purpose of personal data processing and will serve as legal proof of the Internet user&#8217;s consent.<\/p>\n<p>KM\u00d8 will not use these personal data for any other purpose than the one(s) explicitly announced on the form and accepted by the Internet user. Likewise, these personal data cannot be transmitted or transferred to third parties without an explicit mention of this possibility on the form.<\/p>\n<p>In accordance with the General Data Protection Regulation of April 27, 2016 and the law &#8221;&nbsp;Informatique et Libert\u00e9s&nbsp;&#8221; of January 6, 1978 modified, you have a right of access, rectification and opposition for just reasons in relation to the data that concern you. To exercise this right, you can contact KM\u00d8 via the <strong><br \/>\n  <a href=\"https:\/\/www.km0.info\/en\/lets-get-in-touch\/\">contact form<\/a><br \/>\n<\/strong> of the site, or by mail at the following address&nbsp;:<\/p>\n<p>KM\u00d8<br \/>\n30 Fran\u00e7ois Spoerry Street<br \/>\n68100 Mulhouse (France)<\/p>\n<p>The personal data collected on the site <strong>www.km0.info<\/strong> are processed according to secure protocols that considerably limit the risks of interception or recovery by third parties. However, please be careful not to disclose unnecessary or sensitive personal information when using our forms. If you wish to send us such information, please use the postal service.<\/p>\n<p>Any complaint related to the use of your personal data should be submitted to the CNIL, <strong><br \/>\n  <a href=\"https:\/\/www.cnil.fr\" target=\"_blank\" rel=\"noopener noreferrer\">www.cnil.fr<\/a><br \/>\n<\/strong> or 3 place de Fontenoy TSA 80715 75334 Paris cedex 07.<\/p>\n<h2>Cookies<\/h2>\n<p>The <strong>www.km0.info<\/strong> website uses cookies. These are small files downloaded to your computer that allow the site to function smoothly and securely (session and security cookies) and record information about how our visitors use our site (tracking cookies). This allows us to know, for example, which pages our visitors visit the most and how long they spend on our site.<\/p>\n<p>By configuring your browser, you have the option of disabling cookies or being alerted when cookies are about to be downloaded to your computer. However, disabling all cookies may prevent you from properly using all the features of this site. &nbsp;We therefore give you the option to disable tracking cookies only, which will not interfere with your browsing experience (see &#8221;&nbsp;Cookie settings&#8221; below).<\/p>\n<h3>Google Analytics<\/h3>\n<p>This website uses the web analysis service Google Analytics. This allows us to analyze how users use our site in order to provide them with a better browsing experience. To do this, Google Analytics uses tracking cookies to follow the path of an Internet user on the site. These cookies are kept for a period of 13 months.<\/p>\n<p>We have enabled IP address anonymization for this site. This means that the IP addresses collected by Google Analytics are systematically shortened to make it impossible to identify the users. In exceptional cases, the full IP address may be transferred to a Google server in the USA and then immediately shortened there. Google uses the information collected via cookies on behalf of KM\u00d8, in order to analyze the surfing habits of the visitors and to provide reports on the activity of the site.<\/p>\n<p>Google provides users with a browser plug-in that allows them to prevent the collection of data about their navigation on websites using Google Analytics.<br \/>\nThis plug-in is available at this address&nbsp;: <strong><br \/>\n  <a href=\"https:\/\/tools.google.com\/dlpage\/gaoptout?hl=fr\" target=\"_blank\" rel=\"noopener noreferrer\">tools.google.com\/dlpage\/gaoptout<\/a><br \/>\n<\/strong><\/p>\n<h3>Google Remarketing<\/h3>\n<p>This site may use the Google Remarketing service, which allows to offer to the Internet users advertisements targeted according to the sites visited in the Google ad network. In particular, this allows us to use your browsing data on this site to serve you targeted ads when you visit other sites in the Google network. You have the possibility to disable this feature via the following link&nbsp;: <strong><br \/>\n  <a href=\"https:\/\/adssettings.google.com\/\" target=\"_blank\" rel=\"noopener noreferrer\">adssettings.google.com<\/a><br \/>\n<\/strong><\/p>\n<p>If you have a Google Account and are signed in to it while visiting our site, and if you have given Google permission to link your browsing history to your Google Account and to use that history to personalize ads, Google will link the browsing data collected through Google Analytics to your Google Account. If you use your Google Account on multiple devices, our ads may appear on those other devices. Although Google collects data on this site related to the use of Google Accounts, KM\u00d8 can in no way infer the identity of users of Google Accounts visiting the site.<\/p>\n<p>For more information about how Google collects and uses this data, please see Google&#8217;s privacy policy&nbsp;: <strong><br \/>\n  <a href=\"https:\/\/policies.google.com\/privacy\" target=\"_blank\" rel=\"noopener noreferrer\">policies.google.com\/privacy<\/a><br \/>\n<\/strong><\/p>\n<h3>Setting cookies<\/h3>\n<p>Here you can change your cookie settings for this site&nbsp;:<\/p>\n<div class=\"skp-rgpd-cookie-form\">\n<div class=\"cookie-options\"> <label> <input checked name=\"skp-rgpd-cookie\" type=\"radio\" value=\"1\"> <strong>All tracking cookies are enabled<\/strong> <\/label> <label> <input name=\"skp-rgpd-cookie\" type=\"radio\" value=\"2\"> <strong>All tracking cookies are disabled<\/strong> <\/label> <\/div>\n<div class=\"cookie-submit\"><a class=\"skp-rgpd-cookie-save\" href=\"https:\/\/www.km0.info\/en\/legal-information\/#\">Save<\/a><\/div>\n<\/div>\n<p>For more information on cookies and how to manage them, we recommend that you consult the site <strong><br \/>\n  <a href=\"https:\/\/www.youronlinechoices.com\/fr\/\" target=\"_blank\" rel=\"noopener noreferrer\">www.youronlinechoices.com<\/a><br \/>\n<\/strong>developed by the European Interactive Digital Advertising Alliance (EDAA).<\/p>\n<h2>Intellectual Property<\/h2>\n<p>This entire site is subject to French and international legislation on copyright and intellectual property. All reproduction rights are reserved, including for downloadable documents and iconographic and photographic representations as well as animated sequences.<\/p>\n<p>Any reproduction or representation, in whole or in part, by any means whatsoever of the content of the site <strong>www.km0.info,<\/strong> made without the express authorization of KM\u00d8 is illegal and constitutes an infringement.<\/p>\n<p>Any use of information from the <strong>www.km0.info<\/strong> website must mention the source of the information. The internet address of the site <strong>www.km0.info<\/strong> must be included in the reference.<\/p>\n<p>The brands mentioned on this site are registered by the companies that own them.<\/p>\n<h2>Responsibility<\/h2>\n<p>KM\u00d8 is not responsible for the content and the environment of external sites to which the <strong>www.km0.info<\/strong> site may refer (in particular through hypertext links).<\/p>\n<p>The setting up of hypertext links by third parties to pages or documents of the site <strong>www.km0.info<\/strong> is authorized provided that the links do not contravene the interests of KM\u00d8 and that they guarantee the possibility for the user to identify the origin and the author of the document.<\/p>\n<p>KM\u00d8 cannot be held responsible in any way for the content of the information on this site or for the consequences that may result from its use or interpretation.<\/p>\n<p>The consultation of the site <strong>www.km0.info<\/strong> presupposes that the Internet user accepts the terms and conditions specified above.<\/p>\n<\/p><\/div>\n<\/p><\/div>\n<\/p><\/div>\n<\/p><\/div>\n<\/p><\/div>\n<\/p><\/div>\n<\/p><\/div>\n<\/div>\n<p><!-- \/flzn:zn_textblock --><\/p>\n","protected":false},"excerpt":{"rendered":"<p>About the site You are currently connected to www.km0.info. All data and information on the website www.km0.info are made available to the public by KM\u00d8. By visiting the website www.km0.info, [&hellip;]<\/p>\n","protected":false},"author":2,"featured_media":0,"parent":0,"menu_order":82,"comment_status":"closed","ping_status":"closed","template":"","meta":{"_acf_changed":false,"footnotes":""},"class_list":["post-8838","page","type-page","status-publish","hentry","wp-sticky"],"acf":[],"yoast_head":"<!-- This site is optimized with the Yoast SEO plugin v27.4 - https:\/\/yoast.com\/product\/yoast-seo-wordpress\/ -->\n<title>Legal information<\/title>\n<meta name=\"robots\" content=\"index, follow, max-snippet:-1, max-image-preview:large, max-video-preview:-1\" \/>\n<link rel=\"canonical\" href=\"https:\/\/www.km0.info\/en\/legal-information\/\" \/>\n<meta property=\"og:locale\" content=\"en_US\" \/>\n<meta property=\"og:type\" content=\"article\" \/>\n<meta property=\"og:title\" content=\"Legal information\" \/>\n<meta property=\"og:description\" content=\"About the site You are currently connected to www.km0.info. All data and information on the website www.km0.info are made available to the public by KM\u00d8. By visiting the website www.km0.info, [&hellip;]\" \/>\n<meta property=\"og:url\" content=\"https:\/\/www.km0.info\/en\/legal-information\/\" \/>\n<meta property=\"og:site_name\" content=\"KM\u00d8\" \/>\n<meta property=\"article:modified_time\" content=\"2023-02-21T12:59:07+00:00\" \/>\n<meta property=\"og:image\" content=\"https:\/\/www.km0.info\/wp-inside\/uploads\/2020\/10\/logo-km0-quadri-200x155-1.png\" \/>\n\t<meta property=\"og:image:width\" content=\"200\" \/>\n\t<meta property=\"og:image:height\" content=\"155\" \/>\n\t<meta property=\"og:image:type\" content=\"image\/png\" \/>\n<meta name=\"twitter:card\" content=\"summary_large_image\" \/>\n<meta name=\"twitter:label1\" content=\"Est. reading time\" \/>\n\t<meta name=\"twitter:data1\" content=\"7 minutes\" \/>\n<script type=\"application\/ld+json\" class=\"yoast-schema-graph\">{\"@context\":\"https:\\\/\\\/schema.org\",\"@graph\":[{\"@type\":\"WebPage\",\"@id\":\"https:\\\/\\\/www.km0.info\\\/en\\\/legal-information\\\/\",\"url\":\"https:\\\/\\\/www.km0.info\\\/en\\\/legal-information\\\/\",\"name\":\"Legal information\",\"isPartOf\":{\"@id\":\"https:\\\/\\\/www.km0.info\\\/en\\\/#website\"},\"datePublished\":\"2022-12-13T08:32:04+00:00\",\"dateModified\":\"2023-02-21T12:59:07+00:00\",\"breadcrumb\":{\"@id\":\"https:\\\/\\\/www.km0.info\\\/en\\\/legal-information\\\/#breadcrumb\"},\"inLanguage\":\"en-US\",\"potentialAction\":[{\"@type\":\"ReadAction\",\"target\":[\"https:\\\/\\\/www.km0.info\\\/en\\\/legal-information\\\/\"]}]},{\"@type\":\"BreadcrumbList\",\"@id\":\"https:\\\/\\\/www.km0.info\\\/en\\\/legal-information\\\/#breadcrumb\",\"itemListElement\":[{\"@type\":\"ListItem\",\"position\":1,\"name\":\"Accueil\",\"item\":\"https:\\\/\\\/www.km0.info\\\/en\\\/\"},{\"@type\":\"ListItem\",\"position\":2,\"name\":\"Legal information\"}]},{\"@type\":\"WebSite\",\"@id\":\"https:\\\/\\\/www.km0.info\\\/en\\\/#website\",\"url\":\"https:\\\/\\\/www.km0.info\\\/en\\\/\",\"name\":\"KM\u00d8\",\"description\":\"Lieu d&#039;innovation d\u00e9di\u00e9 \u00e0 la transformation digitale de l&#039;industrie\",\"publisher\":{\"@id\":\"https:\\\/\\\/www.km0.info\\\/en\\\/#organization\"},\"potentialAction\":[{\"@type\":\"SearchAction\",\"target\":{\"@type\":\"EntryPoint\",\"urlTemplate\":\"https:\\\/\\\/www.km0.info\\\/en\\\/?s={search_term_string}\"},\"query-input\":{\"@type\":\"PropertyValueSpecification\",\"valueRequired\":true,\"valueName\":\"search_term_string\"}}],\"inLanguage\":\"en-US\"},{\"@type\":\"Organization\",\"@id\":\"https:\\\/\\\/www.km0.info\\\/en\\\/#organization\",\"name\":\"KM\u00d8\",\"url\":\"https:\\\/\\\/www.km0.info\\\/en\\\/\",\"logo\":{\"@type\":\"ImageObject\",\"inLanguage\":\"en-US\",\"@id\":\"https:\\\/\\\/www.km0.info\\\/en\\\/#\\\/schema\\\/logo\\\/image\\\/\",\"url\":\"https:\\\/\\\/www.km0.info\\\/wp-inside\\\/uploads\\\/2020\\\/10\\\/logo-km0-quadri-200x155-1.png\",\"contentUrl\":\"https:\\\/\\\/www.km0.info\\\/wp-inside\\\/uploads\\\/2020\\\/10\\\/logo-km0-quadri-200x155-1.png\",\"width\":200,\"height\":155,\"caption\":\"KM\u00d8\"},\"image\":{\"@id\":\"https:\\\/\\\/www.km0.info\\\/en\\\/#\\\/schema\\\/logo\\\/image\\\/\"}}]}<\/script>\n<!-- \/ Yoast SEO plugin. -->","yoast_head_json":{"title":"Legal information","robots":{"index":"index","follow":"follow","max-snippet":"max-snippet:-1","max-image-preview":"max-image-preview:large","max-video-preview":"max-video-preview:-1"},"canonical":"https:\/\/www.km0.info\/en\/legal-information\/","og_locale":"en_US","og_type":"article","og_title":"Legal information","og_description":"About the site You are currently connected to www.km0.info. All data and information on the website www.km0.info are made available to the public by KM\u00d8. By visiting the website www.km0.info, [&hellip;]","og_url":"https:\/\/www.km0.info\/en\/legal-information\/","og_site_name":"KM\u00d8","article_modified_time":"2023-02-21T12:59:07+00:00","og_image":[{"width":200,"height":155,"url":"https:\/\/www.km0.info\/wp-inside\/uploads\/2020\/10\/logo-km0-quadri-200x155-1.png","type":"image\/png"}],"twitter_card":"summary_large_image","twitter_misc":{"Est. reading time":"7 minutes"},"schema":{"@context":"https:\/\/schema.org","@graph":[{"@type":"WebPage","@id":"https:\/\/www.km0.info\/en\/legal-information\/","url":"https:\/\/www.km0.info\/en\/legal-information\/","name":"Legal information","isPartOf":{"@id":"https:\/\/www.km0.info\/en\/#website"},"datePublished":"2022-12-13T08:32:04+00:00","dateModified":"2023-02-21T12:59:07+00:00","breadcrumb":{"@id":"https:\/\/www.km0.info\/en\/legal-information\/#breadcrumb"},"inLanguage":"en-US","potentialAction":[{"@type":"ReadAction","target":["https:\/\/www.km0.info\/en\/legal-information\/"]}]},{"@type":"BreadcrumbList","@id":"https:\/\/www.km0.info\/en\/legal-information\/#breadcrumb","itemListElement":[{"@type":"ListItem","position":1,"name":"Accueil","item":"https:\/\/www.km0.info\/en\/"},{"@type":"ListItem","position":2,"name":"Legal information"}]},{"@type":"WebSite","@id":"https:\/\/www.km0.info\/en\/#website","url":"https:\/\/www.km0.info\/en\/","name":"KM\u00d8","description":"Lieu d&#039;innovation d\u00e9di\u00e9 \u00e0 la transformation digitale de l&#039;industrie","publisher":{"@id":"https:\/\/www.km0.info\/en\/#organization"},"potentialAction":[{"@type":"SearchAction","target":{"@type":"EntryPoint","urlTemplate":"https:\/\/www.km0.info\/en\/?s={search_term_string}"},"query-input":{"@type":"PropertyValueSpecification","valueRequired":true,"valueName":"search_term_string"}}],"inLanguage":"en-US"},{"@type":"Organization","@id":"https:\/\/www.km0.info\/en\/#organization","name":"KM\u00d8","url":"https:\/\/www.km0.info\/en\/","logo":{"@type":"ImageObject","inLanguage":"en-US","@id":"https:\/\/www.km0.info\/en\/#\/schema\/logo\/image\/","url":"https:\/\/www.km0.info\/wp-inside\/uploads\/2020\/10\/logo-km0-quadri-200x155-1.png","contentUrl":"https:\/\/www.km0.info\/wp-inside\/uploads\/2020\/10\/logo-km0-quadri-200x155-1.png","width":200,"height":155,"caption":"KM\u00d8"},"image":{"@id":"https:\/\/www.km0.info\/en\/#\/schema\/logo\/image\/"}}]}},"_links":{"self":[{"href":"https:\/\/www.km0.info\/en\/wp-json\/wp\/v2\/pages\/8838","targetHints":{"allow":["GET"]}}],"collection":[{"href":"https:\/\/www.km0.info\/en\/wp-json\/wp\/v2\/pages"}],"about":[{"href":"https:\/\/www.km0.info\/en\/wp-json\/wp\/v2\/types\/page"}],"author":[{"embeddable":true,"href":"https:\/\/www.km0.info\/en\/wp-json\/wp\/v2\/users\/2"}],"replies":[{"embeddable":true,"href":"https:\/\/www.km0.info\/en\/wp-json\/wp\/v2\/comments?post=8838"}],"version-history":[{"count":1,"href":"https:\/\/www.km0.info\/en\/wp-json\/wp\/v2\/pages\/8838\/revisions"}],"predecessor-version":[{"id":9283,"href":"https:\/\/www.km0.info\/en\/wp-json\/wp\/v2\/pages\/8838\/revisions\/9283"}],"wp:attachment":[{"href":"https:\/\/www.km0.info\/en\/wp-json\/wp\/v2\/media?parent=8838"}],"curies":[{"name":"wp","href":"https:\/\/api.w.org\/{rel}","templated":true}]}}