{"id":8830,"date":"2022-12-13T09:31:59","date_gmt":"2022-12-13T08:31:59","guid":{"rendered":"https:\/\/www.km0.info\/setting-up-a-project\/"},"modified":"2025-09-24T10:13:14","modified_gmt":"2025-09-24T08:13:14","slug":"setting-up-a-project","status":"publish","type":"page","link":"https:\/\/www.km0.info\/en\/setting-up-a-project\/","title":{"rendered":"Setting up a project"},"content":{"rendered":"<p>Get your project off the ground at KM\u00d8, the &#8221;&nbsp;kilometer 0&nbsp;&#8221; of all innovations and all possibilities&nbsp;!<\/p>\n<p><!-- flzn:zn_textblock --><\/p>\n<div id=\"flzn-textblock-1\" class=\"zn zone zn-textblock\">\n<div class=\"zone-block zn-textblock-block pdd-top-off pdd-bottom-off alignwide va-top\">\n<div class=\"row mw-content-zone \">\n<div class=\"columns large-12\">\n<div class=\"row large-up-1 nbloc-1\">\n<div class=\"column zn-textblock-col\">\n<div class=\"column-inner\">\n<div class=\"wig-content mw-content\">\n<h2>KM\u00d8 accompanies entrepreneurs and project leaders<\/h2>\n<p>You need&nbsp;:<\/p>\n<ul>\n<li>Ripen your idea&nbsp;: the <strong>SEMIA<\/strong> incubator will accompany you.<\/li>\n<li>Accelerate your startup&nbsp;: the <strong>Village by CA<\/strong> is there&nbsp;!<\/li>\n<\/ul>\n<p>&nbsp;<\/p>\n<\/p><\/div>\n<\/p><\/div>\n<\/p><\/div>\n<\/p><\/div>\n<\/p><\/div>\n<\/p><\/div>\n<\/p><\/div>\n<\/div>\n<p><!-- \/flzn:zn_textblock --><\/p>\n","protected":false},"excerpt":{"rendered":"<p>Get your project off the ground at KM\u00d8, the &#8221;&nbsp;kilometer 0&nbsp;&#8221; of all innovations and all possibilities&nbsp;! KM\u00d8 accompanies entrepreneurs and project leaders You need&nbsp;: Ripen your idea&nbsp;: the SEMIA [&hellip;]<\/p>\n","protected":false},"author":2,"featured_media":0,"parent":0,"menu_order":50,"comment_status":"closed","ping_status":"closed","template":"","meta":{"_acf_changed":false,"footnotes":""},"class_list":["post-8830","page","type-page","status-publish","hentry","wp-sticky"],"acf":[],"yoast_head":"<!-- This site is optimized with the Yoast SEO plugin v27.5 - https:\/\/yoast.com\/product\/yoast-seo-wordpress\/ -->\n<title>Digital project developer Mulhouse, Digital innovation Mulhouse<\/title>\n<meta name=\"description\" content=\"Get your project off the ground at KM\u00d8, the &quot;kilometer 0&quot; of all innovations and all possibilities! KM\u00d8 accompanies entrepreneurs and project leaders.\" \/>\n<meta name=\"robots\" content=\"index, follow, max-snippet:-1, max-image-preview:large, max-video-preview:-1\" \/>\n<link rel=\"canonical\" href=\"https:\/\/www.km0.info\/en\/setting-up-a-project\/\" \/>\n<meta property=\"og:locale\" content=\"en_US\" \/>\n<meta property=\"og:type\" content=\"article\" \/>\n<meta property=\"og:title\" content=\"Digital project developer Mulhouse, Digital innovation Mulhouse\" \/>\n<meta property=\"og:description\" content=\"Get your project off the ground at KM\u00d8, the &quot;kilometer 0&quot; of all innovations and all possibilities! KM\u00d8 accompanies entrepreneurs and project leaders.\" \/>\n<meta property=\"og:url\" content=\"https:\/\/www.km0.info\/en\/setting-up-a-project\/\" \/>\n<meta property=\"og:site_name\" content=\"KM\u00d8\" \/>\n<meta property=\"article:modified_time\" content=\"2025-09-24T08:13:14+00:00\" \/>\n<meta property=\"og:image\" content=\"https:\/\/www.km0.info\/wp-inside\/uploads\/2020\/10\/logo-km0-quadri-200x155-1.png\" \/>\n\t<meta property=\"og:image:width\" content=\"200\" \/>\n\t<meta property=\"og:image:height\" content=\"155\" \/>\n\t<meta property=\"og:image:type\" content=\"image\/png\" \/>\n<meta name=\"twitter:card\" content=\"summary_large_image\" \/>\n<script type=\"application\/ld+json\" class=\"yoast-schema-graph\">{\"@context\":\"https:\\\/\\\/schema.org\",\"@graph\":[{\"@type\":\"WebPage\",\"@id\":\"https:\\\/\\\/www.km0.info\\\/en\\\/setting-up-a-project\\\/\",\"url\":\"https:\\\/\\\/www.km0.info\\\/en\\\/setting-up-a-project\\\/\",\"name\":\"Digital project developer Mulhouse, Digital innovation Mulhouse\",\"isPartOf\":{\"@id\":\"https:\\\/\\\/www.km0.info\\\/en\\\/#website\"},\"datePublished\":\"2022-12-13T08:31:59+00:00\",\"dateModified\":\"2025-09-24T08:13:14+00:00\",\"description\":\"Get your project off the ground at KM\u00d8, the \\\"kilometer 0\\\" of all innovations and all possibilities! KM\u00d8 accompanies entrepreneurs and project leaders.\",\"breadcrumb\":{\"@id\":\"https:\\\/\\\/www.km0.info\\\/en\\\/setting-up-a-project\\\/#breadcrumb\"},\"inLanguage\":\"en-US\",\"potentialAction\":[{\"@type\":\"ReadAction\",\"target\":[\"https:\\\/\\\/www.km0.info\\\/en\\\/setting-up-a-project\\\/\"]}]},{\"@type\":\"BreadcrumbList\",\"@id\":\"https:\\\/\\\/www.km0.info\\\/en\\\/setting-up-a-project\\\/#breadcrumb\",\"itemListElement\":[{\"@type\":\"ListItem\",\"position\":1,\"name\":\"Accueil\",\"item\":\"https:\\\/\\\/www.km0.info\\\/en\\\/\"},{\"@type\":\"ListItem\",\"position\":2,\"name\":\"Setting up a project\"}]},{\"@type\":\"WebSite\",\"@id\":\"https:\\\/\\\/www.km0.info\\\/en\\\/#website\",\"url\":\"https:\\\/\\\/www.km0.info\\\/en\\\/\",\"name\":\"KM\u00d8\",\"description\":\"Lieu d&#039;innovation d\u00e9di\u00e9 \u00e0 la transformation digitale de l&#039;industrie\",\"publisher\":{\"@id\":\"https:\\\/\\\/www.km0.info\\\/en\\\/#organization\"},\"potentialAction\":[{\"@type\":\"SearchAction\",\"target\":{\"@type\":\"EntryPoint\",\"urlTemplate\":\"https:\\\/\\\/www.km0.info\\\/en\\\/?s={search_term_string}\"},\"query-input\":{\"@type\":\"PropertyValueSpecification\",\"valueRequired\":true,\"valueName\":\"search_term_string\"}}],\"inLanguage\":\"en-US\"},{\"@type\":\"Organization\",\"@id\":\"https:\\\/\\\/www.km0.info\\\/en\\\/#organization\",\"name\":\"KM\u00d8\",\"url\":\"https:\\\/\\\/www.km0.info\\\/en\\\/\",\"logo\":{\"@type\":\"ImageObject\",\"inLanguage\":\"en-US\",\"@id\":\"https:\\\/\\\/www.km0.info\\\/en\\\/#\\\/schema\\\/logo\\\/image\\\/\",\"url\":\"https:\\\/\\\/www.km0.info\\\/wp-inside\\\/uploads\\\/2020\\\/10\\\/logo-km0-quadri-200x155-1.png\",\"contentUrl\":\"https:\\\/\\\/www.km0.info\\\/wp-inside\\\/uploads\\\/2020\\\/10\\\/logo-km0-quadri-200x155-1.png\",\"width\":200,\"height\":155,\"caption\":\"KM\u00d8\"},\"image\":{\"@id\":\"https:\\\/\\\/www.km0.info\\\/en\\\/#\\\/schema\\\/logo\\\/image\\\/\"}}]}<\/script>\n<!-- \/ Yoast SEO plugin. -->","yoast_head_json":{"title":"Digital project developer Mulhouse, Digital innovation Mulhouse","description":"Get your project off the ground at KM\u00d8, the \"kilometer 0\" of all innovations and all possibilities! KM\u00d8 accompanies entrepreneurs and project leaders.","robots":{"index":"index","follow":"follow","max-snippet":"max-snippet:-1","max-image-preview":"max-image-preview:large","max-video-preview":"max-video-preview:-1"},"canonical":"https:\/\/www.km0.info\/en\/setting-up-a-project\/","og_locale":"en_US","og_type":"article","og_title":"Digital project developer Mulhouse, Digital innovation Mulhouse","og_description":"Get your project off the ground at KM\u00d8, the \"kilometer 0\" of all innovations and all possibilities! KM\u00d8 accompanies entrepreneurs and project leaders.","og_url":"https:\/\/www.km0.info\/en\/setting-up-a-project\/","og_site_name":"KM\u00d8","article_modified_time":"2025-09-24T08:13:14+00:00","og_image":[{"width":200,"height":155,"url":"https:\/\/www.km0.info\/wp-inside\/uploads\/2020\/10\/logo-km0-quadri-200x155-1.png","type":"image\/png"}],"twitter_card":"summary_large_image","schema":{"@context":"https:\/\/schema.org","@graph":[{"@type":"WebPage","@id":"https:\/\/www.km0.info\/en\/setting-up-a-project\/","url":"https:\/\/www.km0.info\/en\/setting-up-a-project\/","name":"Digital project developer Mulhouse, Digital innovation Mulhouse","isPartOf":{"@id":"https:\/\/www.km0.info\/en\/#website"},"datePublished":"2022-12-13T08:31:59+00:00","dateModified":"2025-09-24T08:13:14+00:00","description":"Get your project off the ground at KM\u00d8, the \"kilometer 0\" of all innovations and all possibilities! KM\u00d8 accompanies entrepreneurs and project leaders.","breadcrumb":{"@id":"https:\/\/www.km0.info\/en\/setting-up-a-project\/#breadcrumb"},"inLanguage":"en-US","potentialAction":[{"@type":"ReadAction","target":["https:\/\/www.km0.info\/en\/setting-up-a-project\/"]}]},{"@type":"BreadcrumbList","@id":"https:\/\/www.km0.info\/en\/setting-up-a-project\/#breadcrumb","itemListElement":[{"@type":"ListItem","position":1,"name":"Accueil","item":"https:\/\/www.km0.info\/en\/"},{"@type":"ListItem","position":2,"name":"Setting up a project"}]},{"@type":"WebSite","@id":"https:\/\/www.km0.info\/en\/#website","url":"https:\/\/www.km0.info\/en\/","name":"KM\u00d8","description":"Lieu d&#039;innovation d\u00e9di\u00e9 \u00e0 la transformation digitale de l&#039;industrie","publisher":{"@id":"https:\/\/www.km0.info\/en\/#organization"},"potentialAction":[{"@type":"SearchAction","target":{"@type":"EntryPoint","urlTemplate":"https:\/\/www.km0.info\/en\/?s={search_term_string}"},"query-input":{"@type":"PropertyValueSpecification","valueRequired":true,"valueName":"search_term_string"}}],"inLanguage":"en-US"},{"@type":"Organization","@id":"https:\/\/www.km0.info\/en\/#organization","name":"KM\u00d8","url":"https:\/\/www.km0.info\/en\/","logo":{"@type":"ImageObject","inLanguage":"en-US","@id":"https:\/\/www.km0.info\/en\/#\/schema\/logo\/image\/","url":"https:\/\/www.km0.info\/wp-inside\/uploads\/2020\/10\/logo-km0-quadri-200x155-1.png","contentUrl":"https:\/\/www.km0.info\/wp-inside\/uploads\/2020\/10\/logo-km0-quadri-200x155-1.png","width":200,"height":155,"caption":"KM\u00d8"},"image":{"@id":"https:\/\/www.km0.info\/en\/#\/schema\/logo\/image\/"}}]}},"_links":{"self":[{"href":"https:\/\/www.km0.info\/en\/wp-json\/wp\/v2\/pages\/8830","targetHints":{"allow":["GET"]}}],"collection":[{"href":"https:\/\/www.km0.info\/en\/wp-json\/wp\/v2\/pages"}],"about":[{"href":"https:\/\/www.km0.info\/en\/wp-json\/wp\/v2\/types\/page"}],"author":[{"embeddable":true,"href":"https:\/\/www.km0.info\/en\/wp-json\/wp\/v2\/users\/2"}],"replies":[{"embeddable":true,"href":"https:\/\/www.km0.info\/en\/wp-json\/wp\/v2\/comments?post=8830"}],"version-history":[{"count":1,"href":"https:\/\/www.km0.info\/en\/wp-json\/wp\/v2\/pages\/8830\/revisions"}],"predecessor-version":[{"id":14350,"href":"https:\/\/www.km0.info\/en\/wp-json\/wp\/v2\/pages\/8830\/revisions\/14350"}],"wp:attachment":[{"href":"https:\/\/www.km0.info\/en\/wp-json\/wp\/v2\/media?parent=8830"}],"curies":[{"name":"wp","href":"https:\/\/api.w.org\/{rel}","templated":true}]}}