{"id":8827,"date":"2022-12-13T09:31:54","date_gmt":"2022-12-13T08:31:54","guid":{"rendered":"https:\/\/www.km0.info\/reserve-a-room\/"},"modified":"2022-12-13T09:31:54","modified_gmt":"2022-12-13T08:31:54","slug":"reserve-a-room","status":"publish","type":"page","link":"https:\/\/www.km0.info\/en\/room-rental\/reserve-a-room\/","title":{"rendered":"Reserve a room"},"content":{"rendered":"<p>Organize your event in an atypical place&nbsp;: the former SACM factory rehabilitated as a digital and industrial pole&nbsp;!<\/p>\n<p><!-- flzn:zn_textblock --><\/p>\n<div id=\"flzn-textblock-1\" class=\"zn zone zn-textblock\">\n<div class=\"zone-block zn-textblock-block pdd-top-off pdd-bottom-off alignwide va-top\">\n<div class=\"row mw-content-zone \">\n<div class=\"columns large-12\">\n<div class=\"row large-up-1 nbloc-1\">\n<div class=\"column zn-textblock-col\">\n<div class=\"column-inner\">\n<div class=\"wig-content mw-content\">\n<h2>Room rental in Mulhouse<\/h2>\n<p>Our 5 spaces, to be rented together or individually, can accommodate <strong>up to 655 people<\/strong>. Our entire team is at your disposal to help you organize your seminar, congress, training, or any other <strong>professional event<\/strong> in Mulhouse.<\/p>\n<p style=\"text-align: center;\"><a class=\"button secondary arrow\" href=\"https:\/\/www.km0.info\/en\/room-rental\/\"><u>Read more<\/u><\/a><br \/>\n<a class=\"button btn\" title=\"Call us\" href=\"tel:+33389465114\" data-hidenum=\"Afficher le N\u00b0\">+33 (0)3 89 46 51 14<\/a><\/p>\n<\/p><\/div>\n<\/p><\/div>\n<\/p><\/div>\n<\/p><\/div>\n<\/p><\/div>\n<\/p><\/div>\n<\/p><\/div>\n<\/div>\n<p><!-- \/flzn:zn_textblock --><\/p>\n","protected":false},"excerpt":{"rendered":"<p>5 original event spaces are at your disposal for a total of 812 m2. Organize your seminar, hackaton, business meeting. KM\u00d8 offers many possibilities (e<\/p>\n","protected":false},"author":2,"featured_media":0,"parent":8845,"menu_order":40,"comment_status":"closed","ping_status":"closed","template":"","meta":{"_acf_changed":false,"footnotes":""},"class_list":["post-8827","page","type-page","status-publish","hentry","wp-sticky"],"acf":[],"yoast_head":"<!-- This site is optimized with the Yoast SEO plugin v27.4 - https:\/\/yoast.com\/product\/yoast-seo-wordpress\/ -->\n<title>Event room rental Mulhouse, 40 to 600 people<\/title>\n<meta name=\"description\" content=\"Organize your event in an atypical place: the former SACM factory rehabilitated into a digital and industrial pole, Quartier Fonderie!\" \/>\n<meta name=\"robots\" content=\"index, follow, max-snippet:-1, max-image-preview:large, max-video-preview:-1\" \/>\n<link rel=\"canonical\" href=\"https:\/\/www.km0.info\/en\/room-rental\/reserve-a-room\/\" \/>\n<meta property=\"og:locale\" content=\"en_US\" \/>\n<meta property=\"og:type\" content=\"article\" \/>\n<meta property=\"og:title\" content=\"Event room rental Mulhouse, 40 to 600 people\" \/>\n<meta property=\"og:description\" content=\"Organize your event in an atypical place: the former SACM factory rehabilitated into a digital and industrial pole, Quartier Fonderie!\" \/>\n<meta property=\"og:url\" content=\"https:\/\/www.km0.info\/en\/room-rental\/reserve-a-room\/\" \/>\n<meta property=\"og:site_name\" content=\"KM\u00d8\" \/>\n<meta property=\"og:image\" content=\"https:\/\/www.km0.info\/wp-inside\/uploads\/2020\/10\/logo-km0-quadri-200x155-1.png\" \/>\n\t<meta property=\"og:image:width\" content=\"200\" \/>\n\t<meta property=\"og:image:height\" content=\"155\" \/>\n\t<meta property=\"og:image:type\" content=\"image\/png\" \/>\n<meta name=\"twitter:card\" content=\"summary_large_image\" \/>\n<script type=\"application\/ld+json\" class=\"yoast-schema-graph\">{\"@context\":\"https:\\\/\\\/schema.org\",\"@graph\":[{\"@type\":\"WebPage\",\"@id\":\"https:\\\/\\\/www.km0.info\\\/en\\\/room-rental\\\/reserve-a-room\\\/\",\"url\":\"https:\\\/\\\/www.km0.info\\\/en\\\/room-rental\\\/reserve-a-room\\\/\",\"name\":\"Event room rental Mulhouse, 40 to 600 people\",\"isPartOf\":{\"@id\":\"https:\\\/\\\/www.km0.info\\\/en\\\/#website\"},\"datePublished\":\"2022-12-13T08:31:54+00:00\",\"description\":\"Organize your event in an atypical place: the former SACM factory rehabilitated into a digital and industrial pole, Quartier Fonderie!\",\"breadcrumb\":{\"@id\":\"https:\\\/\\\/www.km0.info\\\/en\\\/room-rental\\\/reserve-a-room\\\/#breadcrumb\"},\"inLanguage\":\"en-US\",\"potentialAction\":[{\"@type\":\"ReadAction\",\"target\":[\"https:\\\/\\\/www.km0.info\\\/en\\\/room-rental\\\/reserve-a-room\\\/\"]}]},{\"@type\":\"BreadcrumbList\",\"@id\":\"https:\\\/\\\/www.km0.info\\\/en\\\/room-rental\\\/reserve-a-room\\\/#breadcrumb\",\"itemListElement\":[{\"@type\":\"ListItem\",\"position\":1,\"name\":\"Accueil\",\"item\":\"https:\\\/\\\/www.km0.info\\\/en\\\/\"},{\"@type\":\"ListItem\",\"position\":2,\"name\":\"Reserve a room\"}]},{\"@type\":\"WebSite\",\"@id\":\"https:\\\/\\\/www.km0.info\\\/en\\\/#website\",\"url\":\"https:\\\/\\\/www.km0.info\\\/en\\\/\",\"name\":\"KM\u00d8\",\"description\":\"Lieu d&#039;innovation d\u00e9di\u00e9 \u00e0 la transformation digitale de l&#039;industrie\",\"publisher\":{\"@id\":\"https:\\\/\\\/www.km0.info\\\/en\\\/#organization\"},\"potentialAction\":[{\"@type\":\"SearchAction\",\"target\":{\"@type\":\"EntryPoint\",\"urlTemplate\":\"https:\\\/\\\/www.km0.info\\\/en\\\/?s={search_term_string}\"},\"query-input\":{\"@type\":\"PropertyValueSpecification\",\"valueRequired\":true,\"valueName\":\"search_term_string\"}}],\"inLanguage\":\"en-US\"},{\"@type\":\"Organization\",\"@id\":\"https:\\\/\\\/www.km0.info\\\/en\\\/#organization\",\"name\":\"KM\u00d8\",\"url\":\"https:\\\/\\\/www.km0.info\\\/en\\\/\",\"logo\":{\"@type\":\"ImageObject\",\"inLanguage\":\"en-US\",\"@id\":\"https:\\\/\\\/www.km0.info\\\/en\\\/#\\\/schema\\\/logo\\\/image\\\/\",\"url\":\"https:\\\/\\\/www.km0.info\\\/wp-inside\\\/uploads\\\/2020\\\/10\\\/logo-km0-quadri-200x155-1.png\",\"contentUrl\":\"https:\\\/\\\/www.km0.info\\\/wp-inside\\\/uploads\\\/2020\\\/10\\\/logo-km0-quadri-200x155-1.png\",\"width\":200,\"height\":155,\"caption\":\"KM\u00d8\"},\"image\":{\"@id\":\"https:\\\/\\\/www.km0.info\\\/en\\\/#\\\/schema\\\/logo\\\/image\\\/\"}}]}<\/script>\n<!-- \/ Yoast SEO plugin. -->","yoast_head_json":{"title":"Event room rental Mulhouse, 40 to 600 people","description":"Organize your event in an atypical place: the former SACM factory rehabilitated into a digital and industrial pole, Quartier Fonderie!","robots":{"index":"index","follow":"follow","max-snippet":"max-snippet:-1","max-image-preview":"max-image-preview:large","max-video-preview":"max-video-preview:-1"},"canonical":"https:\/\/www.km0.info\/en\/room-rental\/reserve-a-room\/","og_locale":"en_US","og_type":"article","og_title":"Event room rental Mulhouse, 40 to 600 people","og_description":"Organize your event in an atypical place: the former SACM factory rehabilitated into a digital and industrial pole, Quartier Fonderie!","og_url":"https:\/\/www.km0.info\/en\/room-rental\/reserve-a-room\/","og_site_name":"KM\u00d8","og_image":[{"width":200,"height":155,"url":"https:\/\/www.km0.info\/wp-inside\/uploads\/2020\/10\/logo-km0-quadri-200x155-1.png","type":"image\/png"}],"twitter_card":"summary_large_image","schema":{"@context":"https:\/\/schema.org","@graph":[{"@type":"WebPage","@id":"https:\/\/www.km0.info\/en\/room-rental\/reserve-a-room\/","url":"https:\/\/www.km0.info\/en\/room-rental\/reserve-a-room\/","name":"Event room rental Mulhouse, 40 to 600 people","isPartOf":{"@id":"https:\/\/www.km0.info\/en\/#website"},"datePublished":"2022-12-13T08:31:54+00:00","description":"Organize your event in an atypical place: the former SACM factory rehabilitated into a digital and industrial pole, Quartier Fonderie!","breadcrumb":{"@id":"https:\/\/www.km0.info\/en\/room-rental\/reserve-a-room\/#breadcrumb"},"inLanguage":"en-US","potentialAction":[{"@type":"ReadAction","target":["https:\/\/www.km0.info\/en\/room-rental\/reserve-a-room\/"]}]},{"@type":"BreadcrumbList","@id":"https:\/\/www.km0.info\/en\/room-rental\/reserve-a-room\/#breadcrumb","itemListElement":[{"@type":"ListItem","position":1,"name":"Accueil","item":"https:\/\/www.km0.info\/en\/"},{"@type":"ListItem","position":2,"name":"Reserve a room"}]},{"@type":"WebSite","@id":"https:\/\/www.km0.info\/en\/#website","url":"https:\/\/www.km0.info\/en\/","name":"KM\u00d8","description":"Lieu d&#039;innovation d\u00e9di\u00e9 \u00e0 la transformation digitale de l&#039;industrie","publisher":{"@id":"https:\/\/www.km0.info\/en\/#organization"},"potentialAction":[{"@type":"SearchAction","target":{"@type":"EntryPoint","urlTemplate":"https:\/\/www.km0.info\/en\/?s={search_term_string}"},"query-input":{"@type":"PropertyValueSpecification","valueRequired":true,"valueName":"search_term_string"}}],"inLanguage":"en-US"},{"@type":"Organization","@id":"https:\/\/www.km0.info\/en\/#organization","name":"KM\u00d8","url":"https:\/\/www.km0.info\/en\/","logo":{"@type":"ImageObject","inLanguage":"en-US","@id":"https:\/\/www.km0.info\/en\/#\/schema\/logo\/image\/","url":"https:\/\/www.km0.info\/wp-inside\/uploads\/2020\/10\/logo-km0-quadri-200x155-1.png","contentUrl":"https:\/\/www.km0.info\/wp-inside\/uploads\/2020\/10\/logo-km0-quadri-200x155-1.png","width":200,"height":155,"caption":"KM\u00d8"},"image":{"@id":"https:\/\/www.km0.info\/en\/#\/schema\/logo\/image\/"}}]}},"_links":{"self":[{"href":"https:\/\/www.km0.info\/en\/wp-json\/wp\/v2\/pages\/8827","targetHints":{"allow":["GET"]}}],"collection":[{"href":"https:\/\/www.km0.info\/en\/wp-json\/wp\/v2\/pages"}],"about":[{"href":"https:\/\/www.km0.info\/en\/wp-json\/wp\/v2\/types\/page"}],"author":[{"embeddable":true,"href":"https:\/\/www.km0.info\/en\/wp-json\/wp\/v2\/users\/2"}],"replies":[{"embeddable":true,"href":"https:\/\/www.km0.info\/en\/wp-json\/wp\/v2\/comments?post=8827"}],"version-history":[{"count":0,"href":"https:\/\/www.km0.info\/en\/wp-json\/wp\/v2\/pages\/8827\/revisions"}],"up":[{"embeddable":true,"href":"https:\/\/www.km0.info\/en\/wp-json\/wp\/v2\/pages\/8845"}],"wp:attachment":[{"href":"https:\/\/www.km0.info\/en\/wp-json\/wp\/v2\/media?parent=8827"}],"curies":[{"name":"wp","href":"https:\/\/api.w.org\/{rel}","templated":true}]}}