{"id":11277,"date":"2024-07-04T11:15:33","date_gmt":"2024-07-04T09:15:33","guid":{"rendered":"https:\/\/www.km0.info\/share-to-peer\/"},"modified":"2024-07-04T11:15:33","modified_gmt":"2024-07-04T09:15:33","slug":"share-to-peer","status":"publish","type":"page","link":"https:\/\/www.km0.info\/en\/share-to-peer\/","title":{"rendered":"Share to Peer"},"content":{"rendered":"<p><!-- flzn:zn_quote --><\/p>\n<div id=\"flzn-quote-1\" class=\"zn zone zn-quote with-bg bg-color bg-color-is-white\"><span class=\"zone-bg bg-color bgc-white alignfull\"><\/span><\/p>\n<div class=\"zone-block zn-quote-block alignwide va-top\">\n<div class=\"row mw-content-zone\">\n<div class=\"large-12 columns\">\n<div class=\"quotebox\">\n<div class=\"quotebox-inner\">\n<blockquote class=\"quotebox-content\">\n<div class=\"quotebox-content-inner\">\n\t\t\t\t\t\t\t<i class=\"skf-quote\"><\/i><\/p>\n<p class=\"quotebox-desc\">&#8220;AI, we really need to get started&nbsp;!&#8221; If you&#8217;ve ever uttered that phrase in your business, then don&#8217;t miss the next &#8220;Share to Peer&#8221; session at the Switching Station at KM\u00d8&nbsp;!<\/p>\n<\/p><\/div>\n<\/blockquote><\/div>\n<\/p><\/div>\n<\/p><\/div>\n<\/p><\/div>\n<\/div>\n<\/div>\n<p><!-- \/flzn:zn_quote --><br \/>\n<!-- flzn:zn_galleryblock --><\/p>\n<div id=\"flzn-galleryblock-1\" class=\"zn zone zn-galleryblock with-bg bg-color bg-color-is-white\"><span class=\"zone-bg bg-color bgc-white alignfull\"><\/span><\/p>\n<div class=\"zone-block zn-galleryblock-block alignwide va-top\">\n<div class=\"row mw-content-zone\">\n<div class=\"large-12 columns\">\n<div class=\"zn-galleryblock-list slick-slider galleryslider-grid\">\n<div class=\"zn-galleryblock-item slick-item\">\n<div class=\"zn-galleryblock-item-inner\">\n\t\t\t\t\t\t\t<a class=\"swipebox\" href=\"https:\/\/www.km0.info\/wp-inside\/uploads\/2024\/06\/img_9226-1920x1280.jpg\" title=\"\" rel=\"galleryzone-flzn-galleryblock-1\"><\/p>\n<div class=\"imgbox\">\n\t\t\t\t\t\t\t\t\t\t\t\t\t\t\t\t\t\t<img decoding=\"async\" src=\"https:\/\/www.km0.info\/wp-inside\/uploads\/2024\/06\/img_9226-185x185.jpg\" alt=\"\" data-interchange=\"[https:\/\/www.km0.info\/wp-inside\/uploads\/2024\/06\/img_9226-185x185.jpg, small],[https:\/\/www.km0.info\/wp-inside\/uploads\/2024\/06\/img_9226-370x300.jpg, gsmall],[https:\/\/www.km0.info\/wp-inside\/uploads\/2024\/06\/img_9226-185x185.jpg, large],[https:\/\/www.km0.info\/wp-inside\/uploads\/2024\/06\/img_9226-370x300.jpg, glarge],\">\n\t\t\t\t\t\t\t\t<\/div>\n<p>\t\t\t\t\t\t\t<\/a>\n\t\t\t\t\t\t<\/div>\n<\/p><\/div>\n<div class=\"zn-galleryblock-item slick-item\">\n<div class=\"zn-galleryblock-item-inner\">\n\t\t\t\t\t\t\t<a class=\"swipebox\" href=\"https:\/\/www.km0.info\/wp-inside\/uploads\/2024\/06\/img_9234-1920x1280.jpg\" title=\"\" rel=\"galleryzone-flzn-galleryblock-1\"><\/p>\n<div class=\"imgbox\">\n\t\t\t\t\t\t\t\t\t\t\t\t\t\t\t\t\t\t<img decoding=\"async\" src=\"https:\/\/www.km0.info\/wp-inside\/uploads\/2024\/06\/img_9234-185x185.jpg\" alt=\"\" data-interchange=\"[https:\/\/www.km0.info\/wp-inside\/uploads\/2024\/06\/img_9234-185x185.jpg, small],[https:\/\/www.km0.info\/wp-inside\/uploads\/2024\/06\/img_9234-370x300.jpg, gsmall],[https:\/\/www.km0.info\/wp-inside\/uploads\/2024\/06\/img_9234-185x185.jpg, large],[https:\/\/www.km0.info\/wp-inside\/uploads\/2024\/06\/img_9234-370x300.jpg, glarge],\">\n\t\t\t\t\t\t\t\t<\/div>\n<p>\t\t\t\t\t\t\t<\/a>\n\t\t\t\t\t\t<\/div>\n<\/p><\/div>\n<div class=\"zn-galleryblock-item slick-item\">\n<div class=\"zn-galleryblock-item-inner\">\n\t\t\t\t\t\t\t<a class=\"swipebox\" href=\"https:\/\/www.km0.info\/wp-inside\/uploads\/2024\/06\/img_9233-1920x1280.jpg\" title=\"\" rel=\"galleryzone-flzn-galleryblock-1\"><\/p>\n<div class=\"imgbox\">\n\t\t\t\t\t\t\t\t\t\t\t\t\t\t\t\t\t\t<img decoding=\"async\" src=\"https:\/\/www.km0.info\/wp-inside\/uploads\/2024\/06\/img_9233-185x185.jpg\" alt=\"\" data-interchange=\"[https:\/\/www.km0.info\/wp-inside\/uploads\/2024\/06\/img_9233-185x185.jpg, small],[https:\/\/www.km0.info\/wp-inside\/uploads\/2024\/06\/img_9233-370x300.jpg, gsmall],[https:\/\/www.km0.info\/wp-inside\/uploads\/2024\/06\/img_9233-185x185.jpg, large],[https:\/\/www.km0.info\/wp-inside\/uploads\/2024\/06\/img_9233-370x300.jpg, glarge],\">\n\t\t\t\t\t\t\t\t<\/div>\n<p>\t\t\t\t\t\t\t<\/a>\n\t\t\t\t\t\t<\/div>\n<\/p><\/div>\n<div class=\"zn-galleryblock-item slick-item\">\n<div class=\"zn-galleryblock-item-inner\">\n\t\t\t\t\t\t\t<a class=\"swipebox\" href=\"https:\/\/www.km0.info\/wp-inside\/uploads\/2024\/06\/img_9221-1920x2880.jpg\" title=\"\" rel=\"galleryzone-flzn-galleryblock-1\"><\/p>\n<div class=\"imgbox\">\n\t\t\t\t\t\t\t\t\t\t\t\t\t\t\t\t\t\t<img decoding=\"async\" src=\"https:\/\/www.km0.info\/wp-inside\/uploads\/2024\/06\/img_9221-185x185.jpg\" alt=\"\" data-interchange=\"[https:\/\/www.km0.info\/wp-inside\/uploads\/2024\/06\/img_9221-185x185.jpg, small],[https:\/\/www.km0.info\/wp-inside\/uploads\/2024\/06\/img_9221-370x300.jpg, gsmall],[https:\/\/www.km0.info\/wp-inside\/uploads\/2024\/06\/img_9221-185x185.jpg, large],[https:\/\/www.km0.info\/wp-inside\/uploads\/2024\/06\/img_9221-370x300.jpg, glarge],\">\n\t\t\t\t\t\t\t\t<\/div>\n<p>\t\t\t\t\t\t\t<\/a>\n\t\t\t\t\t\t<\/div>\n<\/p><\/div>\n<div class=\"zn-galleryblock-item slick-item\">\n<div class=\"zn-galleryblock-item-inner\">\n\t\t\t\t\t\t\t<a class=\"swipebox\" href=\"https:\/\/www.km0.info\/wp-inside\/uploads\/2024\/06\/img_9219-1920x2559.jpg\" title=\"\" rel=\"galleryzone-flzn-galleryblock-1\"><\/p>\n<div class=\"imgbox\">\n\t\t\t\t\t\t\t\t\t\t\t\t\t\t\t\t\t\t<img decoding=\"async\" src=\"https:\/\/www.km0.info\/wp-inside\/uploads\/2024\/06\/img_9219-185x185.jpg\" alt=\"\" data-interchange=\"[https:\/\/www.km0.info\/wp-inside\/uploads\/2024\/06\/img_9219-185x185.jpg, small],[https:\/\/www.km0.info\/wp-inside\/uploads\/2024\/06\/img_9219-370x300.jpg, gsmall],[https:\/\/www.km0.info\/wp-inside\/uploads\/2024\/06\/img_9219-185x185.jpg, large],[https:\/\/www.km0.info\/wp-inside\/uploads\/2024\/06\/img_9219-370x300.jpg, glarge],\">\n\t\t\t\t\t\t\t\t<\/div>\n<p>\t\t\t\t\t\t\t<\/a>\n\t\t\t\t\t\t<\/div>\n<\/p><\/div>\n<\/p><\/div>\n<\/p><\/div>\n<\/p><\/div>\n<\/div>\n<\/div>\n<p><!-- \/flzn:zn_galleryblock --><br \/>\n<!-- flzn:zn_textblock --><\/p>\n<div id=\"flzn-textblock-1\" class=\"zn zone zn-textblock\">\n<div class=\"zone-block zn-textblock-block pdd-top-big pdd-bottom-big alignwide va-top\">\n<div class=\"row mw-content-zone widthbig \">\n<div class=\"columns large-12\">\n<div class=\"zn-textblock-titlebox\">\n<h2 class=\"zone-title zn-textblock-title\">\n  Share to Peer acculturation session  <\/h2>\n<\/p><\/div>\n<div class=\"row large-up-1 nbloc-1\">\n<div class=\"column zn-textblock-col\">\n<div class=\"column-inner\">\n<div class=\"wig-content mw-content\">\n<p>Curious to discover what generative AI can really do for you&nbsp;?\ud83d\udca1 KM\u00d8 opens the doors to this revolutionary technology to boost your productivity.<\/p>\n<p>\ud83c\udf93 The Switching Station&#8217;s &#8221;&nbsp;Share to Peer&nbsp;&#8221; session is an immersive day dedicated to exploring the secrets of generative AI. This day is aimed at professionals who want to take their first step towards integrating this technology into their daily work. Day reserved for professionals&nbsp;!<\/p>\n<h4><\/h4>\n<h4>Objectives&nbsp;:<\/h4>\n<\/p><\/div>\n<\/p><\/div>\n<\/p><\/div>\n<\/p><\/div>\n<\/p><\/div>\n<\/p><\/div>\n<\/p><\/div>\n<\/div>\n<p><!-- \/flzn:zn_textblock --><br \/>\n<!-- flzn:zn_imgblock --><\/p>\n<div id=\"flzn-imgblock-1\" class=\"zn zone zn-imgblock\">\n<div class=\"zone-block zn-imgblock-block pdd-top-big pdd-bottom-big alignwide va-center\">\n<div class=\"row one-img\">\n<div class=\"columns large-12\">\n<div class=\"row with-nice-alignment va-center\" data-equalizer=\"\" data-equalize-on=\"large\">\n<div class=\"columns large-12 zn-imgblock-col\" data-equalizer-watch=\"\">\n<div class=\"columns-inner zn-imgblock-col-inner\">\n\t\t\t\t\t\t\t<a class=\"zn-imgblock-imgbox swipebox\" href=\"https:\/\/www.km0.info\/wp-inside\/uploads\/2024\/07\/capture-d_ecran-2024-07-04-104402.jpg\" title=\"\" rel=\"galleryzone-flzn-imgblock-1\">\t\t\t\t\t\t\t<\/p>\n<figure class=\"zn-imgblock-figure\">\n\t\t\t\t\t\t\t\t<img decoding=\"async\" class=\"zn-imgblock-img\" src=\"https:\/\/www.km0.info\/wp-inside\/uploads\/2024\/07\/capture-d_ecran-2024-07-04-104402.jpg\" alt=\"\"><br \/>\n\t\t\t\t\t\t\t\t\t\t\t\t\t\t\t<\/figure>\n<p>\t\t\t\t\t\t\t<\/a>\t\t\t\t\t\t<\/div>\n<\/p><\/div>\n<\/p><\/div>\n<\/p><\/div>\n<\/p><\/div>\n<\/div>\n<\/div>\n<p><!-- \/flzn:zn_imgblock --><br \/>\n<!-- flzn:zn_list_timeline --><\/p>\n<div id=\"flzn-listtimeline-1\" class=\"zn zone zn-listtimeline\">\n<div class=\"zone-block zn-listtimeline-block alignwide va-top\">\n<div class=\"row mw-content-zone\">\n<div class=\"large-12 large-centered columns\">\n<div class=\"zone-titlebox zn-listtimeline-titlebox text-center\">\n<h2 class=\"zone-title zn-listtimeline-title\">The course of the day<\/h2>\n<\/p><\/div>\n<div class=\"zn-listtimeline-wrapper\">\n<div class=\"row\">\n<div class=\"large-12 large-centered columns\">\n<div class=\"row collapse\">\n<div class=\"zn-listtimeline-story\">\n<div class=\"zn-listtimeline-story-marker\"><\/div>\n<div class=\"zn-listtimeline-story-contentinner center\">\n<div class=\"zn-listtimeline-story-content\">\n<div class=\"zn-listtimeline-story-desc\">\n<p style=\"text-align: left;\"><strong><span class=\"ql-color-red\">\u279d<\/span> History, origins and state of the art of the AI revolution<\/strong><\/p>\n<p style=\"text-align: left;\"><strong>\u279d Generative AI tools and their uses<\/strong><\/p>\n<p style=\"text-align: left;\"><strong>\u279d Corporate iA&nbsp;: risks, strategy, governance<\/strong><\/p>\n<p style=\"text-align: left;\">\n\t\t\t\t\t\t\t\t\t\t\t\t<\/div>\n<\/p><\/div>\n<div class=\"zn-listtimeline-story-boximg\">\n<div class=\"zn-listtimeline-story-img\">\n\t\t\t\t\t\t\t\t\t\t\t\t<a class=\"swipebox\" href=\"https:\/\/www.km0.info\/wp-inside\/uploads\/2024\/06\/img_9242-2-1920x2880.jpg\"><br \/>\n\t\t\t\t\t\t\t\t\t\t\t\t\t<img decoding=\"async\" src=\"https:\/\/www.km0.info\/wp-inside\/uploads\/2024\/06\/img_9242-2-200x200.jpg\" alt=\"\"><br \/>\n\t\t\t\t\t\t\t\t\t\t\t\t<\/a>\n\t\t\t\t\t\t\t\t\t\t\t<\/div>\n<\/p><\/div>\n<\/p><\/div>\n<\/p><\/div>\n<div class=\"zn-listtimeline-story\">\n<div class=\"zn-listtimeline-story-marker\"><\/div>\n<div class=\"zn-listtimeline-story-contentinner center\">\n<div class=\"zn-listtimeline-story-content\">\n<div class=\"zn-listtimeline-story-desc\">\n<p style=\"text-align: left;\"><strong>\u279d The state of iA.rt<\/strong><\/p>\n<p style=\"text-align: left;\"><strong>\u279d Prompt Engineering<\/strong><\/p>\n<p style=\"text-align: left;\"><strong><span class=\"ql-color-red\">\u279d<\/span> Create my iA collaborator<\/strong><\/p>\n<\/p><\/div>\n<\/p><\/div>\n<div class=\"zn-listtimeline-story-boximg\">\n<div class=\"zn-listtimeline-story-img\">\n\t\t\t\t\t\t\t\t\t\t\t\t<a class=\"swipebox\" href=\"https:\/\/www.km0.info\/wp-inside\/uploads\/2024\/04\/1712843934964-1920x897.jpg\"><br \/>\n\t\t\t\t\t\t\t\t\t\t\t\t\t<img decoding=\"async\" src=\"https:\/\/www.km0.info\/wp-inside\/uploads\/2024\/04\/1712843934964-200x200.jpg\" alt=\"\"><br \/>\n\t\t\t\t\t\t\t\t\t\t\t\t<\/a>\n\t\t\t\t\t\t\t\t\t\t\t<\/div>\n<\/p><\/div>\n<\/p><\/div>\n<\/p><\/div>\n<\/p><\/div>\n<\/p><\/div>\n<\/p><\/div>\n<\/p><\/div>\n<\/p><\/div>\n<\/p><\/div>\n<\/div>\n<\/div>\n<p><!-- \/flzn:zn_list_timeline --><br \/>\n<!-- flzn:zn_textblock --><\/p>\n<div id=\"flzn-textblock-2\" class=\"zn zone zn-textblock\">\n<div class=\"zone-block zn-textblock-block alignwide va-top\">\n<div class=\"row mw-content-zone \">\n<div class=\"columns large-12\">\n<div class=\"zn-textblock-titlebox\">\n<h2 class=\"zone-title zn-textblock-title\">\n  Organization of the day  <\/h2>\n<\/p><\/div>\n<div class=\"row with-nice-alignment nbloc-2 va-top\">\n<div class=\"columns large-6 zn-textblock-col\">\n<div class=\"columns-inner\">\n<div class=\"wig-content mw-content\">\n<h5>Session&nbsp;:<\/h5>\n<ul>\n<li>One-day training at KM\u00d8<\/li>\n<li>10 to 12 participants (intra- or inter-company)<\/li>\n<li>Supervision by two experts<\/li>\n<\/ul>\n<p>&nbsp;<\/p>\n<\/p><\/div>\n<\/p><\/div>\n<\/p><\/div>\n<div class=\"columns large-6 zn-textblock-col\">\n<div class=\"columns-inner\">\n<div class=\"wig-content mw-content\">\n<p>&nbsp;<\/p>\n<ul>\n<li><strong>QUALIOPI<\/strong> certified<\/li>\n<li>Catering included<\/li>\n<li>Training material included<\/li>\n<\/ul><\/div>\n<\/p><\/div>\n<\/p><\/div>\n<\/p><\/div>\n<\/p><\/div>\n<\/p><\/div>\n<\/p><\/div>\n<\/div>\n<p><!-- \/flzn:zn_textblock --><br \/>\n<!-- flzn:zn_trombinoscope --><\/p>\n<div id=\"flzn-trombinoscope-1\" class=\"zn zone zn-trombinoscope with-bg bg-color bg-color-is-transparent\"><span class=\"zone-bg bg-color bgc-transparent alignfull\"><\/span><\/p>\n<div class=\"zone-block zn-trombinoscope-block pdd-top pdd-bottom alignwide va-top\">\n<div class=\"row\">\n<div class=\"columns large-12\">\n<div class=\"zn-trombinoscope-titlebox mw-content\">\n<h2 class=\"zn-trombinoscope-title zone-title\">\n  Our experts  <\/h2>\n<\/p><\/div>\n<div class=\"row blockgrid-center nb-members-2 small-up-2 medium-up-3 large-up-4\" data-equalizer=\"\" data-equalize-on=\"large\">\n<div class=\"column zn-trombinoscope-member\">\n<div class=\"zn-trombinoscope-member-box\" data-aos=\"fade-up\" data-aos-once=\"true\" data-aos-anchor=\"#flzn-trombinoscope-1\" data-aos-anchor-placement=\"top-bottom\" data-aos-delay=\"150\">\n<div class=\"zn-trombinoscope-member-flip-container\">\n<div class=\"zn-trombinoscope-member-flip-container-inner\">\n<figure class=\"zn-trombinoscope-member-figure\">\n\t\t\t\t\t\t\t\t\t\t\t\t\t<img decoding=\"async\" class=\"zn-trombinoscope-member-img\" src=\"https:\/\/www.km0.info\/wp-inside\/uploads\/2024\/06\/img_9254-380x380.jpg\" alt=\"\" data-interchange=\"[https:\/\/www.km0.info\/wp-inside\/uploads\/2024\/06\/img_9254-380x380.jpg, small],[https:\/\/www.km0.info\/wp-inside\/uploads\/2024\/06\/img_9254-380x380.jpg, gsmall],[https:\/\/www.km0.info\/wp-inside\/uploads\/2024\/06\/img_9254-380x380.jpg, glarge],\"><br \/>\n\t\t\t\t\t\t\t\t\t\t\t\t\t\t\t\t\t\t\t\t\t\t\t\t\t<\/figure>\n<\/p><\/div>\n<\/p><\/div>\n<div class=\"zn-trombinoscope-member-infos\">\n<div data-equalizer-watch=\"\">\n<h3 class=\"zn-trombinoscope-member-name\">\n  Gabriel MARTIN  <\/h3>\n<p class=\"zn-trombinoscope-member-fonction\">\n  CEO Connec&#8217;ten et Z\u00e9non Trainer &#8221;&nbsp;IA Master&nbsp;&#8221; at UHA  <\/p>\n<\/p><\/div>\n<p>\t\t\t\t\t\t\t\t\t\t<!-- On v\u00e9rifie que la description est bien renseign\u00e9 --><\/p><\/div>\n<\/p><\/div>\n<\/p><\/div>\n<div class=\"column zn-trombinoscope-member\">\n<div class=\"zn-trombinoscope-member-box\" data-aos=\"fade-up\" data-aos-once=\"true\" data-aos-anchor=\"#flzn-trombinoscope-1\" data-aos-anchor-placement=\"top-bottom\" data-aos-delay=\"300\">\n<div class=\"zn-trombinoscope-member-flip-container\">\n<div class=\"zn-trombinoscope-member-flip-container-inner\">\n<figure class=\"zn-trombinoscope-member-figure\">\n\t\t\t\t\t\t\t\t\t\t\t\t\t<img decoding=\"async\" class=\"zn-trombinoscope-member-img\" src=\"https:\/\/www.km0.info\/wp-inside\/uploads\/2024\/06\/img_9222-380x380.jpg\" alt=\"\" data-interchange=\"[https:\/\/www.km0.info\/wp-inside\/uploads\/2024\/06\/img_9222-380x380.jpg, small],[https:\/\/www.km0.info\/wp-inside\/uploads\/2024\/06\/img_9222-380x380.jpg, gsmall],[https:\/\/www.km0.info\/wp-inside\/uploads\/2024\/06\/img_9222-380x380.jpg, glarge],\"><br \/>\n\t\t\t\t\t\t\t\t\t\t\t\t\t\t\t\t\t\t\t\t\t\t\t\t\t<\/figure>\n<\/p><\/div>\n<\/p><\/div>\n<div class=\"zn-trombinoscope-member-infos\">\n<div data-equalizer-watch=\"\">\n<h3 class=\"zn-trombinoscope-member-name\">\n  Bernard DESFFARGES  <\/h3>\n<p class=\"zn-trombinoscope-member-fonction\">\n  Co-founder LLAAMA Architect and software engineer  <\/p>\n<\/p><\/div>\n<p>\t\t\t\t\t\t\t\t\t\t<!-- On v\u00e9rifie que la description est bien renseign\u00e9 --><\/p><\/div>\n<\/p><\/div>\n<\/p><\/div>\n<\/p><\/div>\n<\/p><\/div>\n<\/p><\/div>\n<\/p><\/div>\n<\/div>\n<p><!-- \/flzn:zn_trombinoscope --><\/p>\n","protected":false},"excerpt":{"rendered":"<p>&#8220;AI, we really need to get started&nbsp;!&#8221; If you&#8217;ve ever uttered that phrase in your business, then don&#8217;t miss the next &#8220;Share to Peer&#8221; session at the Switching Station at [&hellip;]<\/p>\n","protected":false},"author":11,"featured_media":0,"parent":0,"menu_order":0,"comment_status":"closed","ping_status":"closed","template":"","meta":{"_acf_changed":false,"footnotes":""},"class_list":["post-11277","page","type-page","status-publish","hentry","wp-sticky"],"acf":[],"yoast_head":"<!-- This site is optimized with the Yoast SEO plugin v27.5 - https:\/\/yoast.com\/product\/yoast-seo-wordpress\/ -->\n<title>Share to Peer<\/title>\n<meta name=\"robots\" content=\"index, follow, max-snippet:-1, max-image-preview:large, max-video-preview:-1\" \/>\n<link rel=\"canonical\" href=\"https:\/\/www.km0.info\/en\/share-to-peer\/\" \/>\n<meta property=\"og:locale\" content=\"en_US\" \/>\n<meta property=\"og:type\" content=\"article\" \/>\n<meta property=\"og:title\" content=\"Share to Peer\" \/>\n<meta property=\"og:description\" content=\"&#8220;AI, we really need to get started&nbsp;!&#8221; If you&#8217;ve ever uttered that phrase in your business, then don&#8217;t miss the next &#8220;Share to Peer&#8221; session at the Switching Station at [&hellip;]\" \/>\n<meta property=\"og:url\" content=\"https:\/\/www.km0.info\/en\/share-to-peer\/\" \/>\n<meta property=\"og:site_name\" content=\"KM\u00d8\" \/>\n<meta property=\"og:image\" content=\"https:\/\/www.km0.info\/wp-inside\/uploads\/2024\/06\/img_9226-185x185.jpg\" \/>\n<meta name=\"twitter:card\" content=\"summary_large_image\" \/>\n<meta name=\"twitter:label1\" content=\"Est. reading time\" \/>\n\t<meta name=\"twitter:data1\" content=\"1 minute\" \/>\n<script type=\"application\/ld+json\" class=\"yoast-schema-graph\">{\"@context\":\"https:\\\/\\\/schema.org\",\"@graph\":[{\"@type\":\"WebPage\",\"@id\":\"https:\\\/\\\/www.km0.info\\\/en\\\/share-to-peer\\\/\",\"url\":\"https:\\\/\\\/www.km0.info\\\/en\\\/share-to-peer\\\/\",\"name\":\"Share to Peer\",\"isPartOf\":{\"@id\":\"https:\\\/\\\/www.km0.info\\\/en\\\/#website\"},\"primaryImageOfPage\":{\"@id\":\"https:\\\/\\\/www.km0.info\\\/en\\\/share-to-peer\\\/#primaryimage\"},\"image\":{\"@id\":\"https:\\\/\\\/www.km0.info\\\/en\\\/share-to-peer\\\/#primaryimage\"},\"thumbnailUrl\":\"https:\\\/\\\/www.km0.info\\\/wp-inside\\\/uploads\\\/2024\\\/06\\\/img_9226-185x185.jpg\",\"datePublished\":\"2024-07-04T09:15:33+00:00\",\"breadcrumb\":{\"@id\":\"https:\\\/\\\/www.km0.info\\\/en\\\/share-to-peer\\\/#breadcrumb\"},\"inLanguage\":\"en-US\",\"potentialAction\":[{\"@type\":\"ReadAction\",\"target\":[\"https:\\\/\\\/www.km0.info\\\/en\\\/share-to-peer\\\/\"]}]},{\"@type\":\"ImageObject\",\"inLanguage\":\"en-US\",\"@id\":\"https:\\\/\\\/www.km0.info\\\/en\\\/share-to-peer\\\/#primaryimage\",\"url\":\"https:\\\/\\\/www.km0.info\\\/wp-inside\\\/uploads\\\/2024\\\/06\\\/img_9226-185x185.jpg\",\"contentUrl\":\"https:\\\/\\\/www.km0.info\\\/wp-inside\\\/uploads\\\/2024\\\/06\\\/img_9226-185x185.jpg\"},{\"@type\":\"BreadcrumbList\",\"@id\":\"https:\\\/\\\/www.km0.info\\\/en\\\/share-to-peer\\\/#breadcrumb\",\"itemListElement\":[{\"@type\":\"ListItem\",\"position\":1,\"name\":\"Accueil\",\"item\":\"https:\\\/\\\/www.km0.info\\\/en\\\/\"},{\"@type\":\"ListItem\",\"position\":2,\"name\":\"Share to Peer\"}]},{\"@type\":\"WebSite\",\"@id\":\"https:\\\/\\\/www.km0.info\\\/en\\\/#website\",\"url\":\"https:\\\/\\\/www.km0.info\\\/en\\\/\",\"name\":\"KM\u00d8\",\"description\":\"Lieu d&#039;innovation d\u00e9di\u00e9 \u00e0 la transformation digitale de l&#039;industrie\",\"publisher\":{\"@id\":\"https:\\\/\\\/www.km0.info\\\/en\\\/#organization\"},\"potentialAction\":[{\"@type\":\"SearchAction\",\"target\":{\"@type\":\"EntryPoint\",\"urlTemplate\":\"https:\\\/\\\/www.km0.info\\\/en\\\/?s={search_term_string}\"},\"query-input\":{\"@type\":\"PropertyValueSpecification\",\"valueRequired\":true,\"valueName\":\"search_term_string\"}}],\"inLanguage\":\"en-US\"},{\"@type\":\"Organization\",\"@id\":\"https:\\\/\\\/www.km0.info\\\/en\\\/#organization\",\"name\":\"KM\u00d8\",\"url\":\"https:\\\/\\\/www.km0.info\\\/en\\\/\",\"logo\":{\"@type\":\"ImageObject\",\"inLanguage\":\"en-US\",\"@id\":\"https:\\\/\\\/www.km0.info\\\/en\\\/#\\\/schema\\\/logo\\\/image\\\/\",\"url\":\"https:\\\/\\\/www.km0.info\\\/wp-inside\\\/uploads\\\/2020\\\/10\\\/logo-km0-quadri-200x155-1.png\",\"contentUrl\":\"https:\\\/\\\/www.km0.info\\\/wp-inside\\\/uploads\\\/2020\\\/10\\\/logo-km0-quadri-200x155-1.png\",\"width\":200,\"height\":155,\"caption\":\"KM\u00d8\"},\"image\":{\"@id\":\"https:\\\/\\\/www.km0.info\\\/en\\\/#\\\/schema\\\/logo\\\/image\\\/\"}}]}<\/script>\n<!-- \/ Yoast SEO plugin. -->","yoast_head_json":{"title":"Share to Peer","robots":{"index":"index","follow":"follow","max-snippet":"max-snippet:-1","max-image-preview":"max-image-preview:large","max-video-preview":"max-video-preview:-1"},"canonical":"https:\/\/www.km0.info\/en\/share-to-peer\/","og_locale":"en_US","og_type":"article","og_title":"Share to Peer","og_description":"&#8220;AI, we really need to get started&nbsp;!&#8221; If you&#8217;ve ever uttered that phrase in your business, then don&#8217;t miss the next &#8220;Share to Peer&#8221; session at the Switching Station at [&hellip;]","og_url":"https:\/\/www.km0.info\/en\/share-to-peer\/","og_site_name":"KM\u00d8","og_image":[{"url":"https:\/\/www.km0.info\/wp-inside\/uploads\/2024\/06\/img_9226-185x185.jpg","type":"","width":"","height":""}],"twitter_card":"summary_large_image","twitter_misc":{"Est. reading time":"1 minute"},"schema":{"@context":"https:\/\/schema.org","@graph":[{"@type":"WebPage","@id":"https:\/\/www.km0.info\/en\/share-to-peer\/","url":"https:\/\/www.km0.info\/en\/share-to-peer\/","name":"Share to Peer","isPartOf":{"@id":"https:\/\/www.km0.info\/en\/#website"},"primaryImageOfPage":{"@id":"https:\/\/www.km0.info\/en\/share-to-peer\/#primaryimage"},"image":{"@id":"https:\/\/www.km0.info\/en\/share-to-peer\/#primaryimage"},"thumbnailUrl":"https:\/\/www.km0.info\/wp-inside\/uploads\/2024\/06\/img_9226-185x185.jpg","datePublished":"2024-07-04T09:15:33+00:00","breadcrumb":{"@id":"https:\/\/www.km0.info\/en\/share-to-peer\/#breadcrumb"},"inLanguage":"en-US","potentialAction":[{"@type":"ReadAction","target":["https:\/\/www.km0.info\/en\/share-to-peer\/"]}]},{"@type":"ImageObject","inLanguage":"en-US","@id":"https:\/\/www.km0.info\/en\/share-to-peer\/#primaryimage","url":"https:\/\/www.km0.info\/wp-inside\/uploads\/2024\/06\/img_9226-185x185.jpg","contentUrl":"https:\/\/www.km0.info\/wp-inside\/uploads\/2024\/06\/img_9226-185x185.jpg"},{"@type":"BreadcrumbList","@id":"https:\/\/www.km0.info\/en\/share-to-peer\/#breadcrumb","itemListElement":[{"@type":"ListItem","position":1,"name":"Accueil","item":"https:\/\/www.km0.info\/en\/"},{"@type":"ListItem","position":2,"name":"Share to Peer"}]},{"@type":"WebSite","@id":"https:\/\/www.km0.info\/en\/#website","url":"https:\/\/www.km0.info\/en\/","name":"KM\u00d8","description":"Lieu d&#039;innovation d\u00e9di\u00e9 \u00e0 la transformation digitale de l&#039;industrie","publisher":{"@id":"https:\/\/www.km0.info\/en\/#organization"},"potentialAction":[{"@type":"SearchAction","target":{"@type":"EntryPoint","urlTemplate":"https:\/\/www.km0.info\/en\/?s={search_term_string}"},"query-input":{"@type":"PropertyValueSpecification","valueRequired":true,"valueName":"search_term_string"}}],"inLanguage":"en-US"},{"@type":"Organization","@id":"https:\/\/www.km0.info\/en\/#organization","name":"KM\u00d8","url":"https:\/\/www.km0.info\/en\/","logo":{"@type":"ImageObject","inLanguage":"en-US","@id":"https:\/\/www.km0.info\/en\/#\/schema\/logo\/image\/","url":"https:\/\/www.km0.info\/wp-inside\/uploads\/2020\/10\/logo-km0-quadri-200x155-1.png","contentUrl":"https:\/\/www.km0.info\/wp-inside\/uploads\/2020\/10\/logo-km0-quadri-200x155-1.png","width":200,"height":155,"caption":"KM\u00d8"},"image":{"@id":"https:\/\/www.km0.info\/en\/#\/schema\/logo\/image\/"}}]}},"_links":{"self":[{"href":"https:\/\/www.km0.info\/en\/wp-json\/wp\/v2\/pages\/11277","targetHints":{"allow":["GET"]}}],"collection":[{"href":"https:\/\/www.km0.info\/en\/wp-json\/wp\/v2\/pages"}],"about":[{"href":"https:\/\/www.km0.info\/en\/wp-json\/wp\/v2\/types\/page"}],"author":[{"embeddable":true,"href":"https:\/\/www.km0.info\/en\/wp-json\/wp\/v2\/users\/11"}],"replies":[{"embeddable":true,"href":"https:\/\/www.km0.info\/en\/wp-json\/wp\/v2\/comments?post=11277"}],"version-history":[{"count":0,"href":"https:\/\/www.km0.info\/en\/wp-json\/wp\/v2\/pages\/11277\/revisions"}],"wp:attachment":[{"href":"https:\/\/www.km0.info\/en\/wp-json\/wp\/v2\/media?parent=11277"}],"curies":[{"name":"wp","href":"https:\/\/api.w.org\/{rel}","templated":true}]}}