{"id":8882,"date":"2022-12-13T09:33:15","date_gmt":"2022-12-13T08:33:15","guid":{"rendered":"https:\/\/www.km0.info\/vermietung-von-raumen\/raumvermietung-in-der-nahe-von-colmar\/"},"modified":"2022-12-13T09:33:15","modified_gmt":"2022-12-13T08:33:15","slug":"raumvermietung-in-der-nahe-von-colmar","status":"publish","type":"page","link":"https:\/\/www.km0.info\/de\/vermietung-von-raumen\/raumvermietung-in-der-nahe-von-colmar\/","title":{"rendered":"Raumvermietung in der N\u00e4he von Colmar"},"content":{"rendered":"<p>Mieten Sie einen Raum oder privatisieren Sie den gesamten Veranstaltungsbereich von KM\u00d8 f\u00fcr Ihre gesch\u00e4ftliche Veranstaltung.<\/p>\n<p>35 Minuten von <strong>Colmar<\/strong> entfernt bieten Sie Ihren Mitarbeitern einen au\u00dfergew\u00f6hnlichen Rahmen f\u00fcr ihre Treffen in einer sanierten ehemaligen Fabrik in Mulhouse.<\/p>\n<p><!-- flzn:zn_imgtextblock --><\/p>\n<div id=\"flzn-imgtextblock-1\" class=\"zn zone zn-imgtextblock\">\n<div class=\"zone-block zn-imgtextblock-block pdd-top-off pdd-bottom-off alignwide va-center\">\n<div class=\"row mw-content-zone\">\n<div class=\"columns large-12\">\n<div class=\"row with-nice-alignment zn-imgtextblock-row img-left va-center\" data-equalizer=\"\" data-equalize-on=\"large\">\n<div class=\"columns large-6 zn-imgtextblock-colimg\" data-equalizer-watch=\"\">\n<div class=\"columns-inner zn-imgtextblock-col-inner\">\n<p>\t\t\t\t\t\t<span class=\"deco1\"><\/span><br \/>\n\t\t\t\t\t\t<span class=\"deco2\"><\/span><br \/>\n\t\t\t\t\t\t<span class=\"deco3\"><\/span><\/p>\n<div class=\"zn-imgtextblock-imgbox\" title=\"\">\n<figure class=\"zn-imgtextblock-figure\">\n\t\t\t\t\t\t\t<img decoding=\"async\" class=\"zn-imgtextblock-img\" src=\"https:\/\/www.km0.info\/wp-inside\/uploads\/2020\/09\/279833797_1453297211756486_4606759528244458694_n-1024x768.jpg\" alt=\"\"><br \/>\n\t\t\t\t\t\t\t\t\t\t\t\t\t<\/figure>\n<\/p><\/div>\n<\/p><\/div>\n<\/p><\/div>\n<div class=\"columns large-6 zn-imgtextblock-coldesc\" data-equalizer-watch=\"\">\n<div class=\"columns-inner zn-imgtextblock-descbox\">\n<div class=\"zn-imgtextblock-desc wig-content\">\n<h2>Flexible R\u00e4ume f\u00fcr alle Ihre gesch\u00e4ftlichen Veranstaltungen<\/h2>\n<p>Entdecken Sie die <strong>5 R\u00e4ume<\/strong> von KM\u00d8, ob f\u00fcr ein Meeting, eine Schulung, eine Cocktailparty oder einen Kongress in der N\u00e4he von Colmar. 10 oder 600 G\u00e4ste&nbsp;? Kontaktieren Sie uns, um die beste Konfiguration f\u00fcr Ihre Veranstaltung in unseren mietbaren R\u00e4umen zu w\u00e4hlen&nbsp;:<\/p>\n<ul>\n<li>Veranstaltungshalle<\/li>\n<li>Auditorium<\/li>\n<li>2 Kolloquiumsr\u00e4ume<\/li>\n<li>Interkolloquialer Raum<\/li>\n<\/ul>\n<p>Das Team begleitet Sie bei allen Schritten der Seminarorganisation und vermittelt Sie an die von Ihnen ben\u00f6tigten Dienstleister. Das <strong>Restaurant<\/strong> Le Pantographe, das sich direkt neben den R\u00e4umen am Eingang des Geb\u00e4udes befindet, kann Ihnen seine Catering-Karte anbieten.<\/p>\n<p>Versammeln Sie Ihre Mitarbeiter aus Colmar und anderswo an einem <strong>ungew\u00f6hnlichen Ort im Elsass<\/strong>.<\/p>\n<\/div><\/div>\n<\/p><\/div>\n<\/p><\/div>\n<\/p><\/div>\n<\/p><\/div>\n<\/div>\n<\/div>\n<p><!-- \/flzn:zn_imgtextblock --><br \/>\n<!-- flzn:zn_imgtextblock --><\/p>\n<div id=\"flzn-imgtextblock-2\" class=\"zn zone zn-imgtextblock\">\n<div class=\"zone-block zn-imgtextblock-block pdd-bottom-off alignwide va-center\">\n<div class=\"row mw-content-zone\">\n<div class=\"columns large-12\">\n<div class=\"row with-nice-alignment zn-imgtextblock-row img-right va-center\" data-equalizer=\"\" data-equalize-on=\"large\">\n<div class=\"columns large-6 large-push-6 zn-imgtextblock-colimg\" data-equalizer-watch=\"\">\n<div class=\"columns-inner zn-imgtextblock-col-inner\">\n<p>\t\t\t\t\t\t<span class=\"deco1\"><\/span><br \/>\n\t\t\t\t\t\t<span class=\"deco2\"><\/span><br \/>\n\t\t\t\t\t\t<span class=\"deco3\"><\/span><\/p>\n<div class=\"zn-imgtextblock-imgbox\" title=\"\">\n<figure class=\"zn-imgtextblock-figure\">\n\t\t\t\t\t\t\t<img decoding=\"async\" class=\"zn-imgtextblock-img\" src=\"https:\/\/www.km0.info\/wp-inside\/uploads\/2020\/10\/evenement-salle-km0-1024x694.jpg\" alt=\"\"><br \/>\n\t\t\t\t\t\t\t\t\t\t\t\t\t<\/figure>\n<\/p><\/div>\n<\/p><\/div>\n<\/p><\/div>\n<div class=\"columns large-6 large-pull-6 zn-imgtextblock-coldesc\" data-equalizer-watch=\"\">\n<div class=\"columns-inner zn-imgtextblock-descbox\">\n<div class=\"zn-imgtextblock-desc wig-content\">\n<h2>KM\u00d8, ein atypischer Ort in der N\u00e4he von Colmar<\/h2>\n<p>KM\u00d8 ist das \u00d6kosystem, das sich der digitalen Transformation der Industrie widmet und <strong>in der Region Grand Est einzigartig<\/strong> ist. Es vereint Unternehmen (Industrie und Digitaltechnik) sowie Ausbildungen und Start-ups.<\/p>\n<p>Dieses \u00d6kosystem entstand 2019 nach der <strong>vollst\u00e4ndigen Sanierung der ehemaligen SACM-Fabrik<\/strong>. In der Nachbarschaft wurde bereits vor einigen Jahren eine alte Gie\u00dferei in einen Universit\u00e4tscampus umgewandelt und das Maison de l&#8217;industrie wurde 2020 gebaut. Das Viertel Fonderie hat den Vorteil, dass es etwas abseits und naturnah liegt (Gr\u00fcnfl\u00e4chen und Kanal auf beiden Seiten), aber dennoch in der N\u00e4he des Stadtzentrums.<\/p>\n<p><strong>Der Veranstaltungsraum von KM\u00d8<\/strong> ist modern und voll ausgestattet, hat aber Spuren des Alten bewahrt (Ziegelsteine, h\u00e4ngende Maschinen&#8230;), was ihm diese ganz besondere &#8220;&nbsp;Seele&nbsp;&#8220; verleiht. Besuchen Sie ihn, um sich einen Eindruck zu verschaffen&nbsp;!<\/p>\n<\/div><\/div>\n<\/p><\/div>\n<\/p><\/div>\n<\/p><\/div>\n<\/p><\/div>\n<\/div>\n<\/div>\n<p><!-- \/flzn:zn_imgtextblock --><br \/>\n<!-- flzn:zn_galleryblock --><\/p>\n<div id=\"flzn-galleryblock-1\" class=\"zn zone zn-galleryblock with-bg bg-color bg-color-is-white\"><span class=\"zone-bg bg-color bgc-white alignfull\"><\/span><\/p>\n<div class=\"zone-block zn-galleryblock-block alignwide va-top\">\n<div class=\"row mw-content-zone\">\n<div class=\"large-12 columns\">\n<div class=\"zn-galleryblock-list slick-slider galleryslider-grid\">\n<div class=\"zn-galleryblock-item slick-item\">\n<div class=\"zn-galleryblock-item-inner\">\n\t\t\t\t\t\t\t<a class=\"swipebox\" href=\"https:\/\/www.km0.info\/wp-inside\/uploads\/2021\/06\/afterwork-epitech-1-185x185.png\" title=\"\" rel=\"galleryzone-flzn-galleryblock-1\"><\/p>\n<div class=\"imgbox\">\n\t\t\t\t\t\t\t\t\t\t\t\t\t\t\t\t\t\t<img decoding=\"async\" src=\"https:\/\/www.km0.info\/wp-inside\/uploads\/2021\/06\/afterwork-epitech-1-185x185.png\" alt=\"\" data-interchange=\"[https:\/\/www.km0.info\/wp-inside\/uploads\/2021\/06\/afterwork-epitech-1-185x185.png, small],[https:\/\/www.km0.info\/wp-inside\/uploads\/2021\/06\/afterwork-epitech-1-370x300.png, gsmall],[https:\/\/www.km0.info\/wp-inside\/uploads\/2021\/06\/afterwork-epitech-1-185x185.png, large],[https:\/\/www.km0.info\/wp-inside\/uploads\/2021\/06\/afterwork-epitech-1-370x300.png, glarge],\">\n\t\t\t\t\t\t\t\t<\/div>\n<p>\t\t\t\t\t\t\t<\/a>\n\t\t\t\t\t\t<\/div>\n<\/p><\/div>\n<div class=\"zn-galleryblock-item slick-item\">\n<div class=\"zn-galleryblock-item-inner\">\n\t\t\t\t\t\t\t<a class=\"swipebox\" href=\"https:\/\/www.km0.info\/wp-inside\/uploads\/2020\/09\/colloque-u-185x185.jpg\" title=\"\" rel=\"galleryzone-flzn-galleryblock-1\"><\/p>\n<div class=\"imgbox\">\n\t\t\t\t\t\t\t\t\t\t\t\t\t\t\t\t\t\t<img decoding=\"async\" src=\"https:\/\/www.km0.info\/wp-inside\/uploads\/2020\/09\/colloque-u-185x185.jpg\" alt=\"Raum Kolloquium\" data-interchange=\"[https:\/\/www.km0.info\/wp-inside\/uploads\/2020\/09\/colloque-u-185x185.jpg, small],[https:\/\/www.km0.info\/wp-inside\/uploads\/2020\/09\/colloque-u-370x300.jpg, gsmall],[https:\/\/www.km0.info\/wp-inside\/uploads\/2020\/09\/colloque-u-185x185.jpg, large],[https:\/\/www.km0.info\/wp-inside\/uploads\/2020\/09\/colloque-u-370x300.jpg, glarge],\">\n\t\t\t\t\t\t\t\t<\/div>\n<p>\t\t\t\t\t\t\t<\/a>\n\t\t\t\t\t\t<\/div>\n<\/p><\/div>\n<div class=\"zn-galleryblock-item slick-item\">\n<div class=\"zn-galleryblock-item-inner\">\n\t\t\t\t\t\t\t<a class=\"swipebox\" href=\"https:\/\/www.km0.info\/wp-inside\/uploads\/2021\/04\/salle-colloque-e1619788963717.jpg\" title=\"\" rel=\"galleryzone-flzn-galleryblock-1\"><\/p>\n<div class=\"imgbox\">\n\t\t\t\t\t\t\t\t\t\t\t\t\t\t\t\t\t\t<img decoding=\"async\" src=\"https:\/\/www.km0.info\/wp-inside\/uploads\/2021\/04\/salle-colloque-e1619788963717-185x185.jpg\" alt=\"Raum Kolloquium\" data-interchange=\"[https:\/\/www.km0.info\/wp-inside\/uploads\/2021\/04\/salle-colloque-e1619788963717-185x185.jpg, small],[https:\/\/www.km0.info\/wp-inside\/uploads\/2021\/04\/salle-colloque-e1619788963717-370x300.jpg, gsmall],[https:\/\/www.km0.info\/wp-inside\/uploads\/2021\/04\/salle-colloque-e1619788963717-185x185.jpg, large],[https:\/\/www.km0.info\/wp-inside\/uploads\/2021\/04\/salle-colloque-e1619788963717-370x300.jpg, glarge],\">\n\t\t\t\t\t\t\t\t<\/div>\n<p>\t\t\t\t\t\t\t<\/a>\n\t\t\t\t\t\t<\/div>\n<\/p><\/div>\n<div class=\"zn-galleryblock-item slick-item\">\n<div class=\"zn-galleryblock-item-inner\">\n\t\t\t\t\t\t\t<a class=\"swipebox\" href=\"https:\/\/www.km0.info\/wp-inside\/uploads\/2020\/09\/2019-12-13-10.42.25-185x185.jpg\" title=\"\" rel=\"galleryzone-flzn-galleryblock-1\"><\/p>\n<div class=\"imgbox\">\n\t\t\t\t\t\t\t\t\t\t\t\t\t\t\t\t\t\t<img decoding=\"async\" src=\"https:\/\/www.km0.info\/wp-inside\/uploads\/2020\/09\/2019-12-13-10.42.25-185x185.jpg\" alt=\"Halle\" data-interchange=\"[https:\/\/www.km0.info\/wp-inside\/uploads\/2020\/09\/2019-12-13-10.42.25-185x185.jpg, small],[https:\/\/www.km0.info\/wp-inside\/uploads\/2020\/09\/2019-12-13-10.42.25-370x300.jpg, gsmall],[https:\/\/www.km0.info\/wp-inside\/uploads\/2020\/09\/2019-12-13-10.42.25-185x185.jpg, large],[https:\/\/www.km0.info\/wp-inside\/uploads\/2020\/09\/2019-12-13-10.42.25-370x300.jpg, glarge],\">\n\t\t\t\t\t\t\t\t<\/div>\n<p>\t\t\t\t\t\t\t<\/a>\n\t\t\t\t\t\t<\/div>\n<\/p><\/div>\n<div class=\"zn-galleryblock-item slick-item\">\n<div class=\"zn-galleryblock-item-inner\">\n\t\t\t\t\t\t\t<a class=\"swipebox\" href=\"https:\/\/www.km0.info\/wp-inside\/uploads\/2021\/05\/km0-soir-185x185.jpg\" title=\"\" rel=\"galleryzone-flzn-galleryblock-1\"><\/p>\n<div class=\"imgbox\">\n\t\t\t\t\t\t\t\t\t\t\t\t\t\t\t\t\t\t<img decoding=\"async\" src=\"https:\/\/www.km0.info\/wp-inside\/uploads\/2021\/05\/km0-soir-185x185.jpg\" alt=\"km0 Abend\" data-interchange=\"[https:\/\/www.km0.info\/wp-inside\/uploads\/2021\/05\/km0-soir-185x185.jpg, small],[https:\/\/www.km0.info\/wp-inside\/uploads\/2021\/05\/km0-soir-370x300.jpg, gsmall],[https:\/\/www.km0.info\/wp-inside\/uploads\/2021\/05\/km0-soir-185x185.jpg, large],[https:\/\/www.km0.info\/wp-inside\/uploads\/2021\/05\/km0-soir-370x300.jpg, glarge],\">\n\t\t\t\t\t\t\t\t<\/div>\n<p>\t\t\t\t\t\t\t<\/a>\n\t\t\t\t\t\t<\/div>\n<\/p><\/div>\n<div class=\"zn-galleryblock-item slick-item\">\n<div class=\"zn-galleryblock-item-inner\">\n\t\t\t\t\t\t\t<a class=\"swipebox\" href=\"https:\/\/www.km0.info\/wp-inside\/uploads\/2020\/10\/salle-reunion-mulhouse-alsace-185x185.jpg\" title=\"\" rel=\"galleryzone-flzn-galleryblock-1\"><\/p>\n<div class=\"imgbox\">\n\t\t\t\t\t\t\t\t\t\t\t\t\t\t\t\t\t\t<img decoding=\"async\" src=\"https:\/\/www.km0.info\/wp-inside\/uploads\/2020\/10\/salle-reunion-mulhouse-alsace-185x185.jpg\" alt=\"\" data-interchange=\"[https:\/\/www.km0.info\/wp-inside\/uploads\/2020\/10\/salle-reunion-mulhouse-alsace-185x185.jpg, small],[https:\/\/www.km0.info\/wp-inside\/uploads\/2020\/10\/salle-reunion-mulhouse-alsace-370x300.jpg, gsmall],[https:\/\/www.km0.info\/wp-inside\/uploads\/2020\/10\/salle-reunion-mulhouse-alsace-185x185.jpg, large],[https:\/\/www.km0.info\/wp-inside\/uploads\/2020\/10\/salle-reunion-mulhouse-alsace-370x300.jpg, glarge],\">\n\t\t\t\t\t\t\t\t<\/div>\n<p>\t\t\t\t\t\t\t<\/a>\n\t\t\t\t\t\t<\/div>\n<\/p><\/div>\n<div class=\"zn-galleryblock-item slick-item\">\n<div class=\"zn-galleryblock-item-inner\">\n\t\t\t\t\t\t\t<a class=\"swipebox\" href=\"https:\/\/www.km0.info\/wp-inside\/uploads\/2020\/10\/location-salle-mulhouse-cocktail-185x185.jpg\" title=\"\" rel=\"galleryzone-flzn-galleryblock-1\"><\/p>\n<div class=\"imgbox\">\n\t\t\t\t\t\t\t\t\t\t\t\t\t\t\t\t\t\t<img decoding=\"async\" src=\"https:\/\/www.km0.info\/wp-inside\/uploads\/2020\/10\/location-salle-mulhouse-cocktail-185x185.jpg\" alt=\"\" data-interchange=\"[https:\/\/www.km0.info\/wp-inside\/uploads\/2020\/10\/location-salle-mulhouse-cocktail-185x185.jpg, small],[https:\/\/www.km0.info\/wp-inside\/uploads\/2020\/10\/location-salle-mulhouse-cocktail-370x300.jpg, gsmall],[https:\/\/www.km0.info\/wp-inside\/uploads\/2020\/10\/location-salle-mulhouse-cocktail-185x185.jpg, large],[https:\/\/www.km0.info\/wp-inside\/uploads\/2020\/10\/location-salle-mulhouse-cocktail-370x300.jpg, glarge],\">\n\t\t\t\t\t\t\t\t<\/div>\n<p>\t\t\t\t\t\t\t<\/a>\n\t\t\t\t\t\t<\/div>\n<\/p><\/div>\n<\/p><\/div>\n<\/p><\/div>\n<\/p><\/div>\n<\/div>\n<\/div>\n<p><!-- \/flzn:zn_galleryblock --><br \/>\n<!-- flzn:zn_calltoaction --><\/p>\n<div id=\"flzn-calltoaction-1\" class=\"zn zone zn-calltoaction with-bg bg-color bg-color-is-gray\"><span class=\"zone-bg bg-color bgc-gray alignfull\"><\/span><\/p>\n<div class=\"zone-block zn-calltoaction-block alignfull va-top text-center\">\n<div class=\"zn-calltoaction-list row small-up-1 medium-up-1 nb-bloc-1 alignfull va-top text-center oneblock\" data-equalizer=\"\" data-equalize-on=\"large\">\n<div class=\"zn-calltoaction-bloc column\" data-equalizer-watch=\"\">\n<div class=\"column-inner\">\n<div class=\"zn-calltoaction-innerbox\">\n<div class=\"zn-calltoaction-bloc-titledesc\">\n<h3 class=\"zn-calltoaction-bloc-title h2\">\n  Ihr Raum zum Mieten 35 Minuten von Colmar entfernt  <\/h3>\n<div class=\"zn-calltoaction-bloc-desc\">\n<p>KM\u00d8 ist leicht mit dem <strong>Zug<\/strong> und dann zu Fu\u00df zu erreichen (15 Minuten vom Bahnhof Mulhouse). Mit dem <strong>Auto<\/strong> nehmen Sie die Autobahn A36 und dann die Ausfahrt 18a &#8211; Mulhouse centre.<\/p>\n<p>Sobald Sie Ihren Seminarort gebucht haben, hindert Sie nichts daran, Besichtigungen oder Aktivit\u00e4ten in der Umgebung von Colmar oder im Elsass zu planen. Das touristische Angebot in der Region ist sehr reichhaltig.<\/p>\n<\/p><\/div>\n<\/p><\/div>\n<div class=\"zn-calltoaction-buttons-box\">\n<p>\t\t\t\t\t\t\t\t\t\t\t\t\t\t\t\t<a class=\"button secondary arrow\" href=\"\/?page_id=4309\" title=\"Vermietung von R\u00e4umen\"><br \/>\n Mehr erfahren <\/a><\/p>\n<p>\t\t\t\t\t\t\t\t\t\t\t\t\t\t\t\t<a class=\"button secondary arrow\" href=\"\/?page_id=18\" title=\"Einen Raum mieten\"><br \/>\n  Kontaktieren Sie uns  <\/a>\n\t\t\t\t\t\t\t\t\t\t\t\t\t\t\t\t\t\t\t\t<\/div>\n<\/p><\/div>\n<\/p><\/div>\n<\/p><\/div>\n<\/p><\/div>\n<\/div>\n<\/div>\n<p><!-- \/flzn:zn_calltoaction --><\/p>\n","protected":false},"excerpt":{"rendered":"<p>Mieten Sie einen Raum oder privatisieren Sie den gesamten Veranstaltungsbereich von KM\u00d8 f\u00fcr Ihre gesch\u00e4ftliche Veranstaltung. 35 Minuten von Colmar entfernt bieten Sie Ihren Mitarbeitern einen au\u00dfergew\u00f6hnlichen Rahmen f\u00fcr ihre [&hellip;]<\/p>\n","protected":false},"author":3,"featured_media":0,"parent":8842,"menu_order":0,"comment_status":"closed","ping_status":"closed","template":"","meta":{"_acf_changed":false,"footnotes":""},"class_list":["post-8882","page","type-page","status-publish","hentry","wp-sticky"],"acf":[],"yoast_head":"<!-- This site is optimized with the Yoast SEO plugin v27.5 - https:\/\/yoast.com\/product\/yoast-seo-wordpress\/ -->\n<title>Saalmiete in der N\u00e4he von Colmar, Saalmiete f\u00fcr gesch\u00e4ftliche Veranstaltungen 68<\/title>\n<meta name=\"robots\" content=\"index, follow, max-snippet:-1, max-image-preview:large, max-video-preview:-1\" \/>\n<link rel=\"canonical\" href=\"https:\/\/www.km0.info\/de\/vermietung-von-raumen\/raumvermietung-in-der-nahe-von-colmar\/\" \/>\n<meta property=\"og:locale\" content=\"de_DE\" \/>\n<meta property=\"og:type\" content=\"article\" \/>\n<meta property=\"og:title\" content=\"Saalmiete in der N\u00e4he von Colmar, Saalmiete f\u00fcr gesch\u00e4ftliche Veranstaltungen 68\" \/>\n<meta property=\"og:description\" content=\"Mieten Sie einen Raum oder privatisieren Sie den gesamten Veranstaltungsbereich von KM\u00d8 f\u00fcr Ihre gesch\u00e4ftliche Veranstaltung. 35 Minuten von Colmar entfernt bieten Sie Ihren Mitarbeitern einen au\u00dfergew\u00f6hnlichen Rahmen f\u00fcr ihre [&hellip;]\" \/>\n<meta property=\"og:url\" content=\"https:\/\/www.km0.info\/de\/vermietung-von-raumen\/raumvermietung-in-der-nahe-von-colmar\/\" \/>\n<meta property=\"og:site_name\" content=\"KM\u00d8\" \/>\n<meta property=\"og:image\" content=\"https:\/\/www.km0.info\/wp-inside\/uploads\/2020\/09\/279833797_1453297211756486_4606759528244458694_n-1024x768.jpg\" \/>\n<meta name=\"twitter:card\" content=\"summary_large_image\" \/>\n<meta name=\"twitter:label1\" content=\"Gesch\u00e4tzte Lesezeit\" \/>\n\t<meta name=\"twitter:data1\" content=\"2\u00a0Minuten\" \/>\n<script type=\"application\/ld+json\" class=\"yoast-schema-graph\">{\"@context\":\"https:\\\/\\\/schema.org\",\"@graph\":[{\"@type\":\"WebPage\",\"@id\":\"https:\\\/\\\/www.km0.info\\\/de\\\/vermietung-von-raumen\\\/raumvermietung-in-der-nahe-von-colmar\\\/\",\"url\":\"https:\\\/\\\/www.km0.info\\\/de\\\/vermietung-von-raumen\\\/raumvermietung-in-der-nahe-von-colmar\\\/\",\"name\":\"Saalmiete in der N\u00e4he von Colmar, Saalmiete f\u00fcr gesch\u00e4ftliche Veranstaltungen 68\",\"isPartOf\":{\"@id\":\"https:\\\/\\\/www.km0.info\\\/de\\\/#website\"},\"primaryImageOfPage\":{\"@id\":\"https:\\\/\\\/www.km0.info\\\/de\\\/vermietung-von-raumen\\\/raumvermietung-in-der-nahe-von-colmar\\\/#primaryimage\"},\"image\":{\"@id\":\"https:\\\/\\\/www.km0.info\\\/de\\\/vermietung-von-raumen\\\/raumvermietung-in-der-nahe-von-colmar\\\/#primaryimage\"},\"thumbnailUrl\":\"https:\\\/\\\/www.km0.info\\\/wp-inside\\\/uploads\\\/2020\\\/09\\\/279833797_1453297211756486_4606759528244458694_n-1024x768.jpg\",\"datePublished\":\"2022-12-13T08:33:15+00:00\",\"breadcrumb\":{\"@id\":\"https:\\\/\\\/www.km0.info\\\/de\\\/vermietung-von-raumen\\\/raumvermietung-in-der-nahe-von-colmar\\\/#breadcrumb\"},\"inLanguage\":\"de\",\"potentialAction\":[{\"@type\":\"ReadAction\",\"target\":[\"https:\\\/\\\/www.km0.info\\\/de\\\/vermietung-von-raumen\\\/raumvermietung-in-der-nahe-von-colmar\\\/\"]}]},{\"@type\":\"ImageObject\",\"inLanguage\":\"de\",\"@id\":\"https:\\\/\\\/www.km0.info\\\/de\\\/vermietung-von-raumen\\\/raumvermietung-in-der-nahe-von-colmar\\\/#primaryimage\",\"url\":\"https:\\\/\\\/www.km0.info\\\/wp-inside\\\/uploads\\\/2020\\\/09\\\/279833797_1453297211756486_4606759528244458694_n-1024x768.jpg\",\"contentUrl\":\"https:\\\/\\\/www.km0.info\\\/wp-inside\\\/uploads\\\/2020\\\/09\\\/279833797_1453297211756486_4606759528244458694_n-1024x768.jpg\"},{\"@type\":\"BreadcrumbList\",\"@id\":\"https:\\\/\\\/www.km0.info\\\/de\\\/vermietung-von-raumen\\\/raumvermietung-in-der-nahe-von-colmar\\\/#breadcrumb\",\"itemListElement\":[{\"@type\":\"ListItem\",\"position\":1,\"name\":\"Accueil\",\"item\":\"https:\\\/\\\/www.km0.info\\\/de\\\/\"},{\"@type\":\"ListItem\",\"position\":2,\"name\":\"Vermietung von R\u00e4umen\",\"item\":\"https:\\\/\\\/www.km0.info\\\/de\\\/vermietung-von-raumen\\\/\"},{\"@type\":\"ListItem\",\"position\":3,\"name\":\"Raumvermietung in der N\u00e4he von Colmar\"}]},{\"@type\":\"WebSite\",\"@id\":\"https:\\\/\\\/www.km0.info\\\/de\\\/#website\",\"url\":\"https:\\\/\\\/www.km0.info\\\/de\\\/\",\"name\":\"KM\u00d8\",\"description\":\"Lieu d&#039;innovation d\u00e9di\u00e9 \u00e0 la transformation digitale de l&#039;industrie\",\"publisher\":{\"@id\":\"https:\\\/\\\/www.km0.info\\\/de\\\/#organization\"},\"potentialAction\":[{\"@type\":\"SearchAction\",\"target\":{\"@type\":\"EntryPoint\",\"urlTemplate\":\"https:\\\/\\\/www.km0.info\\\/de\\\/?s={search_term_string}\"},\"query-input\":{\"@type\":\"PropertyValueSpecification\",\"valueRequired\":true,\"valueName\":\"search_term_string\"}}],\"inLanguage\":\"de\"},{\"@type\":\"Organization\",\"@id\":\"https:\\\/\\\/www.km0.info\\\/de\\\/#organization\",\"name\":\"KM\u00d8\",\"url\":\"https:\\\/\\\/www.km0.info\\\/de\\\/\",\"logo\":{\"@type\":\"ImageObject\",\"inLanguage\":\"de\",\"@id\":\"https:\\\/\\\/www.km0.info\\\/de\\\/#\\\/schema\\\/logo\\\/image\\\/\",\"url\":\"https:\\\/\\\/www.km0.info\\\/wp-inside\\\/uploads\\\/2020\\\/10\\\/logo-km0-quadri-200x155-1.png\",\"contentUrl\":\"https:\\\/\\\/www.km0.info\\\/wp-inside\\\/uploads\\\/2020\\\/10\\\/logo-km0-quadri-200x155-1.png\",\"width\":200,\"height\":155,\"caption\":\"KM\u00d8\"},\"image\":{\"@id\":\"https:\\\/\\\/www.km0.info\\\/de\\\/#\\\/schema\\\/logo\\\/image\\\/\"}}]}<\/script>\n<!-- \/ Yoast SEO plugin. -->","yoast_head_json":{"title":"Saalmiete in der N\u00e4he von Colmar, Saalmiete f\u00fcr gesch\u00e4ftliche Veranstaltungen 68","robots":{"index":"index","follow":"follow","max-snippet":"max-snippet:-1","max-image-preview":"max-image-preview:large","max-video-preview":"max-video-preview:-1"},"canonical":"https:\/\/www.km0.info\/de\/vermietung-von-raumen\/raumvermietung-in-der-nahe-von-colmar\/","og_locale":"de_DE","og_type":"article","og_title":"Saalmiete in der N\u00e4he von Colmar, Saalmiete f\u00fcr gesch\u00e4ftliche Veranstaltungen 68","og_description":"Mieten Sie einen Raum oder privatisieren Sie den gesamten Veranstaltungsbereich von KM\u00d8 f\u00fcr Ihre gesch\u00e4ftliche Veranstaltung. 35 Minuten von Colmar entfernt bieten Sie Ihren Mitarbeitern einen au\u00dfergew\u00f6hnlichen Rahmen f\u00fcr ihre [&hellip;]","og_url":"https:\/\/www.km0.info\/de\/vermietung-von-raumen\/raumvermietung-in-der-nahe-von-colmar\/","og_site_name":"KM\u00d8","og_image":[{"url":"https:\/\/www.km0.info\/wp-inside\/uploads\/2020\/09\/279833797_1453297211756486_4606759528244458694_n-1024x768.jpg","type":"","width":"","height":""}],"twitter_card":"summary_large_image","twitter_misc":{"Gesch\u00e4tzte Lesezeit":"2\u00a0Minuten"},"schema":{"@context":"https:\/\/schema.org","@graph":[{"@type":"WebPage","@id":"https:\/\/www.km0.info\/de\/vermietung-von-raumen\/raumvermietung-in-der-nahe-von-colmar\/","url":"https:\/\/www.km0.info\/de\/vermietung-von-raumen\/raumvermietung-in-der-nahe-von-colmar\/","name":"Saalmiete in der N\u00e4he von Colmar, Saalmiete f\u00fcr gesch\u00e4ftliche Veranstaltungen 68","isPartOf":{"@id":"https:\/\/www.km0.info\/de\/#website"},"primaryImageOfPage":{"@id":"https:\/\/www.km0.info\/de\/vermietung-von-raumen\/raumvermietung-in-der-nahe-von-colmar\/#primaryimage"},"image":{"@id":"https:\/\/www.km0.info\/de\/vermietung-von-raumen\/raumvermietung-in-der-nahe-von-colmar\/#primaryimage"},"thumbnailUrl":"https:\/\/www.km0.info\/wp-inside\/uploads\/2020\/09\/279833797_1453297211756486_4606759528244458694_n-1024x768.jpg","datePublished":"2022-12-13T08:33:15+00:00","breadcrumb":{"@id":"https:\/\/www.km0.info\/de\/vermietung-von-raumen\/raumvermietung-in-der-nahe-von-colmar\/#breadcrumb"},"inLanguage":"de","potentialAction":[{"@type":"ReadAction","target":["https:\/\/www.km0.info\/de\/vermietung-von-raumen\/raumvermietung-in-der-nahe-von-colmar\/"]}]},{"@type":"ImageObject","inLanguage":"de","@id":"https:\/\/www.km0.info\/de\/vermietung-von-raumen\/raumvermietung-in-der-nahe-von-colmar\/#primaryimage","url":"https:\/\/www.km0.info\/wp-inside\/uploads\/2020\/09\/279833797_1453297211756486_4606759528244458694_n-1024x768.jpg","contentUrl":"https:\/\/www.km0.info\/wp-inside\/uploads\/2020\/09\/279833797_1453297211756486_4606759528244458694_n-1024x768.jpg"},{"@type":"BreadcrumbList","@id":"https:\/\/www.km0.info\/de\/vermietung-von-raumen\/raumvermietung-in-der-nahe-von-colmar\/#breadcrumb","itemListElement":[{"@type":"ListItem","position":1,"name":"Accueil","item":"https:\/\/www.km0.info\/de\/"},{"@type":"ListItem","position":2,"name":"Vermietung von R\u00e4umen","item":"https:\/\/www.km0.info\/de\/vermietung-von-raumen\/"},{"@type":"ListItem","position":3,"name":"Raumvermietung in der N\u00e4he von Colmar"}]},{"@type":"WebSite","@id":"https:\/\/www.km0.info\/de\/#website","url":"https:\/\/www.km0.info\/de\/","name":"KM\u00d8","description":"Lieu d&#039;innovation d\u00e9di\u00e9 \u00e0 la transformation digitale de l&#039;industrie","publisher":{"@id":"https:\/\/www.km0.info\/de\/#organization"},"potentialAction":[{"@type":"SearchAction","target":{"@type":"EntryPoint","urlTemplate":"https:\/\/www.km0.info\/de\/?s={search_term_string}"},"query-input":{"@type":"PropertyValueSpecification","valueRequired":true,"valueName":"search_term_string"}}],"inLanguage":"de"},{"@type":"Organization","@id":"https:\/\/www.km0.info\/de\/#organization","name":"KM\u00d8","url":"https:\/\/www.km0.info\/de\/","logo":{"@type":"ImageObject","inLanguage":"de","@id":"https:\/\/www.km0.info\/de\/#\/schema\/logo\/image\/","url":"https:\/\/www.km0.info\/wp-inside\/uploads\/2020\/10\/logo-km0-quadri-200x155-1.png","contentUrl":"https:\/\/www.km0.info\/wp-inside\/uploads\/2020\/10\/logo-km0-quadri-200x155-1.png","width":200,"height":155,"caption":"KM\u00d8"},"image":{"@id":"https:\/\/www.km0.info\/de\/#\/schema\/logo\/image\/"}}]}},"_links":{"self":[{"href":"https:\/\/www.km0.info\/de\/wp-json\/wp\/v2\/pages\/8882","targetHints":{"allow":["GET"]}}],"collection":[{"href":"https:\/\/www.km0.info\/de\/wp-json\/wp\/v2\/pages"}],"about":[{"href":"https:\/\/www.km0.info\/de\/wp-json\/wp\/v2\/types\/page"}],"author":[{"embeddable":true,"href":"https:\/\/www.km0.info\/de\/wp-json\/wp\/v2\/users\/3"}],"replies":[{"embeddable":true,"href":"https:\/\/www.km0.info\/de\/wp-json\/wp\/v2\/comments?post=8882"}],"version-history":[{"count":0,"href":"https:\/\/www.km0.info\/de\/wp-json\/wp\/v2\/pages\/8882\/revisions"}],"up":[{"embeddable":true,"href":"https:\/\/www.km0.info\/de\/wp-json\/wp\/v2\/pages\/8842"}],"wp:attachment":[{"href":"https:\/\/www.km0.info\/de\/wp-json\/wp\/v2\/media?parent=8882"}],"curies":[{"name":"wp","href":"https:\/\/api.w.org\/{rel}","templated":true}]}}