{"id":8876,"date":"2022-12-13T09:32:55","date_gmt":"2022-12-13T08:32:55","guid":{"rendered":"https:\/\/www.km0.info\/kmo-experience-2\/"},"modified":"2022-12-13T09:32:55","modified_gmt":"2022-12-13T08:32:55","slug":"kmo-experience-2","status":"publish","type":"page","link":"https:\/\/www.km0.info\/de\/kmo-experience-2\/","title":{"rendered":"KM\u00d8 EXPERIENCE"},"content":{"rendered":"<p><!-- flzn:zn_textblock --><\/p>\n<div id=\"flzn-textblock-1\" class=\"zn zone zn-textblock\">\n<div class=\"zone-block zn-textblock-block alignwide va-top\">\n<div class=\"row mw-content-zone \">\n<div class=\"columns large-12\">\n<div class=\"row large-up-1 nbloc-1\">\n<div class=\"column zn-textblock-col\">\n<div class=\"column-inner\">\n<div class=\"wig-content mw-content\">\n<h3 style=\"text-align: center;\"><strong>Entdecken Sie einen neuen Service, der von KM\u00d8&nbsp; entwickelt wurde: KM\u00d8 Exp\u00e9rience&nbsp;!  <\/strong><\/h3>\n<p style=\"text-align: center;\">M\u00f6chten Sie Ihren Teams ein inspirierendes Seminar anbieten&nbsp;? Erleben Sie mit Ihren Teams die KM\u00d8-Episode in Mulhouse. Eine Learning Expedition, bei der Sie KM\u00d8 kennenlernen und sich von ihm inspirieren lassen k\u00f6nnen.<\/p>\n<p>&nbsp;<\/p>\n<h5><strong>Formel &#8220;&nbsp;Entdeckung&nbsp;&#8222;.<\/strong><\/h5>\n<p>Halbtagesseminar f\u00fcr eine Gruppe von bis zu 30 Personen. Ziel ist es,<img decoding=\"async\" loading=\"lazy\" class=\"size-medium wp-image-8632 alignright\" src=\"https:\/\/www.km0.info\/wp-inside\/uploads\/2020\/09\/lancement_travaux_maison_industrie_kmo_08-300x200.jpg\" alt=\"\" width=\"300\" height=\"200\" srcset=\"https:\/\/www.km0.info\/wp-inside\/uploads\/2020\/09\/lancement_travaux_maison_industrie_kmo_08-300x200.jpg 300w, https:\/\/www.km0.info\/wp-inside\/uploads\/2020\/09\/lancement_travaux_maison_industrie_kmo_08-1024x682.jpg 1024w, https:\/\/www.km0.info\/wp-inside\/uploads\/2020\/09\/lancement_travaux_maison_industrie_kmo_08-768x512.jpg 768w, https:\/\/www.km0.info\/wp-inside\/uploads\/2020\/09\/lancement_travaux_maison_industrie_kmo_08-1536x1024.jpg 1536w, https:\/\/www.km0.info\/wp-inside\/uploads\/2020\/09\/lancement_travaux_maison_industrie_kmo_08-115x77.jpg 115w, https:\/\/www.km0.info\/wp-inside\/uploads\/2020\/09\/lancement_travaux_maison_industrie_kmo_08-195x130.jpg 195w, https:\/\/www.km0.info\/wp-inside\/uploads\/2020\/09\/lancement_travaux_maison_industrie_kmo_08-1305x870.jpg 1305w, https:\/\/www.km0.info\/wp-inside\/uploads\/2020\/09\/lancement_travaux_maison_industrie_kmo_08-750x500.jpg 750w, https:\/\/www.km0.info\/wp-inside\/uploads\/2020\/09\/lancement_travaux_maison_industrie_kmo_08-1920x1280.jpg 1920w, https:\/\/www.km0.info\/wp-inside\/uploads\/2020\/09\/lancement_travaux_maison_industrie_kmo_08-320x213.jpg 320w, https:\/\/www.km0.info\/wp-inside\/uploads\/2020\/09\/lancement_travaux_maison_industrie_kmo_08-800x533.jpg 800w, https:\/\/www.km0.info\/wp-inside\/uploads\/2020\/09\/lancement_travaux_maison_industrie_kmo_08.jpg 2000w\" sizes=\"auto, (max-width: 300px) 100vw, 300px\"> das Bewusstsein f\u00fcr die digitale Transformation und Innovation in der Industrie und im Bildungssektor zu sch\u00e4rfen.<\/p>\n<ul>\n<li>Dynamische Pr\u00e4sentation von KM\u00d8 + Besuch von Ausbildungszentren und Unternehmen<\/li>\n<li>Entdeckung innovativer Projekte + Startup-Pitch<\/li>\n<\/ul>\n<h5><\/h5>\n<h5>Formel &#8220;&nbsp;Inspiration&nbsp;&#8222;.<\/h5>\n<p>Eint\u00e4giges Seminar f\u00fcr eine Gruppe von bis zu 20 Personen. Ziel ist es, \u00fcber die Herausforderungen der digitalen Transformation der Industrie zu inspirieren und L\u00f6sungen zu erkennen.<\/p>\n<ul>\n<li>Dynamische Pr\u00e4sentation von KM\u00d8 + Besuch von Ausbildungen und Unternehmen<\/li>\n<li>Entdeckung innovativer Projekte + Startup-Pitch<\/li>\n<li>Verstehen Sie die Herausforderungen der Digitalisierung f\u00fcr Ihr Unternehmen &#8220;&nbsp;Design Thinking&nbsp;&#8222;.<\/li>\n<li>Sich Ihre Projekte vorstellen, pitchen und L\u00f6sungen in Partnerschaft mit dem Village by CA suchen<\/li>\n<\/ul>\n<h5><\/h5>\n<h5><img decoding=\"async\" loading=\"lazy\" class=\"size-medium wp-image-8641 alignleft\" src=\"https:\/\/www.km0.info\/wp-inside\/uploads\/2020\/09\/2019-12-13-10.42.25-1-300x169.jpg\" alt=\"\" width=\"300\" height=\"169\" srcset=\"https:\/\/www.km0.info\/wp-inside\/uploads\/2020\/09\/2019-12-13-10.42.25-1-300x169.jpg 300w, https:\/\/www.km0.info\/wp-inside\/uploads\/2020\/09\/2019-12-13-10.42.25-1-1024x576.jpg 1024w, https:\/\/www.km0.info\/wp-inside\/uploads\/2020\/09\/2019-12-13-10.42.25-1-768x432.jpg 768w, https:\/\/www.km0.info\/wp-inside\/uploads\/2020\/09\/2019-12-13-10.42.25-1-1536x864.jpg 1536w, https:\/\/www.km0.info\/wp-inside\/uploads\/2020\/09\/2019-12-13-10.42.25-1-115x65.jpg 115w, https:\/\/www.km0.info\/wp-inside\/uploads\/2020\/09\/2019-12-13-10.42.25-1-195x110.jpg 195w, https:\/\/www.km0.info\/wp-inside\/uploads\/2020\/09\/2019-12-13-10.42.25-1-1547x870.jpg 1547w, https:\/\/www.km0.info\/wp-inside\/uploads\/2020\/09\/2019-12-13-10.42.25-1-1920x1080.jpg 1920w, https:\/\/www.km0.info\/wp-inside\/uploads\/2020\/09\/2019-12-13-10.42.25-1-320x180.jpg 320w, https:\/\/www.km0.info\/wp-inside\/uploads\/2020\/09\/2019-12-13-10.42.25-1-800x450.jpg 800w, https:\/\/www.km0.info\/wp-inside\/uploads\/2020\/09\/2019-12-13-10.42.25-1.jpg 2000w\" sizes=\"auto, (max-width: 300px) 100vw, 300px\">Formel &#8220;&nbsp;Ma\u00dfgeschneidert&nbsp;&#8222;.<\/h5>\n<p>Das Unternehmen, KM\u00d8 und die Habitants erdenken und ko-konstruieren eine Seminarformel auf der Grundlage der Formel &#8220;&nbsp;Inspiration&nbsp;&#8220; f\u00fcr eine Gruppe von 12 Personen, um ein Ziel im Zusammenhang mit der digitalen Transformation der Industrie zu erreichen. Diese Formel &#8220;&nbsp;nach Ma\u00df&nbsp;&#8220; ist Teil eines thematischen Ansatzes (KI, 5G, Metavers, Drohnen&#8230;).<\/p>\n<\/p><\/div>\n<\/p><\/div>\n<\/p><\/div>\n<\/p><\/div>\n<\/p><\/div>\n<\/p><\/div>\n<\/p><\/div>\n<\/div>\n<p><!-- \/flzn:zn_textblock --><br \/>\n<!-- flzn:zn_calltoaction --><\/p>\n<div id=\"flzn-calltoaction-1\" class=\"zn zone zn-calltoaction with-bg bg-color bg-color-is-gray\"><span class=\"zone-bg bg-color bgc-gray alignfull\"><\/span><\/p>\n<div class=\"zone-block zn-calltoaction-block alignfull va-top text-center\">\n<div class=\"zn-calltoaction-list row small-up-1 medium-up-1 nb-bloc-1 alignfull va-top text-center oneblock\" data-equalizer=\"\" data-equalize-on=\"large\">\n<div class=\"zn-calltoaction-bloc column\" data-equalizer-watch=\"\">\n<div class=\"column-inner\">\n<div class=\"zn-calltoaction-innerbox\">\n<div class=\"zn-calltoaction-bloc-titledesc\">\n<h3 class=\"zn-calltoaction-bloc-title h2\">\n  M\u00f6chten Sie die KM\u00d8-Erfahrung machen&nbsp;?  <\/h3>\n<\/p><\/div>\n<div class=\"zn-calltoaction-buttons-box\">\n<p>\t\t\t\t\t\t\t\t\t\t\t\t\t\t\t\t<a class=\"button secondary arrow\" href=\"\/?page_id=809\"><br \/>\n Kontaktieren Sie uns <\/a>\n\t\t\t\t\t\t\t\t\t\t\t\t\t\t\t\t\t\t\t\t<\/div>\n<\/p><\/div>\n<\/p><\/div>\n<\/p><\/div>\n<\/p><\/div>\n<\/div>\n<\/div>\n<p><!-- \/flzn:zn_calltoaction --><\/p>\n","protected":false},"excerpt":{"rendered":"<p>Entdecken Sie einen neuen Service, der von KM\u00d8&nbsp; entwickelt wurde: KM\u00d8 Exp\u00e9rience&nbsp;! M\u00f6chten Sie Ihren Teams ein inspirierendes Seminar anbieten&nbsp;? Erleben Sie mit Ihren Teams die KM\u00d8-Episode in Mulhouse. Eine [&hellip;]<\/p>\n","protected":false},"author":9,"featured_media":0,"parent":0,"menu_order":0,"comment_status":"closed","ping_status":"closed","template":"","meta":{"_acf_changed":false,"footnotes":""},"class_list":["post-8876","page","type-page","status-publish","hentry","wp-sticky"],"acf":[],"yoast_head":"<!-- This site is optimized with the Yoast SEO plugin v27.5 - https:\/\/yoast.com\/product\/yoast-seo-wordpress\/ -->\n<title>KM\u00d8 EXPERIENCE<\/title>\n<meta name=\"robots\" content=\"index, follow, max-snippet:-1, max-image-preview:large, max-video-preview:-1\" \/>\n<link rel=\"canonical\" href=\"https:\/\/www.km0.info\/de\/kmo-experience-2\/\" \/>\n<meta property=\"og:locale\" content=\"de_DE\" \/>\n<meta property=\"og:type\" content=\"article\" \/>\n<meta property=\"og:title\" content=\"KM\u00d8 EXPERIENCE\" \/>\n<meta property=\"og:description\" content=\"Entdecken Sie einen neuen Service, der von KM\u00d8&nbsp; entwickelt wurde: KM\u00d8 Exp\u00e9rience&nbsp;! M\u00f6chten Sie Ihren Teams ein inspirierendes Seminar anbieten&nbsp;? Erleben Sie mit Ihren Teams die KM\u00d8-Episode in Mulhouse. Eine [&hellip;]\" \/>\n<meta property=\"og:url\" content=\"https:\/\/www.km0.info\/de\/kmo-experience-2\/\" \/>\n<meta property=\"og:site_name\" content=\"KM\u00d8\" \/>\n<meta property=\"og:image\" content=\"https:\/\/www.km0.info\/wp-inside\/uploads\/2020\/09\/lancement_travaux_maison_industrie_kmo_08-300x200.jpg\" \/>\n<meta name=\"twitter:card\" content=\"summary_large_image\" \/>\n<meta name=\"twitter:label1\" content=\"Gesch\u00e4tzte Lesezeit\" \/>\n\t<meta name=\"twitter:data1\" content=\"1\u00a0Minute\" \/>\n<script type=\"application\/ld+json\" class=\"yoast-schema-graph\">{\"@context\":\"https:\\\/\\\/schema.org\",\"@graph\":[{\"@type\":\"WebPage\",\"@id\":\"https:\\\/\\\/www.km0.info\\\/de\\\/kmo-experience-2\\\/\",\"url\":\"https:\\\/\\\/www.km0.info\\\/de\\\/kmo-experience-2\\\/\",\"name\":\"KM\u00d8 EXPERIENCE\",\"isPartOf\":{\"@id\":\"https:\\\/\\\/www.km0.info\\\/de\\\/#website\"},\"primaryImageOfPage\":{\"@id\":\"https:\\\/\\\/www.km0.info\\\/de\\\/kmo-experience-2\\\/#primaryimage\"},\"image\":{\"@id\":\"https:\\\/\\\/www.km0.info\\\/de\\\/kmo-experience-2\\\/#primaryimage\"},\"thumbnailUrl\":\"https:\\\/\\\/www.km0.info\\\/wp-inside\\\/uploads\\\/2020\\\/09\\\/lancement_travaux_maison_industrie_kmo_08-300x200.jpg\",\"datePublished\":\"2022-12-13T08:32:55+00:00\",\"breadcrumb\":{\"@id\":\"https:\\\/\\\/www.km0.info\\\/de\\\/kmo-experience-2\\\/#breadcrumb\"},\"inLanguage\":\"de\",\"potentialAction\":[{\"@type\":\"ReadAction\",\"target\":[\"https:\\\/\\\/www.km0.info\\\/de\\\/kmo-experience-2\\\/\"]}]},{\"@type\":\"ImageObject\",\"inLanguage\":\"de\",\"@id\":\"https:\\\/\\\/www.km0.info\\\/de\\\/kmo-experience-2\\\/#primaryimage\",\"url\":\"https:\\\/\\\/www.km0.info\\\/wp-inside\\\/uploads\\\/2020\\\/09\\\/lancement_travaux_maison_industrie_kmo_08-300x200.jpg\",\"contentUrl\":\"https:\\\/\\\/www.km0.info\\\/wp-inside\\\/uploads\\\/2020\\\/09\\\/lancement_travaux_maison_industrie_kmo_08-300x200.jpg\"},{\"@type\":\"BreadcrumbList\",\"@id\":\"https:\\\/\\\/www.km0.info\\\/de\\\/kmo-experience-2\\\/#breadcrumb\",\"itemListElement\":[{\"@type\":\"ListItem\",\"position\":1,\"name\":\"Accueil\",\"item\":\"https:\\\/\\\/www.km0.info\\\/de\\\/\"},{\"@type\":\"ListItem\",\"position\":2,\"name\":\"KM\u00d8 EXPERIENCE\"}]},{\"@type\":\"WebSite\",\"@id\":\"https:\\\/\\\/www.km0.info\\\/de\\\/#website\",\"url\":\"https:\\\/\\\/www.km0.info\\\/de\\\/\",\"name\":\"KM\u00d8\",\"description\":\"Lieu d&#039;innovation d\u00e9di\u00e9 \u00e0 la transformation digitale de l&#039;industrie\",\"publisher\":{\"@id\":\"https:\\\/\\\/www.km0.info\\\/de\\\/#organization\"},\"potentialAction\":[{\"@type\":\"SearchAction\",\"target\":{\"@type\":\"EntryPoint\",\"urlTemplate\":\"https:\\\/\\\/www.km0.info\\\/de\\\/?s={search_term_string}\"},\"query-input\":{\"@type\":\"PropertyValueSpecification\",\"valueRequired\":true,\"valueName\":\"search_term_string\"}}],\"inLanguage\":\"de\"},{\"@type\":\"Organization\",\"@id\":\"https:\\\/\\\/www.km0.info\\\/de\\\/#organization\",\"name\":\"KM\u00d8\",\"url\":\"https:\\\/\\\/www.km0.info\\\/de\\\/\",\"logo\":{\"@type\":\"ImageObject\",\"inLanguage\":\"de\",\"@id\":\"https:\\\/\\\/www.km0.info\\\/de\\\/#\\\/schema\\\/logo\\\/image\\\/\",\"url\":\"https:\\\/\\\/www.km0.info\\\/wp-inside\\\/uploads\\\/2020\\\/10\\\/logo-km0-quadri-200x155-1.png\",\"contentUrl\":\"https:\\\/\\\/www.km0.info\\\/wp-inside\\\/uploads\\\/2020\\\/10\\\/logo-km0-quadri-200x155-1.png\",\"width\":200,\"height\":155,\"caption\":\"KM\u00d8\"},\"image\":{\"@id\":\"https:\\\/\\\/www.km0.info\\\/de\\\/#\\\/schema\\\/logo\\\/image\\\/\"}}]}<\/script>\n<!-- \/ Yoast SEO plugin. -->","yoast_head_json":{"title":"KM\u00d8 EXPERIENCE","robots":{"index":"index","follow":"follow","max-snippet":"max-snippet:-1","max-image-preview":"max-image-preview:large","max-video-preview":"max-video-preview:-1"},"canonical":"https:\/\/www.km0.info\/de\/kmo-experience-2\/","og_locale":"de_DE","og_type":"article","og_title":"KM\u00d8 EXPERIENCE","og_description":"Entdecken Sie einen neuen Service, der von KM\u00d8&nbsp; entwickelt wurde: KM\u00d8 Exp\u00e9rience&nbsp;! M\u00f6chten Sie Ihren Teams ein inspirierendes Seminar anbieten&nbsp;? Erleben Sie mit Ihren Teams die KM\u00d8-Episode in Mulhouse. Eine [&hellip;]","og_url":"https:\/\/www.km0.info\/de\/kmo-experience-2\/","og_site_name":"KM\u00d8","og_image":[{"url":"https:\/\/www.km0.info\/wp-inside\/uploads\/2020\/09\/lancement_travaux_maison_industrie_kmo_08-300x200.jpg","type":"","width":"","height":""}],"twitter_card":"summary_large_image","twitter_misc":{"Gesch\u00e4tzte Lesezeit":"1\u00a0Minute"},"schema":{"@context":"https:\/\/schema.org","@graph":[{"@type":"WebPage","@id":"https:\/\/www.km0.info\/de\/kmo-experience-2\/","url":"https:\/\/www.km0.info\/de\/kmo-experience-2\/","name":"KM\u00d8 EXPERIENCE","isPartOf":{"@id":"https:\/\/www.km0.info\/de\/#website"},"primaryImageOfPage":{"@id":"https:\/\/www.km0.info\/de\/kmo-experience-2\/#primaryimage"},"image":{"@id":"https:\/\/www.km0.info\/de\/kmo-experience-2\/#primaryimage"},"thumbnailUrl":"https:\/\/www.km0.info\/wp-inside\/uploads\/2020\/09\/lancement_travaux_maison_industrie_kmo_08-300x200.jpg","datePublished":"2022-12-13T08:32:55+00:00","breadcrumb":{"@id":"https:\/\/www.km0.info\/de\/kmo-experience-2\/#breadcrumb"},"inLanguage":"de","potentialAction":[{"@type":"ReadAction","target":["https:\/\/www.km0.info\/de\/kmo-experience-2\/"]}]},{"@type":"ImageObject","inLanguage":"de","@id":"https:\/\/www.km0.info\/de\/kmo-experience-2\/#primaryimage","url":"https:\/\/www.km0.info\/wp-inside\/uploads\/2020\/09\/lancement_travaux_maison_industrie_kmo_08-300x200.jpg","contentUrl":"https:\/\/www.km0.info\/wp-inside\/uploads\/2020\/09\/lancement_travaux_maison_industrie_kmo_08-300x200.jpg"},{"@type":"BreadcrumbList","@id":"https:\/\/www.km0.info\/de\/kmo-experience-2\/#breadcrumb","itemListElement":[{"@type":"ListItem","position":1,"name":"Accueil","item":"https:\/\/www.km0.info\/de\/"},{"@type":"ListItem","position":2,"name":"KM\u00d8 EXPERIENCE"}]},{"@type":"WebSite","@id":"https:\/\/www.km0.info\/de\/#website","url":"https:\/\/www.km0.info\/de\/","name":"KM\u00d8","description":"Lieu d&#039;innovation d\u00e9di\u00e9 \u00e0 la transformation digitale de l&#039;industrie","publisher":{"@id":"https:\/\/www.km0.info\/de\/#organization"},"potentialAction":[{"@type":"SearchAction","target":{"@type":"EntryPoint","urlTemplate":"https:\/\/www.km0.info\/de\/?s={search_term_string}"},"query-input":{"@type":"PropertyValueSpecification","valueRequired":true,"valueName":"search_term_string"}}],"inLanguage":"de"},{"@type":"Organization","@id":"https:\/\/www.km0.info\/de\/#organization","name":"KM\u00d8","url":"https:\/\/www.km0.info\/de\/","logo":{"@type":"ImageObject","inLanguage":"de","@id":"https:\/\/www.km0.info\/de\/#\/schema\/logo\/image\/","url":"https:\/\/www.km0.info\/wp-inside\/uploads\/2020\/10\/logo-km0-quadri-200x155-1.png","contentUrl":"https:\/\/www.km0.info\/wp-inside\/uploads\/2020\/10\/logo-km0-quadri-200x155-1.png","width":200,"height":155,"caption":"KM\u00d8"},"image":{"@id":"https:\/\/www.km0.info\/de\/#\/schema\/logo\/image\/"}}]}},"_links":{"self":[{"href":"https:\/\/www.km0.info\/de\/wp-json\/wp\/v2\/pages\/8876","targetHints":{"allow":["GET"]}}],"collection":[{"href":"https:\/\/www.km0.info\/de\/wp-json\/wp\/v2\/pages"}],"about":[{"href":"https:\/\/www.km0.info\/de\/wp-json\/wp\/v2\/types\/page"}],"author":[{"embeddable":true,"href":"https:\/\/www.km0.info\/de\/wp-json\/wp\/v2\/users\/9"}],"replies":[{"embeddable":true,"href":"https:\/\/www.km0.info\/de\/wp-json\/wp\/v2\/comments?post=8876"}],"version-history":[{"count":0,"href":"https:\/\/www.km0.info\/de\/wp-json\/wp\/v2\/pages\/8876\/revisions"}],"wp:attachment":[{"href":"https:\/\/www.km0.info\/de\/wp-json\/wp\/v2\/media?parent=8876"}],"curies":[{"name":"wp","href":"https:\/\/api.w.org\/{rel}","templated":true}]}}