{"id":8868,"date":"2022-12-13T09:32:49","date_gmt":"2022-12-13T08:32:49","guid":{"rendered":"https:\/\/www.km0.info\/kmo\/projekte-made-in-kmo\/"},"modified":"2023-03-01T16:36:48","modified_gmt":"2023-03-01T15:36:48","slug":"projekte-made-in-kmo","status":"publish","type":"page","link":"https:\/\/www.km0.info\/de\/leben-in-kmo\/projekte-made-in-kmo\/","title":{"rendered":"Projekte made in KM\u00d8"},"content":{"rendered":"<p>Das KM\u00d8-Team stellt Ihnen seine innovativen Projekte vor&nbsp;!<\/p>\n<p><!-- flzn:zn_imgtextblock --><\/p>\n<div id=\"flzn-imgtextblock-1\" class=\"zn zone zn-imgtextblock\">\n<div class=\"zone-block zn-imgtextblock-block alignwide va-center\">\n<div class=\"row mw-content-zone\">\n<div class=\"columns large-12\">\n<div class=\"row with-nice-alignment zn-imgtextblock-row img-right va-center\" data-equalizer=\"\" data-equalize-on=\"large\">\n<div class=\"columns large-6 large-push-6 zn-imgtextblock-colimg\" data-equalizer-watch=\"\">\n<div class=\"columns-inner zn-imgtextblock-col-inner\">\n<p>\t\t\t\t\t\t<span class=\"deco1\"><\/span><br \/>\n\t\t\t\t\t\t<span class=\"deco2\"><\/span><br \/>\n\t\t\t\t\t\t<span class=\"deco3\"><\/span><\/p>\n<p>\t\t\t\t\t\t<a class=\"zn-imgtextblock-imgbox swipebox\" href=\"https:\/\/www.km0.info\/wp-inside\/uploads\/2021\/09\/image-km5g-1024x551.jpg\" title=\"\" rel=\"galleryzone-flzn-imgtextblock-1\">\t\t\t\t\t\t<\/p>\n<figure class=\"zn-imgtextblock-figure\">\n\t\t\t\t\t\t\t<img decoding=\"async\" class=\"zn-imgtextblock-img\" src=\"https:\/\/www.km0.info\/wp-inside\/uploads\/2021\/09\/image-km5g-1024x551.jpg\" alt=\"Projekt KM5G\"><br \/>\n\t\t\t\t\t\t\t\t\t\t\t\t\t<\/figure>\n<p>\t\t\t\t\t\t<\/a>\t\t\t\t\t<\/div>\n<\/p><\/div>\n<div class=\"columns large-6 large-pull-6 zn-imgtextblock-coldesc\" data-equalizer-watch=\"\">\n<div class=\"columns-inner zn-imgtextblock-descbox\">\n<div class=\"zn-imgtextblock-desc wig-content\">\n<h2>Open Lab 5G bei KM\u00d8&nbsp;: KM5G<\/h2>\n<p>&nbsp;<\/p>\n<p>KM5G ist ein Projekt, dessen Ziel es ist, auf die Ver\u00e4nderungen im Industriesektor durch die Einf\u00fchrung von 5G zu reagieren.<\/p>\n<p>Mehrere Einheiten haben sich um das Projekt versammelt. <strong>e-nov Campus<\/strong> der Verein, der den Innovationsort KM\u00d8 belebt, <strong>Trinaps<\/strong>, <strong>Bouygues T\u00e9l\u00e9com<\/strong> und <strong>IBM<\/strong>, die eine gemeinsame Vision \u00fcber den technologischen Umbruch im Industriesektor durch die M\u00f6glichkeiten von 5G teilen.<\/p>\n<p>&nbsp;<\/p>\n<p><strong>Unsere Aufgabe<\/strong>&nbsp;:<\/p>\n<p>Die Einrichtung eines 5G-Labors in KM\u00d8 wird es erm\u00f6glichen,&nbsp; aus der Ferne zu beherrschen: Schulung, Wartung und Steuerung von Maschinen, Prozessen oder Systemen. Und andererseits durch Innovation des industriellen Produktionssystems auf zuk\u00fcnftige Kundenw\u00fcnsche reagieren.<\/p>\n<p>&nbsp;<\/p>\n<p><strong>Ziele&nbsp;:<\/strong><\/p>\n<ul>\n<li>ein <strong>Ort des Austauschs und der Weitergabe von Wissen<\/strong> \u00fcber 5G werden, der die Vernetzung von Industrie und KMU sicherstellt.<\/li>\n<li><strong>Begleitung von Industrieunternehmen<\/strong> im Rahmen des Lebenszyklus der 5G-Nutzung.<\/li>\n<li>Den Industriellen erm\u00f6glichen, die <strong>Kontrolle \u00fcber ihre Daten zu behalten<\/strong>, indem sie eine dedizierte und sichere Infrastruktur einrichten.<\/li>\n<\/ul>\n<\/div><\/div>\n<\/p><\/div>\n<\/p><\/div>\n<\/p><\/div>\n<\/p><\/div>\n<\/div>\n<\/div>\n<p><!-- \/flzn:zn_imgtextblock --><br \/>\n<!-- flzn:zn_imgtextblock --><\/p>\n<div id=\"flzn-imgtextblock-2\" class=\"zn zone zn-imgtextblock\">\n<div class=\"zone-block zn-imgtextblock-block pdd-top-off pdd-bottom-off alignwide va-center\">\n<div class=\"row mw-content-zone\">\n<div class=\"columns large-12\">\n<div class=\"row with-nice-alignment zn-imgtextblock-row img-right va-center\" data-equalizer=\"\" data-equalize-on=\"large\">\n<div class=\"columns large-6 large-push-6 zn-imgtextblock-colimg\" data-equalizer-watch=\"\">\n<div class=\"columns-inner zn-imgtextblock-col-inner\">\n<p>\t\t\t\t\t\t<span class=\"deco1\"><\/span><br \/>\n\t\t\t\t\t\t<span class=\"deco2\"><\/span><br \/>\n\t\t\t\t\t\t<span class=\"deco3\"><\/span><\/p>\n<div class=\"zn-imgtextblock-imgbox\" title=\"\">\n<figure class=\"zn-imgtextblock-figure\">\n\t\t\t\t\t\t\t<img decoding=\"async\" class=\"zn-imgtextblock-img\" src=\"https:\/\/www.km0.info\/wp-inside\/uploads\/2020\/11\/2020-01-17-11.47.36-1024x576.jpg\" alt=\"\"><br \/>\n\t\t\t\t\t\t\t\t\t\t\t\t\t<\/figure>\n<\/p><\/div>\n<\/p><\/div>\n<\/p><\/div>\n<div class=\"columns large-6 large-pull-6 zn-imgtextblock-coldesc\" data-equalizer-watch=\"\">\n<div class=\"columns-inner zn-imgtextblock-descbox\">\n<div class=\"zn-imgtextblock-desc wig-content\">\n<h2>AIDA, Artificial Intelligence Data Analysis (K\u00fcnstliche Intelligenz Datenanalyse)<\/h2>\n<p>Ein vom <a href=\"https:\/\/www.km0.info\/club-des-locomotives\/\">Club des Locomotives<\/a> erdachtes Projekt, das auf Spitzenleistungen im Bereich der k\u00fcnstlichen Intelligenz und der Datenanalyse f\u00fcr die Industrie abzielt.<\/p>\n<p>5 Industrieunternehmen sind im AIDA-Konsortium aktiv.<\/p>\n<p><strong>Aufgaben&nbsp;:<\/strong><\/p>\n<p>Das &#8220;&nbsp;Consortium AIDA&nbsp;&#8220; wird das Lernen beschleunigen und das Tempo der digitalen Transformation des Industriesektors erh\u00f6hen, indem es verf\u00fcgbare und geeignete KI-Technologien erprobt und mit anderen Industrieunternehmen teilt. Das gemeinsame Labor AIDA ist ein Schl\u00fcsselelement dieser Beschleunigung und ein Ort, an dem die Industrie einen Beitrag leisten und eine offene Zusammenarbeit f\u00fchren kann.<\/p>\n<p>AIDA wird in der Gro\u00dfregion eine f\u00fchrende Rolle im Bereich der KI f\u00fcr die Industrie spielen.<\/p>\n<p><strong>Ziele <\/strong>&nbsp;:<\/p>\n<ul>\n<li>Ein <strong>gemeinsames Labor<\/strong> f\u00fcr Lernen und Zusammenarbeit schaffen<\/li>\n<li><strong>Beschleunigung der digitalen Transformation<\/strong> der Industrie durch Erprobung von KI-Technologien<\/li>\n<\/ul>\n<\/div><\/div>\n<\/p><\/div>\n<\/p><\/div>\n<\/p><\/div>\n<\/p><\/div>\n<\/div>\n<\/div>\n<p><!-- \/flzn:zn_imgtextblock --><br \/>\n<!-- flzn:zn_imgtextblock --><\/p>\n<div id=\"flzn-imgtextblock-3\" class=\"zn zone zn-imgtextblock\">\n<div class=\"zone-block zn-imgtextblock-block alignwide va-center\">\n<div class=\"row mw-content-zone\">\n<div class=\"columns large-12\">\n<div class=\"row with-nice-alignment zn-imgtextblock-row img-left va-center\" data-equalizer=\"\" data-equalize-on=\"large\">\n<div class=\"columns large-6 zn-imgtextblock-colimg\" data-equalizer-watch=\"\">\n<div class=\"columns-inner zn-imgtextblock-col-inner\">\n<p>\t\t\t\t\t\t<span class=\"deco1\"><\/span><br \/>\n\t\t\t\t\t\t<span class=\"deco2\"><\/span><br \/>\n\t\t\t\t\t\t<span class=\"deco3\"><\/span><\/p>\n<div class=\"zn-imgtextblock-imgbox\" title=\"\">\n<figure class=\"zn-imgtextblock-figure\">\n\t\t\t\t\t\t\t<img decoding=\"async\" class=\"zn-imgtextblock-img\" src=\"https:\/\/www.km0.info\/wp-inside\/uploads\/2022\/09\/ln7-1024x512.jpg\" alt=\"\"><br \/>\n\t\t\t\t\t\t\t\t\t\t\t\t\t<\/figure>\n<\/p><\/div>\n<\/p><\/div>\n<\/p><\/div>\n<div class=\"columns large-6 zn-imgtextblock-coldesc\" data-equalizer-watch=\"\">\n<div class=\"columns-inner zn-imgtextblock-descbox\">\n<div class=\"zn-imgtextblock-desc wig-content\">\n<h2>Digitale Linie<\/h2>\n<p>Eine 100&nbsp;% neuartige Ausbildung, die jungen Menschen gewidmet ist, die sich f\u00fcr digitale Themen (Webentwicklung, Fotografie, Video oder Grafikdesign) begeistern, die nicht unbedingt in eine Schublade passen, sondern ihre Talente autodidaktisch entwickelt haben.<\/p>\n<p><strong>Ziele&nbsp;:<\/strong><\/p>\n<ul>\n<li>Eine<strong> 7-monatige praktische Ausbildung<\/strong> in digitalen Berufen (kreativ &amp; technisch) vermitteln<\/li>\n<li><strong>F\u00f6rderung der beruflichen Eingliederung<\/strong> von Schulabbrechern<\/li>\n<\/ul>\n<p><a href=\"https:\/\/www.km0.info\/ligne-numerique\/\">Mehr erfahren<\/a><\/p>\n<\/div><\/div>\n<\/p><\/div>\n<\/p><\/div>\n<\/p><\/div>\n<\/p><\/div>\n<\/div>\n<\/div>\n<p><!-- \/flzn:zn_imgtextblock --><br \/>\n<!-- flzn:zn_imgtextblock --><\/p>\n<div id=\"flzn-imgtextblock-4\" class=\"zn zone zn-imgtextblock\">\n<div class=\"zone-block zn-imgtextblock-block pdd-top-off pdd-bottom alignwide va-center\">\n<div class=\"row mw-content-zone\">\n<div class=\"columns large-12\">\n<div class=\"row with-nice-alignment zn-imgtextblock-row img-right va-center\" data-equalizer=\"\" data-equalize-on=\"large\">\n<div class=\"columns large-6 large-push-6 zn-imgtextblock-colimg\" data-equalizer-watch=\"\">\n<div class=\"columns-inner zn-imgtextblock-col-inner\">\n<p>\t\t\t\t\t\t<span class=\"deco1\"><\/span><br \/>\n\t\t\t\t\t\t<span class=\"deco2\"><\/span><br \/>\n\t\t\t\t\t\t<span class=\"deco3\"><\/span><\/p>\n<div class=\"zn-imgtextblock-imgbox\" title=\"\">\n<figure class=\"zn-imgtextblock-figure\">\n\t\t\t\t\t\t\t<img decoding=\"async\" class=\"zn-imgtextblock-img\" src=\"https:\/\/www.km0.info\/wp-inside\/uploads\/2022\/03\/1647526977159.jpg\" alt=\"\"><br \/>\n\t\t\t\t\t\t\t\t\t\t\t\t\t<\/figure>\n<\/p><\/div>\n<\/p><\/div>\n<\/p><\/div>\n<div class=\"columns large-6 large-pull-6 zn-imgtextblock-coldesc\" data-equalizer-watch=\"\">\n<div class=\"columns-inner zn-imgtextblock-descbox\">\n<div class=\"zn-imgtextblock-desc wig-content\">\n<h2>R2D2 Project, Berufe mit Drohnen<\/h2>\n<p>In KM\u00d8 wurde die <strong>erste Schule f\u00fcr die Ausbildung zum Drohnenpiloten<\/strong> er\u00f6ffnet. Ein dreij\u00e4hriger Studiengang in einem zukunftstr\u00e4chtigen und sich schnell entwickelnden Sektor.<\/p>\n<\/div><\/div>\n<\/p><\/div>\n<\/p><\/div>\n<\/p><\/div>\n<\/p><\/div>\n<\/div>\n<\/div>\n<p><!-- \/flzn:zn_imgtextblock --><br \/>\n<!-- flzn:zn_calltoaction --><\/p>\n<div id=\"flzn-calltoaction-1\" class=\"zn zone zn-calltoaction with-bg bg-color bg-color-is-gray\"><span class=\"zone-bg bg-color bgc-gray alignfull\"><\/span><\/p>\n<div class=\"zone-block zn-calltoaction-block pdd-top pdd-bottom alignfull va-top text-center\">\n<div class=\"zn-calltoaction-list row small-up-1 medium-up-1 nb-bloc-1 pdd-top pdd-bottom alignfull va-top text-center oneblock\" data-equalizer=\"\" data-equalize-on=\"large\">\n<div class=\"zn-calltoaction-bloc column\" data-equalizer-watch=\"\">\n<div class=\"column-inner\">\n<div class=\"zn-calltoaction-innerbox\">\n<div class=\"zn-calltoaction-bloc-titledesc\">\n<h3 class=\"zn-calltoaction-bloc-title h2\">\n  Ein Projekt in KM\u00d8 einrichten  <\/h3>\n<div class=\"zn-calltoaction-bloc-desc\">\n<p>Lassen Sie Ihr Projekt bei KM\u00d8, dem &#8220;&nbsp;Kilometer 0&nbsp;&#8220; aller Innovationen und M\u00f6glichkeiten&nbsp; abheben!<\/p>\n<\/p><\/div>\n<\/p><\/div>\n<div class=\"zn-calltoaction-buttons-box\">\n<p>\t\t\t\t\t\t\t\t\t\t\t\t\t\t\t\t<a class=\"button secondary arrow\" href=\"\/?page_id=20\" title=\"Ein Projekt einrichten\"><br \/>\n  Erz\u00e4hlen Sie uns von Ihrem Projekt  <\/a>\n\t\t\t\t\t\t\t\t\t\t\t\t\t\t\t\t\t\t\t\t<\/div>\n<\/p><\/div>\n<\/p><\/div>\n<\/p><\/div>\n<\/p><\/div>\n<\/div>\n<\/div>\n<p><!-- \/flzn:zn_calltoaction --><\/p>\n","protected":false},"excerpt":{"rendered":"<p>Projekte, die vom KM\u00d8-Team initiiert und betreut werden (Bildung, \u00d6kologie, KI&#8230;)  <\/p>\n","protected":false},"author":2,"featured_media":7238,"parent":8835,"menu_order":150,"comment_status":"closed","ping_status":"closed","template":"","meta":{"_acf_changed":false,"footnotes":""},"class_list":["post-8868","page","type-page","status-publish","has-post-thumbnail","hentry","wp-sticky"],"acf":[],"yoast_head":"<!-- This site is optimized with the Yoast SEO plugin v27.5 - https:\/\/yoast.com\/product\/yoast-seo-wordpress\/ -->\n<title>Projekt Digitale Innovation: Die Projekte made in KM\u00d8<\/title>\n<meta name=\"description\" content=\"Das KM\u00d8-Team stellt Ihnen seine innovativen Projekte vor!\" \/>\n<meta name=\"robots\" content=\"index, follow, max-snippet:-1, max-image-preview:large, max-video-preview:-1\" \/>\n<link rel=\"canonical\" href=\"https:\/\/www.km0.info\/de\/leben-in-kmo\/projekte-made-in-kmo\/\" \/>\n<meta property=\"og:locale\" content=\"de_DE\" \/>\n<meta property=\"og:type\" content=\"article\" \/>\n<meta property=\"og:title\" content=\"Projekt Digitale Innovation: Die Projekte made in KM\u00d8\" \/>\n<meta property=\"og:description\" content=\"Das KM\u00d8-Team stellt Ihnen seine innovativen Projekte vor!\" \/>\n<meta property=\"og:url\" content=\"https:\/\/www.km0.info\/de\/leben-in-kmo\/projekte-made-in-kmo\/\" \/>\n<meta property=\"og:site_name\" content=\"KM\u00d8\" \/>\n<meta property=\"article:modified_time\" content=\"2023-03-01T15:36:48+00:00\" \/>\n<meta property=\"og:image\" content=\"https:\/\/www.km0.info\/wp-inside\/uploads\/2020\/10\/a-propos-km0-ecosysteme-industrie-numerique-mulhouse.jpg\" \/>\n\t<meta property=\"og:image:width\" content=\"1000\" \/>\n\t<meta property=\"og:image:height\" content=\"662\" \/>\n\t<meta property=\"og:image:type\" content=\"image\/jpeg\" \/>\n<meta name=\"twitter:card\" content=\"summary_large_image\" \/>\n<meta name=\"twitter:label1\" content=\"Gesch\u00e4tzte Lesezeit\" \/>\n\t<meta name=\"twitter:data1\" content=\"2\u00a0Minuten\" \/>\n<script type=\"application\/ld+json\" class=\"yoast-schema-graph\">{\"@context\":\"https:\\\/\\\/schema.org\",\"@graph\":[{\"@type\":\"WebPage\",\"@id\":\"https:\\\/\\\/www.km0.info\\\/de\\\/leben-in-kmo\\\/projekte-made-in-kmo\\\/\",\"url\":\"https:\\\/\\\/www.km0.info\\\/de\\\/leben-in-kmo\\\/projekte-made-in-kmo\\\/\",\"name\":\"Projekt Digitale Innovation: Die Projekte made in KM\u00d8\",\"isPartOf\":{\"@id\":\"https:\\\/\\\/www.km0.info\\\/de\\\/#website\"},\"primaryImageOfPage\":{\"@id\":\"https:\\\/\\\/www.km0.info\\\/de\\\/leben-in-kmo\\\/projekte-made-in-kmo\\\/#primaryimage\"},\"image\":{\"@id\":\"https:\\\/\\\/www.km0.info\\\/de\\\/leben-in-kmo\\\/projekte-made-in-kmo\\\/#primaryimage\"},\"thumbnailUrl\":\"https:\\\/\\\/www.km0.info\\\/wp-inside\\\/uploads\\\/2020\\\/10\\\/a-propos-km0-ecosysteme-industrie-numerique-mulhouse.jpg\",\"datePublished\":\"2022-12-13T08:32:49+00:00\",\"dateModified\":\"2023-03-01T15:36:48+00:00\",\"description\":\"Das KM\u00d8-Team stellt Ihnen seine innovativen Projekte vor!\",\"breadcrumb\":{\"@id\":\"https:\\\/\\\/www.km0.info\\\/de\\\/leben-in-kmo\\\/projekte-made-in-kmo\\\/#breadcrumb\"},\"inLanguage\":\"de\",\"potentialAction\":[{\"@type\":\"ReadAction\",\"target\":[\"https:\\\/\\\/www.km0.info\\\/de\\\/leben-in-kmo\\\/projekte-made-in-kmo\\\/\"]}]},{\"@type\":\"ImageObject\",\"inLanguage\":\"de\",\"@id\":\"https:\\\/\\\/www.km0.info\\\/de\\\/leben-in-kmo\\\/projekte-made-in-kmo\\\/#primaryimage\",\"url\":\"https:\\\/\\\/www.km0.info\\\/wp-inside\\\/uploads\\\/2020\\\/10\\\/a-propos-km0-ecosysteme-industrie-numerique-mulhouse.jpg\",\"contentUrl\":\"https:\\\/\\\/www.km0.info\\\/wp-inside\\\/uploads\\\/2020\\\/10\\\/a-propos-km0-ecosysteme-industrie-numerique-mulhouse.jpg\",\"width\":1000,\"height\":662},{\"@type\":\"BreadcrumbList\",\"@id\":\"https:\\\/\\\/www.km0.info\\\/de\\\/leben-in-kmo\\\/projekte-made-in-kmo\\\/#breadcrumb\",\"itemListElement\":[{\"@type\":\"ListItem\",\"position\":1,\"name\":\"Accueil\",\"item\":\"https:\\\/\\\/www.km0.info\\\/de\\\/\"},{\"@type\":\"ListItem\",\"position\":2,\"name\":\"KM\u00d8\",\"item\":\"https:\\\/\\\/www.km0.info\\\/de\\\/kmo\\\/\"},{\"@type\":\"ListItem\",\"position\":3,\"name\":\"Projekte made in KM\u00d8\"}]},{\"@type\":\"WebSite\",\"@id\":\"https:\\\/\\\/www.km0.info\\\/de\\\/#website\",\"url\":\"https:\\\/\\\/www.km0.info\\\/de\\\/\",\"name\":\"KM\u00d8\",\"description\":\"Lieu d&#039;innovation d\u00e9di\u00e9 \u00e0 la transformation digitale de l&#039;industrie\",\"publisher\":{\"@id\":\"https:\\\/\\\/www.km0.info\\\/de\\\/#organization\"},\"potentialAction\":[{\"@type\":\"SearchAction\",\"target\":{\"@type\":\"EntryPoint\",\"urlTemplate\":\"https:\\\/\\\/www.km0.info\\\/de\\\/?s={search_term_string}\"},\"query-input\":{\"@type\":\"PropertyValueSpecification\",\"valueRequired\":true,\"valueName\":\"search_term_string\"}}],\"inLanguage\":\"de\"},{\"@type\":\"Organization\",\"@id\":\"https:\\\/\\\/www.km0.info\\\/de\\\/#organization\",\"name\":\"KM\u00d8\",\"url\":\"https:\\\/\\\/www.km0.info\\\/de\\\/\",\"logo\":{\"@type\":\"ImageObject\",\"inLanguage\":\"de\",\"@id\":\"https:\\\/\\\/www.km0.info\\\/de\\\/#\\\/schema\\\/logo\\\/image\\\/\",\"url\":\"https:\\\/\\\/www.km0.info\\\/wp-inside\\\/uploads\\\/2020\\\/10\\\/logo-km0-quadri-200x155-1.png\",\"contentUrl\":\"https:\\\/\\\/www.km0.info\\\/wp-inside\\\/uploads\\\/2020\\\/10\\\/logo-km0-quadri-200x155-1.png\",\"width\":200,\"height\":155,\"caption\":\"KM\u00d8\"},\"image\":{\"@id\":\"https:\\\/\\\/www.km0.info\\\/de\\\/#\\\/schema\\\/logo\\\/image\\\/\"}}]}<\/script>\n<!-- \/ Yoast SEO plugin. -->","yoast_head_json":{"title":"Projekt Digitale Innovation: Die Projekte made in KM\u00d8","description":"Das KM\u00d8-Team stellt Ihnen seine innovativen Projekte vor!","robots":{"index":"index","follow":"follow","max-snippet":"max-snippet:-1","max-image-preview":"max-image-preview:large","max-video-preview":"max-video-preview:-1"},"canonical":"https:\/\/www.km0.info\/de\/leben-in-kmo\/projekte-made-in-kmo\/","og_locale":"de_DE","og_type":"article","og_title":"Projekt Digitale Innovation: Die Projekte made in KM\u00d8","og_description":"Das KM\u00d8-Team stellt Ihnen seine innovativen Projekte vor!","og_url":"https:\/\/www.km0.info\/de\/leben-in-kmo\/projekte-made-in-kmo\/","og_site_name":"KM\u00d8","article_modified_time":"2023-03-01T15:36:48+00:00","og_image":[{"width":1000,"height":662,"url":"https:\/\/www.km0.info\/wp-inside\/uploads\/2020\/10\/a-propos-km0-ecosysteme-industrie-numerique-mulhouse.jpg","type":"image\/jpeg"}],"twitter_card":"summary_large_image","twitter_misc":{"Gesch\u00e4tzte Lesezeit":"2\u00a0Minuten"},"schema":{"@context":"https:\/\/schema.org","@graph":[{"@type":"WebPage","@id":"https:\/\/www.km0.info\/de\/leben-in-kmo\/projekte-made-in-kmo\/","url":"https:\/\/www.km0.info\/de\/leben-in-kmo\/projekte-made-in-kmo\/","name":"Projekt Digitale Innovation: Die Projekte made in KM\u00d8","isPartOf":{"@id":"https:\/\/www.km0.info\/de\/#website"},"primaryImageOfPage":{"@id":"https:\/\/www.km0.info\/de\/leben-in-kmo\/projekte-made-in-kmo\/#primaryimage"},"image":{"@id":"https:\/\/www.km0.info\/de\/leben-in-kmo\/projekte-made-in-kmo\/#primaryimage"},"thumbnailUrl":"https:\/\/www.km0.info\/wp-inside\/uploads\/2020\/10\/a-propos-km0-ecosysteme-industrie-numerique-mulhouse.jpg","datePublished":"2022-12-13T08:32:49+00:00","dateModified":"2023-03-01T15:36:48+00:00","description":"Das KM\u00d8-Team stellt Ihnen seine innovativen Projekte vor!","breadcrumb":{"@id":"https:\/\/www.km0.info\/de\/leben-in-kmo\/projekte-made-in-kmo\/#breadcrumb"},"inLanguage":"de","potentialAction":[{"@type":"ReadAction","target":["https:\/\/www.km0.info\/de\/leben-in-kmo\/projekte-made-in-kmo\/"]}]},{"@type":"ImageObject","inLanguage":"de","@id":"https:\/\/www.km0.info\/de\/leben-in-kmo\/projekte-made-in-kmo\/#primaryimage","url":"https:\/\/www.km0.info\/wp-inside\/uploads\/2020\/10\/a-propos-km0-ecosysteme-industrie-numerique-mulhouse.jpg","contentUrl":"https:\/\/www.km0.info\/wp-inside\/uploads\/2020\/10\/a-propos-km0-ecosysteme-industrie-numerique-mulhouse.jpg","width":1000,"height":662},{"@type":"BreadcrumbList","@id":"https:\/\/www.km0.info\/de\/leben-in-kmo\/projekte-made-in-kmo\/#breadcrumb","itemListElement":[{"@type":"ListItem","position":1,"name":"Accueil","item":"https:\/\/www.km0.info\/de\/"},{"@type":"ListItem","position":2,"name":"KM\u00d8","item":"https:\/\/www.km0.info\/de\/kmo\/"},{"@type":"ListItem","position":3,"name":"Projekte made in KM\u00d8"}]},{"@type":"WebSite","@id":"https:\/\/www.km0.info\/de\/#website","url":"https:\/\/www.km0.info\/de\/","name":"KM\u00d8","description":"Lieu d&#039;innovation d\u00e9di\u00e9 \u00e0 la transformation digitale de l&#039;industrie","publisher":{"@id":"https:\/\/www.km0.info\/de\/#organization"},"potentialAction":[{"@type":"SearchAction","target":{"@type":"EntryPoint","urlTemplate":"https:\/\/www.km0.info\/de\/?s={search_term_string}"},"query-input":{"@type":"PropertyValueSpecification","valueRequired":true,"valueName":"search_term_string"}}],"inLanguage":"de"},{"@type":"Organization","@id":"https:\/\/www.km0.info\/de\/#organization","name":"KM\u00d8","url":"https:\/\/www.km0.info\/de\/","logo":{"@type":"ImageObject","inLanguage":"de","@id":"https:\/\/www.km0.info\/de\/#\/schema\/logo\/image\/","url":"https:\/\/www.km0.info\/wp-inside\/uploads\/2020\/10\/logo-km0-quadri-200x155-1.png","contentUrl":"https:\/\/www.km0.info\/wp-inside\/uploads\/2020\/10\/logo-km0-quadri-200x155-1.png","width":200,"height":155,"caption":"KM\u00d8"},"image":{"@id":"https:\/\/www.km0.info\/de\/#\/schema\/logo\/image\/"}}]}},"_links":{"self":[{"href":"https:\/\/www.km0.info\/de\/wp-json\/wp\/v2\/pages\/8868","targetHints":{"allow":["GET"]}}],"collection":[{"href":"https:\/\/www.km0.info\/de\/wp-json\/wp\/v2\/pages"}],"about":[{"href":"https:\/\/www.km0.info\/de\/wp-json\/wp\/v2\/types\/page"}],"author":[{"embeddable":true,"href":"https:\/\/www.km0.info\/de\/wp-json\/wp\/v2\/users\/2"}],"replies":[{"embeddable":true,"href":"https:\/\/www.km0.info\/de\/wp-json\/wp\/v2\/comments?post=8868"}],"version-history":[{"count":1,"href":"https:\/\/www.km0.info\/de\/wp-json\/wp\/v2\/pages\/8868\/revisions"}],"predecessor-version":[{"id":9378,"href":"https:\/\/www.km0.info\/de\/wp-json\/wp\/v2\/pages\/8868\/revisions\/9378"}],"up":[{"embeddable":true,"href":"https:\/\/www.km0.info\/de\/wp-json\/wp\/v2\/pages\/8835"}],"wp:featuredmedia":[{"embeddable":true,"href":"https:\/\/www.km0.info\/de\/wp-json\/wp\/v2\/media\/7238"}],"wp:attachment":[{"href":"https:\/\/www.km0.info\/de\/wp-json\/wp\/v2\/media?parent=8868"}],"curies":[{"name":"wp","href":"https:\/\/api.w.org\/{rel}","templated":true}]}}