{"id":8867,"date":"2022-12-13T09:32:47","date_gmt":"2022-12-13T08:32:47","guid":{"rendered":"https:\/\/www.km0.info\/bestatigung-kontakt\/"},"modified":"2022-12-13T09:32:47","modified_gmt":"2022-12-13T08:32:47","slug":"bestatigung-kontakt","status":"publish","type":"page","link":"https:\/\/www.km0.info\/de\/bestatigung-kontakt\/","title":{"rendered":"Best\u00e4tigung: Kontakt"},"content":{"rendered":"<p><!-- flzn:zn_textblock --><\/p>\n<div id=\"flzn-textblock-1\" class=\"zn zone zn-textblock\">\n<div class=\"zone-block zn-textblock-block pdd-top-off alignwide va-top\">\n<div class=\"row mw-content-zone \">\n<div class=\"columns large-12\">\n<div class=\"row large-up-1 nbloc-1\">\n<div class=\"column zn-textblock-col\">\n<div class=\"column-inner\">\n<div class=\"wig-content mw-content\">\n<p style=\"text-align: center;\">Ihre Nachricht wurde erfolgreich gesendet und wir danken Ihnen daf\u00fcr.<br \/>\nWir werden uns so bald wie m\u00f6glich mit Ihnen in Verbindung setzen.<\/p>\n<p style=\"text-align: center;\"><a class=\"button secondary arrow\" href=\"https:\/\/www.km0.info\/\">Zur\u00fcck zur Startseite<\/a><\/p>\n<\/p><\/div>\n<\/p><\/div>\n<\/p><\/div>\n<\/p><\/div>\n<\/p><\/div>\n<\/p><\/div>\n<\/p><\/div>\n<\/div>\n<p><!-- \/flzn:zn_textblock --><\/p>\n","protected":false},"excerpt":{"rendered":"<p>Ihre Nachricht wurde erfolgreich gesendet und wir danken Ihnen daf\u00fcr. Wir werden uns so bald wie m\u00f6glich mit Ihnen in Verbindung setzen. Zur\u00fcck zur Startseite<\/p>\n","protected":false},"author":2,"featured_media":0,"parent":0,"menu_order":90,"comment_status":"closed","ping_status":"closed","template":"","meta":{"_acf_changed":false,"footnotes":""},"class_list":["post-8867","page","type-page","status-publish","hentry","wp-sticky"],"acf":[],"yoast_head":"<!-- This site is optimized with the Yoast SEO plugin v27.4 - https:\/\/yoast.com\/product\/yoast-seo-wordpress\/ -->\n<title>Gesendete Nachricht<\/title>\n<meta name=\"robots\" content=\"noindex, follow\" \/>\n<meta property=\"og:locale\" content=\"de_DE\" \/>\n<meta property=\"og:type\" content=\"article\" \/>\n<meta property=\"og:title\" content=\"Gesendete Nachricht\" \/>\n<meta property=\"og:description\" content=\"Ihre Nachricht wurde erfolgreich gesendet und wir danken Ihnen daf\u00fcr. Wir werden uns so bald wie m\u00f6glich mit Ihnen in Verbindung setzen. Zur\u00fcck zur Startseite\" \/>\n<meta property=\"og:url\" content=\"https:\/\/www.km0.info\/de\/bestatigung-kontakt\/\" \/>\n<meta property=\"og:site_name\" content=\"KM\u00d8\" \/>\n<meta property=\"og:image\" content=\"https:\/\/www.km0.info\/wp-inside\/uploads\/2020\/10\/logo-km0-quadri-200x155-1.png\" \/>\n\t<meta property=\"og:image:width\" content=\"200\" \/>\n\t<meta property=\"og:image:height\" content=\"155\" \/>\n\t<meta property=\"og:image:type\" content=\"image\/png\" \/>\n<meta name=\"twitter:card\" content=\"summary_large_image\" \/>\n<script type=\"application\/ld+json\" class=\"yoast-schema-graph\">{\"@context\":\"https:\\\/\\\/schema.org\",\"@graph\":[{\"@type\":\"WebPage\",\"@id\":\"https:\\\/\\\/www.km0.info\\\/de\\\/bestatigung-kontakt\\\/\",\"url\":\"https:\\\/\\\/www.km0.info\\\/de\\\/bestatigung-kontakt\\\/\",\"name\":\"Gesendete Nachricht\",\"isPartOf\":{\"@id\":\"https:\\\/\\\/www.km0.info\\\/de\\\/#website\"},\"datePublished\":\"2022-12-13T08:32:47+00:00\",\"breadcrumb\":{\"@id\":\"https:\\\/\\\/www.km0.info\\\/de\\\/bestatigung-kontakt\\\/#breadcrumb\"},\"inLanguage\":\"de\",\"potentialAction\":[{\"@type\":\"ReadAction\",\"target\":[\"https:\\\/\\\/www.km0.info\\\/de\\\/bestatigung-kontakt\\\/\"]}]},{\"@type\":\"BreadcrumbList\",\"@id\":\"https:\\\/\\\/www.km0.info\\\/de\\\/bestatigung-kontakt\\\/#breadcrumb\",\"itemListElement\":[{\"@type\":\"ListItem\",\"position\":1,\"name\":\"Accueil\",\"item\":\"https:\\\/\\\/www.km0.info\\\/de\\\/\"},{\"@type\":\"ListItem\",\"position\":2,\"name\":\"Gesendete Nachricht\"}]},{\"@type\":\"WebSite\",\"@id\":\"https:\\\/\\\/www.km0.info\\\/de\\\/#website\",\"url\":\"https:\\\/\\\/www.km0.info\\\/de\\\/\",\"name\":\"KM\u00d8\",\"description\":\"Lieu d&#039;innovation d\u00e9di\u00e9 \u00e0 la transformation digitale de l&#039;industrie\",\"publisher\":{\"@id\":\"https:\\\/\\\/www.km0.info\\\/de\\\/#organization\"},\"potentialAction\":[{\"@type\":\"SearchAction\",\"target\":{\"@type\":\"EntryPoint\",\"urlTemplate\":\"https:\\\/\\\/www.km0.info\\\/de\\\/?s={search_term_string}\"},\"query-input\":{\"@type\":\"PropertyValueSpecification\",\"valueRequired\":true,\"valueName\":\"search_term_string\"}}],\"inLanguage\":\"de\"},{\"@type\":\"Organization\",\"@id\":\"https:\\\/\\\/www.km0.info\\\/de\\\/#organization\",\"name\":\"KM\u00d8\",\"url\":\"https:\\\/\\\/www.km0.info\\\/de\\\/\",\"logo\":{\"@type\":\"ImageObject\",\"inLanguage\":\"de\",\"@id\":\"https:\\\/\\\/www.km0.info\\\/de\\\/#\\\/schema\\\/logo\\\/image\\\/\",\"url\":\"https:\\\/\\\/www.km0.info\\\/wp-inside\\\/uploads\\\/2020\\\/10\\\/logo-km0-quadri-200x155-1.png\",\"contentUrl\":\"https:\\\/\\\/www.km0.info\\\/wp-inside\\\/uploads\\\/2020\\\/10\\\/logo-km0-quadri-200x155-1.png\",\"width\":200,\"height\":155,\"caption\":\"KM\u00d8\"},\"image\":{\"@id\":\"https:\\\/\\\/www.km0.info\\\/de\\\/#\\\/schema\\\/logo\\\/image\\\/\"}}]}<\/script>\n<!-- \/ Yoast SEO plugin. -->","yoast_head_json":{"title":"Gesendete Nachricht","robots":{"index":"noindex","follow":"follow"},"og_locale":"de_DE","og_type":"article","og_title":"Gesendete Nachricht","og_description":"Ihre Nachricht wurde erfolgreich gesendet und wir danken Ihnen daf\u00fcr. Wir werden uns so bald wie m\u00f6glich mit Ihnen in Verbindung setzen. Zur\u00fcck zur Startseite","og_url":"https:\/\/www.km0.info\/de\/bestatigung-kontakt\/","og_site_name":"KM\u00d8","og_image":[{"width":200,"height":155,"url":"https:\/\/www.km0.info\/wp-inside\/uploads\/2020\/10\/logo-km0-quadri-200x155-1.png","type":"image\/png"}],"twitter_card":"summary_large_image","schema":{"@context":"https:\/\/schema.org","@graph":[{"@type":"WebPage","@id":"https:\/\/www.km0.info\/de\/bestatigung-kontakt\/","url":"https:\/\/www.km0.info\/de\/bestatigung-kontakt\/","name":"Gesendete Nachricht","isPartOf":{"@id":"https:\/\/www.km0.info\/de\/#website"},"datePublished":"2022-12-13T08:32:47+00:00","breadcrumb":{"@id":"https:\/\/www.km0.info\/de\/bestatigung-kontakt\/#breadcrumb"},"inLanguage":"de","potentialAction":[{"@type":"ReadAction","target":["https:\/\/www.km0.info\/de\/bestatigung-kontakt\/"]}]},{"@type":"BreadcrumbList","@id":"https:\/\/www.km0.info\/de\/bestatigung-kontakt\/#breadcrumb","itemListElement":[{"@type":"ListItem","position":1,"name":"Accueil","item":"https:\/\/www.km0.info\/de\/"},{"@type":"ListItem","position":2,"name":"Gesendete Nachricht"}]},{"@type":"WebSite","@id":"https:\/\/www.km0.info\/de\/#website","url":"https:\/\/www.km0.info\/de\/","name":"KM\u00d8","description":"Lieu d&#039;innovation d\u00e9di\u00e9 \u00e0 la transformation digitale de l&#039;industrie","publisher":{"@id":"https:\/\/www.km0.info\/de\/#organization"},"potentialAction":[{"@type":"SearchAction","target":{"@type":"EntryPoint","urlTemplate":"https:\/\/www.km0.info\/de\/?s={search_term_string}"},"query-input":{"@type":"PropertyValueSpecification","valueRequired":true,"valueName":"search_term_string"}}],"inLanguage":"de"},{"@type":"Organization","@id":"https:\/\/www.km0.info\/de\/#organization","name":"KM\u00d8","url":"https:\/\/www.km0.info\/de\/","logo":{"@type":"ImageObject","inLanguage":"de","@id":"https:\/\/www.km0.info\/de\/#\/schema\/logo\/image\/","url":"https:\/\/www.km0.info\/wp-inside\/uploads\/2020\/10\/logo-km0-quadri-200x155-1.png","contentUrl":"https:\/\/www.km0.info\/wp-inside\/uploads\/2020\/10\/logo-km0-quadri-200x155-1.png","width":200,"height":155,"caption":"KM\u00d8"},"image":{"@id":"https:\/\/www.km0.info\/de\/#\/schema\/logo\/image\/"}}]}},"_links":{"self":[{"href":"https:\/\/www.km0.info\/de\/wp-json\/wp\/v2\/pages\/8867","targetHints":{"allow":["GET"]}}],"collection":[{"href":"https:\/\/www.km0.info\/de\/wp-json\/wp\/v2\/pages"}],"about":[{"href":"https:\/\/www.km0.info\/de\/wp-json\/wp\/v2\/types\/page"}],"author":[{"embeddable":true,"href":"https:\/\/www.km0.info\/de\/wp-json\/wp\/v2\/users\/2"}],"replies":[{"embeddable":true,"href":"https:\/\/www.km0.info\/de\/wp-json\/wp\/v2\/comments?post=8867"}],"version-history":[{"count":0,"href":"https:\/\/www.km0.info\/de\/wp-json\/wp\/v2\/pages\/8867\/revisions"}],"wp:attachment":[{"href":"https:\/\/www.km0.info\/de\/wp-json\/wp\/v2\/media?parent=8867"}],"curies":[{"name":"wp","href":"https:\/\/api.w.org\/{rel}","templated":true}]}}