{"id":8856,"date":"2022-12-13T09:32:29","date_gmt":"2022-12-13T08:32:29","guid":{"rendered":"https:\/\/www.km0.info\/kmo\/team\/"},"modified":"2025-10-08T16:43:55","modified_gmt":"2025-10-08T14:43:55","slug":"team","status":"publish","type":"page","link":"https:\/\/www.km0.info\/de\/kmo\/team\/","title":{"rendered":"Team"},"content":{"rendered":"<p>Der Innovationsort KM\u00d8 wird von einem Team aus motivierten Menschen betrieben, die viele Erfahrungen und F\u00e4higkeiten sammeln&nbsp;!<\/p>\n<p><!-- flzn:zn_imgblock --><\/p>\n<div id=\"flzn-imgblock-1\" class=\"zn zone zn-imgblock\">\n<div class=\"zone-block zn-imgblock-block alignwide va-center\">\n<div class=\"row one-img\">\n<div class=\"columns large-12\">\n<div class=\"row with-nice-alignment va-center\" data-equalizer=\"\" data-equalize-on=\"large\">\n<div class=\"columns large-12 zn-imgblock-col\" data-equalizer-watch=\"\">\n<div class=\"columns-inner zn-imgblock-col-inner\">\n\t\t\t\t\t\t\t<a class=\"zn-imgblock-imgbox swipebox\" href=\"https:\/\/www.km0.info\/wp-inside\/uploads\/2025\/03\/dscf0362-85@05x-1-1500x600.jpg\" title=\"\" rel=\"galleryzone-flzn-imgblock-1\">\t\t\t\t\t\t\t<\/p>\n<figure class=\"zn-imgblock-figure\">\n\t\t\t\t\t\t\t\t<img decoding=\"async\" class=\"zn-imgblock-img\" src=\"https:\/\/www.km0.info\/wp-inside\/uploads\/2025\/03\/dscf0362-85@05x-1-1500x600.jpg\" alt=\"\"><br \/>\n\t\t\t\t\t\t\t\t\t\t\t\t\t\t\t<\/figure>\n<p>\t\t\t\t\t\t\t<\/a>\t\t\t\t\t\t<\/div>\n<\/p><\/div>\n<\/p><\/div>\n<\/p><\/div>\n<\/p><\/div>\n<\/div>\n<\/div>\n<p><!-- \/flzn:zn_imgblock --><br \/>\n<!-- flzn:zn_trombinoscope --><\/p>\n<div id=\"flzn-trombinoscope-1\" class=\"zn zone zn-trombinoscope with-bg bg-color bg-color-is-transparent\"><span class=\"zone-bg bg-color bgc-transparent alignfull\"><\/span><\/p>\n<div class=\"zone-block zn-trombinoscope-block pdd-top-off pdd-bottom alignwide va-top\">\n<div class=\"row\">\n<div class=\"columns large-12\">\n<div class=\"row blockgrid-center nb-members-7 small-up-2 medium-up-3 large-up-4\" data-equalizer=\"\" data-equalize-on=\"large\">\n<div class=\"column zn-trombinoscope-member\">\n<div class=\"zn-trombinoscope-member-box\">\n<div class=\"zn-trombinoscope-member-flip-container\">\n<div class=\"zn-trombinoscope-member-flip-container-inner\">\n<figure class=\"zn-trombinoscope-member-figure\">\n\t\t\t\t\t\t\t\t\t\t\t\t\t<img decoding=\"async\" class=\"zn-trombinoscope-member-img\" src=\"https:\/\/www.km0.info\/wp-inside\/uploads\/2025\/02\/patrick-site-internet-380x380.jpg\" alt=\"\" data-interchange=\"[https:\/\/www.km0.info\/wp-inside\/uploads\/2025\/02\/patrick-site-internet-380x380.jpg, small],[https:\/\/www.km0.info\/wp-inside\/uploads\/2025\/02\/patrick-site-internet-380x380.jpg, gsmall],[https:\/\/www.km0.info\/wp-inside\/uploads\/2025\/02\/patrick-site-internet-380x380.jpg, glarge],\"><br \/>\n\t\t\t\t\t\t\t\t\t\t\t\t\t\t\t\t\t\t\t\t\t\t\t\t\t<\/figure>\n<\/p><\/div>\n<\/p><\/div>\n<div class=\"zn-trombinoscope-member-infos\">\n<div data-equalizer-watch=\"\">\n<h3 class=\"zn-trombinoscope-member-name\">\n  Patrick Rein  <\/h3>\n<p class=\"zn-trombinoscope-member-fonction\">\n  Vorsitzender KM\u00d8 SAS  <\/p>\n<\/p><\/div>\n<p>\t\t\t\t\t\t\t\t\t\t<!-- On v\u00e9rifie que la description est bien renseign\u00e9 --><br \/>\n\t\t\t\t\t\t\t\t\t\t\t\t\t\t\t\t\t\t\t\t\t<button class=\"zn-trombinoscope-member-button\" type=\"button\" data-toggle=\"zn-trombinoscope-dropdown-1-1\">Mehr erfahren<\/button><\/p>\n<div class=\"zn-trombinoscope-member-dropdown dropdown-pane\" data-position=\"bottom\" data-alignment=\"center\" id=\"zn-trombinoscope-dropdown-1-1\" data-dropdown=\"\" data-auto-focus=\"true\">\n<p class=\"zn-trombinoscope-member-desc\">\n<p>Der Unternehmer aus Mulhouse ist eine der treibenden Kr\u00e4fte des \u00d6kosystems&nbsp;: Er ist Kommunikator, Influencer und offizieller Reisef\u00fchrer f\u00fcr alle KM\u00d8-Touren. Wenn Sie auf einen Kaffee vorbeikommen, ist die Wahrscheinlichkeit gro\u00df, dass Sie seinen Weg kreuzen.<\/p>\n<\/p><\/div>\n<\/p><\/div>\n<\/p><\/div>\n<\/p><\/div>\n<div class=\"column zn-trombinoscope-member\">\n<div class=\"zn-trombinoscope-member-box\">\n<div class=\"zn-trombinoscope-member-flip-container\">\n<div class=\"zn-trombinoscope-member-flip-container-inner\">\n<figure class=\"zn-trombinoscope-member-figure\">\n\t\t\t\t\t\t\t\t\t\t\t\t\t<img decoding=\"async\" class=\"zn-trombinoscope-member-img\" src=\"https:\/\/www.km0.info\/wp-inside\/uploads\/2025\/02\/gerald-site-internet-380x380.jpg\" alt=\"\" data-interchange=\"[https:\/\/www.km0.info\/wp-inside\/uploads\/2025\/02\/gerald-site-internet-380x380.jpg, small],[https:\/\/www.km0.info\/wp-inside\/uploads\/2025\/02\/gerald-site-internet-380x380.jpg, gsmall],[https:\/\/www.km0.info\/wp-inside\/uploads\/2025\/02\/gerald-site-internet-380x380.jpg, glarge],\"><br \/>\n\t\t\t\t\t\t\t\t\t\t\t\t\t\t\t\t\t\t\t\t\t\t\t\t\t<\/figure>\n<\/p><\/div>\n<\/p><\/div>\n<div class=\"zn-trombinoscope-member-infos\">\n<div data-equalizer-watch=\"\">\n<h3 class=\"zn-trombinoscope-member-name\">\n  Gerald Cohen  <\/h3>\n<p class=\"zn-trombinoscope-member-fonction\">\n  Vorsitzender des Vereins e-nov Campus  <\/p>\n<\/p><\/div>\n<p>\t\t\t\t\t\t\t\t\t\t<!-- On v\u00e9rifie que la description est bien renseign\u00e9 --><br \/>\n\t\t\t\t\t\t\t\t\t\t\t\t\t\t\t\t\t\t\t\t\t<button class=\"zn-trombinoscope-member-button\" type=\"button\" data-toggle=\"zn-trombinoscope-dropdown-1-2\">Mehr erfahren<\/button><\/p>\n<div class=\"zn-trombinoscope-member-dropdown dropdown-pane\" data-position=\"bottom\" data-alignment=\"center\" id=\"zn-trombinoscope-dropdown-1-2\" data-dropdown=\"\" data-auto-focus=\"true\">\n<p class=\"zn-trombinoscope-member-desc\">\n<p>Uners\u00e4ttlich, neugierig und innovativ im Herzen&#8230; Er navigiert zwischen Akademie und Unternehmen. Er leitete zahlreiche strukturierende Aufgaben innerhalb der Universit\u00e9 de Haute-Alsace und begleitete verschiedene Technologieprojekte bei Unternehmen. W\u00e4hrend seiner Amtszeit als Dekan des Campus Fonderie gr\u00fcndete er zusammen mit Institutionen und Unternehmensleitern &#8220;&nbsp;e.nov campus&nbsp;&#8222;, den Beginn eines gro\u00dfartigen Abenteuers&nbsp;!<\/p>\n<\/p><\/div>\n<\/p><\/div>\n<\/p><\/div>\n<\/p><\/div>\n<div class=\"column zn-trombinoscope-member\">\n<div class=\"zn-trombinoscope-member-box\">\n<div class=\"zn-trombinoscope-member-flip-container\">\n<div class=\"zn-trombinoscope-member-flip-container-inner\">\n<figure class=\"zn-trombinoscope-member-figure\">\n\t\t\t\t\t\t\t\t\t\t\t\t\t<img decoding=\"async\" class=\"zn-trombinoscope-member-img\" src=\"https:\/\/www.km0.info\/wp-inside\/uploads\/2025\/02\/cesar-site-internet-380x380.jpg\" alt=\"\" data-interchange=\"[https:\/\/www.km0.info\/wp-inside\/uploads\/2025\/02\/cesar-site-internet-380x380.jpg, small],[https:\/\/www.km0.info\/wp-inside\/uploads\/2025\/02\/cesar-site-internet-380x380.jpg, gsmall],[https:\/\/www.km0.info\/wp-inside\/uploads\/2025\/02\/cesar-site-internet-380x380.jpg, glarge],\"><br \/>\n\t\t\t\t\t\t\t\t\t\t\t\t\t\t\t\t\t\t\t\t\t\t\t\t\t<\/figure>\n<\/p><\/div>\n<\/p><\/div>\n<div class=\"zn-trombinoscope-member-infos\">\n<div data-equalizer-watch=\"\">\n<h3 class=\"zn-trombinoscope-member-name\">\n  C\u00e9sar Allievi  <\/h3>\n<p class=\"zn-trombinoscope-member-fonction\">\n  C\u00d8\u00d8 &#8211; CM\u00d8 Operations Manager  <\/p>\n<\/p><\/div>\n<p>\t\t\t\t\t\t\t\t\t\t<!-- On v\u00e9rifie que la description est bien renseign\u00e9 --><br \/>\n\t\t\t\t\t\t\t\t\t\t\t\t\t\t\t\t\t\t\t\t\t<button class=\"zn-trombinoscope-member-button\" type=\"button\" data-toggle=\"zn-trombinoscope-dropdown-1-3\">Mehr erfahren<\/button><\/p>\n<div class=\"zn-trombinoscope-member-dropdown dropdown-pane\" data-position=\"bottom\" data-alignment=\"center\" id=\"zn-trombinoscope-dropdown-1-3\" data-dropdown=\"\" data-auto-focus=\"true\">\n<p class=\"zn-trombinoscope-member-desc\">\n<p><span data-teams=\"true\">C\u00e9sar nutzt seine 14-j\u00e4hrige Erfahrung im strategischen und digitalen Marketing in der Industrie, um das operative Management des KM\u00d8-\u00d6kosystems zu leiten. Er ist ein Spezialist f\u00fcr Projektmanagement, Kommunikation und operative Ma\u00dfnahmen und setzt Ambitionen und Projekte in die Realit\u00e4t um. <\/span><\/p>\n<\/p><\/div>\n<\/p><\/div>\n<\/p><\/div>\n<\/p><\/div>\n<div class=\"column zn-trombinoscope-member\">\n<div class=\"zn-trombinoscope-member-box\">\n<div class=\"zn-trombinoscope-member-flip-container\">\n<div class=\"zn-trombinoscope-member-flip-container-inner\">\n<figure class=\"zn-trombinoscope-member-figure\">\n\t\t\t\t\t\t\t\t\t\t\t\t\t<img decoding=\"async\" class=\"zn-trombinoscope-member-img\" src=\"https:\/\/www.km0.info\/wp-inside\/uploads\/2025\/02\/dhouha-380x380.jpg\" alt=\"\" data-interchange=\"[https:\/\/www.km0.info\/wp-inside\/uploads\/2025\/02\/dhouha-380x380.jpg, small],[https:\/\/www.km0.info\/wp-inside\/uploads\/2025\/02\/dhouha-380x380.jpg, gsmall],[https:\/\/www.km0.info\/wp-inside\/uploads\/2025\/02\/dhouha-380x380.jpg, glarge],\"><br \/>\n\t\t\t\t\t\t\t\t\t\t\t\t\t\t\t\t\t\t\t\t\t\t\t\t\t<\/figure>\n<\/p><\/div>\n<\/p><\/div>\n<div class=\"zn-trombinoscope-member-infos\">\n<div data-equalizer-watch=\"\">\n<h3 class=\"zn-trombinoscope-member-name\">\n  Dhouha Chakroun  <\/h3>\n<p class=\"zn-trombinoscope-member-fonction\">\n  Leiterin Verwaltung und Finanzen  <\/p>\n<\/p><\/div>\n<p>\t\t\t\t\t\t\t\t\t\t<!-- On v\u00e9rifie que la description est bien renseign\u00e9 --><br \/>\n\t\t\t\t\t\t\t\t\t\t\t\t\t\t\t\t\t\t\t\t\t<button class=\"zn-trombinoscope-member-button\" type=\"button\" data-toggle=\"zn-trombinoscope-dropdown-1-4\">Mehr erfahren<\/button><\/p>\n<div class=\"zn-trombinoscope-member-dropdown dropdown-pane\" data-position=\"bottom\" data-alignment=\"center\" id=\"zn-trombinoscope-dropdown-1-4\" data-dropdown=\"\" data-auto-focus=\"true\">\n<p class=\"zn-trombinoscope-member-desc\">\n<p>Dhouha, die einen Master in Privatrecht und einen Master in Vertragsgestaltung und juristischen Dienstleistungen hat, ist f\u00fcr die Verwaltung von KM\u00d8 und E-nov Campus zust\u00e4ndig.<\/p>\n<\/p><\/div>\n<\/p><\/div>\n<\/p><\/div>\n<\/p><\/div>\n<div class=\"column zn-trombinoscope-member\">\n<div class=\"zn-trombinoscope-member-box\">\n<div class=\"zn-trombinoscope-member-flip-container\">\n<div class=\"zn-trombinoscope-member-flip-container-inner\">\n<figure class=\"zn-trombinoscope-member-figure\">\n\t\t\t\t\t\t\t\t\t\t\t\t\t<img decoding=\"async\" class=\"zn-trombinoscope-member-img\" src=\"https:\/\/www.km0.info\/wp-inside\/uploads\/2025\/02\/farid-380x380.jpg\" alt=\"\" data-interchange=\"[https:\/\/www.km0.info\/wp-inside\/uploads\/2025\/02\/farid-380x380.jpg, small],[https:\/\/www.km0.info\/wp-inside\/uploads\/2025\/02\/farid-380x380.jpg, gsmall],[https:\/\/www.km0.info\/wp-inside\/uploads\/2025\/02\/farid-380x380.jpg, glarge],\"><br \/>\n\t\t\t\t\t\t\t\t\t\t\t\t\t\t\t\t\t\t\t\t\t\t\t\t\t<\/figure>\n<\/p><\/div>\n<\/p><\/div>\n<div class=\"zn-trombinoscope-member-infos\">\n<div data-equalizer-watch=\"\">\n<h3 class=\"zn-trombinoscope-member-name\">\n  Farid Dridi  <\/h3>\n<p class=\"zn-trombinoscope-member-fonction\">\n  Verantwortlich f\u00fcr die Wartung  <\/p>\n<\/p><\/div>\n<p>\t\t\t\t\t\t\t\t\t\t<!-- On v\u00e9rifie que la description est bien renseign\u00e9 --><br \/>\n\t\t\t\t\t\t\t\t\t\t\t\t\t\t\t\t\t\t\t\t\t<button class=\"zn-trombinoscope-member-button\" type=\"button\" data-toggle=\"zn-trombinoscope-dropdown-1-5\">Mehr erfahren<\/button><\/p>\n<div class=\"zn-trombinoscope-member-dropdown dropdown-pane\" data-position=\"bottom\" data-alignment=\"center\" id=\"zn-trombinoscope-dropdown-1-5\" data-dropdown=\"\" data-auto-focus=\"true\">\n<p class=\"zn-trombinoscope-member-desc\">\n<p>Mit seinem un\u00fcbertroffenen Fachwissen repariert Farid den KM\u00d8 in Windeseile. Er ist der Held der Instandhaltung und bereit, mit seinem Werkzeugschwert jeder Panne zu begegnen.<\/p>\n<\/p><\/div>\n<\/p><\/div>\n<\/p><\/div>\n<\/p><\/div>\n<div class=\"column zn-trombinoscope-member\">\n<div class=\"zn-trombinoscope-member-box\">\n<div class=\"zn-trombinoscope-member-flip-container\">\n<div class=\"zn-trombinoscope-member-flip-container-inner\">\n<figure class=\"zn-trombinoscope-member-figure\">\n\t\t\t\t\t\t\t\t\t\t\t\t\t<img decoding=\"async\" class=\"zn-trombinoscope-member-img\" src=\"https:\/\/www.km0.info\/wp-inside\/uploads\/2025\/02\/jennifer-380x380.jpg\" alt=\"\" data-interchange=\"[https:\/\/www.km0.info\/wp-inside\/uploads\/2025\/02\/jennifer-380x380.jpg, small],[https:\/\/www.km0.info\/wp-inside\/uploads\/2025\/02\/jennifer-380x380.jpg, gsmall],[https:\/\/www.km0.info\/wp-inside\/uploads\/2025\/02\/jennifer-380x380.jpg, glarge],\"><br \/>\n\t\t\t\t\t\t\t\t\t\t\t\t\t\t\t\t\t\t\t\t\t\t\t\t\t<\/figure>\n<\/p><\/div>\n<\/p><\/div>\n<div class=\"zn-trombinoscope-member-infos\">\n<div data-equalizer-watch=\"\">\n<h3 class=\"zn-trombinoscope-member-name\">\n  Jennifer Muller  <\/h3>\n<p class=\"zn-trombinoscope-member-fonction\">\n  Marketing-Projektmanagerin und Kommunikationsmanagerin  <\/p>\n<\/p><\/div>\n<p>\t\t\t\t\t\t\t\t\t\t<!-- On v\u00e9rifie que la description est bien renseign\u00e9 --><br \/>\n\t\t\t\t\t\t\t\t\t\t\t\t\t\t\t\t\t\t\t\t\t<button class=\"zn-trombinoscope-member-button\" type=\"button\" data-toggle=\"zn-trombinoscope-dropdown-1-6\">Mehr erfahren<\/button><\/p>\n<div class=\"zn-trombinoscope-member-dropdown dropdown-pane\" data-position=\"bottom\" data-alignment=\"center\" id=\"zn-trombinoscope-dropdown-1-6\" data-dropdown=\"\" data-auto-focus=\"true\">\n<p class=\"zn-trombinoscope-member-desc\">\n<p>Jennifer, Absolventin der IAE und der Universit\u00e4t von Besan\u00e7on, ist f\u00fcr Marketing und Kommunikation zust\u00e4ndig. Mit ihrer enthusiastischen Pers\u00f6nlichkeit verbindet sie Kreativit\u00e4t und Leistung, um das Markenimage von KM\u00d8 zu st\u00e4rken und die Einwohner zu vereinen. <\/p>\n<\/p><\/div>\n<\/p><\/div>\n<\/p><\/div>\n<\/p><\/div>\n<div class=\"column zn-trombinoscope-member\">\n<div class=\"zn-trombinoscope-member-box\">\n<div class=\"zn-trombinoscope-member-flip-container\">\n<div class=\"zn-trombinoscope-member-flip-container-inner\">\n<figure class=\"zn-trombinoscope-member-figure\">\n\t\t\t\t\t\t\t\t\t\t\t\t\t<img decoding=\"async\" class=\"zn-trombinoscope-member-img\" src=\"https:\/\/www.km0.info\/wp-inside\/uploads\/2025\/02\/clara-site-internet-380x380.jpg\" alt=\"\" data-interchange=\"[https:\/\/www.km0.info\/wp-inside\/uploads\/2025\/02\/clara-site-internet-380x380.jpg, small],[https:\/\/www.km0.info\/wp-inside\/uploads\/2025\/02\/clara-site-internet-380x380.jpg, gsmall],[https:\/\/www.km0.info\/wp-inside\/uploads\/2025\/02\/clara-site-internet-380x380.jpg, glarge],\"><br \/>\n\t\t\t\t\t\t\t\t\t\t\t\t\t\t\t\t\t\t\t\t\t\t\t\t\t<\/figure>\n<\/p><\/div>\n<\/p><\/div>\n<div class=\"zn-trombinoscope-member-infos\">\n<div data-equalizer-watch=\"\">\n<h3 class=\"zn-trombinoscope-member-name\">\n  Clara Engasser  <\/h3>\n<p class=\"zn-trombinoscope-member-fonction\">\n  Projektmanagerin f\u00fcr Veranstaltungen  <\/p>\n<\/p><\/div>\n<p>\t\t\t\t\t\t\t\t\t\t<!-- On v\u00e9rifie que la description est bien renseign\u00e9 --><br \/>\n\t\t\t\t\t\t\t\t\t\t\t\t\t\t\t\t\t\t\t\t\t<button class=\"zn-trombinoscope-member-button\" type=\"button\" data-toggle=\"zn-trombinoscope-dropdown-1-7\">Mehr erfahren<\/button><\/p>\n<div class=\"zn-trombinoscope-member-dropdown dropdown-pane\" data-position=\"bottom\" data-alignment=\"center\" id=\"zn-trombinoscope-dropdown-1-7\" data-dropdown=\"\" data-auto-focus=\"true\">\n<p class=\"zn-trombinoscope-member-desc\">\n<p>Clara, Absolventin des MODA-Masterstudiengangs an der Homneo Business School, ist Projektmanagerin f\u00fcr Veranstaltungen. Verantwortungsbewusst und mit einem offenen Ohr ist sie pr\u00e4sent, um auf Ihre Bed\u00fcrfnisse einzugehen und die verschiedenen Veranstaltungen bestm\u00f6glich zu managen.<\/p>\n<\/p><\/div>\n<\/p><\/div>\n<\/p><\/div>\n<\/p><\/div>\n<\/p><\/div>\n<\/p><\/div>\n<\/p><\/div>\n<\/p><\/div>\n<\/div>\n<p><!-- \/flzn:zn_trombinoscope --><\/p>\n","protected":false},"excerpt":{"rendered":"<p>Das Team: alle Talente vereint, um das \u00d6kosystem zu verwalten  <\/p>\n","protected":false},"author":2,"featured_media":7208,"parent":8833,"menu_order":130,"comment_status":"closed","ping_status":"closed","template":"","meta":{"_acf_changed":false,"footnotes":""},"class_list":["post-8856","page","type-page","status-publish","has-post-thumbnail","hentry","wp-sticky"],"acf":[],"yoast_head":"<!-- This site is optimized with the Yoast SEO plugin v27.4 - https:\/\/yoast.com\/product\/yoast-seo-wordpress\/ -->\n<title>Team: Erfahrungen &amp; Kompetenzen Digitale Innovation<\/title>\n<meta name=\"description\" content=\"Das KM\u00d8-\u00d6kosystem wird von einem Team motivierter Menschen geleitet, die viele Erfahrungen und F\u00e4higkeiten in sich vereinen. Entdecken Sie das Team!\" \/>\n<meta name=\"robots\" content=\"index, follow, max-snippet:-1, max-image-preview:large, max-video-preview:-1\" \/>\n<link rel=\"canonical\" href=\"https:\/\/www.km0.info\/de\/kmo\/team\/\" \/>\n<meta property=\"og:locale\" content=\"de_DE\" \/>\n<meta property=\"og:type\" content=\"article\" \/>\n<meta property=\"og:title\" content=\"Team: Erfahrungen &amp; Kompetenzen Digitale Innovation\" \/>\n<meta property=\"og:description\" content=\"Das KM\u00d8-\u00d6kosystem wird von einem Team motivierter Menschen geleitet, die viele Erfahrungen und F\u00e4higkeiten in sich vereinen. Entdecken Sie das Team!\" \/>\n<meta property=\"og:url\" content=\"https:\/\/www.km0.info\/de\/kmo\/team\/\" \/>\n<meta property=\"og:site_name\" content=\"KM\u00d8\" \/>\n<meta property=\"article:modified_time\" content=\"2025-10-08T14:43:55+00:00\" \/>\n<meta property=\"og:image\" content=\"https:\/\/www.km0.info\/wp-inside\/uploads\/2015\/11\/team-km0-conference-presse.jpg\" \/>\n\t<meta property=\"og:image:width\" content=\"1060\" \/>\n\t<meta property=\"og:image:height\" content=\"707\" \/>\n\t<meta property=\"og:image:type\" content=\"image\/jpeg\" \/>\n<meta name=\"twitter:card\" content=\"summary_large_image\" \/>\n<meta name=\"twitter:label1\" content=\"Gesch\u00e4tzte Lesezeit\" \/>\n\t<meta name=\"twitter:data1\" content=\"2\u00a0Minuten\" \/>\n<script type=\"application\/ld+json\" class=\"yoast-schema-graph\">{\"@context\":\"https:\\\/\\\/schema.org\",\"@graph\":[{\"@type\":\"WebPage\",\"@id\":\"https:\\\/\\\/www.km0.info\\\/de\\\/kmo\\\/team\\\/\",\"url\":\"https:\\\/\\\/www.km0.info\\\/de\\\/kmo\\\/team\\\/\",\"name\":\"Team: Erfahrungen & Kompetenzen Digitale Innovation\",\"isPartOf\":{\"@id\":\"https:\\\/\\\/www.km0.info\\\/de\\\/#website\"},\"primaryImageOfPage\":{\"@id\":\"https:\\\/\\\/www.km0.info\\\/de\\\/kmo\\\/team\\\/#primaryimage\"},\"image\":{\"@id\":\"https:\\\/\\\/www.km0.info\\\/de\\\/kmo\\\/team\\\/#primaryimage\"},\"thumbnailUrl\":\"https:\\\/\\\/www.km0.info\\\/wp-inside\\\/uploads\\\/2015\\\/11\\\/team-km0-conference-presse.jpg\",\"datePublished\":\"2022-12-13T08:32:29+00:00\",\"dateModified\":\"2025-10-08T14:43:55+00:00\",\"description\":\"Das KM\u00d8-\u00d6kosystem wird von einem Team motivierter Menschen geleitet, die viele Erfahrungen und F\u00e4higkeiten in sich vereinen. Entdecken Sie das Team!\",\"breadcrumb\":{\"@id\":\"https:\\\/\\\/www.km0.info\\\/de\\\/kmo\\\/team\\\/#breadcrumb\"},\"inLanguage\":\"de\",\"potentialAction\":[{\"@type\":\"ReadAction\",\"target\":[\"https:\\\/\\\/www.km0.info\\\/de\\\/kmo\\\/team\\\/\"]}]},{\"@type\":\"ImageObject\",\"inLanguage\":\"de\",\"@id\":\"https:\\\/\\\/www.km0.info\\\/de\\\/kmo\\\/team\\\/#primaryimage\",\"url\":\"https:\\\/\\\/www.km0.info\\\/wp-inside\\\/uploads\\\/2015\\\/11\\\/team-km0-conference-presse.jpg\",\"contentUrl\":\"https:\\\/\\\/www.km0.info\\\/wp-inside\\\/uploads\\\/2015\\\/11\\\/team-km0-conference-presse.jpg\",\"width\":1060,\"height\":707,\"caption\":\"L\u2019\u00e9quipe du KM\u00d8 : G\u00e9rald Cohen, Michel L\u00e9vy, Romain Spinali, Patrick Rein, Guillaume Delemazure, et Olivier Zeller\"},{\"@type\":\"BreadcrumbList\",\"@id\":\"https:\\\/\\\/www.km0.info\\\/de\\\/kmo\\\/team\\\/#breadcrumb\",\"itemListElement\":[{\"@type\":\"ListItem\",\"position\":1,\"name\":\"Accueil\",\"item\":\"https:\\\/\\\/www.km0.info\\\/de\\\/\"},{\"@type\":\"ListItem\",\"position\":2,\"name\":\"KM\u00d8\",\"item\":\"https:\\\/\\\/www.km0.info\\\/de\\\/kmo\\\/\"},{\"@type\":\"ListItem\",\"position\":3,\"name\":\"Team\"}]},{\"@type\":\"WebSite\",\"@id\":\"https:\\\/\\\/www.km0.info\\\/de\\\/#website\",\"url\":\"https:\\\/\\\/www.km0.info\\\/de\\\/\",\"name\":\"KM\u00d8\",\"description\":\"Lieu d&#039;innovation d\u00e9di\u00e9 \u00e0 la transformation digitale de l&#039;industrie\",\"publisher\":{\"@id\":\"https:\\\/\\\/www.km0.info\\\/de\\\/#organization\"},\"potentialAction\":[{\"@type\":\"SearchAction\",\"target\":{\"@type\":\"EntryPoint\",\"urlTemplate\":\"https:\\\/\\\/www.km0.info\\\/de\\\/?s={search_term_string}\"},\"query-input\":{\"@type\":\"PropertyValueSpecification\",\"valueRequired\":true,\"valueName\":\"search_term_string\"}}],\"inLanguage\":\"de\"},{\"@type\":\"Organization\",\"@id\":\"https:\\\/\\\/www.km0.info\\\/de\\\/#organization\",\"name\":\"KM\u00d8\",\"url\":\"https:\\\/\\\/www.km0.info\\\/de\\\/\",\"logo\":{\"@type\":\"ImageObject\",\"inLanguage\":\"de\",\"@id\":\"https:\\\/\\\/www.km0.info\\\/de\\\/#\\\/schema\\\/logo\\\/image\\\/\",\"url\":\"https:\\\/\\\/www.km0.info\\\/wp-inside\\\/uploads\\\/2020\\\/10\\\/logo-km0-quadri-200x155-1.png\",\"contentUrl\":\"https:\\\/\\\/www.km0.info\\\/wp-inside\\\/uploads\\\/2020\\\/10\\\/logo-km0-quadri-200x155-1.png\",\"width\":200,\"height\":155,\"caption\":\"KM\u00d8\"},\"image\":{\"@id\":\"https:\\\/\\\/www.km0.info\\\/de\\\/#\\\/schema\\\/logo\\\/image\\\/\"}}]}<\/script>\n<!-- \/ Yoast SEO plugin. -->","yoast_head_json":{"title":"Team: Erfahrungen & Kompetenzen Digitale Innovation","description":"Das KM\u00d8-\u00d6kosystem wird von einem Team motivierter Menschen geleitet, die viele Erfahrungen und F\u00e4higkeiten in sich vereinen. Entdecken Sie das Team!","robots":{"index":"index","follow":"follow","max-snippet":"max-snippet:-1","max-image-preview":"max-image-preview:large","max-video-preview":"max-video-preview:-1"},"canonical":"https:\/\/www.km0.info\/de\/kmo\/team\/","og_locale":"de_DE","og_type":"article","og_title":"Team: Erfahrungen & Kompetenzen Digitale Innovation","og_description":"Das KM\u00d8-\u00d6kosystem wird von einem Team motivierter Menschen geleitet, die viele Erfahrungen und F\u00e4higkeiten in sich vereinen. Entdecken Sie das Team!","og_url":"https:\/\/www.km0.info\/de\/kmo\/team\/","og_site_name":"KM\u00d8","article_modified_time":"2025-10-08T14:43:55+00:00","og_image":[{"width":1060,"height":707,"url":"https:\/\/www.km0.info\/wp-inside\/uploads\/2015\/11\/team-km0-conference-presse.jpg","type":"image\/jpeg"}],"twitter_card":"summary_large_image","twitter_misc":{"Gesch\u00e4tzte Lesezeit":"2\u00a0Minuten"},"schema":{"@context":"https:\/\/schema.org","@graph":[{"@type":"WebPage","@id":"https:\/\/www.km0.info\/de\/kmo\/team\/","url":"https:\/\/www.km0.info\/de\/kmo\/team\/","name":"Team: Erfahrungen & Kompetenzen Digitale Innovation","isPartOf":{"@id":"https:\/\/www.km0.info\/de\/#website"},"primaryImageOfPage":{"@id":"https:\/\/www.km0.info\/de\/kmo\/team\/#primaryimage"},"image":{"@id":"https:\/\/www.km0.info\/de\/kmo\/team\/#primaryimage"},"thumbnailUrl":"https:\/\/www.km0.info\/wp-inside\/uploads\/2015\/11\/team-km0-conference-presse.jpg","datePublished":"2022-12-13T08:32:29+00:00","dateModified":"2025-10-08T14:43:55+00:00","description":"Das KM\u00d8-\u00d6kosystem wird von einem Team motivierter Menschen geleitet, die viele Erfahrungen und F\u00e4higkeiten in sich vereinen. Entdecken Sie das Team!","breadcrumb":{"@id":"https:\/\/www.km0.info\/de\/kmo\/team\/#breadcrumb"},"inLanguage":"de","potentialAction":[{"@type":"ReadAction","target":["https:\/\/www.km0.info\/de\/kmo\/team\/"]}]},{"@type":"ImageObject","inLanguage":"de","@id":"https:\/\/www.km0.info\/de\/kmo\/team\/#primaryimage","url":"https:\/\/www.km0.info\/wp-inside\/uploads\/2015\/11\/team-km0-conference-presse.jpg","contentUrl":"https:\/\/www.km0.info\/wp-inside\/uploads\/2015\/11\/team-km0-conference-presse.jpg","width":1060,"height":707,"caption":"L\u2019\u00e9quipe du KM\u00d8 : G\u00e9rald Cohen, Michel L\u00e9vy, Romain Spinali, Patrick Rein, Guillaume Delemazure, et Olivier Zeller"},{"@type":"BreadcrumbList","@id":"https:\/\/www.km0.info\/de\/kmo\/team\/#breadcrumb","itemListElement":[{"@type":"ListItem","position":1,"name":"Accueil","item":"https:\/\/www.km0.info\/de\/"},{"@type":"ListItem","position":2,"name":"KM\u00d8","item":"https:\/\/www.km0.info\/de\/kmo\/"},{"@type":"ListItem","position":3,"name":"Team"}]},{"@type":"WebSite","@id":"https:\/\/www.km0.info\/de\/#website","url":"https:\/\/www.km0.info\/de\/","name":"KM\u00d8","description":"Lieu d&#039;innovation d\u00e9di\u00e9 \u00e0 la transformation digitale de l&#039;industrie","publisher":{"@id":"https:\/\/www.km0.info\/de\/#organization"},"potentialAction":[{"@type":"SearchAction","target":{"@type":"EntryPoint","urlTemplate":"https:\/\/www.km0.info\/de\/?s={search_term_string}"},"query-input":{"@type":"PropertyValueSpecification","valueRequired":true,"valueName":"search_term_string"}}],"inLanguage":"de"},{"@type":"Organization","@id":"https:\/\/www.km0.info\/de\/#organization","name":"KM\u00d8","url":"https:\/\/www.km0.info\/de\/","logo":{"@type":"ImageObject","inLanguage":"de","@id":"https:\/\/www.km0.info\/de\/#\/schema\/logo\/image\/","url":"https:\/\/www.km0.info\/wp-inside\/uploads\/2020\/10\/logo-km0-quadri-200x155-1.png","contentUrl":"https:\/\/www.km0.info\/wp-inside\/uploads\/2020\/10\/logo-km0-quadri-200x155-1.png","width":200,"height":155,"caption":"KM\u00d8"},"image":{"@id":"https:\/\/www.km0.info\/de\/#\/schema\/logo\/image\/"}}]}},"_links":{"self":[{"href":"https:\/\/www.km0.info\/de\/wp-json\/wp\/v2\/pages\/8856","targetHints":{"allow":["GET"]}}],"collection":[{"href":"https:\/\/www.km0.info\/de\/wp-json\/wp\/v2\/pages"}],"about":[{"href":"https:\/\/www.km0.info\/de\/wp-json\/wp\/v2\/types\/page"}],"author":[{"embeddable":true,"href":"https:\/\/www.km0.info\/de\/wp-json\/wp\/v2\/users\/2"}],"replies":[{"embeddable":true,"href":"https:\/\/www.km0.info\/de\/wp-json\/wp\/v2\/comments?post=8856"}],"version-history":[{"count":46,"href":"https:\/\/www.km0.info\/de\/wp-json\/wp\/v2\/pages\/8856\/revisions"}],"predecessor-version":[{"id":14427,"href":"https:\/\/www.km0.info\/de\/wp-json\/wp\/v2\/pages\/8856\/revisions\/14427"}],"up":[{"embeddable":true,"href":"https:\/\/www.km0.info\/de\/wp-json\/wp\/v2\/pages\/8833"}],"wp:featuredmedia":[{"embeddable":true,"href":"https:\/\/www.km0.info\/de\/wp-json\/wp\/v2\/media\/7208"}],"wp:attachment":[{"href":"https:\/\/www.km0.info\/de\/wp-json\/wp\/v2\/media?parent=8856"}],"curies":[{"name":"wp","href":"https:\/\/api.w.org\/{rel}","templated":true}]}}