{"id":8851,"date":"2022-12-13T09:32:15","date_gmt":"2022-12-13T08:32:15","guid":{"rendered":"https:\/\/www.km0.info\/lernen-in-kmo\/"},"modified":"2025-09-24T11:32:46","modified_gmt":"2025-09-24T09:32:46","slug":"lernen-in-kmo","status":"publish","type":"page","link":"https:\/\/www.km0.info\/de\/lernen-in-kmo\/","title":{"rendered":"Campus KM\u00d8"},"content":{"rendered":"<p>Bauen Sie Ihr berufliches Projekt in Mulhouse auf. Informieren Sie sich \u00fcber die Post-Bac-Studieng\u00e4nge&nbsp;? Sind Sie auf Arbeitssuche oder in der Umschulung&nbsp;?<\/p>\n<p>Entdecken Sie eine gro\u00dfe Vielfalt an Schulungen (Dauer, Zielgruppe, Voraussetzungen&#8230;). Finden Sie Ihren Weg und starten Sie&nbsp;!<\/p>\n<p><!-- flzn:zn_list_illustblock --><\/p>\n<div id=\"flzn-listillustblock-1\" class=\"zn zone zn-listillustblock with-bg bg-color bg-color-is-white\"><span class=\"zone-bg bg-color bgc-white alignfull\"><\/span><\/p>\n<div class=\"zone-block zn-listillustblock-block pdd-top-off alignwide va-top\">\n<div class=\"row mw-content-zone zn-listillustblock-row\">\n<div class=\"small-12 columns\">\n<div class=\"zone-titlebox zn-listillustblock-titlebox text-center mw-content\">\n<h2 class=\"zone-title zn-listillustblock-title\">Bildungszentren und Schulen in KM\u00d8<\/h2>\n<\/p><\/div>\n<div id=\"flzn-listillustblock-1-list\" class=\"zn-listillustblock-list row blockgrid-center small-up-1 medium-up-2 xlarge-up-3\" data-equalizer=\"\" data-equalize-on=\"medium\" data-equalize-by-row=\"true\">\n<div class=\"column illustblock\">\n\t\t\t\t\t<a class=\"illustblock-box with-link with-img\" href=\"https:\/\/42.fr\/\" title=\"\"><\/p>\n<div class=\"illustblock-imgbox\" data-equalizer-watch=\"\">\n\t\t\t\t\t\t\t\t\t\t\t\t\t\t<img decoding=\"async\" class=\"illustblock-img\" src=\"https:\/\/www.km0.info\/wp-inside\/uploads\/2025\/09\/42-380x380.png\" alt=\"\">\t\t\t\t\t\t\t\t\t\t\t\t\t<\/div>\n<h3 class=\"illustblock-title\">\n  42 M\u00fchlhausen  <\/h3>\n<div class=\"illustblock-desc\">\n<p>1 Computerausbildung ab 18 Jahren mit einer &#8222;learning by doing&#8220;-Methode<\/p>\n<\/p><\/div>\n<div class=\"illustblock-linkmore\">\n\t\t\t\t\t\t\t<span class=\"illustblock-linkmore-txt button with-arrow\">Mehr erfahren<\/span>\n\t\t\t\t\t\t<\/div>\n<p>\t\t\t\t\t<\/a>\t\t\t\t<\/div>\n<div class=\"column illustblock\">\n\t\t\t\t\t<a class=\"illustblock-box with-link with-img\" href=\"https:\/\/phg.academy\/campus-phg\/\" title=\"\"><\/p>\n<div class=\"illustblock-imgbox\" data-equalizer-watch=\"\">\n\t\t\t\t\t\t\t\t\t\t\t\t\t\t<img decoding=\"async\" class=\"illustblock-img\" src=\"https:\/\/www.km0.info\/wp-inside\/uploads\/2025\/09\/phg-academy-logo-2020-quadri-1-380x380.png\" alt=\"\">\t\t\t\t\t\t\t\t\t\t\t\t\t<\/div>\n<h3 class=\"illustblock-title\">\n  PHG Academy  <\/h3>\n<div class=\"illustblock-desc\">\n<p>PHG Academy verbindet die Leidenschaft f\u00fcr den Esport mit der Leistung und der Professionalisierung dieses Bereichs.<br \/>\nDieses Ausbildungszentrum bietet die M\u00f6glichkeit, neue Studenten in ihrem Bestreben,<br \/>\nCyber-Athlet zu werden, durch eine innovative P\u00e4dagogik zu unterst\u00fctzen, die Leidenschaft, Disziplin und Studium miteinander vereint.<\/p>\n<\/p><\/div>\n<div class=\"illustblock-linkmore\">\n\t\t\t\t\t\t\t<span class=\"illustblock-linkmore-txt button with-arrow\">Mehr erfahren<\/span>\n\t\t\t\t\t\t<\/div>\n<p>\t\t\t\t\t<\/a>\t\t\t\t<\/div>\n<div class=\"column illustblock\">\n\t\t\t\t\t<a class=\"illustblock-box with-link with-img\" href=\"https:\/\/www.epitech.eu\/fr\/ecole-informatique-mulhouse\/\" title=\"Mehr erfahren\"><\/p>\n<div class=\"illustblock-imgbox\" data-equalizer-watch=\"\">\n\t\t\t\t\t\t\t\t\t\t\t\t\t\t<img decoding=\"async\" class=\"illustblock-img\" src=\"https:\/\/www.km0.info\/wp-inside\/uploads\/2025\/09\/epitech-380x380.png\" alt=\"\">\t\t\t\t\t\t\t\t\t\t\t\t\t<\/div>\n<h3 class=\"illustblock-title\">\n  Epitech  <\/h3>\n<div class=\"illustblock-desc\">\n<p>3 Studieng\u00e4nge in Informatik oder Webentwicklung&nbsp;: die Coding Academy in 4 Monaten, die Web @cad\u00e9mie in 2 Jahren und das Epitech-Programm in 5 Jahren.  <\/p>\n<\/p><\/div>\n<div class=\"illustblock-linkmore\">\n\t\t\t\t\t\t\t<span class=\"illustblock-linkmore-txt button with-arrow\">Mehr erfahren<\/span>\n\t\t\t\t\t\t<\/div>\n<p>\t\t\t\t\t<\/a>\t\t\t\t<\/div>\n<\/p><\/div>\n<\/p><\/div>\n<\/p><\/div>\n<\/div>\n<\/div>\n<p><!-- \/flzn:zn_list_illustblock --><\/p>\n","protected":false},"excerpt":{"rendered":"<p>Bauen Sie Ihr berufliches Projekt in Mulhouse auf. Informieren Sie sich \u00fcber die Post-Bac-Studieng\u00e4nge&nbsp;? Sind Sie auf Arbeitssuche oder in der Umschulung&nbsp;? Entdecken Sie eine gro\u00dfe Vielfalt an Schulungen (Dauer, [&hellip;]<\/p>\n","protected":false},"author":2,"featured_media":0,"parent":0,"menu_order":60,"comment_status":"closed","ping_status":"closed","template":"","meta":{"_acf_changed":false,"footnotes":""},"class_list":["post-8851","page","type-page","status-publish","hentry","wp-sticky"],"acf":[],"yoast_head":"<!-- This site is optimized with the Yoast SEO plugin v27.4 - https:\/\/yoast.com\/product\/yoast-seo-wordpress\/ -->\n<title>Digitale Bildung, Jobs &amp; digitale Umschulung Mulhouse<\/title>\n<meta name=\"description\" content=\"Bauen Sie Ihr berufliches Projekt in Mulhouse auf. Ob nach dem Abitur, auf Arbeitssuche oder als Umschulung: Entdecken Sie eine gro\u00dfe Vielfalt an Ausbildungsm\u00f6glichkeiten (Dauer, Zielgruppe, Voraussetzungen...).\" \/>\n<meta name=\"robots\" content=\"index, follow, max-snippet:-1, max-image-preview:large, max-video-preview:-1\" \/>\n<link rel=\"canonical\" href=\"https:\/\/www.km0.info\/de\/lernen-in-kmo\/\" \/>\n<meta property=\"og:locale\" content=\"de_DE\" \/>\n<meta property=\"og:type\" content=\"article\" \/>\n<meta property=\"og:title\" content=\"Digitale Bildung, Jobs &amp; digitale Umschulung Mulhouse\" \/>\n<meta property=\"og:description\" content=\"Bauen Sie Ihr berufliches Projekt in Mulhouse auf. Ob nach dem Abitur, auf Arbeitssuche oder als Umschulung: Entdecken Sie eine gro\u00dfe Vielfalt an Ausbildungsm\u00f6glichkeiten (Dauer, Zielgruppe, Voraussetzungen...).\" \/>\n<meta property=\"og:url\" content=\"https:\/\/www.km0.info\/de\/lernen-in-kmo\/\" \/>\n<meta property=\"og:site_name\" content=\"KM\u00d8\" \/>\n<meta property=\"article:modified_time\" content=\"2025-09-24T09:32:46+00:00\" \/>\n<meta property=\"og:image\" content=\"https:\/\/www.km0.info\/wp-inside\/uploads\/2025\/09\/42-380x380.png\" \/>\n<meta name=\"twitter:card\" content=\"summary_large_image\" \/>\n<meta name=\"twitter:label1\" content=\"Gesch\u00e4tzte Lesezeit\" \/>\n\t<meta name=\"twitter:data1\" content=\"1\u00a0Minute\" \/>\n<script type=\"application\/ld+json\" class=\"yoast-schema-graph\">{\"@context\":\"https:\\\/\\\/schema.org\",\"@graph\":[{\"@type\":\"WebPage\",\"@id\":\"https:\\\/\\\/www.km0.info\\\/de\\\/lernen-in-kmo\\\/\",\"url\":\"https:\\\/\\\/www.km0.info\\\/de\\\/lernen-in-kmo\\\/\",\"name\":\"Digitale Bildung, Jobs & digitale Umschulung Mulhouse\",\"isPartOf\":{\"@id\":\"https:\\\/\\\/www.km0.info\\\/de\\\/#website\"},\"primaryImageOfPage\":{\"@id\":\"https:\\\/\\\/www.km0.info\\\/de\\\/lernen-in-kmo\\\/#primaryimage\"},\"image\":{\"@id\":\"https:\\\/\\\/www.km0.info\\\/de\\\/lernen-in-kmo\\\/#primaryimage\"},\"thumbnailUrl\":\"https:\\\/\\\/www.km0.info\\\/wp-inside\\\/uploads\\\/2025\\\/09\\\/42-380x380.png\",\"datePublished\":\"2022-12-13T08:32:15+00:00\",\"dateModified\":\"2025-09-24T09:32:46+00:00\",\"description\":\"Bauen Sie Ihr berufliches Projekt in Mulhouse auf. Ob nach dem Abitur, auf Arbeitssuche oder als Umschulung: Entdecken Sie eine gro\u00dfe Vielfalt an Ausbildungsm\u00f6glichkeiten (Dauer, Zielgruppe, Voraussetzungen...).\",\"breadcrumb\":{\"@id\":\"https:\\\/\\\/www.km0.info\\\/de\\\/lernen-in-kmo\\\/#breadcrumb\"},\"inLanguage\":\"de\",\"potentialAction\":[{\"@type\":\"ReadAction\",\"target\":[\"https:\\\/\\\/www.km0.info\\\/de\\\/lernen-in-kmo\\\/\"]}]},{\"@type\":\"ImageObject\",\"inLanguage\":\"de\",\"@id\":\"https:\\\/\\\/www.km0.info\\\/de\\\/lernen-in-kmo\\\/#primaryimage\",\"url\":\"https:\\\/\\\/www.km0.info\\\/wp-inside\\\/uploads\\\/2025\\\/09\\\/42-380x380.png\",\"contentUrl\":\"https:\\\/\\\/www.km0.info\\\/wp-inside\\\/uploads\\\/2025\\\/09\\\/42-380x380.png\"},{\"@type\":\"BreadcrumbList\",\"@id\":\"https:\\\/\\\/www.km0.info\\\/de\\\/lernen-in-kmo\\\/#breadcrumb\",\"itemListElement\":[{\"@type\":\"ListItem\",\"position\":1,\"name\":\"Accueil\",\"item\":\"https:\\\/\\\/www.km0.info\\\/de\\\/\"},{\"@type\":\"ListItem\",\"position\":2,\"name\":\"Campus KM\u00d8\"}]},{\"@type\":\"WebSite\",\"@id\":\"https:\\\/\\\/www.km0.info\\\/de\\\/#website\",\"url\":\"https:\\\/\\\/www.km0.info\\\/de\\\/\",\"name\":\"KM\u00d8\",\"description\":\"Lieu d&#039;innovation d\u00e9di\u00e9 \u00e0 la transformation digitale de l&#039;industrie\",\"publisher\":{\"@id\":\"https:\\\/\\\/www.km0.info\\\/de\\\/#organization\"},\"potentialAction\":[{\"@type\":\"SearchAction\",\"target\":{\"@type\":\"EntryPoint\",\"urlTemplate\":\"https:\\\/\\\/www.km0.info\\\/de\\\/?s={search_term_string}\"},\"query-input\":{\"@type\":\"PropertyValueSpecification\",\"valueRequired\":true,\"valueName\":\"search_term_string\"}}],\"inLanguage\":\"de\"},{\"@type\":\"Organization\",\"@id\":\"https:\\\/\\\/www.km0.info\\\/de\\\/#organization\",\"name\":\"KM\u00d8\",\"url\":\"https:\\\/\\\/www.km0.info\\\/de\\\/\",\"logo\":{\"@type\":\"ImageObject\",\"inLanguage\":\"de\",\"@id\":\"https:\\\/\\\/www.km0.info\\\/de\\\/#\\\/schema\\\/logo\\\/image\\\/\",\"url\":\"https:\\\/\\\/www.km0.info\\\/wp-inside\\\/uploads\\\/2020\\\/10\\\/logo-km0-quadri-200x155-1.png\",\"contentUrl\":\"https:\\\/\\\/www.km0.info\\\/wp-inside\\\/uploads\\\/2020\\\/10\\\/logo-km0-quadri-200x155-1.png\",\"width\":200,\"height\":155,\"caption\":\"KM\u00d8\"},\"image\":{\"@id\":\"https:\\\/\\\/www.km0.info\\\/de\\\/#\\\/schema\\\/logo\\\/image\\\/\"}}]}<\/script>\n<!-- \/ Yoast SEO plugin. -->","yoast_head_json":{"title":"Digitale Bildung, Jobs & digitale Umschulung Mulhouse","description":"Bauen Sie Ihr berufliches Projekt in Mulhouse auf. Ob nach dem Abitur, auf Arbeitssuche oder als Umschulung: Entdecken Sie eine gro\u00dfe Vielfalt an Ausbildungsm\u00f6glichkeiten (Dauer, Zielgruppe, Voraussetzungen...).","robots":{"index":"index","follow":"follow","max-snippet":"max-snippet:-1","max-image-preview":"max-image-preview:large","max-video-preview":"max-video-preview:-1"},"canonical":"https:\/\/www.km0.info\/de\/lernen-in-kmo\/","og_locale":"de_DE","og_type":"article","og_title":"Digitale Bildung, Jobs & digitale Umschulung Mulhouse","og_description":"Bauen Sie Ihr berufliches Projekt in Mulhouse auf. Ob nach dem Abitur, auf Arbeitssuche oder als Umschulung: Entdecken Sie eine gro\u00dfe Vielfalt an Ausbildungsm\u00f6glichkeiten (Dauer, Zielgruppe, Voraussetzungen...).","og_url":"https:\/\/www.km0.info\/de\/lernen-in-kmo\/","og_site_name":"KM\u00d8","article_modified_time":"2025-09-24T09:32:46+00:00","og_image":[{"url":"https:\/\/www.km0.info\/wp-inside\/uploads\/2025\/09\/42-380x380.png","type":"","width":"","height":""}],"twitter_card":"summary_large_image","twitter_misc":{"Gesch\u00e4tzte Lesezeit":"1\u00a0Minute"},"schema":{"@context":"https:\/\/schema.org","@graph":[{"@type":"WebPage","@id":"https:\/\/www.km0.info\/de\/lernen-in-kmo\/","url":"https:\/\/www.km0.info\/de\/lernen-in-kmo\/","name":"Digitale Bildung, Jobs & digitale Umschulung Mulhouse","isPartOf":{"@id":"https:\/\/www.km0.info\/de\/#website"},"primaryImageOfPage":{"@id":"https:\/\/www.km0.info\/de\/lernen-in-kmo\/#primaryimage"},"image":{"@id":"https:\/\/www.km0.info\/de\/lernen-in-kmo\/#primaryimage"},"thumbnailUrl":"https:\/\/www.km0.info\/wp-inside\/uploads\/2025\/09\/42-380x380.png","datePublished":"2022-12-13T08:32:15+00:00","dateModified":"2025-09-24T09:32:46+00:00","description":"Bauen Sie Ihr berufliches Projekt in Mulhouse auf. Ob nach dem Abitur, auf Arbeitssuche oder als Umschulung: Entdecken Sie eine gro\u00dfe Vielfalt an Ausbildungsm\u00f6glichkeiten (Dauer, Zielgruppe, Voraussetzungen...).","breadcrumb":{"@id":"https:\/\/www.km0.info\/de\/lernen-in-kmo\/#breadcrumb"},"inLanguage":"de","potentialAction":[{"@type":"ReadAction","target":["https:\/\/www.km0.info\/de\/lernen-in-kmo\/"]}]},{"@type":"ImageObject","inLanguage":"de","@id":"https:\/\/www.km0.info\/de\/lernen-in-kmo\/#primaryimage","url":"https:\/\/www.km0.info\/wp-inside\/uploads\/2025\/09\/42-380x380.png","contentUrl":"https:\/\/www.km0.info\/wp-inside\/uploads\/2025\/09\/42-380x380.png"},{"@type":"BreadcrumbList","@id":"https:\/\/www.km0.info\/de\/lernen-in-kmo\/#breadcrumb","itemListElement":[{"@type":"ListItem","position":1,"name":"Accueil","item":"https:\/\/www.km0.info\/de\/"},{"@type":"ListItem","position":2,"name":"Campus KM\u00d8"}]},{"@type":"WebSite","@id":"https:\/\/www.km0.info\/de\/#website","url":"https:\/\/www.km0.info\/de\/","name":"KM\u00d8","description":"Lieu d&#039;innovation d\u00e9di\u00e9 \u00e0 la transformation digitale de l&#039;industrie","publisher":{"@id":"https:\/\/www.km0.info\/de\/#organization"},"potentialAction":[{"@type":"SearchAction","target":{"@type":"EntryPoint","urlTemplate":"https:\/\/www.km0.info\/de\/?s={search_term_string}"},"query-input":{"@type":"PropertyValueSpecification","valueRequired":true,"valueName":"search_term_string"}}],"inLanguage":"de"},{"@type":"Organization","@id":"https:\/\/www.km0.info\/de\/#organization","name":"KM\u00d8","url":"https:\/\/www.km0.info\/de\/","logo":{"@type":"ImageObject","inLanguage":"de","@id":"https:\/\/www.km0.info\/de\/#\/schema\/logo\/image\/","url":"https:\/\/www.km0.info\/wp-inside\/uploads\/2020\/10\/logo-km0-quadri-200x155-1.png","contentUrl":"https:\/\/www.km0.info\/wp-inside\/uploads\/2020\/10\/logo-km0-quadri-200x155-1.png","width":200,"height":155,"caption":"KM\u00d8"},"image":{"@id":"https:\/\/www.km0.info\/de\/#\/schema\/logo\/image\/"}}]}},"_links":{"self":[{"href":"https:\/\/www.km0.info\/de\/wp-json\/wp\/v2\/pages\/8851","targetHints":{"allow":["GET"]}}],"collection":[{"href":"https:\/\/www.km0.info\/de\/wp-json\/wp\/v2\/pages"}],"about":[{"href":"https:\/\/www.km0.info\/de\/wp-json\/wp\/v2\/types\/page"}],"author":[{"embeddable":true,"href":"https:\/\/www.km0.info\/de\/wp-json\/wp\/v2\/users\/2"}],"replies":[{"embeddable":true,"href":"https:\/\/www.km0.info\/de\/wp-json\/wp\/v2\/comments?post=8851"}],"version-history":[{"count":8,"href":"https:\/\/www.km0.info\/de\/wp-json\/wp\/v2\/pages\/8851\/revisions"}],"predecessor-version":[{"id":14372,"href":"https:\/\/www.km0.info\/de\/wp-json\/wp\/v2\/pages\/8851\/revisions\/14372"}],"wp:attachment":[{"href":"https:\/\/www.km0.info\/de\/wp-json\/wp\/v2\/media?parent=8851"}],"curies":[{"name":"wp","href":"https:\/\/api.w.org\/{rel}","templated":true}]}}