{"id":8847,"date":"2022-12-13T09:32:13","date_gmt":"2022-12-13T08:32:13","guid":{"rendered":"https:\/\/www.km0.info\/vermietung-von-raumen\/einen-raum-buchen\/"},"modified":"2022-12-13T09:32:13","modified_gmt":"2022-12-13T08:32:13","slug":"einen-raum-buchen","status":"publish","type":"page","link":"https:\/\/www.km0.info\/de\/vermietung-von-raumen\/einen-raum-buchen\/","title":{"rendered":"Einen Raum buchen"},"content":{"rendered":"<p>Organisieren Sie Ihre Veranstaltung an einem atypischen Ort&nbsp;: die ehemalige Fabrik der SACM, die zu einem digitalen und industriellen Zentrum umgebaut wurde&nbsp;!<\/p>\n<p><!-- flzn:zn_textblock --><\/p>\n<div id=\"flzn-textblock-1\" class=\"zn zone zn-textblock\">\n<div class=\"zone-block zn-textblock-block pdd-top-off pdd-bottom-off alignwide va-top\">\n<div class=\"row mw-content-zone \">\n<div class=\"columns large-12\">\n<div class=\"row large-up-1 nbloc-1\">\n<div class=\"column zn-textblock-col\">\n<div class=\"column-inner\">\n<div class=\"wig-content mw-content\">\n<h2>Raumvermietung in Mulhouse<\/h2>\n<p>Unsere f\u00fcnf R\u00e4ume, die zusammen oder einzeln gemietet werden k\u00f6nnen, bieten Platz f\u00fcr <strong>bis zu 655 Personen<\/strong>. Unser gesamtes Team steht Ihnen zur Verf\u00fcgung, um Ihnen bei der Organisation Ihres Seminars, Kongresses, Trainings oder einer anderen <strong>professionellen Veranstaltung<\/strong> in Mulhouse zu helfen.<\/p>\n<p style=\"text-align: center;\"><a class=\"button secondary arrow\" href=\"\/?page_id=4309\"><u>Mehr erfahren<\/u><\/a><br \/>\n<a class=\"button btn\" title=\"Uns anrufen\" href=\"tel:+33389465114\" data-hidenum=\"Afficher le N\u00b0\">+33 (0)3 89 46 51 14<\/a><\/p>\n<\/p><\/div>\n<\/p><\/div>\n<\/p><\/div>\n<\/p><\/div>\n<\/p><\/div>\n<\/p><\/div>\n<\/p><\/div>\n<\/div>\n<p><!-- \/flzn:zn_textblock --><\/p>\n","protected":false},"excerpt":{"rendered":"<p>Es stehen Ihnen 5 originelle Veranstaltungsr\u00e4ume mit einer Gesamtfl\u00e4che von 812 m2 zur Verf\u00fcgung. Organisieren Sie Ihr Seminar, Hackaton oder Gesch\u00e4ftstreffen. KM\u00d8 bietet viele M\u00f6glichkeiten (\u00e9<\/p>\n","protected":false},"author":2,"featured_media":0,"parent":8842,"menu_order":40,"comment_status":"closed","ping_status":"closed","template":"","meta":{"_acf_changed":false,"footnotes":""},"class_list":["post-8847","page","type-page","status-publish","hentry","wp-sticky"],"acf":[],"yoast_head":"<!-- This site is optimized with the Yoast SEO plugin v27.4 - https:\/\/yoast.com\/product\/yoast-seo-wordpress\/ -->\n<title>Saal mieten Veranstaltung Mulhouse, 40 bis 600 Personen<\/title>\n<meta name=\"description\" content=\"Organisieren Sie Ihre Veranstaltung an einem atypischen Ort: der ehemaligen SACM-Fabrik, die zu einem digitalen und industriellen Zentrum umgebaut wurde, im Quartier Fonderie!\" \/>\n<meta name=\"robots\" content=\"index, follow, max-snippet:-1, max-image-preview:large, max-video-preview:-1\" \/>\n<link rel=\"canonical\" href=\"https:\/\/www.km0.info\/de\/vermietung-von-raumen\/einen-raum-buchen\/\" \/>\n<meta property=\"og:locale\" content=\"de_DE\" \/>\n<meta property=\"og:type\" content=\"article\" \/>\n<meta property=\"og:title\" content=\"Saal mieten Veranstaltung Mulhouse, 40 bis 600 Personen\" \/>\n<meta property=\"og:description\" content=\"Organisieren Sie Ihre Veranstaltung an einem atypischen Ort: der ehemaligen SACM-Fabrik, die zu einem digitalen und industriellen Zentrum umgebaut wurde, im Quartier Fonderie!\" \/>\n<meta property=\"og:url\" content=\"https:\/\/www.km0.info\/de\/vermietung-von-raumen\/einen-raum-buchen\/\" \/>\n<meta property=\"og:site_name\" content=\"KM\u00d8\" \/>\n<meta property=\"og:image\" content=\"https:\/\/www.km0.info\/wp-inside\/uploads\/2020\/10\/logo-km0-quadri-200x155-1.png\" \/>\n\t<meta property=\"og:image:width\" content=\"200\" \/>\n\t<meta property=\"og:image:height\" content=\"155\" \/>\n\t<meta property=\"og:image:type\" content=\"image\/png\" \/>\n<meta name=\"twitter:card\" content=\"summary_large_image\" \/>\n<script type=\"application\/ld+json\" class=\"yoast-schema-graph\">{\"@context\":\"https:\\\/\\\/schema.org\",\"@graph\":[{\"@type\":\"WebPage\",\"@id\":\"https:\\\/\\\/www.km0.info\\\/de\\\/vermietung-von-raumen\\\/einen-raum-buchen\\\/\",\"url\":\"https:\\\/\\\/www.km0.info\\\/de\\\/vermietung-von-raumen\\\/einen-raum-buchen\\\/\",\"name\":\"Saal mieten Veranstaltung Mulhouse, 40 bis 600 Personen\",\"isPartOf\":{\"@id\":\"https:\\\/\\\/www.km0.info\\\/de\\\/#website\"},\"datePublished\":\"2022-12-13T08:32:13+00:00\",\"description\":\"Organisieren Sie Ihre Veranstaltung an einem atypischen Ort: der ehemaligen SACM-Fabrik, die zu einem digitalen und industriellen Zentrum umgebaut wurde, im Quartier Fonderie!\",\"breadcrumb\":{\"@id\":\"https:\\\/\\\/www.km0.info\\\/de\\\/vermietung-von-raumen\\\/einen-raum-buchen\\\/#breadcrumb\"},\"inLanguage\":\"de\",\"potentialAction\":[{\"@type\":\"ReadAction\",\"target\":[\"https:\\\/\\\/www.km0.info\\\/de\\\/vermietung-von-raumen\\\/einen-raum-buchen\\\/\"]}]},{\"@type\":\"BreadcrumbList\",\"@id\":\"https:\\\/\\\/www.km0.info\\\/de\\\/vermietung-von-raumen\\\/einen-raum-buchen\\\/#breadcrumb\",\"itemListElement\":[{\"@type\":\"ListItem\",\"position\":1,\"name\":\"Accueil\",\"item\":\"https:\\\/\\\/www.km0.info\\\/de\\\/\"},{\"@type\":\"ListItem\",\"position\":2,\"name\":\"Vermietung von R\u00e4umen\",\"item\":\"https:\\\/\\\/www.km0.info\\\/de\\\/vermietung-von-raumen\\\/\"},{\"@type\":\"ListItem\",\"position\":3,\"name\":\"Einen Raum buchen\"}]},{\"@type\":\"WebSite\",\"@id\":\"https:\\\/\\\/www.km0.info\\\/de\\\/#website\",\"url\":\"https:\\\/\\\/www.km0.info\\\/de\\\/\",\"name\":\"KM\u00d8\",\"description\":\"Lieu d&#039;innovation d\u00e9di\u00e9 \u00e0 la transformation digitale de l&#039;industrie\",\"publisher\":{\"@id\":\"https:\\\/\\\/www.km0.info\\\/de\\\/#organization\"},\"potentialAction\":[{\"@type\":\"SearchAction\",\"target\":{\"@type\":\"EntryPoint\",\"urlTemplate\":\"https:\\\/\\\/www.km0.info\\\/de\\\/?s={search_term_string}\"},\"query-input\":{\"@type\":\"PropertyValueSpecification\",\"valueRequired\":true,\"valueName\":\"search_term_string\"}}],\"inLanguage\":\"de\"},{\"@type\":\"Organization\",\"@id\":\"https:\\\/\\\/www.km0.info\\\/de\\\/#organization\",\"name\":\"KM\u00d8\",\"url\":\"https:\\\/\\\/www.km0.info\\\/de\\\/\",\"logo\":{\"@type\":\"ImageObject\",\"inLanguage\":\"de\",\"@id\":\"https:\\\/\\\/www.km0.info\\\/de\\\/#\\\/schema\\\/logo\\\/image\\\/\",\"url\":\"https:\\\/\\\/www.km0.info\\\/wp-inside\\\/uploads\\\/2020\\\/10\\\/logo-km0-quadri-200x155-1.png\",\"contentUrl\":\"https:\\\/\\\/www.km0.info\\\/wp-inside\\\/uploads\\\/2020\\\/10\\\/logo-km0-quadri-200x155-1.png\",\"width\":200,\"height\":155,\"caption\":\"KM\u00d8\"},\"image\":{\"@id\":\"https:\\\/\\\/www.km0.info\\\/de\\\/#\\\/schema\\\/logo\\\/image\\\/\"}}]}<\/script>\n<!-- \/ Yoast SEO plugin. -->","yoast_head_json":{"title":"Saal mieten Veranstaltung Mulhouse, 40 bis 600 Personen","description":"Organisieren Sie Ihre Veranstaltung an einem atypischen Ort: der ehemaligen SACM-Fabrik, die zu einem digitalen und industriellen Zentrum umgebaut wurde, im Quartier Fonderie!","robots":{"index":"index","follow":"follow","max-snippet":"max-snippet:-1","max-image-preview":"max-image-preview:large","max-video-preview":"max-video-preview:-1"},"canonical":"https:\/\/www.km0.info\/de\/vermietung-von-raumen\/einen-raum-buchen\/","og_locale":"de_DE","og_type":"article","og_title":"Saal mieten Veranstaltung Mulhouse, 40 bis 600 Personen","og_description":"Organisieren Sie Ihre Veranstaltung an einem atypischen Ort: der ehemaligen SACM-Fabrik, die zu einem digitalen und industriellen Zentrum umgebaut wurde, im Quartier Fonderie!","og_url":"https:\/\/www.km0.info\/de\/vermietung-von-raumen\/einen-raum-buchen\/","og_site_name":"KM\u00d8","og_image":[{"width":200,"height":155,"url":"https:\/\/www.km0.info\/wp-inside\/uploads\/2020\/10\/logo-km0-quadri-200x155-1.png","type":"image\/png"}],"twitter_card":"summary_large_image","schema":{"@context":"https:\/\/schema.org","@graph":[{"@type":"WebPage","@id":"https:\/\/www.km0.info\/de\/vermietung-von-raumen\/einen-raum-buchen\/","url":"https:\/\/www.km0.info\/de\/vermietung-von-raumen\/einen-raum-buchen\/","name":"Saal mieten Veranstaltung Mulhouse, 40 bis 600 Personen","isPartOf":{"@id":"https:\/\/www.km0.info\/de\/#website"},"datePublished":"2022-12-13T08:32:13+00:00","description":"Organisieren Sie Ihre Veranstaltung an einem atypischen Ort: der ehemaligen SACM-Fabrik, die zu einem digitalen und industriellen Zentrum umgebaut wurde, im Quartier Fonderie!","breadcrumb":{"@id":"https:\/\/www.km0.info\/de\/vermietung-von-raumen\/einen-raum-buchen\/#breadcrumb"},"inLanguage":"de","potentialAction":[{"@type":"ReadAction","target":["https:\/\/www.km0.info\/de\/vermietung-von-raumen\/einen-raum-buchen\/"]}]},{"@type":"BreadcrumbList","@id":"https:\/\/www.km0.info\/de\/vermietung-von-raumen\/einen-raum-buchen\/#breadcrumb","itemListElement":[{"@type":"ListItem","position":1,"name":"Accueil","item":"https:\/\/www.km0.info\/de\/"},{"@type":"ListItem","position":2,"name":"Vermietung von R\u00e4umen","item":"https:\/\/www.km0.info\/de\/vermietung-von-raumen\/"},{"@type":"ListItem","position":3,"name":"Einen Raum buchen"}]},{"@type":"WebSite","@id":"https:\/\/www.km0.info\/de\/#website","url":"https:\/\/www.km0.info\/de\/","name":"KM\u00d8","description":"Lieu d&#039;innovation d\u00e9di\u00e9 \u00e0 la transformation digitale de l&#039;industrie","publisher":{"@id":"https:\/\/www.km0.info\/de\/#organization"},"potentialAction":[{"@type":"SearchAction","target":{"@type":"EntryPoint","urlTemplate":"https:\/\/www.km0.info\/de\/?s={search_term_string}"},"query-input":{"@type":"PropertyValueSpecification","valueRequired":true,"valueName":"search_term_string"}}],"inLanguage":"de"},{"@type":"Organization","@id":"https:\/\/www.km0.info\/de\/#organization","name":"KM\u00d8","url":"https:\/\/www.km0.info\/de\/","logo":{"@type":"ImageObject","inLanguage":"de","@id":"https:\/\/www.km0.info\/de\/#\/schema\/logo\/image\/","url":"https:\/\/www.km0.info\/wp-inside\/uploads\/2020\/10\/logo-km0-quadri-200x155-1.png","contentUrl":"https:\/\/www.km0.info\/wp-inside\/uploads\/2020\/10\/logo-km0-quadri-200x155-1.png","width":200,"height":155,"caption":"KM\u00d8"},"image":{"@id":"https:\/\/www.km0.info\/de\/#\/schema\/logo\/image\/"}}]}},"_links":{"self":[{"href":"https:\/\/www.km0.info\/de\/wp-json\/wp\/v2\/pages\/8847","targetHints":{"allow":["GET"]}}],"collection":[{"href":"https:\/\/www.km0.info\/de\/wp-json\/wp\/v2\/pages"}],"about":[{"href":"https:\/\/www.km0.info\/de\/wp-json\/wp\/v2\/types\/page"}],"author":[{"embeddable":true,"href":"https:\/\/www.km0.info\/de\/wp-json\/wp\/v2\/users\/2"}],"replies":[{"embeddable":true,"href":"https:\/\/www.km0.info\/de\/wp-json\/wp\/v2\/comments?post=8847"}],"version-history":[{"count":0,"href":"https:\/\/www.km0.info\/de\/wp-json\/wp\/v2\/pages\/8847\/revisions"}],"up":[{"embeddable":true,"href":"https:\/\/www.km0.info\/de\/wp-json\/wp\/v2\/pages\/8842"}],"wp:attachment":[{"href":"https:\/\/www.km0.info\/de\/wp-json\/wp\/v2\/media?parent=8847"}],"curies":[{"name":"wp","href":"https:\/\/api.w.org\/{rel}","templated":true}]}}