{"id":8841,"date":"2022-12-13T09:32:09","date_gmt":"2022-12-13T08:32:09","guid":{"rendered":"https:\/\/www.km0.info\/kmo\/e-nov-campus\/"},"modified":"2024-03-21T11:34:15","modified_gmt":"2024-03-21T10:34:15","slug":"e-nov-campus","status":"publish","type":"page","link":"https:\/\/www.km0.info\/de\/kmo\/e-nov-campus\/","title":{"rendered":"Studio &amp; Ateliers"},"content":{"rendered":"<p><strong>Studio &amp; Ateliers ist der Moderator von KM\u00d8. Wir sind ein Verein, der sich der digitalen Innovation verschrieben hat und auf die Unterst\u00fctzung vielversprechender Talente ausgerichtet ist.<\/strong><\/p>\n<p>Wir haben eine in Frankreich einzigartige digitale Ausbildung geschaffen, Unternehmer betreut und uns das Konzept von KM\u00d8 ausgedacht. Dieses ehrgeizige Projekt ist Wirklichkeit geworden, und wir sind auch weiterhin das Herzst\u00fcck des Ortes der Innovation.<\/p>\n<p><!-- flzn:zn_imgtextblock --><\/p>\n<div id=\"flzn-imgtextblock-1\" class=\"zn zone zn-imgtextblock\">\n<div class=\"zone-block zn-imgtextblock-block alignwide va-center\">\n<div class=\"row mw-content-zone\">\n<div class=\"columns large-12\">\n<div class=\"row with-nice-alignment zn-imgtextblock-row img-left va-center\" data-equalizer=\"\" data-equalize-on=\"large\">\n<div class=\"columns large-6 zn-imgtextblock-colimg\" data-equalizer-watch=\"\">\n<div class=\"columns-inner zn-imgtextblock-col-inner\">\n<p>\t\t\t\t\t\t<span class=\"deco1\"><\/span><br \/>\n\t\t\t\t\t\t<span class=\"deco2\"><\/span><br \/>\n\t\t\t\t\t\t<span class=\"deco3\"><\/span><\/p>\n<div class=\"zn-imgtextblock-imgbox\" title=\"\">\n<figure class=\"zn-imgtextblock-figure\">\n\t\t\t\t\t\t\t<img decoding=\"async\" class=\"zn-imgtextblock-img\" src=\"https:\/\/www.km0.info\/wp-inside\/uploads\/2020\/10\/associes-km0-team-1024x683.jpg\" alt=\"Partner KM\u00d8\"><br \/>\n\t\t\t\t\t\t\t\t\t\t\t\t\t<\/figure>\n<\/p><\/div>\n<\/p><\/div>\n<\/p><\/div>\n<div class=\"columns large-6 zn-imgtextblock-coldesc\" data-equalizer-watch=\"\">\n<div class=\"columns-inner zn-imgtextblock-descbox\">\n<div class=\"zn-imgtextblock-desc wig-content\">\n<h2>Animation &amp; Events&nbsp;: KM\u00d8 bewegt&nbsp;!<\/h2>\n<p>Wir versichern&nbsp;:<\/p>\n<ul>\n<li>Die Mietverwaltung der B\u00fcros der <a href=\"https:\/\/www.km0.info\/devenir-habitant\/\"><br \/>\n  <u>Einwohner von KM\u00d8<\/u><br \/>\n<\/a><\/li>\n<li>Die Organisation Ihrer <a href=\"https:\/\/www.km0.info\/louer-une-salle\/\"><br \/>\n  <u>Gesch\u00e4ftsveranstaltungen und Seminare in Mulhouse<\/u><br \/>\n<\/a><\/li>\n<li>Die Animation des Innovationsortes und die Verbindungen zwischen den Bewohnern<\/li>\n<li>Die Instandhaltung des Geb\u00e4udes (eine sanierte ehemalige Fabrik, die den Mulhousiens lieb und teuer ist)<\/li>\n<\/ul>\n<p><a class=\"button secondary arrow\" href=\"https:\/\/www.km0.info\/km0\/equipe\/\"><u>Entdecke das Team  <\/u><\/a><\/p>\n<\/div><\/div>\n<\/p><\/div>\n<\/p><\/div>\n<\/p><\/div>\n<\/p><\/div>\n<\/div>\n<\/div>\n<p><!-- \/flzn:zn_imgtextblock --><br \/>\n<!-- flzn:zn_imgtextblock --><\/p>\n<div id=\"flzn-imgtextblock-2\" class=\"zn zone zn-imgtextblock\">\n<div class=\"zone-block zn-imgtextblock-block alignwide va-center\">\n<div class=\"row mw-content-zone\">\n<div class=\"columns large-12\">\n<div class=\"row with-nice-alignment zn-imgtextblock-row img-right va-center\" data-equalizer=\"\" data-equalize-on=\"large\">\n<div class=\"columns large-6 large-push-6 zn-imgtextblock-colimg\" data-equalizer-watch=\"\">\n<div class=\"columns-inner zn-imgtextblock-col-inner\">\n<p>\t\t\t\t\t\t<span class=\"deco1\"><\/span><br \/>\n\t\t\t\t\t\t<span class=\"deco2\"><\/span><br \/>\n\t\t\t\t\t\t<span class=\"deco3\"><\/span><\/p>\n<div class=\"zn-imgtextblock-imgbox\" title=\"\">\n<figure class=\"zn-imgtextblock-figure\">\n\t\t\t\t\t\t\t<img decoding=\"async\" class=\"zn-imgtextblock-img\" src=\"https:\/\/www.km0.info\/wp-inside\/uploads\/2020\/10\/club-des-locomotives.jpg\" alt=\"Club Des Locomotives\"><br \/>\n\t\t\t\t\t\t\t\t\t\t\t\t\t<\/figure>\n<\/p><\/div>\n<\/p><\/div>\n<\/p><\/div>\n<div class=\"columns large-6 large-pull-6 zn-imgtextblock-coldesc\" data-equalizer-watch=\"\">\n<div class=\"columns-inner zn-imgtextblock-descbox\">\n<div class=\"zn-imgtextblock-desc wig-content\">\n<h2>Gr\u00fcndung &amp; Leitung des Club des Locomotives<\/h2>\n<p>Der Club des Locomotives vereint Industriemanager aus der Region Mulhouse. Er wurde 2017 von e-nov Campus eingerichtet und trifft sich drei- bis f\u00fcnfmal im Jahr.<\/p>\n<p>Ziel ist es, die Bed\u00fcrfnisse des Industriesektors zu erkennen und<strong>ihre digitale Transformation zu begleiten<\/strong>, rund um gemeinsame Projekte.<\/p>\n<p>Die Mitglieder des Clubs profitieren von qualifizierten Interventionen. Sie haben die M\u00f6glichkeit, Kontakte zu kn\u00fcpfen, zusammenzuarbeiten und innovative L\u00f6sungen auszuprobieren.<\/p>\n<p><a class=\"button secondary arrow\" href=\"https:\/\/www.km0.info\/club-des-locomotives\/\"><u>Mehr erfahren<\/u><\/a><\/p>\n<\/div><\/div>\n<\/p><\/div>\n<\/p><\/div>\n<\/p><\/div>\n<\/p><\/div>\n<\/div>\n<\/div>\n<p><!-- \/flzn:zn_imgtextblock --><br \/>\n<!-- flzn:zn_imgtextblock --><\/p>\n<div id=\"flzn-imgtextblock-3\" class=\"zn zone zn-imgtextblock\">\n<div class=\"zone-block zn-imgtextblock-block alignwide va-center\">\n<div class=\"row mw-content-zone\">\n<div class=\"columns large-12\">\n<div class=\"row with-nice-alignment zn-imgtextblock-row img-left va-center\" data-equalizer=\"\" data-equalize-on=\"large\">\n<div class=\"columns large-6 zn-imgtextblock-colimg\" data-equalizer-watch=\"\">\n<div class=\"columns-inner zn-imgtextblock-col-inner\">\n<p>\t\t\t\t\t\t<span class=\"deco1\"><\/span><br \/>\n\t\t\t\t\t\t<span class=\"deco2\"><\/span><br \/>\n\t\t\t\t\t\t<span class=\"deco3\"><\/span><\/p>\n<div class=\"zn-imgtextblock-imgbox\" title=\"\">\n<figure class=\"zn-imgtextblock-figure\">\n\t\t\t\t\t\t\t<img decoding=\"async\" class=\"zn-imgtextblock-img\" src=\"https:\/\/www.km0.info\/wp-inside\/uploads\/2020\/10\/etudiants-mulhouse-ligne-numerique-promo-5.jpg\" alt=\"Studierende Mulhouse, Digitale Linie - Promo 5\"><br \/>\n\t\t\t\t\t\t\t\t\t\t\t\t\t<\/figure>\n<\/p><\/div>\n<\/p><\/div>\n<\/p><\/div>\n<div class=\"columns large-6 zn-imgtextblock-coldesc\" data-equalizer-watch=\"\">\n<div class=\"columns-inner zn-imgtextblock-descbox\">\n<div class=\"zn-imgtextblock-desc wig-content\">\n<h2>Einf\u00fchrung &amp; Verwaltung der Ausbildung Digitale Linie<\/h2>\n<p>La Ligne Num\u00e9rique bildet <strong>Autodidakten im digitalen Bereich<\/strong> aus&nbsp;: ein echter Schub f\u00fcr die berufliche Eingliederung und die pers\u00f6nliche Entfaltung.<\/p>\n<p>Sie wurde 2016 gegr\u00fcndet und tr\u00e4gt das Label &#8220;&nbsp;Grande Ecole du Num\u00e9rique&nbsp;&#8222;.<\/p>\n<p>Sie nimmt jedes Jahr einen Jahrgang von etwa 20 Sch\u00fclern zwischen 18 und 25 Jahren auf. Es werden zwei Studieng\u00e4nge angeboten&nbsp;: <strong>Tech<\/strong> (Entwicklung, Elektronik, Robotik&#8230;) oder <strong>Cr\u00e9a<\/strong> (Grafikdesign, Foto\/Video, 3D&#8230;).<\/p>\n<p><a class=\"button secondary arrow\" href=\"https:\/\/www.km0.info\/ligne-numerique\/\"><u>Mehr erfahren<\/u><\/a><\/p>\n<\/div><\/div>\n<\/p><\/div>\n<\/p><\/div>\n<\/p><\/div>\n<\/p><\/div>\n<\/div>\n<\/div>\n<p><!-- \/flzn:zn_imgtextblock --><br \/>\n<!-- flzn:zn_imgtextblock --><\/p>\n<div id=\"flzn-imgtextblock-4\" class=\"zn zone zn-imgtextblock\">\n<div class=\"zone-block zn-imgtextblock-block alignwide va-center\">\n<div class=\"row mw-content-zone\">\n<div class=\"columns large-12\">\n<div class=\"row with-nice-alignment zn-imgtextblock-row img-right va-center\" data-equalizer=\"\" data-equalize-on=\"large\">\n<div class=\"columns large-6 large-push-6 zn-imgtextblock-colimg\" data-equalizer-watch=\"\">\n<div class=\"columns-inner zn-imgtextblock-col-inner\">\n<p>\t\t\t\t\t\t<span class=\"deco1\"><\/span><br \/>\n\t\t\t\t\t\t<span class=\"deco2\"><\/span><br \/>\n\t\t\t\t\t\t<span class=\"deco3\"><\/span><\/p>\n<div class=\"zn-imgtextblock-imgbox\" title=\"\">\n<figure class=\"zn-imgtextblock-figure\">\n\t\t\t\t\t\t\t<img decoding=\"async\" class=\"zn-imgtextblock-img\" src=\"https:\/\/www.km0.info\/wp-inside\/uploads\/2020\/10\/km0-campus-entrepreunariat-mulhouse.jpg\" alt=\"\"><br \/>\n\t\t\t\t\t\t\t\t\t\t\t\t\t<\/figure>\n<\/p><\/div>\n<\/p><\/div>\n<\/p><\/div>\n<div class=\"columns large-6 large-pull-6 zn-imgtextblock-coldesc\" data-equalizer-watch=\"\">\n<div class=\"columns-inner zn-imgtextblock-descbox\">\n<div class=\"zn-imgtextblock-desc wig-content\">\n<h2>KM\u00d8 Campus, seit 2011 in Mulhouse<\/h2>\n<p>Urspr\u00fcnglich wurde die Vereinigung e-nov Campus gegr\u00fcndet, um Unternehmer mit einem <strong>Programm zur Vorinkubation von Projekten<\/strong> zu unterst\u00fctzen.<\/p>\n<p>Die Idee der Unternehmen des digitalen Sektors in Mulhouse, der Universit\u00e9 de Haute Alsace und der Institutionen&nbsp;: Mit neuen Technologien <strong>wirtschaftliche Werte<\/strong> in der Region <strong>schaffen<\/strong>.<\/p>\n<p>Nach der Deindustrialisierung des Arbeitsmarktbezirks Mulhouse entstand eine neue Wirtschaft mit neuen, sich st\u00e4ndig ver\u00e4ndernden Bed\u00fcrfnissen&nbsp;:<\/p>\n<ol>\n<li>m\u00fcssen die Sch\u00fcler ihre Besch\u00e4ftigungsf\u00e4higkeit erh\u00f6hen,<\/li>\n<li>Fachkr\u00e4fte m\u00fcssen ihre F\u00e4higkeiten verbessern und auf dem neuesten Stand halten.<\/li>\n<\/ol>\n<p>e-nov Campus hat sich weiterentwickelt, um den ge\u00e4u\u00dferten Bed\u00fcrfnissen gerecht zu werden.<\/p>\n<p>Die Idee f\u00fcr den Innovationsort KM\u00d8, der sich der digitalen Transformation der Industrie widmet, entstand im Jahr 2014.<\/p>\n<p>Anfang 2019 waren die B\u00fcros in den frisch renovierten alten SACM-Geb\u00e4uden bereits fast ausgebucht&nbsp;!<\/p>\n<p><a class=\"button secondary arrow\" href=\"https:\/\/www.km0.info\/habitant\/\"><u>Einwohner<\/u><\/a><\/p>\n<\/div><\/div>\n<\/p><\/div>\n<\/p><\/div>\n<\/p><\/div>\n<\/p><\/div>\n<\/div>\n<\/div>\n<p><!-- \/flzn:zn_imgtextblock --><\/p>\n","protected":false},"excerpt":{"rendered":"<p>KM\u00d8 Campus: Wo alles begann  <\/p>\n","protected":false},"author":2,"featured_media":7357,"parent":8833,"menu_order":140,"comment_status":"closed","ping_status":"closed","template":"","meta":{"_acf_changed":false,"footnotes":""},"class_list":["post-8841","page","type-page","status-publish","has-post-thumbnail","hentry","wp-sticky"],"acf":[],"yoast_head":"<!-- This site is optimized with the Yoast SEO plugin v27.5 - https:\/\/yoast.com\/product\/yoast-seo-wordpress\/ -->\n<title>KM\u00d8 Campus: Verein Digitale Innovation<\/title>\n<meta name=\"description\" content=\"KM\u00d8 Campus ist der Moderator von KM\u00d8. Es ist ein Verein, der sich der digitalen Innovation widmet und auf die Unterst\u00fctzung vielversprechender Talente ausgerichtet ist!\" \/>\n<meta name=\"robots\" content=\"index, follow, max-snippet:-1, max-image-preview:large, max-video-preview:-1\" \/>\n<link rel=\"canonical\" href=\"https:\/\/www.km0.info\/de\/kmo\/e-nov-campus\/\" \/>\n<meta property=\"og:locale\" content=\"de_DE\" \/>\n<meta property=\"og:type\" content=\"article\" \/>\n<meta property=\"og:title\" content=\"KM\u00d8 Campus: Verein Digitale Innovation\" \/>\n<meta property=\"og:description\" content=\"KM\u00d8 Campus ist der Moderator von KM\u00d8. Es ist ein Verein, der sich der digitalen Innovation widmet und auf die Unterst\u00fctzung vielversprechender Talente ausgerichtet ist!\" \/>\n<meta property=\"og:url\" content=\"https:\/\/www.km0.info\/de\/kmo\/e-nov-campus\/\" \/>\n<meta property=\"og:site_name\" content=\"KM\u00d8\" \/>\n<meta property=\"article:modified_time\" content=\"2024-03-21T10:34:15+00:00\" \/>\n<meta property=\"og:image\" content=\"https:\/\/www.km0.info\/wp-inside\/uploads\/2020\/10\/associes-km0-team.jpg\" \/>\n\t<meta property=\"og:image:width\" content=\"1620\" \/>\n\t<meta property=\"og:image:height\" content=\"1080\" \/>\n\t<meta property=\"og:image:type\" content=\"image\/jpeg\" \/>\n<meta name=\"twitter:card\" content=\"summary_large_image\" \/>\n<meta name=\"twitter:label1\" content=\"Gesch\u00e4tzte Lesezeit\" \/>\n\t<meta name=\"twitter:data1\" content=\"2\u00a0Minuten\" \/>\n<script type=\"application\/ld+json\" class=\"yoast-schema-graph\">{\"@context\":\"https:\\\/\\\/schema.org\",\"@graph\":[{\"@type\":\"WebPage\",\"@id\":\"https:\\\/\\\/www.km0.info\\\/de\\\/kmo\\\/e-nov-campus\\\/\",\"url\":\"https:\\\/\\\/www.km0.info\\\/de\\\/kmo\\\/e-nov-campus\\\/\",\"name\":\"KM\u00d8 Campus: Verein Digitale Innovation\",\"isPartOf\":{\"@id\":\"https:\\\/\\\/www.km0.info\\\/de\\\/#website\"},\"primaryImageOfPage\":{\"@id\":\"https:\\\/\\\/www.km0.info\\\/de\\\/kmo\\\/e-nov-campus\\\/#primaryimage\"},\"image\":{\"@id\":\"https:\\\/\\\/www.km0.info\\\/de\\\/kmo\\\/e-nov-campus\\\/#primaryimage\"},\"thumbnailUrl\":\"https:\\\/\\\/www.km0.info\\\/wp-inside\\\/uploads\\\/2020\\\/10\\\/associes-km0-team.jpg\",\"datePublished\":\"2022-12-13T08:32:09+00:00\",\"dateModified\":\"2024-03-21T10:34:15+00:00\",\"description\":\"KM\u00d8 Campus ist der Moderator von KM\u00d8. Es ist ein Verein, der sich der digitalen Innovation widmet und auf die Unterst\u00fctzung vielversprechender Talente ausgerichtet ist!\",\"breadcrumb\":{\"@id\":\"https:\\\/\\\/www.km0.info\\\/de\\\/kmo\\\/e-nov-campus\\\/#breadcrumb\"},\"inLanguage\":\"de\",\"potentialAction\":[{\"@type\":\"ReadAction\",\"target\":[\"https:\\\/\\\/www.km0.info\\\/de\\\/kmo\\\/e-nov-campus\\\/\"]}]},{\"@type\":\"ImageObject\",\"inLanguage\":\"de\",\"@id\":\"https:\\\/\\\/www.km0.info\\\/de\\\/kmo\\\/e-nov-campus\\\/#primaryimage\",\"url\":\"https:\\\/\\\/www.km0.info\\\/wp-inside\\\/uploads\\\/2020\\\/10\\\/associes-km0-team.jpg\",\"contentUrl\":\"https:\\\/\\\/www.km0.info\\\/wp-inside\\\/uploads\\\/2020\\\/10\\\/associes-km0-team.jpg\",\"width\":1620,\"height\":1080},{\"@type\":\"BreadcrumbList\",\"@id\":\"https:\\\/\\\/www.km0.info\\\/de\\\/kmo\\\/e-nov-campus\\\/#breadcrumb\",\"itemListElement\":[{\"@type\":\"ListItem\",\"position\":1,\"name\":\"Accueil\",\"item\":\"https:\\\/\\\/www.km0.info\\\/de\\\/\"},{\"@type\":\"ListItem\",\"position\":2,\"name\":\"KM\u00d8\",\"item\":\"https:\\\/\\\/www.km0.info\\\/de\\\/kmo\\\/\"},{\"@type\":\"ListItem\",\"position\":3,\"name\":\"Studio &amp; Ateliers\"}]},{\"@type\":\"WebSite\",\"@id\":\"https:\\\/\\\/www.km0.info\\\/de\\\/#website\",\"url\":\"https:\\\/\\\/www.km0.info\\\/de\\\/\",\"name\":\"KM\u00d8\",\"description\":\"Lieu d&#039;innovation d\u00e9di\u00e9 \u00e0 la transformation digitale de l&#039;industrie\",\"publisher\":{\"@id\":\"https:\\\/\\\/www.km0.info\\\/de\\\/#organization\"},\"potentialAction\":[{\"@type\":\"SearchAction\",\"target\":{\"@type\":\"EntryPoint\",\"urlTemplate\":\"https:\\\/\\\/www.km0.info\\\/de\\\/?s={search_term_string}\"},\"query-input\":{\"@type\":\"PropertyValueSpecification\",\"valueRequired\":true,\"valueName\":\"search_term_string\"}}],\"inLanguage\":\"de\"},{\"@type\":\"Organization\",\"@id\":\"https:\\\/\\\/www.km0.info\\\/de\\\/#organization\",\"name\":\"KM\u00d8\",\"url\":\"https:\\\/\\\/www.km0.info\\\/de\\\/\",\"logo\":{\"@type\":\"ImageObject\",\"inLanguage\":\"de\",\"@id\":\"https:\\\/\\\/www.km0.info\\\/de\\\/#\\\/schema\\\/logo\\\/image\\\/\",\"url\":\"https:\\\/\\\/www.km0.info\\\/wp-inside\\\/uploads\\\/2020\\\/10\\\/logo-km0-quadri-200x155-1.png\",\"contentUrl\":\"https:\\\/\\\/www.km0.info\\\/wp-inside\\\/uploads\\\/2020\\\/10\\\/logo-km0-quadri-200x155-1.png\",\"width\":200,\"height\":155,\"caption\":\"KM\u00d8\"},\"image\":{\"@id\":\"https:\\\/\\\/www.km0.info\\\/de\\\/#\\\/schema\\\/logo\\\/image\\\/\"}}]}<\/script>\n<!-- \/ Yoast SEO plugin. -->","yoast_head_json":{"title":"KM\u00d8 Campus: Verein Digitale Innovation","description":"KM\u00d8 Campus ist der Moderator von KM\u00d8. Es ist ein Verein, der sich der digitalen Innovation widmet und auf die Unterst\u00fctzung vielversprechender Talente ausgerichtet ist!","robots":{"index":"index","follow":"follow","max-snippet":"max-snippet:-1","max-image-preview":"max-image-preview:large","max-video-preview":"max-video-preview:-1"},"canonical":"https:\/\/www.km0.info\/de\/kmo\/e-nov-campus\/","og_locale":"de_DE","og_type":"article","og_title":"KM\u00d8 Campus: Verein Digitale Innovation","og_description":"KM\u00d8 Campus ist der Moderator von KM\u00d8. Es ist ein Verein, der sich der digitalen Innovation widmet und auf die Unterst\u00fctzung vielversprechender Talente ausgerichtet ist!","og_url":"https:\/\/www.km0.info\/de\/kmo\/e-nov-campus\/","og_site_name":"KM\u00d8","article_modified_time":"2024-03-21T10:34:15+00:00","og_image":[{"width":1620,"height":1080,"url":"https:\/\/www.km0.info\/wp-inside\/uploads\/2020\/10\/associes-km0-team.jpg","type":"image\/jpeg"}],"twitter_card":"summary_large_image","twitter_misc":{"Gesch\u00e4tzte Lesezeit":"2\u00a0Minuten"},"schema":{"@context":"https:\/\/schema.org","@graph":[{"@type":"WebPage","@id":"https:\/\/www.km0.info\/de\/kmo\/e-nov-campus\/","url":"https:\/\/www.km0.info\/de\/kmo\/e-nov-campus\/","name":"KM\u00d8 Campus: Verein Digitale Innovation","isPartOf":{"@id":"https:\/\/www.km0.info\/de\/#website"},"primaryImageOfPage":{"@id":"https:\/\/www.km0.info\/de\/kmo\/e-nov-campus\/#primaryimage"},"image":{"@id":"https:\/\/www.km0.info\/de\/kmo\/e-nov-campus\/#primaryimage"},"thumbnailUrl":"https:\/\/www.km0.info\/wp-inside\/uploads\/2020\/10\/associes-km0-team.jpg","datePublished":"2022-12-13T08:32:09+00:00","dateModified":"2024-03-21T10:34:15+00:00","description":"KM\u00d8 Campus ist der Moderator von KM\u00d8. Es ist ein Verein, der sich der digitalen Innovation widmet und auf die Unterst\u00fctzung vielversprechender Talente ausgerichtet ist!","breadcrumb":{"@id":"https:\/\/www.km0.info\/de\/kmo\/e-nov-campus\/#breadcrumb"},"inLanguage":"de","potentialAction":[{"@type":"ReadAction","target":["https:\/\/www.km0.info\/de\/kmo\/e-nov-campus\/"]}]},{"@type":"ImageObject","inLanguage":"de","@id":"https:\/\/www.km0.info\/de\/kmo\/e-nov-campus\/#primaryimage","url":"https:\/\/www.km0.info\/wp-inside\/uploads\/2020\/10\/associes-km0-team.jpg","contentUrl":"https:\/\/www.km0.info\/wp-inside\/uploads\/2020\/10\/associes-km0-team.jpg","width":1620,"height":1080},{"@type":"BreadcrumbList","@id":"https:\/\/www.km0.info\/de\/kmo\/e-nov-campus\/#breadcrumb","itemListElement":[{"@type":"ListItem","position":1,"name":"Accueil","item":"https:\/\/www.km0.info\/de\/"},{"@type":"ListItem","position":2,"name":"KM\u00d8","item":"https:\/\/www.km0.info\/de\/kmo\/"},{"@type":"ListItem","position":3,"name":"Studio &amp; Ateliers"}]},{"@type":"WebSite","@id":"https:\/\/www.km0.info\/de\/#website","url":"https:\/\/www.km0.info\/de\/","name":"KM\u00d8","description":"Lieu d&#039;innovation d\u00e9di\u00e9 \u00e0 la transformation digitale de l&#039;industrie","publisher":{"@id":"https:\/\/www.km0.info\/de\/#organization"},"potentialAction":[{"@type":"SearchAction","target":{"@type":"EntryPoint","urlTemplate":"https:\/\/www.km0.info\/de\/?s={search_term_string}"},"query-input":{"@type":"PropertyValueSpecification","valueRequired":true,"valueName":"search_term_string"}}],"inLanguage":"de"},{"@type":"Organization","@id":"https:\/\/www.km0.info\/de\/#organization","name":"KM\u00d8","url":"https:\/\/www.km0.info\/de\/","logo":{"@type":"ImageObject","inLanguage":"de","@id":"https:\/\/www.km0.info\/de\/#\/schema\/logo\/image\/","url":"https:\/\/www.km0.info\/wp-inside\/uploads\/2020\/10\/logo-km0-quadri-200x155-1.png","contentUrl":"https:\/\/www.km0.info\/wp-inside\/uploads\/2020\/10\/logo-km0-quadri-200x155-1.png","width":200,"height":155,"caption":"KM\u00d8"},"image":{"@id":"https:\/\/www.km0.info\/de\/#\/schema\/logo\/image\/"}}]}},"_links":{"self":[{"href":"https:\/\/www.km0.info\/de\/wp-json\/wp\/v2\/pages\/8841","targetHints":{"allow":["GET"]}}],"collection":[{"href":"https:\/\/www.km0.info\/de\/wp-json\/wp\/v2\/pages"}],"about":[{"href":"https:\/\/www.km0.info\/de\/wp-json\/wp\/v2\/types\/page"}],"author":[{"embeddable":true,"href":"https:\/\/www.km0.info\/de\/wp-json\/wp\/v2\/users\/2"}],"replies":[{"embeddable":true,"href":"https:\/\/www.km0.info\/de\/wp-json\/wp\/v2\/comments?post=8841"}],"version-history":[{"count":2,"href":"https:\/\/www.km0.info\/de\/wp-json\/wp\/v2\/pages\/8841\/revisions"}],"predecessor-version":[{"id":10705,"href":"https:\/\/www.km0.info\/de\/wp-json\/wp\/v2\/pages\/8841\/revisions\/10705"}],"up":[{"embeddable":true,"href":"https:\/\/www.km0.info\/de\/wp-json\/wp\/v2\/pages\/8833"}],"wp:featuredmedia":[{"embeddable":true,"href":"https:\/\/www.km0.info\/de\/wp-json\/wp\/v2\/media\/7357"}],"wp:attachment":[{"href":"https:\/\/www.km0.info\/de\/wp-json\/wp\/v2\/media?parent=8841"}],"curies":[{"name":"wp","href":"https:\/\/api.w.org\/{rel}","templated":true}]}}