{"id":8839,"date":"2022-12-13T09:32:05","date_gmt":"2022-12-13T08:32:05","guid":{"rendered":"https:\/\/www.km0.info\/rechtliche-hinweise\/"},"modified":"2023-02-21T13:59:08","modified_gmt":"2023-02-21T12:59:08","slug":"rechtliche-hinweise","status":"publish","type":"page","link":"https:\/\/www.km0.info\/de\/rechtliche-hinweise\/","title":{"rendered":"Rechtliche Hinweise"},"content":{"rendered":"<p><!-- flzn:zn_textblock --><\/p>\n<div id=\"flzn-textblock-1\" class=\"zn zone zn-textblock\">\n<div class=\"zone-block zn-textblock-block pdd-top-off alignwide va-top\">\n<div class=\"row mw-content-zone \">\n<div class=\"columns large-12\">\n<div class=\"row large-up-1 nbloc-1\">\n<div class=\"column zn-textblock-col\">\n<div class=\"column-inner\">\n<div class=\"wig-content mw-content\">\n<h2>\u00dcber die Seite<\/h2>\n<p>Sie sind derzeit mit der Website <strong>www.km0.info<\/strong> verbunden.<br \/>\nAlle Daten und Informationen auf der Website <strong>www.km0.info<\/strong> werden der \u00d6ffentlichkeit von KM\u00d8 zur Verf\u00fcgung gestellt.<br \/>\nDurch den Besuch der Website <strong>www.km0.info<\/strong> verpflichten Sie sich, die in diesem Hinweis enthaltenen Bedingungen zu akzeptieren.<\/p>\n<h2>Herausgeber<\/h2>\n<p><strong>KM\u00d8<\/strong><br \/>\nHauptsitz&nbsp;: 30 rue Fran\u00e7ois Spoerry &#8211; 68100 Mulhouse (Frankreich)<\/p>\n<p>Veranstaltungen &#8211; Fabienne Buhler&nbsp;: +33 (0)3 89 46 51 14<\/p>\n<p><strong>Leiter der Ver\u00f6ffentlichung&nbsp;:<\/strong> Olivier Zeller<\/p>\n<h2>Unterkunft<\/h2>\n<p><strong>OVH<\/strong><br \/>\nRCS Lille M\u00e9tropole 424 761 419 00045<br \/>\nAPE-Code 2620Z<br \/>\nTVA-NUMMER&nbsp;: FR 22 424 761 419<br \/>\nHauptsitz&nbsp;: 2 rue Kellermann &#8211; 59100 Roubaix &#8211; Frankreich<\/p>\n<h2>Graphische Charta, Design &amp; Promotion der Website<\/h2>\n<p><strong>Erster Platz<\/strong><br \/>\nSAS mit einem Kapital von 4.860,00 \u20ac.<br \/>\nHauptsitz&nbsp;: 30 rue Fran\u00e7ois Spoerry &#8211; 68100 Mulhouse &#8211; Frankreich<br \/>\nTel.&nbsp;: +33 (0) 3 89 60 71 61<br \/>\ncontact@premiere.place<br \/>\nRCS Mulhouse 489 995 985<br \/>\nTVA-NUMMER&nbsp;: FR 12 489 995 985<br \/>\n<strong><a href=\"https:\/\/www.premiere.place\/\" target=\"_blank\" rel=\"noopener noreferrer\">www.premiere.place<\/a><\/strong><\/p>\n<h2>Fotograf<\/h2>\n<p><strong>Jean-Claude Figenwald<\/strong><br \/>\n12 rue Beauregard<br \/>\n75002 Paris<br \/>\n<strong><a href=\"https:\/\/www.jeanclaudefigenwald.com\/\" target=\"_blank\" rel=\"noopener noreferrer\">www.jeanclaudefigenwald.com<\/a><\/strong><\/p>\n<h2>Fotograf, Videok\u00fcnstler<\/h2>\n<p><strong>Mehdi Boswingel<\/strong><br \/>\n<strong><a href=\"http:\/\/mehdiboswingel.com\/\" target=\"_blank\" rel=\"noopener noreferrer\">mehdiboswingel.com<\/a><\/strong><\/p>\n<h2>Schutz von pers\u00f6nlichen Daten<\/h2>\n<p>KM\u00d8 legt besonderen Wert auf das Recht der Internetnutzer auf Privatsph\u00e4re und verpflichtet sich, ihre pers\u00f6nlichen Daten gem\u00e4\u00df der geltenden franz\u00f6sischen und europ\u00e4ischen Gesetzgebung zu sch\u00fctzen. Von den Besuchern werden keine pers\u00f6nlichen Daten verlangt, um ihnen den Besuch der Website <strong>www.km0.info<\/strong> zu erm\u00f6glichen.<\/p>\n<p>Jedes Formular auf der Website beschr\u00e4nkt die Erfassung pers\u00f6nlicher Daten auf das absolut Notwendige und gibt systematisch&nbsp; an:<\/p>\n<ul>\n<li>die Zwecke der Erhebung personenbezogener Daten<\/li>\n<li>ob die Daten obligatorisch oder fakultativ sind<\/li>\n<li>den oder die Empf\u00e4nger der gesammelten Daten<\/li>\n<li>die Dauer der Speicherung der gesammelten Daten<\/li>\n<li>Ihre Rechte im Bereich Informatik und Freiheiten und wie Sie diese aus\u00fcben k\u00f6nnen<\/li>\n<\/ul>\n<p>Auf jedem Formular auf der Website <strong>www.km0.info<\/strong> gibt es ein oder mehrere K\u00e4stchen zum Ankreuzen, mit denen Sie ausdr\u00fccklich Ihre Zustimmung zur Erhebung und Verarbeitung der angeforderten personenbezogenen Daten geben k\u00f6nnen. Dadurch kann KM\u00d8 sicherstellen, dass die an sie \u00fcbermittelten pers\u00f6nlichen Daten tats\u00e4chlich f\u00fcr den Zweck oder die Zwecke verwendet werden k\u00f6nnen, der\/die ausdr\u00fccklich auf dem Formular angek\u00fcndigt und vom Internetnutzer akzeptiert wurde\/n. Jedes angekreuzte K\u00e4stchen entspricht einem bestimmten Zweck der Verarbeitung personenbezogener Daten und wird als rechtlicher Nachweis der Zustimmung des Internetnutzers fungieren.<\/p>\n<p>In keinem Fall darf KM\u00d8 diese pers\u00f6nlichen Daten f\u00fcr einen anderen Zweck als den oder die auf dem Formular ausdr\u00fccklich angek\u00fcndigten und vom Internetnutzer akzeptierten Zwecke verwenden. Ebenso d\u00fcrfen diese pers\u00f6nlichen Daten nicht an Dritte weitergegeben oder abgetreten werden, ohne dass auf dem Formular ausdr\u00fccklich auf diese M\u00f6glichkeit hingewiesen wird.<\/p>\n<p>Gem\u00e4\u00df der Allgemeinen Datenschutzverordnung vom 27. April 2016 und dem Gesetz &#8220;&nbsp;Informatique et Libert\u00e9s&nbsp;&#8220; vom 6. Januar 1978 in seiner ge\u00e4nderten Fassung haben Sie das Recht, auf die Sie betreffenden Daten zuzugreifen, sie zu berichtigen und aus berechtigten Gr\u00fcnden dagegen Einspruch zu erheben. Um dieses Recht auszu\u00fcben, k\u00f6nnen Sie KM\u00d8 \u00fcber das <strong><br \/>\n  <a href=\"https:\/\/www.km0.info\/de\/nehmen-wir-kontakt-auf\/\">Kontaktformular<\/a><br \/>\n<\/strong> der Website oder per Post an die folgende Adresse&nbsp;:<\/p>\n<p>KM\u00d8<br \/>\n30 rue Fran\u00e7ois Spoerry<br \/>\n68100 Mulhouse (Frankreich)<\/p>\n<p>Die auf der Website <strong>www.km0.info<\/strong> gesammelten pers\u00f6nlichen Daten werden mit sicheren Protokollen verarbeitet, die das Risiko des Abfangens oder Abrufens durch Dritte erheblich einschr\u00e4nken. Seien Sie jedoch wachsam und geben Sie keine unn\u00f6tigen oder sensiblen pers\u00f6nlichen Informationen preis, wenn Sie unsere Formulare verwenden. Wenn Sie uns solche Informationen mitteilen m\u00f6chten, bevorzugen Sie bitte den Postweg.<\/p>\n<p>Jede Beschwerde im Zusammenhang mit der Verwendung Ihrer pers\u00f6nlichen Daten muss bei der CNIL eingereicht werden, <strong><br \/>\n  <a href=\"https:\/\/www.cnil.fr\" target=\"_blank\" rel=\"noopener noreferrer\">www.cnil.fr<\/a><br \/>\n<\/strong> oder 3 place de Fontenoy TSA 80715 75334 Paris cedex 07.<\/p>\n<h2>Cookies<\/h2>\n<p>Die Website <strong>www.km0.info<\/strong> verwendet Cookies. Dies sind kleine Dateien, die auf Ihren Computer heruntergeladen werden und daf\u00fcr sorgen, dass die Website reibungslos und sicher funktioniert (Session- und Sicherheits-Cookies) und die Informationen dar\u00fcber speichern, wie unsere Besucher unsere Website besuchen (Tracking-Cookies). So k\u00f6nnen wir z. B. feststellen, welche Seiten unsere Besucher am h\u00e4ufigsten aufrufen und wie lange sie auf unserer Website bleiben.<\/p>\n<p>Durch die Einstellung Ihres Browsers haben Sie die M\u00f6glichkeit, Cookies zu deaktivieren oder sich benachrichtigen zu lassen, wenn Cookies auf Ihren Computer heruntergeladen werden sollen. Die Deaktivierung aller Cookies k\u00f6nnte jedoch dazu f\u00fchren, dass Sie nicht alle Funktionen dieser Website richtig nutzen k\u00f6nnen. Wir geben Ihnen daher die M\u00f6glichkeit, nur die Tracking-Cookies zu deaktivieren, was Ihre Navigation nicht beeintr\u00e4chtigen wird (siehe &#8220;&nbsp;Cookie-Einstellungen&nbsp;&#8220; weiter unten).<\/p>\n<h3>Google Analytics<\/h3>\n<p>Diese Website verwendet den Webanalysedienst Google Analytics. Dadurch k\u00f6nnen wir analysieren, wie die Nutzer unsere Website verwenden, um ihnen ein besseres Surferlebnis zu bieten. Zu diesem Zweck verwendet Google Analytics Tracking-Cookies, die es erm\u00f6glichen, den Weg eines Internetnutzers auf der Website zu verfolgen. Diese Cookies werden f\u00fcr 13 Monate gespeichert.<\/p>\n<p>Wir haben f\u00fcr diese Website die Anonymisierung von IP-Adressen aktiviert. Das bedeutet, dass die von Google Analytics gesammelten IP-Adressen systematisch gek\u00fcrzt werden, um die Identifizierung von Internetnutzern unm\u00f6glich zu machen. In Ausnahmef\u00e4llen kann die volle IP-Adresse an einen Server von Google in den USA \u00fcbertragen und dort sofort gek\u00fcrzt werden. Google verwendet die durch Cookies gesammelten Informationen im Auftrag von KM\u00d8, um die Surfgewohnheiten der Internetnutzer zu analysieren und Berichte \u00fcber die Aktivit\u00e4ten auf der Website zu erstellen.<\/p>\n<p>Google stellt den Nutzern ein Plug-in f\u00fcr ihren Browser zur Verf\u00fcgung, mit dem sie die Sammlung von Daten \u00fcber ihr Surfverhalten auf Websites, die Google Analytics verwenden, verhindern k\u00f6nnen.<br \/>\nDieses Plug-in ist unter dieser Adresse erh\u00e4ltlich&nbsp;: <strong><br \/>\n  <a href=\"https:\/\/tools.google.com\/dlpage\/gaoptout?hl=fr\" target=\"_blank\" rel=\"noopener noreferrer\">tools.google.com\/dlpage\/gaoptout<\/a><br \/>\n<\/strong><\/p>\n<h3>Google Remarketing<\/h3>\n<p>Diese Website kann den Dienst Google Remarketing verwenden, der Nutzern gezielte Werbeanzeigen auf der Grundlage der besuchten Websites im Anzeigennetzwerk von Google anbietet. Dies erm\u00f6glicht es uns unter anderem, Ihre Navigationsdaten auf dieser Website zu verwenden, um Ihnen gezielte Anzeigen zu pr\u00e4sentieren, wenn Sie andere Websites im Google-Netzwerk besuchen. Sie haben die M\u00f6glichkeit, diese Funktion \u00fcber den folgenden Link zu deaktivieren&nbsp;: <strong><br \/>\n  <a href=\"https:\/\/adssettings.google.com\/\" target=\"_blank\" rel=\"noopener noreferrer\">adssettings.google.com<\/a><br \/>\n<\/strong><\/p>\n<p>Wenn Sie ein Google-Konto haben und beim Besuch unserer Website in diesem Konto angemeldet sind und Sie Google gestattet haben, Ihren Browserverlauf mit Ihrem Google-Konto zu verkn\u00fcpfen und den Browserverlauf zur Personalisierung von Anzeigen zu verwenden, verkn\u00fcpft Google die mithilfe von Google Analytics gesammelten Browsing-Daten mit Ihrem Google-Konto. Wenn Sie Ihr Google-Konto auf mehreren Ger\u00e4ten verwenden, werden unsere Anzeigen m\u00f6glicherweise auch auf diesen anderen Ger\u00e4ten angezeigt. Obwohl Google auf dieser Website Daten im Zusammenhang mit der Nutzung von Google-Konten sammelt, kann KM\u00d8 daraus keine R\u00fcckschl\u00fcsse auf die Identit\u00e4t der Nutzer von Google-Konten ziehen, die die Website besuchen.<\/p>\n<p>F\u00fcr weitere Informationen dar\u00fcber, wie Google diese Daten sammelt und verwendet, verweisen wir auf die Datenschutzbestimmungen von Google&nbsp;: <strong><br \/>\n  <a href=\"https:\/\/policies.google.com\/privacy\" target=\"_blank\" rel=\"noopener noreferrer\">policies.google.com\/privacy<\/a><br \/>\n<\/strong><\/p>\n<h3>Einstellen von Cookies<\/h3>\n<p>Hier k\u00f6nnen Sie Ihre Cookie-Einstellungen f\u00fcr diese Website&nbsp; \u00e4ndern:<\/p>\n<div class=\"skp-rgpd-cookie-form\">\n<div class=\"cookie-options\"> <label> <input checked name=\"skp-rgpd-cookie\" type=\"radio\" value=\"1\"> <strong>Alle Tracking-Cookies sind aktiviert<\/strong> <\/label> <label> <input name=\"skp-rgpd-cookie\" type=\"radio\" value=\"2\"> <strong>Alle Tracking-Cookies sind deaktiviert<\/strong> <\/label> <\/div>\n<div class=\"cookie-submit\"><a class=\"skp-rgpd-cookie-save\" href=\"https:\/\/www.km0.info\/de\/rechtliche-hinweise\/#\">Speichern<\/a><\/div>\n<\/div>\n<p>F\u00fcr weitere Informationen \u00fcber Cookies und wie Sie diese verwalten k\u00f6nnen, empfehlen wir Ihnen die Website <strong><br \/>\n  <a href=\"https:\/\/www.youronlinechoices.com\/fr\/\" target=\"_blank\" rel=\"noopener noreferrer\">www.youronlinechoices.com<\/a><br \/>\n<\/strong>Diese Seite wurde von der European Interactive Digital Advertising Alliance (EDAA) entwickelt.<\/p>\n<h2>Geistiges Eigentum<\/h2>\n<p>Die gesamte Website unterliegt der franz\u00f6sischen und internationalen Gesetzgebung \u00fcber das Urheberrecht und das geistige Eigentum. Alle Rechte der Vervielf\u00e4ltigung sind vorbehalten, auch f\u00fcr herunterladbare Dokumente und ikonografische und fotografische Darstellungen sowie animierte Sequenzen.<\/p>\n<p>Jede vollst\u00e4ndige oder teilweise Vervielf\u00e4ltigung oder Darstellung des Inhalts der Website <strong>www.km0.info<\/strong> durch ein beliebiges Verfahren, die ohne die ausdr\u00fcckliche Genehmigung von KM\u00d8 erfolgt, ist rechtswidrig und stellt eine F\u00e4lschung dar.<\/p>\n<p>Bei jeder Verwendung von Informationen von <strong>www.km0.info<\/strong> muss zwingend die Quelle der Informationen angegeben werden. Die Internetadresse der Website <strong>www.km0.info<\/strong> muss unbedingt in der Referenz angegeben werden.<\/p>\n<p>Die auf dieser Website genannten Marken sind von den Unternehmen, denen sie geh\u00f6ren, eingetragen.<\/p>\n<h2>Verantwortung<\/h2>\n<p>KM\u00d8 haftet nicht f\u00fcr den Inhalt und die Umgebung externer Websites, auf die die Website <strong>www.km0.info<\/strong> verweisen kann (insbesondere \u00fcber Hyperlinks).<\/p>\n<p>Die Einrichtung von Hypertext-Links durch Dritte zu Seiten oder Dokumenten auf der Website <strong>www.km0.info<\/strong> ist erlaubt, sofern die Links nicht gegen die Interessen von KM\u00d8 versto\u00dfen und gew\u00e4hrleisten, dass der Nutzer die M\u00f6glichkeit hat, den Ursprung und den Autor des Dokuments zu identifizieren.<\/p>\n<p>KM\u00d8 haftet in keiner Weise f\u00fcr den Inhalt der Informationen auf dieser Seite oder f\u00fcr die Folgen, die sich aus deren Nutzung oder Auslegung ergeben k\u00f6nnen.<\/p>\n<p>Der Besuch der Website <strong>www.km0.info<\/strong> setzt voraus, dass der Internetnutzer die oben genannten Bedingungen und Konditionen akzeptiert.<\/p>\n<\/p><\/div>\n<\/p><\/div>\n<\/p><\/div>\n<\/p><\/div>\n<\/p><\/div>\n<\/p><\/div>\n<\/p><\/div>\n<\/div>\n<p><!-- \/flzn:zn_textblock --><\/p>\n","protected":false},"excerpt":{"rendered":"<p>\u00dcber die Seite Sie sind derzeit mit der Website www.km0.info verbunden. Alle Daten und Informationen auf der Website www.km0.info werden der \u00d6ffentlichkeit von KM\u00d8 zur Verf\u00fcgung gestellt. Durch den Besuch [&hellip;]<\/p>\n","protected":false},"author":2,"featured_media":0,"parent":0,"menu_order":82,"comment_status":"closed","ping_status":"closed","template":"","meta":{"_acf_changed":false,"footnotes":""},"class_list":["post-8839","page","type-page","status-publish","hentry","wp-sticky"],"acf":[],"yoast_head":"<!-- This site is optimized with the Yoast SEO plugin v27.4 - https:\/\/yoast.com\/product\/yoast-seo-wordpress\/ -->\n<title>Rechtliche Hinweise<\/title>\n<meta name=\"robots\" content=\"index, follow, max-snippet:-1, max-image-preview:large, max-video-preview:-1\" \/>\n<link rel=\"canonical\" href=\"https:\/\/www.km0.info\/de\/rechtliche-hinweise\/\" \/>\n<meta property=\"og:locale\" content=\"de_DE\" \/>\n<meta property=\"og:type\" content=\"article\" \/>\n<meta property=\"og:title\" content=\"Rechtliche Hinweise\" \/>\n<meta property=\"og:description\" content=\"\u00dcber die Seite Sie sind derzeit mit der Website www.km0.info verbunden. Alle Daten und Informationen auf der Website www.km0.info werden der \u00d6ffentlichkeit von KM\u00d8 zur Verf\u00fcgung gestellt. Durch den Besuch [&hellip;]\" \/>\n<meta property=\"og:url\" content=\"https:\/\/www.km0.info\/de\/rechtliche-hinweise\/\" \/>\n<meta property=\"og:site_name\" content=\"KM\u00d8\" \/>\n<meta property=\"article:modified_time\" content=\"2023-02-21T12:59:08+00:00\" \/>\n<meta property=\"og:image\" content=\"https:\/\/www.km0.info\/wp-inside\/uploads\/2020\/10\/logo-km0-quadri-200x155-1.png\" \/>\n\t<meta property=\"og:image:width\" content=\"200\" \/>\n\t<meta property=\"og:image:height\" content=\"155\" \/>\n\t<meta property=\"og:image:type\" content=\"image\/png\" \/>\n<meta name=\"twitter:card\" content=\"summary_large_image\" \/>\n<meta name=\"twitter:label1\" content=\"Gesch\u00e4tzte Lesezeit\" \/>\n\t<meta name=\"twitter:data1\" content=\"7\u00a0Minuten\" \/>\n<script type=\"application\/ld+json\" class=\"yoast-schema-graph\">{\"@context\":\"https:\\\/\\\/schema.org\",\"@graph\":[{\"@type\":\"WebPage\",\"@id\":\"https:\\\/\\\/www.km0.info\\\/de\\\/rechtliche-hinweise\\\/\",\"url\":\"https:\\\/\\\/www.km0.info\\\/de\\\/rechtliche-hinweise\\\/\",\"name\":\"Rechtliche Hinweise\",\"isPartOf\":{\"@id\":\"https:\\\/\\\/www.km0.info\\\/de\\\/#website\"},\"datePublished\":\"2022-12-13T08:32:05+00:00\",\"dateModified\":\"2023-02-21T12:59:08+00:00\",\"breadcrumb\":{\"@id\":\"https:\\\/\\\/www.km0.info\\\/de\\\/rechtliche-hinweise\\\/#breadcrumb\"},\"inLanguage\":\"de\",\"potentialAction\":[{\"@type\":\"ReadAction\",\"target\":[\"https:\\\/\\\/www.km0.info\\\/de\\\/rechtliche-hinweise\\\/\"]}]},{\"@type\":\"BreadcrumbList\",\"@id\":\"https:\\\/\\\/www.km0.info\\\/de\\\/rechtliche-hinweise\\\/#breadcrumb\",\"itemListElement\":[{\"@type\":\"ListItem\",\"position\":1,\"name\":\"Accueil\",\"item\":\"https:\\\/\\\/www.km0.info\\\/de\\\/\"},{\"@type\":\"ListItem\",\"position\":2,\"name\":\"Rechtliche Hinweise\"}]},{\"@type\":\"WebSite\",\"@id\":\"https:\\\/\\\/www.km0.info\\\/de\\\/#website\",\"url\":\"https:\\\/\\\/www.km0.info\\\/de\\\/\",\"name\":\"KM\u00d8\",\"description\":\"Lieu d&#039;innovation d\u00e9di\u00e9 \u00e0 la transformation digitale de l&#039;industrie\",\"publisher\":{\"@id\":\"https:\\\/\\\/www.km0.info\\\/de\\\/#organization\"},\"potentialAction\":[{\"@type\":\"SearchAction\",\"target\":{\"@type\":\"EntryPoint\",\"urlTemplate\":\"https:\\\/\\\/www.km0.info\\\/de\\\/?s={search_term_string}\"},\"query-input\":{\"@type\":\"PropertyValueSpecification\",\"valueRequired\":true,\"valueName\":\"search_term_string\"}}],\"inLanguage\":\"de\"},{\"@type\":\"Organization\",\"@id\":\"https:\\\/\\\/www.km0.info\\\/de\\\/#organization\",\"name\":\"KM\u00d8\",\"url\":\"https:\\\/\\\/www.km0.info\\\/de\\\/\",\"logo\":{\"@type\":\"ImageObject\",\"inLanguage\":\"de\",\"@id\":\"https:\\\/\\\/www.km0.info\\\/de\\\/#\\\/schema\\\/logo\\\/image\\\/\",\"url\":\"https:\\\/\\\/www.km0.info\\\/wp-inside\\\/uploads\\\/2020\\\/10\\\/logo-km0-quadri-200x155-1.png\",\"contentUrl\":\"https:\\\/\\\/www.km0.info\\\/wp-inside\\\/uploads\\\/2020\\\/10\\\/logo-km0-quadri-200x155-1.png\",\"width\":200,\"height\":155,\"caption\":\"KM\u00d8\"},\"image\":{\"@id\":\"https:\\\/\\\/www.km0.info\\\/de\\\/#\\\/schema\\\/logo\\\/image\\\/\"}}]}<\/script>\n<!-- \/ Yoast SEO plugin. -->","yoast_head_json":{"title":"Rechtliche Hinweise","robots":{"index":"index","follow":"follow","max-snippet":"max-snippet:-1","max-image-preview":"max-image-preview:large","max-video-preview":"max-video-preview:-1"},"canonical":"https:\/\/www.km0.info\/de\/rechtliche-hinweise\/","og_locale":"de_DE","og_type":"article","og_title":"Rechtliche Hinweise","og_description":"\u00dcber die Seite Sie sind derzeit mit der Website www.km0.info verbunden. Alle Daten und Informationen auf der Website www.km0.info werden der \u00d6ffentlichkeit von KM\u00d8 zur Verf\u00fcgung gestellt. Durch den Besuch [&hellip;]","og_url":"https:\/\/www.km0.info\/de\/rechtliche-hinweise\/","og_site_name":"KM\u00d8","article_modified_time":"2023-02-21T12:59:08+00:00","og_image":[{"width":200,"height":155,"url":"https:\/\/www.km0.info\/wp-inside\/uploads\/2020\/10\/logo-km0-quadri-200x155-1.png","type":"image\/png"}],"twitter_card":"summary_large_image","twitter_misc":{"Gesch\u00e4tzte Lesezeit":"7\u00a0Minuten"},"schema":{"@context":"https:\/\/schema.org","@graph":[{"@type":"WebPage","@id":"https:\/\/www.km0.info\/de\/rechtliche-hinweise\/","url":"https:\/\/www.km0.info\/de\/rechtliche-hinweise\/","name":"Rechtliche Hinweise","isPartOf":{"@id":"https:\/\/www.km0.info\/de\/#website"},"datePublished":"2022-12-13T08:32:05+00:00","dateModified":"2023-02-21T12:59:08+00:00","breadcrumb":{"@id":"https:\/\/www.km0.info\/de\/rechtliche-hinweise\/#breadcrumb"},"inLanguage":"de","potentialAction":[{"@type":"ReadAction","target":["https:\/\/www.km0.info\/de\/rechtliche-hinweise\/"]}]},{"@type":"BreadcrumbList","@id":"https:\/\/www.km0.info\/de\/rechtliche-hinweise\/#breadcrumb","itemListElement":[{"@type":"ListItem","position":1,"name":"Accueil","item":"https:\/\/www.km0.info\/de\/"},{"@type":"ListItem","position":2,"name":"Rechtliche Hinweise"}]},{"@type":"WebSite","@id":"https:\/\/www.km0.info\/de\/#website","url":"https:\/\/www.km0.info\/de\/","name":"KM\u00d8","description":"Lieu d&#039;innovation d\u00e9di\u00e9 \u00e0 la transformation digitale de l&#039;industrie","publisher":{"@id":"https:\/\/www.km0.info\/de\/#organization"},"potentialAction":[{"@type":"SearchAction","target":{"@type":"EntryPoint","urlTemplate":"https:\/\/www.km0.info\/de\/?s={search_term_string}"},"query-input":{"@type":"PropertyValueSpecification","valueRequired":true,"valueName":"search_term_string"}}],"inLanguage":"de"},{"@type":"Organization","@id":"https:\/\/www.km0.info\/de\/#organization","name":"KM\u00d8","url":"https:\/\/www.km0.info\/de\/","logo":{"@type":"ImageObject","inLanguage":"de","@id":"https:\/\/www.km0.info\/de\/#\/schema\/logo\/image\/","url":"https:\/\/www.km0.info\/wp-inside\/uploads\/2020\/10\/logo-km0-quadri-200x155-1.png","contentUrl":"https:\/\/www.km0.info\/wp-inside\/uploads\/2020\/10\/logo-km0-quadri-200x155-1.png","width":200,"height":155,"caption":"KM\u00d8"},"image":{"@id":"https:\/\/www.km0.info\/de\/#\/schema\/logo\/image\/"}}]}},"_links":{"self":[{"href":"https:\/\/www.km0.info\/de\/wp-json\/wp\/v2\/pages\/8839","targetHints":{"allow":["GET"]}}],"collection":[{"href":"https:\/\/www.km0.info\/de\/wp-json\/wp\/v2\/pages"}],"about":[{"href":"https:\/\/www.km0.info\/de\/wp-json\/wp\/v2\/types\/page"}],"author":[{"embeddable":true,"href":"https:\/\/www.km0.info\/de\/wp-json\/wp\/v2\/users\/2"}],"replies":[{"embeddable":true,"href":"https:\/\/www.km0.info\/de\/wp-json\/wp\/v2\/comments?post=8839"}],"version-history":[{"count":1,"href":"https:\/\/www.km0.info\/de\/wp-json\/wp\/v2\/pages\/8839\/revisions"}],"predecessor-version":[{"id":9284,"href":"https:\/\/www.km0.info\/de\/wp-json\/wp\/v2\/pages\/8839\/revisions\/9284"}],"wp:attachment":[{"href":"https:\/\/www.km0.info\/de\/wp-json\/wp\/v2\/media?parent=8839"}],"curies":[{"name":"wp","href":"https:\/\/api.w.org\/{rel}","templated":true}]}}