{"id":8836,"date":"2022-12-13T09:32:04","date_gmt":"2022-12-13T08:32:04","guid":{"rendered":"https:\/\/www.km0.info\/kmo\/geschichte\/"},"modified":"2025-09-03T19:46:45","modified_gmt":"2025-09-03T17:46:45","slug":"geschichte","status":"publish","type":"page","link":"https:\/\/www.km0.info\/de\/kmo\/geschichte\/","title":{"rendered":"Geschichte"},"content":{"rendered":"<p>Aus dem Wunsch, einen digitalen Schwerpunkt im Elsass zu schaffen, entsteht KM\u00d8. Verschiedene Akteure der Region haben sich zusammengeschlossen, um die digitale Wirtschaft der Region zu entwickeln.<\/p>\n<p>Sich zu versammeln ist heute unerl\u00e4sslich, um seine Genialit\u00e4t zum Ausdruck bringen zu k\u00f6nnen und geh\u00f6rt zu werden. Der Innovationsort KM\u00d8 stellt eine echte Chance f\u00fcr die Entwicklung von Projekten, Startups und Unternehmen dar.<\/p>\n<p><!-- flzn:zn_imgtextblock --><\/p>\n<div id=\"flzn-imgtextblock-1\" class=\"zn zone zn-imgtextblock\">\n<div class=\"zone-block zn-imgtextblock-block pdd-top-off pdd-bottom-off alignwide va-center\">\n<div class=\"row mw-content-zone\">\n<div class=\"columns large-12\">\n<div class=\"row with-nice-alignment zn-imgtextblock-row img-left va-center\" data-equalizer=\"\" data-equalize-on=\"large\">\n<div class=\"columns large-6 zn-imgtextblock-colimg\" data-equalizer-watch=\"\">\n<div class=\"columns-inner zn-imgtextblock-col-inner\">\n<p>\t\t\t\t\t\t<span class=\"deco1\"><\/span><br \/>\n\t\t\t\t\t\t<span class=\"deco2\"><\/span><br \/>\n\t\t\t\t\t\t<span class=\"deco3\"><\/span><\/p>\n<div class=\"zn-imgtextblock-imgbox\" title=\"\">\n<figure class=\"zn-imgtextblock-figure\">\n\t\t\t\t\t\t\t<img decoding=\"async\" class=\"zn-imgtextblock-img\" src=\"https:\/\/www.km0.info\/wp-inside\/uploads\/2020\/10\/2017-01-17-15.14.51-plaque-0km-1024x575-1.jpg\" alt=\"\"><br \/>\n\t\t\t\t\t\t\t\t\t\t\t\t\t<\/figure>\n<\/p><\/div>\n<\/p><\/div>\n<\/p><\/div>\n<div class=\"columns large-6 zn-imgtextblock-coldesc\" data-equalizer-watch=\"\">\n<div class=\"columns-inner zn-imgtextblock-descbox\">\n<div class=\"zn-imgtextblock-desc wig-content\">\n<h2>Warum KM\u00d8&nbsp;?<\/h2>\n<p>Der Kilom\u00e8tre Z\u00e9ro ist der besondere Punkt in der Stadt M\u00fclhausen, von dem aus die Bahnstrecke gez\u00e4hlt wird. Die SACM steht im Zentrum der ersten internationalen Eisenbahnlinie Europas, die 1841 von dem Pionier Nicolas Koechlin aus Mulhouse zwischen Stra\u00dfburg und Basel in Betrieb genommen wurde.<\/p>\n<p>Eine Linie zwischen Mulhouse und Thann wurde zuvor eingeweiht und diente am 1. September 1839 als erster Testlauf. <strong>Der Start dieser Linie befindet sich auf dem Gel\u00e4nde des SACM-Geb\u00e4udes<\/strong>, das 2014 in KM\u00d8 (kilom\u00e8tre z\u00e9ro) umbenannt wurde.<\/p>\n<\/div><\/div>\n<\/p><\/div>\n<\/p><\/div>\n<\/p><\/div>\n<\/p><\/div>\n<\/div>\n<\/div>\n<p><!-- \/flzn:zn_imgtextblock --><br \/>\n<!-- flzn:zn_imgtextblock --><\/p>\n<div id=\"flzn-imgtextblock-2\" class=\"zn zone zn-imgtextblock\">\n<div class=\"zone-block zn-imgtextblock-block alignwide va-center\">\n<div class=\"row mw-content-zone\">\n<div class=\"columns large-12\">\n<div class=\"row with-nice-alignment zn-imgtextblock-row img-right va-center\" data-equalizer=\"\" data-equalize-on=\"large\">\n<div class=\"columns large-6 large-push-6 zn-imgtextblock-colimg\" data-equalizer-watch=\"\">\n<div class=\"columns-inner zn-imgtextblock-col-inner\">\n<p>\t\t\t\t\t\t<span class=\"deco1\"><\/span><br \/>\n\t\t\t\t\t\t<span class=\"deco2\"><\/span><br \/>\n\t\t\t\t\t\t<span class=\"deco3\"><\/span><\/p>\n<div class=\"zn-imgtextblock-imgbox\" title=\"\">\n<figure class=\"zn-imgtextblock-figure\">\n\t\t\t\t\t\t\t<img decoding=\"async\" class=\"zn-imgtextblock-img\" src=\"https:\/\/www.km0.info\/wp-inside\/uploads\/2020\/10\/batiment-23-sacm-carree.jpg\" alt=\"Geb\u00e4ude 23, SACM\"><br \/>\n\t\t\t\t\t\t\t\t\t\t\t\t\t<\/figure>\n<\/p><\/div>\n<\/p><\/div>\n<\/p><\/div>\n<div class=\"columns large-6 large-pull-6 zn-imgtextblock-coldesc\" data-equalizer-watch=\"\">\n<div class=\"columns-inner zn-imgtextblock-descbox\">\n<div class=\"zn-imgtextblock-desc wig-content\">\n<h2>Geschichte des Kilometers \u00d8<\/h2>\n<p>Die M\u00fclheimer erinnern sich an den Ruhm der Moderne und der Industrie, mit der Entwicklung der Maschinen aus der Zeit&nbsp;: Webst\u00fchle, Gasmotoren, Dieselmotoren. Die SACM war ein Symbol f\u00fcr Innovation, Zusammenarbeit und Austausch&nbsp;: Diese Geb\u00e4ude sind daher der ideale Ort, um ein starkes digitales Viertel zu schaffen.<\/p>\n<p>Seit 2000 verzeichnet das Gebiet des S\u00fcdelsass eine starke Entwicklung des digitalen Sektors mit der Gr\u00fcndung zahlreicher lokaler Unternehmen (von denen einige internationale Bedeutung haben). <strong>Es ist daher ganz nat\u00fcrlich, dass KM\u00d8 in Mulhouse gegr\u00fcndet<\/strong> wurde, ebenso wie der P\u00f4le Rh\u00e9natic, der etwa 100 els\u00e4ssische Unternehmen im digitalen Bereich vereint.<\/p>\n<p>KM\u00d8 befindet sich auf einer gro\u00dfen Industriebrache innerhalb des Geb\u00e4udes 23. Dieses Geb\u00e4ude befindet sich im westlichsten Streifen des Komplexes und grenzt an der Au\u00dfenseite (im Westen) an die Eisenbahnlinie Mulhouse &#8211; Strasbourg. <strong>Es war die Montagehalle f\u00fcr die Spinnmaschinen, die 1896<\/strong> von den Unternehmern Gustave Roos (Maurerarbeiten) und Auguste Haensler (Zimmerei und Schlosserei) <strong>erbaut<\/strong> wurde.<\/p>\n<p>Als Bindeglied zwischen der Vergangenheit und der Zukunft soll dieses Geb\u00e4ude <strong>zum Zentrum f\u00fcr Innovation, Digitalisierung und Technologie werden<\/strong>. Die ehemaligen Produktionshallen werden zum Gedenken an die Pioniere der Industrialisierung von M\u00fchlhausen wiederbelebt.<\/p>\n<\/div><\/div>\n<\/p><\/div>\n<\/p><\/div>\n<\/p><\/div>\n<\/p><\/div>\n<\/div>\n<\/div>\n<p><!-- \/flzn:zn_imgtextblock --><br \/>\n<!-- flzn:zn_imgtextblock --><\/p>\n<div id=\"flzn-imgtextblock-3\" class=\"zn zone zn-imgtextblock\">\n<div class=\"zone-block zn-imgtextblock-block pdd-top-off pdd-bottom-off alignwide va-center\">\n<div class=\"row mw-content-zone\">\n<div class=\"columns large-12\">\n<div class=\"row with-nice-alignment zn-imgtextblock-row img-left va-center\" data-equalizer=\"\" data-equalize-on=\"large\">\n<div class=\"columns large-6 zn-imgtextblock-colimg\" data-equalizer-watch=\"\">\n<div class=\"columns-inner zn-imgtextblock-col-inner\">\n<p>\t\t\t\t\t\t<span class=\"deco1\"><\/span><br \/>\n\t\t\t\t\t\t<span class=\"deco2\"><\/span><br \/>\n\t\t\t\t\t\t<span class=\"deco3\"><\/span><\/p>\n<div class=\"zn-imgtextblock-imgbox\" title=\"\">\n<figure class=\"zn-imgtextblock-figure\">\n\t\t\t\t\t\t\t<img decoding=\"async\" class=\"zn-imgtextblock-img\" src=\"https:\/\/www.km0.info\/wp-inside\/uploads\/2023\/07\/photo-1423856936-1024x538.jpg\" alt=\"\"><br \/>\n\t\t\t\t\t\t\t\t\t\t\t\t\t<\/figure>\n<\/p><\/div>\n<\/p><\/div>\n<\/p><\/div>\n<div class=\"columns large-6 zn-imgtextblock-coldesc\" data-equalizer-watch=\"\">\n<div class=\"columns-inner zn-imgtextblock-descbox\">\n<div class=\"zn-imgtextblock-desc wig-content\">\n<h2>Ein strategischer Ort<\/h2>\n<p>KM\u00d8 hat dank seiner au\u00dfergew\u00f6hnlichen Lage einen strategischen Standort, <strong>nahe der Grenzen und sehr leicht erreichbar in Mulhouse<\/strong>. Es ist sehr einfach, nach KM\u00d8 zu gelangen, zu Fu\u00df, mit dem Zug, dem Fahrrad, dem Bus, der Stra\u00dfenbahn und sogar mit dem Flugzeug vom EuroAirport. Das KM\u00d8 liegt 12 Minuten zu Fu\u00df vom TGV-Bahnhof und 35 Minuten vom Flughafen&nbsp; entfernt!<\/p>\n<p>Dieser Standort erm\u00f6glicht es KM\u00d8, sich an einer <strong>\u00f6kologischen und digital verantwortlichen Dynamik<\/strong> zu beteiligen&nbsp;: Unabh\u00e4ngig vom Wohnort der Angestellten oder Besucher wird es einfach sein, \u00fcber weniger umweltsch\u00e4dliche Mittel dorthin zu gelangen.<\/p>\n<p>KM\u00d8 befindet sich somit in der N\u00e4he der Universit\u00e9 de Haute Alsace, weniger als 10 Minuten vom Bahnhof Mulhouse und 30 Minuten von einem internationalen Flughafen entfernt.<\/p>\n<p>KM\u00d8 ist nicht dazu bestimmt, sich auf das Elsass oder sogar Frankreich zu beschr\u00e4nken&nbsp;: Im Gegenteil, es ist ein <strong>Ort, der erdacht wurde, um Grenzen zu \u00fcberschreiten<\/strong>. Mit den Nachbarl\u00e4ndern (Deutschland und Schweiz) werden Partnerschaften f\u00fcr die Ausbildung und die Zusammenarbeit von Unternehmen aus den drei L\u00e4ndern aufgebaut. Startups aus dem Ausland k\u00f6nnen sich in KM\u00d8&nbsp; niederlassen: KM1, 2, 3&#8230; k\u00f6nnen sogar im Ausland gegr\u00fcndet werden&nbsp;: in Basel, dann in Freiburg&#8230;<\/p>\n<\/div><\/div>\n<\/p><\/div>\n<\/p><\/div>\n<\/p><\/div>\n<\/p><\/div>\n<\/div>\n<\/div>\n<p><!-- \/flzn:zn_imgtextblock --><br \/>\n<!-- flzn:zn_imgtextblock --><\/p>\n<div id=\"flzn-imgtextblock-4\" class=\"zn zone zn-imgtextblock\">\n<div class=\"zone-block zn-imgtextblock-block alignwide va-center\">\n<div class=\"row mw-content-zone\">\n<div class=\"columns large-12\">\n<div class=\"row with-nice-alignment zn-imgtextblock-row img-right va-center\" data-equalizer=\"\" data-equalize-on=\"large\">\n<div class=\"columns large-6 large-push-6 zn-imgtextblock-colimg\" data-equalizer-watch=\"\">\n<div class=\"columns-inner zn-imgtextblock-col-inner\">\n<p>\t\t\t\t\t\t<span class=\"deco1\"><\/span><br \/>\n\t\t\t\t\t\t<span class=\"deco2\"><\/span><br \/>\n\t\t\t\t\t\t<span class=\"deco3\"><\/span><\/p>\n<div class=\"zn-imgtextblock-imgbox\" title=\"\">\n<figure class=\"zn-imgtextblock-figure\">\n\t\t\t\t\t\t\t<img decoding=\"async\" class=\"zn-imgtextblock-img\" src=\"https:\/\/www.km0.info\/wp-inside\/uploads\/2020\/10\/batiment-km0-redimensionne-1024x681-1.jpg\" alt=\"\"><br \/>\n\t\t\t\t\t\t\t\t\t\t\t\t\t<\/figure>\n<\/p><\/div>\n<\/p><\/div>\n<\/p><\/div>\n<div class=\"columns large-6 large-pull-6 zn-imgtextblock-coldesc\" data-equalizer-watch=\"\">\n<div class=\"columns-inner zn-imgtextblock-descbox\">\n<div class=\"zn-imgtextblock-desc wig-content\">\n<h2>Eine geschichtstr\u00e4chtige Backsteinarchitektur<\/h2>\n<p>Der Ort hat ein sehr gro\u00dfes Potenzial f\u00fcr seine Architektur, die ebenfalls&nbsp; ist: ein Geb\u00e4ude &#8220;&nbsp;tout-briques&nbsp;&#8222;, halb Kathedrale, halb Schloss, das aus drei Schiffen besteht.<\/p>\n<p>Es ist wichtig, dass der Ort nicht verf\u00e4lscht wird. Er ist ger\u00e4umig und bietet sowohl der Maschine als auch dem Menschen Platz. Umgeben von Gr\u00fcn befindet sich dieser Ort der Reflexion in einer angenehmen Umgebung, die sehr attraktiv ist.  <strong>KM\u00d8 ist eine Ambition, die den R\u00e4umlichkeiten und ihrer Geschichte gerecht wird.<\/strong><\/p>\n<\/div><\/div>\n<\/p><\/div>\n<\/p><\/div>\n<\/p><\/div>\n<\/p><\/div>\n<\/div>\n<\/div>\n<p><!-- \/flzn:zn_imgtextblock --><\/p>\n","protected":false},"excerpt":{"rendered":"<p>Was ist die Geschichte des Geb\u00e4udes und des Namens &#8222;KM\u00d8&#8220; (Kilometer 0)?  <\/p>\n","protected":false},"author":2,"featured_media":7300,"parent":8833,"menu_order":110,"comment_status":"closed","ping_status":"closed","template":"","meta":{"_acf_changed":false,"footnotes":""},"class_list":["post-8836","page","type-page","status-publish","has-post-thumbnail","hentry","wp-sticky"],"acf":[],"yoast_head":"<!-- This site is optimized with the Yoast SEO plugin v27.5 - https:\/\/yoast.com\/product\/yoast-seo-wordpress\/ -->\n<title>Digitales \u00d6kosystem Mulhouse: Geschichte Kilometer 0<\/title>\n<meta name=\"description\" content=\"Sich zu versammeln ist heute unerl\u00e4sslich, um seine Genialit\u00e4t zum Ausdruck bringen zu k\u00f6nnen und geh\u00f6rt zu werden. Das KM\u00d8-\u00d6kosystem stellt eine echte Chance f\u00fcr die Entwicklung von Projekten, Start-ups und Unternehmen dar.\" \/>\n<meta name=\"robots\" content=\"index, follow, max-snippet:-1, max-image-preview:large, max-video-preview:-1\" \/>\n<link rel=\"canonical\" href=\"https:\/\/www.km0.info\/de\/kmo\/geschichte\/\" \/>\n<meta property=\"og:locale\" content=\"de_DE\" \/>\n<meta property=\"og:type\" content=\"article\" \/>\n<meta property=\"og:title\" content=\"Digitales \u00d6kosystem Mulhouse: Geschichte Kilometer 0\" \/>\n<meta property=\"og:description\" content=\"Sich zu versammeln ist heute unerl\u00e4sslich, um seine Genialit\u00e4t zum Ausdruck bringen zu k\u00f6nnen und geh\u00f6rt zu werden. Das KM\u00d8-\u00d6kosystem stellt eine echte Chance f\u00fcr die Entwicklung von Projekten, Start-ups und Unternehmen dar.\" \/>\n<meta property=\"og:url\" content=\"https:\/\/www.km0.info\/de\/kmo\/geschichte\/\" \/>\n<meta property=\"og:site_name\" content=\"KM\u00d8\" \/>\n<meta property=\"article:modified_time\" content=\"2025-09-03T17:46:45+00:00\" \/>\n<meta property=\"og:image\" content=\"https:\/\/www.km0.info\/wp-inside\/uploads\/2020\/10\/batiment-23-sacm-carree.jpg\" \/>\n\t<meta property=\"og:image:width\" content=\"682\" \/>\n\t<meta property=\"og:image:height\" content=\"684\" \/>\n\t<meta property=\"og:image:type\" content=\"image\/jpeg\" \/>\n<meta name=\"twitter:card\" content=\"summary_large_image\" \/>\n<meta name=\"twitter:label1\" content=\"Gesch\u00e4tzte Lesezeit\" \/>\n\t<meta name=\"twitter:data1\" content=\"3\u00a0Minuten\" \/>\n<script type=\"application\/ld+json\" class=\"yoast-schema-graph\">{\"@context\":\"https:\\\/\\\/schema.org\",\"@graph\":[{\"@type\":\"WebPage\",\"@id\":\"https:\\\/\\\/www.km0.info\\\/de\\\/kmo\\\/geschichte\\\/\",\"url\":\"https:\\\/\\\/www.km0.info\\\/de\\\/kmo\\\/geschichte\\\/\",\"name\":\"Digitales \u00d6kosystem Mulhouse: Geschichte Kilometer 0\",\"isPartOf\":{\"@id\":\"https:\\\/\\\/www.km0.info\\\/de\\\/#website\"},\"primaryImageOfPage\":{\"@id\":\"https:\\\/\\\/www.km0.info\\\/de\\\/kmo\\\/geschichte\\\/#primaryimage\"},\"image\":{\"@id\":\"https:\\\/\\\/www.km0.info\\\/de\\\/kmo\\\/geschichte\\\/#primaryimage\"},\"thumbnailUrl\":\"https:\\\/\\\/www.km0.info\\\/wp-inside\\\/uploads\\\/2020\\\/10\\\/batiment-23-sacm-carree.jpg\",\"datePublished\":\"2022-12-13T08:32:04+00:00\",\"dateModified\":\"2025-09-03T17:46:45+00:00\",\"description\":\"Sich zu versammeln ist heute unerl\u00e4sslich, um seine Genialit\u00e4t zum Ausdruck bringen zu k\u00f6nnen und geh\u00f6rt zu werden. Das KM\u00d8-\u00d6kosystem stellt eine echte Chance f\u00fcr die Entwicklung von Projekten, Start-ups und Unternehmen dar.\",\"breadcrumb\":{\"@id\":\"https:\\\/\\\/www.km0.info\\\/de\\\/kmo\\\/geschichte\\\/#breadcrumb\"},\"inLanguage\":\"de\",\"potentialAction\":[{\"@type\":\"ReadAction\",\"target\":[\"https:\\\/\\\/www.km0.info\\\/de\\\/kmo\\\/geschichte\\\/\"]}]},{\"@type\":\"ImageObject\",\"inLanguage\":\"de\",\"@id\":\"https:\\\/\\\/www.km0.info\\\/de\\\/kmo\\\/geschichte\\\/#primaryimage\",\"url\":\"https:\\\/\\\/www.km0.info\\\/wp-inside\\\/uploads\\\/2020\\\/10\\\/batiment-23-sacm-carree.jpg\",\"contentUrl\":\"https:\\\/\\\/www.km0.info\\\/wp-inside\\\/uploads\\\/2020\\\/10\\\/batiment-23-sacm-carree.jpg\",\"width\":682,\"height\":684},{\"@type\":\"BreadcrumbList\",\"@id\":\"https:\\\/\\\/www.km0.info\\\/de\\\/kmo\\\/geschichte\\\/#breadcrumb\",\"itemListElement\":[{\"@type\":\"ListItem\",\"position\":1,\"name\":\"Accueil\",\"item\":\"https:\\\/\\\/www.km0.info\\\/de\\\/\"},{\"@type\":\"ListItem\",\"position\":2,\"name\":\"KM\u00d8\",\"item\":\"https:\\\/\\\/www.km0.info\\\/de\\\/kmo\\\/\"},{\"@type\":\"ListItem\",\"position\":3,\"name\":\"Geschichte\"}]},{\"@type\":\"WebSite\",\"@id\":\"https:\\\/\\\/www.km0.info\\\/de\\\/#website\",\"url\":\"https:\\\/\\\/www.km0.info\\\/de\\\/\",\"name\":\"KM\u00d8\",\"description\":\"Lieu d&#039;innovation d\u00e9di\u00e9 \u00e0 la transformation digitale de l&#039;industrie\",\"publisher\":{\"@id\":\"https:\\\/\\\/www.km0.info\\\/de\\\/#organization\"},\"potentialAction\":[{\"@type\":\"SearchAction\",\"target\":{\"@type\":\"EntryPoint\",\"urlTemplate\":\"https:\\\/\\\/www.km0.info\\\/de\\\/?s={search_term_string}\"},\"query-input\":{\"@type\":\"PropertyValueSpecification\",\"valueRequired\":true,\"valueName\":\"search_term_string\"}}],\"inLanguage\":\"de\"},{\"@type\":\"Organization\",\"@id\":\"https:\\\/\\\/www.km0.info\\\/de\\\/#organization\",\"name\":\"KM\u00d8\",\"url\":\"https:\\\/\\\/www.km0.info\\\/de\\\/\",\"logo\":{\"@type\":\"ImageObject\",\"inLanguage\":\"de\",\"@id\":\"https:\\\/\\\/www.km0.info\\\/de\\\/#\\\/schema\\\/logo\\\/image\\\/\",\"url\":\"https:\\\/\\\/www.km0.info\\\/wp-inside\\\/uploads\\\/2020\\\/10\\\/logo-km0-quadri-200x155-1.png\",\"contentUrl\":\"https:\\\/\\\/www.km0.info\\\/wp-inside\\\/uploads\\\/2020\\\/10\\\/logo-km0-quadri-200x155-1.png\",\"width\":200,\"height\":155,\"caption\":\"KM\u00d8\"},\"image\":{\"@id\":\"https:\\\/\\\/www.km0.info\\\/de\\\/#\\\/schema\\\/logo\\\/image\\\/\"}}]}<\/script>\n<!-- \/ Yoast SEO plugin. -->","yoast_head_json":{"title":"Digitales \u00d6kosystem Mulhouse: Geschichte Kilometer 0","description":"Sich zu versammeln ist heute unerl\u00e4sslich, um seine Genialit\u00e4t zum Ausdruck bringen zu k\u00f6nnen und geh\u00f6rt zu werden. Das KM\u00d8-\u00d6kosystem stellt eine echte Chance f\u00fcr die Entwicklung von Projekten, Start-ups und Unternehmen dar.","robots":{"index":"index","follow":"follow","max-snippet":"max-snippet:-1","max-image-preview":"max-image-preview:large","max-video-preview":"max-video-preview:-1"},"canonical":"https:\/\/www.km0.info\/de\/kmo\/geschichte\/","og_locale":"de_DE","og_type":"article","og_title":"Digitales \u00d6kosystem Mulhouse: Geschichte Kilometer 0","og_description":"Sich zu versammeln ist heute unerl\u00e4sslich, um seine Genialit\u00e4t zum Ausdruck bringen zu k\u00f6nnen und geh\u00f6rt zu werden. Das KM\u00d8-\u00d6kosystem stellt eine echte Chance f\u00fcr die Entwicklung von Projekten, Start-ups und Unternehmen dar.","og_url":"https:\/\/www.km0.info\/de\/kmo\/geschichte\/","og_site_name":"KM\u00d8","article_modified_time":"2025-09-03T17:46:45+00:00","og_image":[{"width":682,"height":684,"url":"https:\/\/www.km0.info\/wp-inside\/uploads\/2020\/10\/batiment-23-sacm-carree.jpg","type":"image\/jpeg"}],"twitter_card":"summary_large_image","twitter_misc":{"Gesch\u00e4tzte Lesezeit":"3\u00a0Minuten"},"schema":{"@context":"https:\/\/schema.org","@graph":[{"@type":"WebPage","@id":"https:\/\/www.km0.info\/de\/kmo\/geschichte\/","url":"https:\/\/www.km0.info\/de\/kmo\/geschichte\/","name":"Digitales \u00d6kosystem Mulhouse: Geschichte Kilometer 0","isPartOf":{"@id":"https:\/\/www.km0.info\/de\/#website"},"primaryImageOfPage":{"@id":"https:\/\/www.km0.info\/de\/kmo\/geschichte\/#primaryimage"},"image":{"@id":"https:\/\/www.km0.info\/de\/kmo\/geschichte\/#primaryimage"},"thumbnailUrl":"https:\/\/www.km0.info\/wp-inside\/uploads\/2020\/10\/batiment-23-sacm-carree.jpg","datePublished":"2022-12-13T08:32:04+00:00","dateModified":"2025-09-03T17:46:45+00:00","description":"Sich zu versammeln ist heute unerl\u00e4sslich, um seine Genialit\u00e4t zum Ausdruck bringen zu k\u00f6nnen und geh\u00f6rt zu werden. Das KM\u00d8-\u00d6kosystem stellt eine echte Chance f\u00fcr die Entwicklung von Projekten, Start-ups und Unternehmen dar.","breadcrumb":{"@id":"https:\/\/www.km0.info\/de\/kmo\/geschichte\/#breadcrumb"},"inLanguage":"de","potentialAction":[{"@type":"ReadAction","target":["https:\/\/www.km0.info\/de\/kmo\/geschichte\/"]}]},{"@type":"ImageObject","inLanguage":"de","@id":"https:\/\/www.km0.info\/de\/kmo\/geschichte\/#primaryimage","url":"https:\/\/www.km0.info\/wp-inside\/uploads\/2020\/10\/batiment-23-sacm-carree.jpg","contentUrl":"https:\/\/www.km0.info\/wp-inside\/uploads\/2020\/10\/batiment-23-sacm-carree.jpg","width":682,"height":684},{"@type":"BreadcrumbList","@id":"https:\/\/www.km0.info\/de\/kmo\/geschichte\/#breadcrumb","itemListElement":[{"@type":"ListItem","position":1,"name":"Accueil","item":"https:\/\/www.km0.info\/de\/"},{"@type":"ListItem","position":2,"name":"KM\u00d8","item":"https:\/\/www.km0.info\/de\/kmo\/"},{"@type":"ListItem","position":3,"name":"Geschichte"}]},{"@type":"WebSite","@id":"https:\/\/www.km0.info\/de\/#website","url":"https:\/\/www.km0.info\/de\/","name":"KM\u00d8","description":"Lieu d&#039;innovation d\u00e9di\u00e9 \u00e0 la transformation digitale de l&#039;industrie","publisher":{"@id":"https:\/\/www.km0.info\/de\/#organization"},"potentialAction":[{"@type":"SearchAction","target":{"@type":"EntryPoint","urlTemplate":"https:\/\/www.km0.info\/de\/?s={search_term_string}"},"query-input":{"@type":"PropertyValueSpecification","valueRequired":true,"valueName":"search_term_string"}}],"inLanguage":"de"},{"@type":"Organization","@id":"https:\/\/www.km0.info\/de\/#organization","name":"KM\u00d8","url":"https:\/\/www.km0.info\/de\/","logo":{"@type":"ImageObject","inLanguage":"de","@id":"https:\/\/www.km0.info\/de\/#\/schema\/logo\/image\/","url":"https:\/\/www.km0.info\/wp-inside\/uploads\/2020\/10\/logo-km0-quadri-200x155-1.png","contentUrl":"https:\/\/www.km0.info\/wp-inside\/uploads\/2020\/10\/logo-km0-quadri-200x155-1.png","width":200,"height":155,"caption":"KM\u00d8"},"image":{"@id":"https:\/\/www.km0.info\/de\/#\/schema\/logo\/image\/"}}]}},"_links":{"self":[{"href":"https:\/\/www.km0.info\/de\/wp-json\/wp\/v2\/pages\/8836","targetHints":{"allow":["GET"]}}],"collection":[{"href":"https:\/\/www.km0.info\/de\/wp-json\/wp\/v2\/pages"}],"about":[{"href":"https:\/\/www.km0.info\/de\/wp-json\/wp\/v2\/types\/page"}],"author":[{"embeddable":true,"href":"https:\/\/www.km0.info\/de\/wp-json\/wp\/v2\/users\/2"}],"replies":[{"embeddable":true,"href":"https:\/\/www.km0.info\/de\/wp-json\/wp\/v2\/comments?post=8836"}],"version-history":[{"count":5,"href":"https:\/\/www.km0.info\/de\/wp-json\/wp\/v2\/pages\/8836\/revisions"}],"predecessor-version":[{"id":14185,"href":"https:\/\/www.km0.info\/de\/wp-json\/wp\/v2\/pages\/8836\/revisions\/14185"}],"up":[{"embeddable":true,"href":"https:\/\/www.km0.info\/de\/wp-json\/wp\/v2\/pages\/8833"}],"wp:featuredmedia":[{"embeddable":true,"href":"https:\/\/www.km0.info\/de\/wp-json\/wp\/v2\/media\/7300"}],"wp:attachment":[{"href":"https:\/\/www.km0.info\/de\/wp-json\/wp\/v2\/media?parent=8836"}],"curies":[{"name":"wp","href":"https:\/\/api.w.org\/{rel}","templated":true}]}}