{"id":8833,"date":"2022-12-13T09:32:01","date_gmt":"2022-12-13T08:32:01","guid":{"rendered":"https:\/\/www.km0.info\/kmo\/"},"modified":"2023-08-31T14:40:30","modified_gmt":"2023-08-31T12:40:30","slug":"kmo","status":"publish","type":"page","link":"https:\/\/www.km0.info\/de\/kmo\/","title":{"rendered":"KM\u00d8"},"content":{"rendered":"<p><strong>Der Ort, an dem man sich austauscht, um sein Gesch\u00e4ft zu entwickeln<\/strong><\/p>\n<p>KM\u00d8 bringt innovative Projekte hervor, bringt die Industrie zusammen, beschleunigt die digitale Transformation und boostet die Ausbildung aller Zielgruppen&nbsp;!<\/p>\n<p>Als einzigartiger Ort der Innovation, der 2014 von f\u00fcnf Unternehmern aus M\u00fclhausen erdacht wurde, belebt er die Wirtschaft von M\u00fclhausen und strahlt \u00fcber die Grenzen hinaus.<\/p>\n<p>Erfahren Sie mehr \u00fcber sein Konzept, seine Urspr\u00fcnge (der Verein KM\u00d8 Campus, der Club des Locomotives) und die Projekte, die er gleichzeitig betreibt.<\/p>\n<p style=\"text-align: center;\"><a class=\"button with-arrow\" href=\"https:\/\/www.km0.info\/de\/leben-in-kmo\/\">Mehr erfahren<\/a><\/p>\n<p><!-- flzn:zn_calltoaction --><\/p>\n<div id=\"flzn-calltoaction-1\" class=\"zn zone zn-calltoaction with-bg bg-color bg-color-is-gray\"><span class=\"zone-bg bg-color bgc-gray alignfull\"><\/span><\/p>\n<div class=\"zone-block zn-calltoaction-block alignfull va-top text-center\">\n<div class=\"zn-calltoaction-list row small-up-1 medium-up-1 nb-bloc-1 alignfull va-top text-center oneblock\" data-equalizer=\"\" data-equalize-on=\"large\">\n<div class=\"zn-calltoaction-bloc column\" data-equalizer-watch=\"\">\n<div class=\"column-inner\">\n<div class=\"zn-calltoaction-innerbox\">\n<div class=\"zn-calltoaction-bloc-titledesc\">\n<h3 class=\"zn-calltoaction-bloc-title h2\">\n  Sie m\u00f6chten mehr \u00fcber KM\u00d8 erfahren  <\/h3>\n<\/p><\/div>\n<div class=\"zn-calltoaction-buttons-box\">\n<p>\t\t\t\t\t\t\t\t\t\t\t\t\t\t\t\t<a class=\"button secondary arrow\" href=\"https:\/\/www.km0.info\/de\/nehmen-wir-kontakt-auf\/\" title=\"Nehmen wir Kontakt auf\"><br \/>\n Kontaktieren Sie uns <\/a>\n\t\t\t\t\t\t\t\t\t\t\t\t\t\t\t\t\t\t\t\t<\/div>\n<\/p><\/div>\n<\/p><\/div>\n<\/p><\/div>\n<\/p><\/div>\n<\/div>\n<\/div>\n<p><!-- \/flzn:zn_calltoaction --><\/p>\n","protected":false},"excerpt":{"rendered":"<p>Der Ort, an dem man sich austauscht, um sein Gesch\u00e4ft zu entwickeln KM\u00d8 bringt innovative Projekte hervor, bringt die Industrie zusammen, beschleunigt die digitale Transformation und boostet die Ausbildung aller [&hellip;]<\/p>\n","protected":false},"author":2,"featured_media":0,"parent":0,"menu_order":10,"comment_status":"closed","ping_status":"closed","template":"page-tpl-carrefour.php","meta":{"_acf_changed":false,"footnotes":""},"class_list":["post-8833","page","type-page","status-publish","hentry","wp-sticky"],"acf":[],"yoast_head":"<!-- This site is optimized with the Yoast SEO plugin v27.5 - https:\/\/yoast.com\/product\/yoast-seo-wordpress\/ -->\n<title>KM\u00d8<\/title>\n<meta name=\"robots\" content=\"index, follow, max-snippet:-1, max-image-preview:large, max-video-preview:-1\" \/>\n<link rel=\"canonical\" href=\"https:\/\/www.km0.info\/de\/kmo\/\" \/>\n<meta property=\"og:locale\" content=\"de_DE\" \/>\n<meta property=\"og:type\" content=\"article\" \/>\n<meta property=\"og:title\" content=\"KM\u00d8\" \/>\n<meta property=\"og:description\" content=\"Der Ort, an dem man sich austauscht, um sein Gesch\u00e4ft zu entwickeln KM\u00d8 bringt innovative Projekte hervor, bringt die Industrie zusammen, beschleunigt die digitale Transformation und boostet die Ausbildung aller [&hellip;]\" \/>\n<meta property=\"og:url\" content=\"https:\/\/www.km0.info\/de\/kmo\/\" \/>\n<meta property=\"og:site_name\" content=\"KM\u00d8\" \/>\n<meta property=\"article:modified_time\" content=\"2023-08-31T12:40:30+00:00\" \/>\n<meta property=\"og:image\" content=\"https:\/\/www.km0.info\/wp-inside\/uploads\/2020\/10\/logo-km0-quadri-200x155-1.png\" \/>\n\t<meta property=\"og:image:width\" content=\"200\" \/>\n\t<meta property=\"og:image:height\" content=\"155\" \/>\n\t<meta property=\"og:image:type\" content=\"image\/png\" \/>\n<meta name=\"twitter:card\" content=\"summary_large_image\" \/>\n<script type=\"application\/ld+json\" class=\"yoast-schema-graph\">{\"@context\":\"https:\\\/\\\/schema.org\",\"@graph\":[{\"@type\":\"WebPage\",\"@id\":\"https:\\\/\\\/www.km0.info\\\/de\\\/kmo\\\/\",\"url\":\"https:\\\/\\\/www.km0.info\\\/de\\\/kmo\\\/\",\"name\":\"KM\u00d8\",\"isPartOf\":{\"@id\":\"https:\\\/\\\/www.km0.info\\\/de\\\/#website\"},\"datePublished\":\"2022-12-13T08:32:01+00:00\",\"dateModified\":\"2023-08-31T12:40:30+00:00\",\"breadcrumb\":{\"@id\":\"https:\\\/\\\/www.km0.info\\\/de\\\/kmo\\\/#breadcrumb\"},\"inLanguage\":\"de\",\"potentialAction\":[{\"@type\":\"ReadAction\",\"target\":[\"https:\\\/\\\/www.km0.info\\\/de\\\/kmo\\\/\"]}]},{\"@type\":\"BreadcrumbList\",\"@id\":\"https:\\\/\\\/www.km0.info\\\/de\\\/kmo\\\/#breadcrumb\",\"itemListElement\":[{\"@type\":\"ListItem\",\"position\":1,\"name\":\"Accueil\",\"item\":\"https:\\\/\\\/www.km0.info\\\/de\\\/\"},{\"@type\":\"ListItem\",\"position\":2,\"name\":\"KM\u00d8\"}]},{\"@type\":\"WebSite\",\"@id\":\"https:\\\/\\\/www.km0.info\\\/de\\\/#website\",\"url\":\"https:\\\/\\\/www.km0.info\\\/de\\\/\",\"name\":\"KM\u00d8\",\"description\":\"Lieu d&#039;innovation d\u00e9di\u00e9 \u00e0 la transformation digitale de l&#039;industrie\",\"publisher\":{\"@id\":\"https:\\\/\\\/www.km0.info\\\/de\\\/#organization\"},\"potentialAction\":[{\"@type\":\"SearchAction\",\"target\":{\"@type\":\"EntryPoint\",\"urlTemplate\":\"https:\\\/\\\/www.km0.info\\\/de\\\/?s={search_term_string}\"},\"query-input\":{\"@type\":\"PropertyValueSpecification\",\"valueRequired\":true,\"valueName\":\"search_term_string\"}}],\"inLanguage\":\"de\"},{\"@type\":\"Organization\",\"@id\":\"https:\\\/\\\/www.km0.info\\\/de\\\/#organization\",\"name\":\"KM\u00d8\",\"url\":\"https:\\\/\\\/www.km0.info\\\/de\\\/\",\"logo\":{\"@type\":\"ImageObject\",\"inLanguage\":\"de\",\"@id\":\"https:\\\/\\\/www.km0.info\\\/de\\\/#\\\/schema\\\/logo\\\/image\\\/\",\"url\":\"https:\\\/\\\/www.km0.info\\\/wp-inside\\\/uploads\\\/2020\\\/10\\\/logo-km0-quadri-200x155-1.png\",\"contentUrl\":\"https:\\\/\\\/www.km0.info\\\/wp-inside\\\/uploads\\\/2020\\\/10\\\/logo-km0-quadri-200x155-1.png\",\"width\":200,\"height\":155,\"caption\":\"KM\u00d8\"},\"image\":{\"@id\":\"https:\\\/\\\/www.km0.info\\\/de\\\/#\\\/schema\\\/logo\\\/image\\\/\"}}]}<\/script>\n<!-- \/ Yoast SEO plugin. -->","yoast_head_json":{"title":"KM\u00d8","robots":{"index":"index","follow":"follow","max-snippet":"max-snippet:-1","max-image-preview":"max-image-preview:large","max-video-preview":"max-video-preview:-1"},"canonical":"https:\/\/www.km0.info\/de\/kmo\/","og_locale":"de_DE","og_type":"article","og_title":"KM\u00d8","og_description":"Der Ort, an dem man sich austauscht, um sein Gesch\u00e4ft zu entwickeln KM\u00d8 bringt innovative Projekte hervor, bringt die Industrie zusammen, beschleunigt die digitale Transformation und boostet die Ausbildung aller [&hellip;]","og_url":"https:\/\/www.km0.info\/de\/kmo\/","og_site_name":"KM\u00d8","article_modified_time":"2023-08-31T12:40:30+00:00","og_image":[{"width":200,"height":155,"url":"https:\/\/www.km0.info\/wp-inside\/uploads\/2020\/10\/logo-km0-quadri-200x155-1.png","type":"image\/png"}],"twitter_card":"summary_large_image","schema":{"@context":"https:\/\/schema.org","@graph":[{"@type":"WebPage","@id":"https:\/\/www.km0.info\/de\/kmo\/","url":"https:\/\/www.km0.info\/de\/kmo\/","name":"KM\u00d8","isPartOf":{"@id":"https:\/\/www.km0.info\/de\/#website"},"datePublished":"2022-12-13T08:32:01+00:00","dateModified":"2023-08-31T12:40:30+00:00","breadcrumb":{"@id":"https:\/\/www.km0.info\/de\/kmo\/#breadcrumb"},"inLanguage":"de","potentialAction":[{"@type":"ReadAction","target":["https:\/\/www.km0.info\/de\/kmo\/"]}]},{"@type":"BreadcrumbList","@id":"https:\/\/www.km0.info\/de\/kmo\/#breadcrumb","itemListElement":[{"@type":"ListItem","position":1,"name":"Accueil","item":"https:\/\/www.km0.info\/de\/"},{"@type":"ListItem","position":2,"name":"KM\u00d8"}]},{"@type":"WebSite","@id":"https:\/\/www.km0.info\/de\/#website","url":"https:\/\/www.km0.info\/de\/","name":"KM\u00d8","description":"Lieu d&#039;innovation d\u00e9di\u00e9 \u00e0 la transformation digitale de l&#039;industrie","publisher":{"@id":"https:\/\/www.km0.info\/de\/#organization"},"potentialAction":[{"@type":"SearchAction","target":{"@type":"EntryPoint","urlTemplate":"https:\/\/www.km0.info\/de\/?s={search_term_string}"},"query-input":{"@type":"PropertyValueSpecification","valueRequired":true,"valueName":"search_term_string"}}],"inLanguage":"de"},{"@type":"Organization","@id":"https:\/\/www.km0.info\/de\/#organization","name":"KM\u00d8","url":"https:\/\/www.km0.info\/de\/","logo":{"@type":"ImageObject","inLanguage":"de","@id":"https:\/\/www.km0.info\/de\/#\/schema\/logo\/image\/","url":"https:\/\/www.km0.info\/wp-inside\/uploads\/2020\/10\/logo-km0-quadri-200x155-1.png","contentUrl":"https:\/\/www.km0.info\/wp-inside\/uploads\/2020\/10\/logo-km0-quadri-200x155-1.png","width":200,"height":155,"caption":"KM\u00d8"},"image":{"@id":"https:\/\/www.km0.info\/de\/#\/schema\/logo\/image\/"}}]}},"_links":{"self":[{"href":"https:\/\/www.km0.info\/de\/wp-json\/wp\/v2\/pages\/8833","targetHints":{"allow":["GET"]}}],"collection":[{"href":"https:\/\/www.km0.info\/de\/wp-json\/wp\/v2\/pages"}],"about":[{"href":"https:\/\/www.km0.info\/de\/wp-json\/wp\/v2\/types\/page"}],"author":[{"embeddable":true,"href":"https:\/\/www.km0.info\/de\/wp-json\/wp\/v2\/users\/2"}],"replies":[{"embeddable":true,"href":"https:\/\/www.km0.info\/de\/wp-json\/wp\/v2\/comments?post=8833"}],"version-history":[{"count":2,"href":"https:\/\/www.km0.info\/de\/wp-json\/wp\/v2\/pages\/8833\/revisions"}],"predecessor-version":[{"id":10171,"href":"https:\/\/www.km0.info\/de\/wp-json\/wp\/v2\/pages\/8833\/revisions\/10171"}],"wp:attachment":[{"href":"https:\/\/www.km0.info\/de\/wp-json\/wp\/v2\/media?parent=8833"}],"curies":[{"name":"wp","href":"https:\/\/api.w.org\/{rel}","templated":true}]}}