{"id":8829,"date":"2022-12-13T09:31:59","date_gmt":"2022-12-13T08:31:59","guid":{"rendered":"https:\/\/www.km0.info\/startseite\/"},"modified":"2023-04-03T09:41:47","modified_gmt":"2023-04-03T07:41:47","slug":"startseite","status":"publish","type":"page","link":"https:\/\/www.km0.info\/de\/","title":{"rendered":"Startseite"},"content":{"rendered":"<p><!-- fxzn:zn_home_banner --><\/p>\n<div id=\"fxzn-homebanner-1\" class=\"zn zone zn-homebanner\">\n<div class=\"zone-block zn-homebanner-block pdd-top-off pdd-bottom-off alignfull va-top\">\n<\/div>\n<\/div>\n<p><!-- \/fxzn:zn_home_banner --><br \/>\n<!-- fxzn:zn_home_content_galerie --><\/p>\n<div id=\"fxzn-homecontentgalerie-1\" class=\"zn zone zn-homecontentgalerie with-bg bg-color bg-color-is-animationkm0\"><span class=\"zone-bg bg-color bgc-animationkm0 alignfull\"><\/span><\/p>\n<div class=\"zone-block zn-homecontentgalerie-block alignwide va-top\">\n<div class=\"km0-animate\"><\/div>\n<div class=\"row mw-content-zone\">\n<div class=\"columns large-12\">\n<div class=\"row collapse zn-homecontentgalerie-row\" data-equalizer data-equalize-on=\"xlarge\" >\n<div class=\"columns xlarge-5 xlarge-push-7 zn-homecontentgalerie-col-content zn-homecontentgalerie-col va-center\" data-equalizer-watch>\n<div class=\"columns-inner\" data-aos=\"fade-up\" data-aos-once=\"true\" data-aos-anchor=\"#fxzn-homecontentgalerie-1\" data-aos-anchor-placement=\"top-bottom\"   data-aos-delay=\"750\" data-aos-anchor-placement=\"top-bottom\" >\n<div class=\"wig-content mw-content\">\n<div class=\"zn-homecontentgalerie-titlebox\">\n<h2 class=\"zn-homecontentgalerie-title titlepage\">\n\t\t\t\t\t\t\t\t\t\tKM\u00d8, eine riesige Kaffeemaschine\t\t\t\t\t\t\t\t\t\t<span class=\"title-deco\"><\/span><br \/>\n\t\t\t\t\t\t\t\t\t<\/h2>\n<\/p><\/div>\n<p>Wir haben eine 11 000 m2 gro\u00dfe Kaffeemaschine geschaffen, die Industrieunternehmen, Unternehmer, Start-ups und Ausbildungen zusammenbringt, damit sie gemeinsam die Zukunft erfinden k\u00f6nnen. Steve Jobs hat es treffend gesagt : <strong>Das Wichtigste in einem Unternehmen ist die Kaffeemaschine, denn hier entstehen Projekte !<\/strong><\/p>\n<p>Diese gegenseitige Befruchtung erm\u00f6glicht es, neue Projekte zu schaffen, auf Anfragen von Unternehmen zu reagieren, Ressourcen und Kunden zu finden.<\/p>\n<p>Mehr als 50 franz\u00f6sische, schweizerische, deutsche und belgische Unternehmen, 25 technische Ausbildungen, ein Fablab, ein Industrie 4.0-Demonstrator und ein Inkubator wohnen in KM\u00d8.<\/p>\n<p><a class=\"button secondary\" href=\"https:\/\/www.km0.info\/de\/kmo\/geschichte\/\">Die Geschichte von KM\u00d8<\/a><\/p>\n<\/p><\/div>\n<\/p><\/div>\n<\/p><\/div>\n<div class=\"columns xlarge-6 xlarge-pull-6 zn-homecontentgalerie-col-galerie zn-homecontentgalerie-col va-center\" data-equalizer-watch>\n<div class=\"columns-inner\" data-aos=\"fade-up\" data-aos-once=\"true\" data-aos-anchor=\"#fxzn-homecontentgalerie-1\" data-aos-anchor-placement=\"top-bottom\"   data-aos-delay=\"500\" >\n<p>\t\t\t\t\t\t\t<span class=\"deco1\"><\/span><br \/>\n\t\t\t\t\t\t\t<span class=\"deco2\"><\/span><br \/>\n\t\t\t\t\t\t\t<span class=\"deco3\"><\/span><\/p>\n<div class=\"zn-homecontentgalerie-imgs imgslider-simple slick-slider\">\n<figure class=\"zn-homecontentgalerie-figure slick-item\">\n\t\t\t\t\t\t\t\t\t<img decoding=\"async\" class=\"zn-homecontentgalerie-img\" src=\"https:\/\/www.km0.info\/wp-inside\/uploads\/2020\/11\/2019-11-26-18.37.47-300x225.jpg\" alt=\"\" data-interchange=\"[https:\/\/www.km0.info\/wp-inside\/uploads\/2020\/11\/2019-11-26-18.37.47-300x225.jpg, small],[https:\/\/www.km0.info\/wp-inside\/uploads\/2020\/11\/2019-11-26-18.37.47-650x350.jpg, usmall],[https:\/\/www.km0.info\/wp-inside\/uploads\/2020\/11\/2019-11-26-18.37.47-650x350.jpg, gsmall],[https:\/\/www.km0.info\/wp-inside\/uploads\/2020\/11\/2019-11-26-18.37.47-750x500.jpg, glarge],\"\/><br \/>\n\t\t\t\t\t\t\t\t\t\t\t\t\t\t\t\t\t<\/figure>\n<figure class=\"zn-homecontentgalerie-figure slick-item\">\n\t\t\t\t\t\t\t\t\t<img decoding=\"async\" class=\"zn-homecontentgalerie-img\" src=\"https:\/\/www.km0.info\/wp-inside\/uploads\/2020\/10\/apprendre-a-km0-cnam-mehdi-boswingel-300x225.jpg\" alt=\"\" data-interchange=\"[https:\/\/www.km0.info\/wp-inside\/uploads\/2020\/10\/apprendre-a-km0-cnam-mehdi-boswingel-300x225.jpg, small],[https:\/\/www.km0.info\/wp-inside\/uploads\/2020\/10\/apprendre-a-km0-cnam-mehdi-boswingel-650x350.jpg, usmall],[https:\/\/www.km0.info\/wp-inside\/uploads\/2020\/10\/apprendre-a-km0-cnam-mehdi-boswingel-650x350.jpg, gsmall],[https:\/\/www.km0.info\/wp-inside\/uploads\/2020\/10\/apprendre-a-km0-cnam-mehdi-boswingel-750x500.jpg, glarge],\"\/><br \/>\n\t\t\t\t\t\t\t\t\t\t\t\t\t\t\t\t\t<\/figure>\n<figure class=\"zn-homecontentgalerie-figure slick-item\">\n\t\t\t\t\t\t\t\t\t<img decoding=\"async\" class=\"zn-homecontentgalerie-img\" src=\"https:\/\/www.km0.info\/wp-inside\/uploads\/2022\/07\/291495433_771866500654916_6377560809888986745_n-300x225.jpg\" alt=\"\" data-interchange=\"[https:\/\/www.km0.info\/wp-inside\/uploads\/2022\/07\/291495433_771866500654916_6377560809888986745_n-300x225.jpg, small],[https:\/\/www.km0.info\/wp-inside\/uploads\/2022\/07\/291495433_771866500654916_6377560809888986745_n-650x350.jpg, usmall],[https:\/\/www.km0.info\/wp-inside\/uploads\/2022\/07\/291495433_771866500654916_6377560809888986745_n-650x350.jpg, gsmall],[https:\/\/www.km0.info\/wp-inside\/uploads\/2022\/07\/291495433_771866500654916_6377560809888986745_n-750x500.jpg, glarge],\"\/><br \/>\n\t\t\t\t\t\t\t\t\t\t\t\t\t\t\t\t\t<\/figure>\n<figure class=\"zn-homecontentgalerie-figure slick-item\">\n\t\t\t\t\t\t\t\t\t<img decoding=\"async\" class=\"zn-homecontentgalerie-img\" src=\"https:\/\/www.km0.info\/wp-inside\/uploads\/2020\/09\/hall-evenement-300x225.jpg\" alt=\"\" data-interchange=\"[https:\/\/www.km0.info\/wp-inside\/uploads\/2020\/09\/hall-evenement-300x225.jpg, small],[https:\/\/www.km0.info\/wp-inside\/uploads\/2020\/09\/hall-evenement-650x350.jpg, usmall],[https:\/\/www.km0.info\/wp-inside\/uploads\/2020\/09\/hall-evenement-650x350.jpg, gsmall],[https:\/\/www.km0.info\/wp-inside\/uploads\/2020\/09\/hall-evenement-750x500.jpg, glarge],\"\/><br \/>\n\t\t\t\t\t\t\t\t\t\t\t\t\t\t\t\t\t<\/figure>\n<figure class=\"zn-homecontentgalerie-figure slick-item\">\n\t\t\t\t\t\t\t\t\t<img decoding=\"async\" class=\"zn-homecontentgalerie-img\" src=\"https:\/\/www.km0.info\/wp-inside\/uploads\/2020\/09\/280484652_5106435922743922_2853390322471379848_n-300x225.jpg\" alt=\"\" data-interchange=\"[https:\/\/www.km0.info\/wp-inside\/uploads\/2020\/09\/280484652_5106435922743922_2853390322471379848_n-300x225.jpg, small],[https:\/\/www.km0.info\/wp-inside\/uploads\/2020\/09\/280484652_5106435922743922_2853390322471379848_n-650x350.jpg, usmall],[https:\/\/www.km0.info\/wp-inside\/uploads\/2020\/09\/280484652_5106435922743922_2853390322471379848_n-650x350.jpg, gsmall],[https:\/\/www.km0.info\/wp-inside\/uploads\/2020\/09\/280484652_5106435922743922_2853390322471379848_n-750x500.jpg, glarge],\"\/><br \/>\n\t\t\t\t\t\t\t\t\t\t\t\t\t\t\t\t\t<\/figure>\n<\/p><\/div>\n<\/p><\/div>\n<\/p><\/div>\n<\/p><\/div>\n<\/p><\/div>\n<\/p><\/div>\n<\/div>\n<\/div>\n<p><!-- \/fxzn:zn_home_content_galerie --><br \/>\n<!-- fxzn:zn_home_chiffres_pages --><\/p>\n<div id=\"fxzn-homechiffrespages-1\" class=\"zn zone zn-homechiffrespages with-bg bg-color bg-color-is-batiment\"><span class=\"zone-bg bg-color bgc-batiment alignfull\"><\/span><\/p>\n<div class=\"zone-block zn-homechiffrespages-block pdd-top-off pdd-bottom-off alignfull va-top\">\n<\/div>\n<\/div>\n<p><!-- \/fxzn:zn_home_chiffres_pages --><br \/>\n<!-- fxzn:zn_home_evenements_focus --><\/p>\n<div id=\"fxzn-homeevenementsfocus-1\" class=\"zn zone zn-homeevenementsfocus\">\n<div class=\"zone-block zn-homeevenementsfocus-block pdd-top-off pdd-bottom-off alignfull va-top\"><\/div>\n<\/div>\n<p><!-- \/fxzn:zn_home_evenements_focus --><br \/>\n<!-- fxzn:zn_home_rs_actualites --><\/p>\n<div id=\"fxzn-homersactualites-1\" class=\"zn zone zn-homersactualites\">\n<div class=\"zone-block zn-homersactualites-block pdd-top-off pdd-bottom-off alignfull va-top\">\n<\/div>\n<\/div>\n<p><!-- \/fxzn:zn_home_rs_actualites --><\/p>\n","protected":false},"excerpt":{"rendered":"<p>KM\u00d8, eine riesige Kaffeemaschine Wir haben eine 11 000 m2 gro\u00dfe Kaffeemaschine geschaffen, die Industrieunternehmen, Unternehmer, Start-ups und Ausbildungen zusammenbringt, damit sie gemeinsam die Zukunft erfinden k\u00f6nnen. Steve Jobs hat [&hellip;]<\/p>\n","protected":false},"author":2,"featured_media":0,"parent":0,"menu_order":0,"comment_status":"closed","ping_status":"closed","template":"","meta":{"_acf_changed":false,"footnotes":""},"class_list":["post-8829","page","type-page","status-publish","hentry","wp-sticky"],"acf":[],"yoast_head":"<!-- This site is optimized with the Yoast SEO plugin v27.4 - https:\/\/yoast.com\/product\/yoast-seo-wordpress\/ -->\n<title>KM\u00d8, ein \u00d6kosystem, das sich der digitalen Transformation der Industrie widmet<\/title>\n<meta name=\"robots\" content=\"index, follow, max-snippet:-1, max-image-preview:large, max-video-preview:-1\" \/>\n<link rel=\"canonical\" href=\"https:\/\/www.km0.info\/de\/\" \/>\n<meta property=\"og:locale\" content=\"de_DE\" \/>\n<meta property=\"og:type\" content=\"article\" \/>\n<meta property=\"og:title\" content=\"KM\u00d8, ein \u00d6kosystem, das sich der digitalen Transformation der Industrie widmet\" \/>\n<meta property=\"og:description\" content=\"KM\u00d8, eine riesige Kaffeemaschine Wir haben eine 11 000 m2 gro\u00dfe Kaffeemaschine geschaffen, die Industrieunternehmen, Unternehmer, Start-ups und Ausbildungen zusammenbringt, damit sie gemeinsam die Zukunft erfinden k\u00f6nnen. Steve Jobs hat [&hellip;]\" \/>\n<meta property=\"og:url\" content=\"https:\/\/www.km0.info\/de\/\" \/>\n<meta property=\"og:site_name\" content=\"KM\u00d8\" \/>\n<meta property=\"article:modified_time\" content=\"2023-04-03T07:41:47+00:00\" \/>\n<meta property=\"og:image\" content=\"https:\/\/www.km0.info\/wp-inside\/uploads\/2020\/11\/2019-11-26-18.37.47-300x225.jpg\" \/>\n<meta name=\"twitter:card\" content=\"summary_large_image\" \/>\n<script type=\"application\/ld+json\" class=\"yoast-schema-graph\">{\"@context\":\"https:\\\/\\\/schema.org\",\"@graph\":[{\"@type\":\"WebPage\",\"@id\":\"https:\\\/\\\/www.km0.info\\\/de\\\/\",\"url\":\"https:\\\/\\\/www.km0.info\\\/de\\\/\",\"name\":\"KM\u00d8, ein \u00d6kosystem, das sich der digitalen Transformation der Industrie widmet\",\"isPartOf\":{\"@id\":\"https:\\\/\\\/www.km0.info\\\/de\\\/#website\"},\"primaryImageOfPage\":{\"@id\":\"https:\\\/\\\/www.km0.info\\\/de\\\/#primaryimage\"},\"image\":{\"@id\":\"https:\\\/\\\/www.km0.info\\\/de\\\/#primaryimage\"},\"thumbnailUrl\":\"https:\\\/\\\/www.km0.info\\\/wp-inside\\\/uploads\\\/2020\\\/11\\\/2019-11-26-18.37.47-300x225.jpg\",\"datePublished\":\"2022-12-13T08:31:59+00:00\",\"dateModified\":\"2023-04-03T07:41:47+00:00\",\"breadcrumb\":{\"@id\":\"https:\\\/\\\/www.km0.info\\\/de\\\/#breadcrumb\"},\"inLanguage\":\"de\",\"potentialAction\":[{\"@type\":\"ReadAction\",\"target\":[\"https:\\\/\\\/www.km0.info\\\/de\\\/\"]}]},{\"@type\":\"ImageObject\",\"inLanguage\":\"de\",\"@id\":\"https:\\\/\\\/www.km0.info\\\/de\\\/#primaryimage\",\"url\":\"https:\\\/\\\/www.km0.info\\\/wp-inside\\\/uploads\\\/2020\\\/11\\\/2019-11-26-18.37.47-300x225.jpg\",\"contentUrl\":\"https:\\\/\\\/www.km0.info\\\/wp-inside\\\/uploads\\\/2020\\\/11\\\/2019-11-26-18.37.47-300x225.jpg\"},{\"@type\":\"BreadcrumbList\",\"@id\":\"https:\\\/\\\/www.km0.info\\\/de\\\/#breadcrumb\",\"itemListElement\":[{\"@type\":\"ListItem\",\"position\":1,\"name\":\"Accueil\",\"item\":\"https:\\\/\\\/www.km0.info\\\/de\\\/\"},{\"@type\":\"ListItem\",\"position\":2,\"name\":\"Startseite\"}]},{\"@type\":\"WebSite\",\"@id\":\"https:\\\/\\\/www.km0.info\\\/de\\\/#website\",\"url\":\"https:\\\/\\\/www.km0.info\\\/de\\\/\",\"name\":\"KM\u00d8\",\"description\":\"Lieu d&#039;innovation d\u00e9di\u00e9 \u00e0 la transformation digitale de l&#039;industrie\",\"publisher\":{\"@id\":\"https:\\\/\\\/www.km0.info\\\/de\\\/#organization\"},\"potentialAction\":[{\"@type\":\"SearchAction\",\"target\":{\"@type\":\"EntryPoint\",\"urlTemplate\":\"https:\\\/\\\/www.km0.info\\\/de\\\/?s={search_term_string}\"},\"query-input\":{\"@type\":\"PropertyValueSpecification\",\"valueRequired\":true,\"valueName\":\"search_term_string\"}}],\"inLanguage\":\"de\"},{\"@type\":\"Organization\",\"@id\":\"https:\\\/\\\/www.km0.info\\\/de\\\/#organization\",\"name\":\"KM\u00d8\",\"url\":\"https:\\\/\\\/www.km0.info\\\/de\\\/\",\"logo\":{\"@type\":\"ImageObject\",\"inLanguage\":\"de\",\"@id\":\"https:\\\/\\\/www.km0.info\\\/de\\\/#\\\/schema\\\/logo\\\/image\\\/\",\"url\":\"https:\\\/\\\/www.km0.info\\\/wp-inside\\\/uploads\\\/2020\\\/10\\\/logo-km0-quadri-200x155-1.png\",\"contentUrl\":\"https:\\\/\\\/www.km0.info\\\/wp-inside\\\/uploads\\\/2020\\\/10\\\/logo-km0-quadri-200x155-1.png\",\"width\":200,\"height\":155,\"caption\":\"KM\u00d8\"},\"image\":{\"@id\":\"https:\\\/\\\/www.km0.info\\\/de\\\/#\\\/schema\\\/logo\\\/image\\\/\"}}]}<\/script>\n<!-- \/ Yoast SEO plugin. -->","yoast_head_json":{"title":"KM\u00d8, ein \u00d6kosystem, das sich der digitalen Transformation der Industrie widmet","robots":{"index":"index","follow":"follow","max-snippet":"max-snippet:-1","max-image-preview":"max-image-preview:large","max-video-preview":"max-video-preview:-1"},"canonical":"https:\/\/www.km0.info\/de\/","og_locale":"de_DE","og_type":"article","og_title":"KM\u00d8, ein \u00d6kosystem, das sich der digitalen Transformation der Industrie widmet","og_description":"KM\u00d8, eine riesige Kaffeemaschine Wir haben eine 11 000 m2 gro\u00dfe Kaffeemaschine geschaffen, die Industrieunternehmen, Unternehmer, Start-ups und Ausbildungen zusammenbringt, damit sie gemeinsam die Zukunft erfinden k\u00f6nnen. Steve Jobs hat [&hellip;]","og_url":"https:\/\/www.km0.info\/de\/","og_site_name":"KM\u00d8","article_modified_time":"2023-04-03T07:41:47+00:00","og_image":[{"url":"https:\/\/www.km0.info\/wp-inside\/uploads\/2020\/11\/2019-11-26-18.37.47-300x225.jpg","type":"","width":"","height":""}],"twitter_card":"summary_large_image","schema":{"@context":"https:\/\/schema.org","@graph":[{"@type":"WebPage","@id":"https:\/\/www.km0.info\/de\/","url":"https:\/\/www.km0.info\/de\/","name":"KM\u00d8, ein \u00d6kosystem, das sich der digitalen Transformation der Industrie widmet","isPartOf":{"@id":"https:\/\/www.km0.info\/de\/#website"},"primaryImageOfPage":{"@id":"https:\/\/www.km0.info\/de\/#primaryimage"},"image":{"@id":"https:\/\/www.km0.info\/de\/#primaryimage"},"thumbnailUrl":"https:\/\/www.km0.info\/wp-inside\/uploads\/2020\/11\/2019-11-26-18.37.47-300x225.jpg","datePublished":"2022-12-13T08:31:59+00:00","dateModified":"2023-04-03T07:41:47+00:00","breadcrumb":{"@id":"https:\/\/www.km0.info\/de\/#breadcrumb"},"inLanguage":"de","potentialAction":[{"@type":"ReadAction","target":["https:\/\/www.km0.info\/de\/"]}]},{"@type":"ImageObject","inLanguage":"de","@id":"https:\/\/www.km0.info\/de\/#primaryimage","url":"https:\/\/www.km0.info\/wp-inside\/uploads\/2020\/11\/2019-11-26-18.37.47-300x225.jpg","contentUrl":"https:\/\/www.km0.info\/wp-inside\/uploads\/2020\/11\/2019-11-26-18.37.47-300x225.jpg"},{"@type":"BreadcrumbList","@id":"https:\/\/www.km0.info\/de\/#breadcrumb","itemListElement":[{"@type":"ListItem","position":1,"name":"Accueil","item":"https:\/\/www.km0.info\/de\/"},{"@type":"ListItem","position":2,"name":"Startseite"}]},{"@type":"WebSite","@id":"https:\/\/www.km0.info\/de\/#website","url":"https:\/\/www.km0.info\/de\/","name":"KM\u00d8","description":"Lieu d&#039;innovation d\u00e9di\u00e9 \u00e0 la transformation digitale de l&#039;industrie","publisher":{"@id":"https:\/\/www.km0.info\/de\/#organization"},"potentialAction":[{"@type":"SearchAction","target":{"@type":"EntryPoint","urlTemplate":"https:\/\/www.km0.info\/de\/?s={search_term_string}"},"query-input":{"@type":"PropertyValueSpecification","valueRequired":true,"valueName":"search_term_string"}}],"inLanguage":"de"},{"@type":"Organization","@id":"https:\/\/www.km0.info\/de\/#organization","name":"KM\u00d8","url":"https:\/\/www.km0.info\/de\/","logo":{"@type":"ImageObject","inLanguage":"de","@id":"https:\/\/www.km0.info\/de\/#\/schema\/logo\/image\/","url":"https:\/\/www.km0.info\/wp-inside\/uploads\/2020\/10\/logo-km0-quadri-200x155-1.png","contentUrl":"https:\/\/www.km0.info\/wp-inside\/uploads\/2020\/10\/logo-km0-quadri-200x155-1.png","width":200,"height":155,"caption":"KM\u00d8"},"image":{"@id":"https:\/\/www.km0.info\/de\/#\/schema\/logo\/image\/"}}]}},"_links":{"self":[{"href":"https:\/\/www.km0.info\/de\/wp-json\/wp\/v2\/pages\/8829","targetHints":{"allow":["GET"]}}],"collection":[{"href":"https:\/\/www.km0.info\/de\/wp-json\/wp\/v2\/pages"}],"about":[{"href":"https:\/\/www.km0.info\/de\/wp-json\/wp\/v2\/types\/page"}],"author":[{"embeddable":true,"href":"https:\/\/www.km0.info\/de\/wp-json\/wp\/v2\/users\/2"}],"replies":[{"embeddable":true,"href":"https:\/\/www.km0.info\/de\/wp-json\/wp\/v2\/comments?post=8829"}],"version-history":[{"count":2,"href":"https:\/\/www.km0.info\/de\/wp-json\/wp\/v2\/pages\/8829\/revisions"}],"predecessor-version":[{"id":9518,"href":"https:\/\/www.km0.info\/de\/wp-json\/wp\/v2\/pages\/8829\/revisions\/9518"}],"wp:attachment":[{"href":"https:\/\/www.km0.info\/de\/wp-json\/wp\/v2\/media?parent=8829"}],"curies":[{"name":"wp","href":"https:\/\/api.w.org\/{rel}","templated":true}]}}