{"id":8826,"date":"2022-12-13T09:31:54","date_gmt":"2022-12-13T08:31:54","guid":{"rendered":"https:\/\/www.km0.info\/einwohner-werden\/"},"modified":"2023-03-01T16:38:21","modified_gmt":"2023-03-01T15:38:21","slug":"einwohner-werden","status":"publish","type":"page","link":"https:\/\/www.km0.info\/de\/einwohner-werden\/","title":{"rendered":"Einwohner werden"},"content":{"rendered":"<p>Lassen Sie sich an einem Ort der Innovation nieder, an dem Unternehmen, Start-ups und Ausbildungsst\u00e4tten aus Frankreich, Europa und anderen L\u00e4ndern zusammenkommen. Entdecken Sie einen innovativen Ort, an dem die Zukunft in Zusammenarbeit gestaltet wird.<\/p>\n<p><!-- flzn:zn_textblock --><\/p>\n<div id=\"flzn-textblock-1\" class=\"zn zone zn-textblock\">\n<div class=\"zone-block zn-textblock-block pdd-top-off pdd-bottom-off alignwide va-top\">\n<div class=\"row mw-content-zone \">\n<div class=\"columns large-12\">\n<div class=\"row large-up-1 nbloc-1\">\n<div class=\"column zn-textblock-col\">\n<div class=\"column-inner\">\n<div class=\"wig-content mw-content\">\n<h2>Sich in Mulhouse niederlassen&nbsp;: die Vorteile von KM\u00d8<\/h2>\n<ul>\n<li>Moderne, helle und ger\u00e4umige R\u00e4umlichkeiten (Geb\u00e4ude wird 2019 komplett renoviert)<\/li>\n<li>Zeit f\u00fcr gesellige Treffen der Einwohner<\/li>\n<li>R\u00e4ume zum Mieten f\u00fcr Ihre Veranstaltungen<\/li>\n<li>Restaurant vor Ort &amp; Bereiche, die der Entspannung und dem Sport gewidmet sind<\/li>\n<\/ul><\/div>\n<\/p><\/div>\n<\/p><\/div>\n<\/p><\/div>\n<\/p><\/div>\n<\/p><\/div>\n<\/p><\/div>\n<\/div>\n<p><!-- \/flzn:zn_textblock --><\/p>\n","protected":false},"excerpt":{"rendered":"<p>Entdecken Sie einen historischen und atypischen Ort in Mulhouse. Seien Sie von Einwohnern umgeben, die wie Sie teilen, innovativ sein und zusammenarbeiten wollen!<\/p>\n","protected":false},"author":2,"featured_media":0,"parent":0,"menu_order":20,"comment_status":"closed","ping_status":"closed","template":"","meta":{"_acf_changed":false,"footnotes":""},"class_list":["post-8826","page","type-page","status-publish","hentry","wp-sticky"],"acf":[],"yoast_head":"<!-- This site is optimized with the Yoast SEO plugin v27.5 - https:\/\/yoast.com\/product\/yoast-seo-wordpress\/ -->\n<title>Digitale Ansiedlung Mulhouse, Digitales Unternehmen Mulhouse<\/title>\n<meta name=\"description\" content=\"Lassen Sie sich in einem \u00d6kosystem nieder, in dem Unternehmen, Start-ups und Ausbildungsst\u00e4tten aus Frankreich, Europa und anderen L\u00e4ndern vertreten sind. Entdecken Sie einen innovativen Ort, an dem die Zukunft in Zusammenarbeit gestaltet wird.\" \/>\n<meta name=\"robots\" content=\"index, follow, max-snippet:-1, max-image-preview:large, max-video-preview:-1\" \/>\n<link rel=\"canonical\" href=\"https:\/\/www.km0.info\/de\/einwohner-werden\/\" \/>\n<meta property=\"og:locale\" content=\"de_DE\" \/>\n<meta property=\"og:type\" content=\"article\" \/>\n<meta property=\"og:title\" content=\"Digitale Ansiedlung Mulhouse, Digitales Unternehmen Mulhouse\" \/>\n<meta property=\"og:description\" content=\"Lassen Sie sich in einem \u00d6kosystem nieder, in dem Unternehmen, Start-ups und Ausbildungsst\u00e4tten aus Frankreich, Europa und anderen L\u00e4ndern vertreten sind. Entdecken Sie einen innovativen Ort, an dem die Zukunft in Zusammenarbeit gestaltet wird.\" \/>\n<meta property=\"og:url\" content=\"https:\/\/www.km0.info\/de\/einwohner-werden\/\" \/>\n<meta property=\"og:site_name\" content=\"KM\u00d8\" \/>\n<meta property=\"article:modified_time\" content=\"2023-03-01T15:38:21+00:00\" \/>\n<meta property=\"og:image\" content=\"https:\/\/www.km0.info\/wp-inside\/uploads\/2020\/10\/logo-km0-quadri-200x155-1.png\" \/>\n\t<meta property=\"og:image:width\" content=\"200\" \/>\n\t<meta property=\"og:image:height\" content=\"155\" \/>\n\t<meta property=\"og:image:type\" content=\"image\/png\" \/>\n<meta name=\"twitter:card\" content=\"summary_large_image\" \/>\n<script type=\"application\/ld+json\" class=\"yoast-schema-graph\">{\"@context\":\"https:\\\/\\\/schema.org\",\"@graph\":[{\"@type\":\"WebPage\",\"@id\":\"https:\\\/\\\/www.km0.info\\\/de\\\/einwohner-werden\\\/\",\"url\":\"https:\\\/\\\/www.km0.info\\\/de\\\/einwohner-werden\\\/\",\"name\":\"Digitale Ansiedlung Mulhouse, Digitales Unternehmen Mulhouse\",\"isPartOf\":{\"@id\":\"https:\\\/\\\/www.km0.info\\\/de\\\/#website\"},\"datePublished\":\"2022-12-13T08:31:54+00:00\",\"dateModified\":\"2023-03-01T15:38:21+00:00\",\"description\":\"Lassen Sie sich in einem \u00d6kosystem nieder, in dem Unternehmen, Start-ups und Ausbildungsst\u00e4tten aus Frankreich, Europa und anderen L\u00e4ndern vertreten sind. Entdecken Sie einen innovativen Ort, an dem die Zukunft in Zusammenarbeit gestaltet wird.\",\"breadcrumb\":{\"@id\":\"https:\\\/\\\/www.km0.info\\\/de\\\/einwohner-werden\\\/#breadcrumb\"},\"inLanguage\":\"de\",\"potentialAction\":[{\"@type\":\"ReadAction\",\"target\":[\"https:\\\/\\\/www.km0.info\\\/de\\\/einwohner-werden\\\/\"]}]},{\"@type\":\"BreadcrumbList\",\"@id\":\"https:\\\/\\\/www.km0.info\\\/de\\\/einwohner-werden\\\/#breadcrumb\",\"itemListElement\":[{\"@type\":\"ListItem\",\"position\":1,\"name\":\"Accueil\",\"item\":\"https:\\\/\\\/www.km0.info\\\/de\\\/\"},{\"@type\":\"ListItem\",\"position\":2,\"name\":\"Einwohner werden\"}]},{\"@type\":\"WebSite\",\"@id\":\"https:\\\/\\\/www.km0.info\\\/de\\\/#website\",\"url\":\"https:\\\/\\\/www.km0.info\\\/de\\\/\",\"name\":\"KM\u00d8\",\"description\":\"Lieu d&#039;innovation d\u00e9di\u00e9 \u00e0 la transformation digitale de l&#039;industrie\",\"publisher\":{\"@id\":\"https:\\\/\\\/www.km0.info\\\/de\\\/#organization\"},\"potentialAction\":[{\"@type\":\"SearchAction\",\"target\":{\"@type\":\"EntryPoint\",\"urlTemplate\":\"https:\\\/\\\/www.km0.info\\\/de\\\/?s={search_term_string}\"},\"query-input\":{\"@type\":\"PropertyValueSpecification\",\"valueRequired\":true,\"valueName\":\"search_term_string\"}}],\"inLanguage\":\"de\"},{\"@type\":\"Organization\",\"@id\":\"https:\\\/\\\/www.km0.info\\\/de\\\/#organization\",\"name\":\"KM\u00d8\",\"url\":\"https:\\\/\\\/www.km0.info\\\/de\\\/\",\"logo\":{\"@type\":\"ImageObject\",\"inLanguage\":\"de\",\"@id\":\"https:\\\/\\\/www.km0.info\\\/de\\\/#\\\/schema\\\/logo\\\/image\\\/\",\"url\":\"https:\\\/\\\/www.km0.info\\\/wp-inside\\\/uploads\\\/2020\\\/10\\\/logo-km0-quadri-200x155-1.png\",\"contentUrl\":\"https:\\\/\\\/www.km0.info\\\/wp-inside\\\/uploads\\\/2020\\\/10\\\/logo-km0-quadri-200x155-1.png\",\"width\":200,\"height\":155,\"caption\":\"KM\u00d8\"},\"image\":{\"@id\":\"https:\\\/\\\/www.km0.info\\\/de\\\/#\\\/schema\\\/logo\\\/image\\\/\"}}]}<\/script>\n<!-- \/ Yoast SEO plugin. -->","yoast_head_json":{"title":"Digitale Ansiedlung Mulhouse, Digitales Unternehmen Mulhouse","description":"Lassen Sie sich in einem \u00d6kosystem nieder, in dem Unternehmen, Start-ups und Ausbildungsst\u00e4tten aus Frankreich, Europa und anderen L\u00e4ndern vertreten sind. Entdecken Sie einen innovativen Ort, an dem die Zukunft in Zusammenarbeit gestaltet wird.","robots":{"index":"index","follow":"follow","max-snippet":"max-snippet:-1","max-image-preview":"max-image-preview:large","max-video-preview":"max-video-preview:-1"},"canonical":"https:\/\/www.km0.info\/de\/einwohner-werden\/","og_locale":"de_DE","og_type":"article","og_title":"Digitale Ansiedlung Mulhouse, Digitales Unternehmen Mulhouse","og_description":"Lassen Sie sich in einem \u00d6kosystem nieder, in dem Unternehmen, Start-ups und Ausbildungsst\u00e4tten aus Frankreich, Europa und anderen L\u00e4ndern vertreten sind. Entdecken Sie einen innovativen Ort, an dem die Zukunft in Zusammenarbeit gestaltet wird.","og_url":"https:\/\/www.km0.info\/de\/einwohner-werden\/","og_site_name":"KM\u00d8","article_modified_time":"2023-03-01T15:38:21+00:00","og_image":[{"width":200,"height":155,"url":"https:\/\/www.km0.info\/wp-inside\/uploads\/2020\/10\/logo-km0-quadri-200x155-1.png","type":"image\/png"}],"twitter_card":"summary_large_image","schema":{"@context":"https:\/\/schema.org","@graph":[{"@type":"WebPage","@id":"https:\/\/www.km0.info\/de\/einwohner-werden\/","url":"https:\/\/www.km0.info\/de\/einwohner-werden\/","name":"Digitale Ansiedlung Mulhouse, Digitales Unternehmen Mulhouse","isPartOf":{"@id":"https:\/\/www.km0.info\/de\/#website"},"datePublished":"2022-12-13T08:31:54+00:00","dateModified":"2023-03-01T15:38:21+00:00","description":"Lassen Sie sich in einem \u00d6kosystem nieder, in dem Unternehmen, Start-ups und Ausbildungsst\u00e4tten aus Frankreich, Europa und anderen L\u00e4ndern vertreten sind. Entdecken Sie einen innovativen Ort, an dem die Zukunft in Zusammenarbeit gestaltet wird.","breadcrumb":{"@id":"https:\/\/www.km0.info\/de\/einwohner-werden\/#breadcrumb"},"inLanguage":"de","potentialAction":[{"@type":"ReadAction","target":["https:\/\/www.km0.info\/de\/einwohner-werden\/"]}]},{"@type":"BreadcrumbList","@id":"https:\/\/www.km0.info\/de\/einwohner-werden\/#breadcrumb","itemListElement":[{"@type":"ListItem","position":1,"name":"Accueil","item":"https:\/\/www.km0.info\/de\/"},{"@type":"ListItem","position":2,"name":"Einwohner werden"}]},{"@type":"WebSite","@id":"https:\/\/www.km0.info\/de\/#website","url":"https:\/\/www.km0.info\/de\/","name":"KM\u00d8","description":"Lieu d&#039;innovation d\u00e9di\u00e9 \u00e0 la transformation digitale de l&#039;industrie","publisher":{"@id":"https:\/\/www.km0.info\/de\/#organization"},"potentialAction":[{"@type":"SearchAction","target":{"@type":"EntryPoint","urlTemplate":"https:\/\/www.km0.info\/de\/?s={search_term_string}"},"query-input":{"@type":"PropertyValueSpecification","valueRequired":true,"valueName":"search_term_string"}}],"inLanguage":"de"},{"@type":"Organization","@id":"https:\/\/www.km0.info\/de\/#organization","name":"KM\u00d8","url":"https:\/\/www.km0.info\/de\/","logo":{"@type":"ImageObject","inLanguage":"de","@id":"https:\/\/www.km0.info\/de\/#\/schema\/logo\/image\/","url":"https:\/\/www.km0.info\/wp-inside\/uploads\/2020\/10\/logo-km0-quadri-200x155-1.png","contentUrl":"https:\/\/www.km0.info\/wp-inside\/uploads\/2020\/10\/logo-km0-quadri-200x155-1.png","width":200,"height":155,"caption":"KM\u00d8"},"image":{"@id":"https:\/\/www.km0.info\/de\/#\/schema\/logo\/image\/"}}]}},"_links":{"self":[{"href":"https:\/\/www.km0.info\/de\/wp-json\/wp\/v2\/pages\/8826","targetHints":{"allow":["GET"]}}],"collection":[{"href":"https:\/\/www.km0.info\/de\/wp-json\/wp\/v2\/pages"}],"about":[{"href":"https:\/\/www.km0.info\/de\/wp-json\/wp\/v2\/types\/page"}],"author":[{"embeddable":true,"href":"https:\/\/www.km0.info\/de\/wp-json\/wp\/v2\/users\/2"}],"replies":[{"embeddable":true,"href":"https:\/\/www.km0.info\/de\/wp-json\/wp\/v2\/comments?post=8826"}],"version-history":[{"count":1,"href":"https:\/\/www.km0.info\/de\/wp-json\/wp\/v2\/pages\/8826\/revisions"}],"predecessor-version":[{"id":9380,"href":"https:\/\/www.km0.info\/de\/wp-json\/wp\/v2\/pages\/8826\/revisions\/9380"}],"wp:attachment":[{"href":"https:\/\/www.km0.info\/de\/wp-json\/wp\/v2\/media?parent=8826"}],"curies":[{"name":"wp","href":"https:\/\/api.w.org\/{rel}","templated":true}]}}