{"id":10930,"date":"2024-04-25T16:38:19","date_gmt":"2024-04-25T14:38:19","guid":{"rendered":"https:\/\/www.km0.info\/lassen-sie-sich-im-kmo-inspirieren\/"},"modified":"2025-03-24T12:06:41","modified_gmt":"2025-03-24T11:06:41","slug":"lassen-sie-sich-im-kmo-inspirieren","status":"publish","type":"page","link":"https:\/\/www.km0.info\/de\/lassen-sie-sich-im-kmo-inspirieren\/","title":{"rendered":"Lassen Sie sich im KM\u00d8 inspirieren"},"content":{"rendered":"<p><!-- flzn:zn_textblock --><\/p>\n<div id=\"flzn-textblock-1\" class=\"zn zone zn-textblock\">\n<div class=\"zone-block zn-textblock-block alignwide va-top\">\n<div class=\"row mw-content-zone \">\n<div class=\"columns large-12\">\n<div class=\"zn-textblock-titlebox\">\n<h2 class=\"zone-title zn-textblock-title\">\n  KM\u00d8 Erfahrung  <\/h2>\n<\/p><\/div>\n<div class=\"row large-up-1 nbloc-1\">\n<div class=\"column zn-textblock-col\">\n<div class=\"column-inner\">\n<div class=\"wig-content mw-content\">\n<p style=\"text-align: left;\">Entdecken Sie einen neuen Service, der von KM\u00d8 entwickelt wurde: <strong><a href=\"https:\/\/www.km0.info\/kmo-experience\/\">KM\u00d8 EXPERIENCE<\/a> <\/strong> ! Organisieren Sie ein inspirierendes Seminar f\u00fcr Ihr Team und erleben Sie eine Learning Expedition in Mulhouse. Diese immersive Erfahrung wird Ihnen die M\u00f6glichkeit geben, KM\u00d8 zu entdecken und sich f\u00fcr neue Herausforderungen inspirieren zu lassen.<\/p>\n<\/p><\/div>\n<\/p><\/div>\n<\/p><\/div>\n<\/p><\/div>\n<\/p><\/div>\n<\/p><\/div>\n<\/p><\/div>\n<\/div>\n<p><!-- \/flzn:zn_textblock --><br \/>\n<!-- flzn:zn_textblock --><\/p>\n<div id=\"flzn-textblock-2\" class=\"zn zone zn-textblock\">\n<div class=\"zone-block zn-textblock-block alignwide va-top\">\n<div class=\"row mw-content-zone \">\n<div class=\"columns large-12\">\n<div class=\"zn-textblock-titlebox\">\n<h2 class=\"zone-title zn-textblock-title\">\n  KM\u00d8 Network  <\/h2>\n<\/p><\/div>\n<div class=\"row large-up-1 nbloc-1\">\n<div class=\"column zn-textblock-col\">\n<div class=\"column-inner\">\n<div class=\"wig-content mw-content\">\n<p>&nbsp;<\/p>\n<p><img loading=\"lazy\" decoding=\"async\" class=\" wp-image-10924 aligncenter\" src=\"https:\/\/www.km0.info\/wp-inside\/uploads\/2024\/04\/logo-main-300x300.png\" alt=\"\" width=\"102\" height=\"102\" srcset=\"https:\/\/www.km0.info\/wp-inside\/uploads\/2024\/04\/logo-main-300x300.png 300w, https:\/\/www.km0.info\/wp-inside\/uploads\/2024\/04\/logo-main-1024x1024.png 1024w, https:\/\/www.km0.info\/wp-inside\/uploads\/2024\/04\/logo-main-150x150.png 150w, https:\/\/www.km0.info\/wp-inside\/uploads\/2024\/04\/logo-main-768x768.png 768w, https:\/\/www.km0.info\/wp-inside\/uploads\/2024\/04\/logo-main-1536x1536.png 1536w, https:\/\/www.km0.info\/wp-inside\/uploads\/2024\/04\/logo-main-500x500.png 500w, https:\/\/www.km0.info\/wp-inside\/uploads\/2024\/04\/logo-main-115x115.png 115w, https:\/\/www.km0.info\/wp-inside\/uploads\/2024\/04\/logo-main-155x155.png 155w, https:\/\/www.km0.info\/wp-inside\/uploads\/2024\/04\/logo-main-870x870.png 870w, https:\/\/www.km0.info\/wp-inside\/uploads\/2024\/04\/logo-main-380x380.png 380w, https:\/\/www.km0.info\/wp-inside\/uploads\/2024\/04\/logo-main-185x185.png 185w, https:\/\/www.km0.info\/wp-inside\/uploads\/2024\/04\/logo-main-200x200.png 200w, https:\/\/www.km0.info\/wp-inside\/uploads\/2024\/04\/logo-main-320x320.png 320w, https:\/\/www.km0.info\/wp-inside\/uploads\/2024\/04\/logo-main-65x65.png 65w, https:\/\/www.km0.info\/wp-inside\/uploads\/2024\/04\/logo-main-800x800.png 800w, https:\/\/www.km0.info\/wp-inside\/uploads\/2024\/04\/logo-main-120x120.png 120w, https:\/\/www.km0.info\/wp-inside\/uploads\/2024\/04\/logo-main.png 1872w\" sizes=\"auto, (max-width: 102px) 100vw, 102px\"><\/p>\n<p>Bleiben Sie in Verbindung mit dem <strong>KM\u00d8 Network (<\/strong>IM FOKUS <strong><a href=\"https:\/\/network.km0.info\/fr\">&#8211; KM\u00d8 Network<\/a>)<\/strong>, einem interaktiven Medium, das der Industrie eine Stimme verleiht und das Leben der Einwohner und die Nachrichten aus KM\u00d8 in den Vordergrund stellt. Entdecken Sie die Vielfalt und Kreativit\u00e4t unserer Gemeinschaft \u00fcber diese dynamische Plattform.<\/p>\n<\/p><\/div>\n<\/p><\/div>\n<\/p><\/div>\n<\/p><\/div>\n<\/p><\/div>\n<\/p><\/div>\n<\/p><\/div>\n<\/div>\n<p><!-- \/flzn:zn_textblock --><br \/>\n<!-- flzn:zn_textblock --><\/p>\n<div id=\"flzn-textblock-3\" class=\"zn zone zn-textblock\">\n<div class=\"zone-block zn-textblock-block alignwide va-top\">\n<div class=\"row mw-content-zone \">\n<div class=\"columns large-12\">\n<div class=\"zn-textblock-titlebox\">\n<h2 class=\"zone-title zn-textblock-title\">\n  Die Weichenstellung in Richtung generative KI  <\/h2>\n<\/p><\/div>\n<div class=\"row large-up-1 nbloc-1\">\n<div class=\"column zn-textblock-col\">\n<div class=\"column-inner\">\n<div class=\"wig-content mw-content\">\n<p style=\"text-align: center;\"><img loading=\"lazy\" decoding=\"async\" class=\"wp-image-11642 aligncenter\" src=\"https:\/\/www.km0.info\/wp-inside\/uploads\/2025\/02\/logo-aiguillage-fond-blanc-300x300.jpg\" alt=\"\" width=\"123\" height=\"123\" srcset=\"https:\/\/www.km0.info\/wp-inside\/uploads\/2025\/02\/logo-aiguillage-fond-blanc-300x300.jpg 300w, https:\/\/www.km0.info\/wp-inside\/uploads\/2025\/02\/logo-aiguillage-fond-blanc-1024x1024.jpg 1024w, https:\/\/www.km0.info\/wp-inside\/uploads\/2025\/02\/logo-aiguillage-fond-blanc-150x150.jpg 150w, https:\/\/www.km0.info\/wp-inside\/uploads\/2025\/02\/logo-aiguillage-fond-blanc-768x768.jpg 768w, https:\/\/www.km0.info\/wp-inside\/uploads\/2025\/02\/logo-aiguillage-fond-blanc-1536x1536.jpg 1536w, https:\/\/www.km0.info\/wp-inside\/uploads\/2025\/02\/logo-aiguillage-fond-blanc-500x500.jpg 500w, https:\/\/www.km0.info\/wp-inside\/uploads\/2025\/02\/logo-aiguillage-fond-blanc-115x115.jpg 115w, https:\/\/www.km0.info\/wp-inside\/uploads\/2025\/02\/logo-aiguillage-fond-blanc-155x155.jpg 155w, https:\/\/www.km0.info\/wp-inside\/uploads\/2025\/02\/logo-aiguillage-fond-blanc-870x870.jpg 870w, https:\/\/www.km0.info\/wp-inside\/uploads\/2025\/02\/logo-aiguillage-fond-blanc-380x380.jpg 380w, https:\/\/www.km0.info\/wp-inside\/uploads\/2025\/02\/logo-aiguillage-fond-blanc-185x185.jpg 185w, https:\/\/www.km0.info\/wp-inside\/uploads\/2025\/02\/logo-aiguillage-fond-blanc-200x200.jpg 200w, https:\/\/www.km0.info\/wp-inside\/uploads\/2025\/02\/logo-aiguillage-fond-blanc-320x320.jpg 320w, https:\/\/www.km0.info\/wp-inside\/uploads\/2025\/02\/logo-aiguillage-fond-blanc-65x65.jpg 65w, https:\/\/www.km0.info\/wp-inside\/uploads\/2025\/02\/logo-aiguillage-fond-blanc-800x800.jpg 800w, https:\/\/www.km0.info\/wp-inside\/uploads\/2025\/02\/logo-aiguillage-fond-blanc-120x120.jpg 120w, https:\/\/www.km0.info\/wp-inside\/uploads\/2025\/02\/logo-aiguillage-fond-blanc.jpg 1563w\" sizes=\"auto, (max-width: 123px) 100vw, 123px\"><\/p>\n<p>Entdecken Sie die ersten Schritte in Richtung<strong>generative KI<\/strong> mit den Experten und Gleichgesinnten des KM\u00d8 : <strong><a href=\"https:\/\/www.km0.info\/aiguillage-km0\/\">Der Weichenstellplatz<\/a><\/strong>. Diese revolution\u00e4re Technologie kann Ihre Produktivit\u00e4t steigern und Ihre Kreativit\u00e4t freisetzen. Erhalten Sie die Schl\u00fcssel, um diese Innovation zu verstehen und zu meistern.<\/p>\n<\/p><\/div>\n<\/p><\/div>\n<\/p><\/div>\n<\/p><\/div>\n<\/p><\/div>\n<\/p><\/div>\n<\/p><\/div>\n<\/div>\n<p><!-- \/flzn:zn_textblock --><br \/>\n<!-- flzn:zn_list_illustblock --><\/p>\n<div id=\"flzn-listillustblock-1\" class=\"zn zone zn-listillustblock with-bg bg-color bg-color-is-white\"><span class=\"zone-bg bg-color bgc-white alignfull\"><\/span><\/p>\n<div class=\"zone-block zn-listillustblock-block alignwide va-top\">\n<div class=\"row mw-content-zone zn-listillustblock-row\">\n<div class=\"small-12 columns\">\n<div class=\"zone-titlebox zn-listillustblock-titlebox text-center mw-content\">\n<h2 class=\"zone-title zn-listillustblock-title\">Die Veranstaltungen von KM\u00d8  <\/h2>\n<\/p><\/div>\n<div id=\"flzn-listillustblock-1-list\" class=\"zn-listillustblock-list row blockgrid-center small-up-1 medium-up-2 xlarge-up-3\" data-equalizer=\"\" data-equalize-on=\"medium\" data-equalize-by-row=\"true\">\n<div class=\"column illustblock\">\n<div class=\"illustblock-box with-img\">\n<div class=\"illustblock-imgbox\" data-equalizer-watch=\"\">\n\t\t\t\t\t\t\t\t\t\t\t\t\t\t<img decoding=\"async\" class=\"illustblock-img\" src=\"https:\/\/www.km0.info\/wp-inside\/uploads\/2025\/03\/cafe-des-habitants@025x@-380x380.png\" alt=\"\">\t\t\t\t\t\t\t\t\t\t\t\t\t<\/div>\n<h3 class=\"illustblock-title\">\n  Das Caf\u00e9 der Einwohner  <\/h3>\n<div class=\"illustblock-desc\">\n<p>Ein geselliger Moment f\u00fcr die Bewohner von KM\u00d8, um sich auszutauschen und \u00fcber Neuigkeiten informiert zu werden.  <\/p>\n<\/p><\/div>\n<\/p><\/div>\n<\/p><\/div>\n<div class=\"column illustblock\">\n<div class=\"illustblock-box with-img\">\n<div class=\"illustblock-imgbox\" data-equalizer-watch=\"\">\n\t\t\t\t\t\t\t\t\t\t\t\t\t\t<img decoding=\"async\" class=\"illustblock-img\" src=\"https:\/\/www.km0.info\/wp-inside\/uploads\/2025\/03\/logo-lunchlearn@025x@-1-380x380.png\" alt=\"\">\t\t\t\t\t\t\t\t\t\t\t\t\t<\/div>\n<h3 class=\"illustblock-title\">\n  Lunch &amp; Learn  <\/h3>\n<div class=\"illustblock-desc\">\n<p>Teilen Sie ein Projekt, eine Idee oder eine Leidenschaft w\u00e4hrend der Mittagszeit und tauschen Sie sich mit der KM\u00d8-Gemeinschaft aus.<br \/>\nDie Veranstaltung ist f\u00fcr externe Unternehmen ge\u00f6ffnet.  <\/p>\n<\/p><\/div>\n<\/p><\/div>\n<\/p><\/div>\n<div class=\"column illustblock\">\n<div class=\"illustblock-box with-img\">\n<div class=\"illustblock-imgbox\" data-equalizer-watch=\"\">\n\t\t\t\t\t\t\t\t\t\t\t\t\t\t<img decoding=\"async\" class=\"illustblock-img\" src=\"https:\/\/www.km0.info\/wp-inside\/uploads\/2025\/03\/17h58@025x@-1-380x380.png\" alt=\"\">\t\t\t\t\t\t\t\t\t\t\t\t\t<\/div>\n<h3 class=\"illustblock-title\">\n  Afterwork 17.58 Uhr  <\/h3>\n<div class=\"illustblock-desc\">\n<p>Teilen Sie jeden letzten Donnerstag im Monat ein Projekt, eine Idee oder eine Leidenschaft und tauschen Sie sich mit der KM\u00d8-Gemeinschaft aus.<br \/>\nDie Veranstaltung ist f\u00fcr externe Unternehmen ge\u00f6ffnet.  <\/p>\n<\/p><\/div>\n<\/p><\/div>\n<\/p><\/div>\n<\/p><\/div>\n<\/p><\/div>\n<\/p><\/div>\n<\/div>\n<\/div>\n<p><!-- \/flzn:zn_list_illustblock --><\/p>\n","protected":false},"excerpt":{"rendered":"<p>KM\u00d8 Erfahrung Entdecken Sie einen neuen Service, der von KM\u00d8 entwickelt wurde: KM\u00d8 EXPERIENCE ! Organisieren Sie ein inspirierendes Seminar f\u00fcr Ihr Team und erleben Sie eine Learning Expedition in [&hellip;]<\/p>\n","protected":false},"author":11,"featured_media":0,"parent":0,"menu_order":0,"comment_status":"closed","ping_status":"closed","template":"","meta":{"_acf_changed":false,"footnotes":""},"class_list":["post-10930","page","type-page","status-publish","hentry","wp-sticky"],"acf":[],"yoast_head":"<!-- This site is optimized with the Yoast SEO plugin v27.5 - https:\/\/yoast.com\/product\/yoast-seo-wordpress\/ -->\n<title>Lassen Sie sich im KM\u00d8 inspirieren<\/title>\n<meta name=\"robots\" content=\"index, follow, max-snippet:-1, max-image-preview:large, max-video-preview:-1\" \/>\n<link rel=\"canonical\" href=\"https:\/\/www.km0.info\/de\/lassen-sie-sich-im-kmo-inspirieren\/\" \/>\n<meta property=\"og:locale\" content=\"de_DE\" \/>\n<meta property=\"og:type\" content=\"article\" \/>\n<meta property=\"og:title\" content=\"Lassen Sie sich im KM\u00d8 inspirieren\" \/>\n<meta property=\"og:description\" content=\"KM\u00d8 Erfahrung Entdecken Sie einen neuen Service, der von KM\u00d8 entwickelt wurde: KM\u00d8 EXPERIENCE ! Organisieren Sie ein inspirierendes Seminar f\u00fcr Ihr Team und erleben Sie eine Learning Expedition in [&hellip;]\" \/>\n<meta property=\"og:url\" content=\"https:\/\/www.km0.info\/de\/lassen-sie-sich-im-kmo-inspirieren\/\" \/>\n<meta property=\"og:site_name\" content=\"KM\u00d8\" \/>\n<meta property=\"article:modified_time\" content=\"2025-03-24T11:06:41+00:00\" \/>\n<meta property=\"og:image\" content=\"https:\/\/www.km0.info\/wp-inside\/uploads\/2024\/04\/logo-main.png\" \/>\n\t<meta property=\"og:image:width\" content=\"1872\" \/>\n\t<meta property=\"og:image:height\" content=\"1872\" \/>\n\t<meta property=\"og:image:type\" content=\"image\/png\" \/>\n<meta name=\"twitter:card\" content=\"summary_large_image\" \/>\n<meta name=\"twitter:label1\" content=\"Gesch\u00e4tzte Lesezeit\" \/>\n\t<meta name=\"twitter:data1\" content=\"1\u00a0Minute\" \/>\n<script type=\"application\/ld+json\" class=\"yoast-schema-graph\">{\"@context\":\"https:\\\/\\\/schema.org\",\"@graph\":[{\"@type\":\"WebPage\",\"@id\":\"https:\\\/\\\/www.km0.info\\\/de\\\/lassen-sie-sich-im-kmo-inspirieren\\\/\",\"url\":\"https:\\\/\\\/www.km0.info\\\/de\\\/lassen-sie-sich-im-kmo-inspirieren\\\/\",\"name\":\"Lassen Sie sich im KM\u00d8 inspirieren\",\"isPartOf\":{\"@id\":\"https:\\\/\\\/www.km0.info\\\/de\\\/#website\"},\"primaryImageOfPage\":{\"@id\":\"https:\\\/\\\/www.km0.info\\\/de\\\/lassen-sie-sich-im-kmo-inspirieren\\\/#primaryimage\"},\"image\":{\"@id\":\"https:\\\/\\\/www.km0.info\\\/de\\\/lassen-sie-sich-im-kmo-inspirieren\\\/#primaryimage\"},\"thumbnailUrl\":\"https:\\\/\\\/www.km0.info\\\/wp-inside\\\/uploads\\\/2024\\\/04\\\/logo-main-300x300.png\",\"datePublished\":\"2024-04-25T14:38:19+00:00\",\"dateModified\":\"2025-03-24T11:06:41+00:00\",\"breadcrumb\":{\"@id\":\"https:\\\/\\\/www.km0.info\\\/de\\\/lassen-sie-sich-im-kmo-inspirieren\\\/#breadcrumb\"},\"inLanguage\":\"de\",\"potentialAction\":[{\"@type\":\"ReadAction\",\"target\":[\"https:\\\/\\\/www.km0.info\\\/de\\\/lassen-sie-sich-im-kmo-inspirieren\\\/\"]}]},{\"@type\":\"ImageObject\",\"inLanguage\":\"de\",\"@id\":\"https:\\\/\\\/www.km0.info\\\/de\\\/lassen-sie-sich-im-kmo-inspirieren\\\/#primaryimage\",\"url\":\"https:\\\/\\\/www.km0.info\\\/wp-inside\\\/uploads\\\/2024\\\/04\\\/logo-main-300x300.png\",\"contentUrl\":\"https:\\\/\\\/www.km0.info\\\/wp-inside\\\/uploads\\\/2024\\\/04\\\/logo-main-300x300.png\"},{\"@type\":\"BreadcrumbList\",\"@id\":\"https:\\\/\\\/www.km0.info\\\/de\\\/lassen-sie-sich-im-kmo-inspirieren\\\/#breadcrumb\",\"itemListElement\":[{\"@type\":\"ListItem\",\"position\":1,\"name\":\"Accueil\",\"item\":\"https:\\\/\\\/www.km0.info\\\/de\\\/\"},{\"@type\":\"ListItem\",\"position\":2,\"name\":\"Lassen Sie sich im KM\u00d8 inspirieren\"}]},{\"@type\":\"WebSite\",\"@id\":\"https:\\\/\\\/www.km0.info\\\/de\\\/#website\",\"url\":\"https:\\\/\\\/www.km0.info\\\/de\\\/\",\"name\":\"KM\u00d8\",\"description\":\"Lieu d&#039;innovation d\u00e9di\u00e9 \u00e0 la transformation digitale de l&#039;industrie\",\"publisher\":{\"@id\":\"https:\\\/\\\/www.km0.info\\\/de\\\/#organization\"},\"potentialAction\":[{\"@type\":\"SearchAction\",\"target\":{\"@type\":\"EntryPoint\",\"urlTemplate\":\"https:\\\/\\\/www.km0.info\\\/de\\\/?s={search_term_string}\"},\"query-input\":{\"@type\":\"PropertyValueSpecification\",\"valueRequired\":true,\"valueName\":\"search_term_string\"}}],\"inLanguage\":\"de\"},{\"@type\":\"Organization\",\"@id\":\"https:\\\/\\\/www.km0.info\\\/de\\\/#organization\",\"name\":\"KM\u00d8\",\"url\":\"https:\\\/\\\/www.km0.info\\\/de\\\/\",\"logo\":{\"@type\":\"ImageObject\",\"inLanguage\":\"de\",\"@id\":\"https:\\\/\\\/www.km0.info\\\/de\\\/#\\\/schema\\\/logo\\\/image\\\/\",\"url\":\"https:\\\/\\\/www.km0.info\\\/wp-inside\\\/uploads\\\/2020\\\/10\\\/logo-km0-quadri-200x155-1.png\",\"contentUrl\":\"https:\\\/\\\/www.km0.info\\\/wp-inside\\\/uploads\\\/2020\\\/10\\\/logo-km0-quadri-200x155-1.png\",\"width\":200,\"height\":155,\"caption\":\"KM\u00d8\"},\"image\":{\"@id\":\"https:\\\/\\\/www.km0.info\\\/de\\\/#\\\/schema\\\/logo\\\/image\\\/\"}}]}<\/script>\n<!-- \/ Yoast SEO plugin. -->","yoast_head_json":{"title":"Lassen Sie sich im KM\u00d8 inspirieren","robots":{"index":"index","follow":"follow","max-snippet":"max-snippet:-1","max-image-preview":"max-image-preview:large","max-video-preview":"max-video-preview:-1"},"canonical":"https:\/\/www.km0.info\/de\/lassen-sie-sich-im-kmo-inspirieren\/","og_locale":"de_DE","og_type":"article","og_title":"Lassen Sie sich im KM\u00d8 inspirieren","og_description":"KM\u00d8 Erfahrung Entdecken Sie einen neuen Service, der von KM\u00d8 entwickelt wurde: KM\u00d8 EXPERIENCE ! Organisieren Sie ein inspirierendes Seminar f\u00fcr Ihr Team und erleben Sie eine Learning Expedition in [&hellip;]","og_url":"https:\/\/www.km0.info\/de\/lassen-sie-sich-im-kmo-inspirieren\/","og_site_name":"KM\u00d8","article_modified_time":"2025-03-24T11:06:41+00:00","og_image":[{"width":1872,"height":1872,"url":"https:\/\/www.km0.info\/wp-inside\/uploads\/2024\/04\/logo-main.png","type":"image\/png"}],"twitter_card":"summary_large_image","twitter_misc":{"Gesch\u00e4tzte Lesezeit":"1\u00a0Minute"},"schema":{"@context":"https:\/\/schema.org","@graph":[{"@type":"WebPage","@id":"https:\/\/www.km0.info\/de\/lassen-sie-sich-im-kmo-inspirieren\/","url":"https:\/\/www.km0.info\/de\/lassen-sie-sich-im-kmo-inspirieren\/","name":"Lassen Sie sich im KM\u00d8 inspirieren","isPartOf":{"@id":"https:\/\/www.km0.info\/de\/#website"},"primaryImageOfPage":{"@id":"https:\/\/www.km0.info\/de\/lassen-sie-sich-im-kmo-inspirieren\/#primaryimage"},"image":{"@id":"https:\/\/www.km0.info\/de\/lassen-sie-sich-im-kmo-inspirieren\/#primaryimage"},"thumbnailUrl":"https:\/\/www.km0.info\/wp-inside\/uploads\/2024\/04\/logo-main-300x300.png","datePublished":"2024-04-25T14:38:19+00:00","dateModified":"2025-03-24T11:06:41+00:00","breadcrumb":{"@id":"https:\/\/www.km0.info\/de\/lassen-sie-sich-im-kmo-inspirieren\/#breadcrumb"},"inLanguage":"de","potentialAction":[{"@type":"ReadAction","target":["https:\/\/www.km0.info\/de\/lassen-sie-sich-im-kmo-inspirieren\/"]}]},{"@type":"ImageObject","inLanguage":"de","@id":"https:\/\/www.km0.info\/de\/lassen-sie-sich-im-kmo-inspirieren\/#primaryimage","url":"https:\/\/www.km0.info\/wp-inside\/uploads\/2024\/04\/logo-main-300x300.png","contentUrl":"https:\/\/www.km0.info\/wp-inside\/uploads\/2024\/04\/logo-main-300x300.png"},{"@type":"BreadcrumbList","@id":"https:\/\/www.km0.info\/de\/lassen-sie-sich-im-kmo-inspirieren\/#breadcrumb","itemListElement":[{"@type":"ListItem","position":1,"name":"Accueil","item":"https:\/\/www.km0.info\/de\/"},{"@type":"ListItem","position":2,"name":"Lassen Sie sich im KM\u00d8 inspirieren"}]},{"@type":"WebSite","@id":"https:\/\/www.km0.info\/de\/#website","url":"https:\/\/www.km0.info\/de\/","name":"KM\u00d8","description":"Lieu d&#039;innovation d\u00e9di\u00e9 \u00e0 la transformation digitale de l&#039;industrie","publisher":{"@id":"https:\/\/www.km0.info\/de\/#organization"},"potentialAction":[{"@type":"SearchAction","target":{"@type":"EntryPoint","urlTemplate":"https:\/\/www.km0.info\/de\/?s={search_term_string}"},"query-input":{"@type":"PropertyValueSpecification","valueRequired":true,"valueName":"search_term_string"}}],"inLanguage":"de"},{"@type":"Organization","@id":"https:\/\/www.km0.info\/de\/#organization","name":"KM\u00d8","url":"https:\/\/www.km0.info\/de\/","logo":{"@type":"ImageObject","inLanguage":"de","@id":"https:\/\/www.km0.info\/de\/#\/schema\/logo\/image\/","url":"https:\/\/www.km0.info\/wp-inside\/uploads\/2020\/10\/logo-km0-quadri-200x155-1.png","contentUrl":"https:\/\/www.km0.info\/wp-inside\/uploads\/2020\/10\/logo-km0-quadri-200x155-1.png","width":200,"height":155,"caption":"KM\u00d8"},"image":{"@id":"https:\/\/www.km0.info\/de\/#\/schema\/logo\/image\/"}}]}},"_links":{"self":[{"href":"https:\/\/www.km0.info\/de\/wp-json\/wp\/v2\/pages\/10930","targetHints":{"allow":["GET"]}}],"collection":[{"href":"https:\/\/www.km0.info\/de\/wp-json\/wp\/v2\/pages"}],"about":[{"href":"https:\/\/www.km0.info\/de\/wp-json\/wp\/v2\/types\/page"}],"author":[{"embeddable":true,"href":"https:\/\/www.km0.info\/de\/wp-json\/wp\/v2\/users\/11"}],"replies":[{"embeddable":true,"href":"https:\/\/www.km0.info\/de\/wp-json\/wp\/v2\/comments?post=10930"}],"version-history":[{"count":8,"href":"https:\/\/www.km0.info\/de\/wp-json\/wp\/v2\/pages\/10930\/revisions"}],"predecessor-version":[{"id":12385,"href":"https:\/\/www.km0.info\/de\/wp-json\/wp\/v2\/pages\/10930\/revisions\/12385"}],"wp:attachment":[{"href":"https:\/\/www.km0.info\/de\/wp-json\/wp\/v2\/media?parent=10930"}],"curies":[{"name":"wp","href":"https:\/\/api.w.org\/{rel}","templated":true}]}}